{"id":4486,"date":"2020-10-08T10:53:10","date_gmt":"2020-10-08T08:53:10","guid":{"rendered":"http:\/\/semmelweis.hu\/mutettan\/?page_id=4486"},"modified":"2020-11-04T15:00:14","modified_gmt":"2020-11-04T14:00:14","slug":"procsee-erasmusprojekt","status":"publish","type":"page","link":"https:\/\/semmelweis.hu\/mutettan\/kutatasi-temak\/intezetunk-palyazatai\/procsee-erasmusprojekt\/","title":{"rendered":"PROCSEE (ERASMUS+projekt)"},"content":{"rendered":"<p style=\"text-align: justify\">A PROCSEE (Professional Higher Education Excellence Central and South-Eastern Europe) projekt c\u00e9lja az alkalmazott tudom\u00e1nyok fels\u0151fok\u00fa oktat\u00e1s\u00e1nak er\u0151s\u00edt\u00e9se K\u00f6z\u00e9p- \u00e9s D\u00e9l-Kelet Eur\u00f3p\u00e1ban (<a href=\"https:\/\/procsee.eu\" target=\"_blank\" rel=\"noopener noreferrer\">https:\/\/procsee.eu<\/a>).<br \/>\nA projekt koordin\u00e1tora a szlov\u00e9n Association of Slovene Higher Vocational Colleges \u2013 Association HVC, projekt partnerek pedig a EURASHE mellett olyan nemzeti szint\u0171 erny\u0151szervezetek, melyek tagjai alkalmazott tudom\u00e1nyokat oktat\u00f3 fels\u0151oktat\u00e1si int\u00e9zm\u00e9nyek (is) (a magyar MRK \u00e9s a cseh CASPHE), valamint egy fels\u0151oktat\u00e1si \u00fcgyn\u00f6ks\u00e9g (a horv\u00e1t AZVO), egy fels\u0151oktat\u00e1si tan\u00e1csad\u00f3 c\u00e9g (KIC Malta) \u00e9s egy k\u00f6zigazgat\u00e1si egyetem (a rom\u00e1n SNSPA).<\/p>\n<p style=\"text-align: justify\">A projekt munka az al\u00e1bbi 4 tematikus ter\u00fcleten folyik:<br \/>\n1. A PHE \u00f6sszhangja a region\u00e1lis fejleszt\u00e9si strat\u00e9gi\u00e1kkal<br \/>\n2. A PHE prom\u00f3ci\u00f3ja a szakismerethi\u00e1ny megsz\u00fcntet\u00e9s\u00e9re ir\u00e1nyul\u00f3an<br \/>\n3. A hallgat\u00f3k munka vil\u00e1g\u00e1ban t\u00f6rt\u00e9n\u0151 elhelyezked\u00e9s\u00e9nek szervez\u00e9se \u00e9s nyomonk\u00f6vet\u00e9se<br \/>\n4. Szem\u00e9lyes tanul\u00e1si k\u00f6rnyezet a PHE-ben<\/p>\n<p style=\"text-align: justify\">Az elm\u00falt k\u00e9t \u00e9v alatt a szak\u00e9rt\u0151k esettanulm\u00e1nyokat k\u00e9sz\u00edtettek az adott tematikus ter\u00fclethez tartoz\u00f3 j\u00f3 gyakorlatokr\u00f3l, illetve k\u00e9t alkalommal k\u00f6z\u00f6sen fogalmaztak meg k\u00f6z\u00e9p-kelet eur\u00f3pai szint\u0171 javaslatokat.<\/p>\n","protected":false},"excerpt":{"rendered":"<p>A PROCSEE (Professional Higher Education Excellence Central and South-Eastern Europe) projekt c\u00e9lja az alkalmazott tudom\u00e1nyok fels\u0151fok\u00fa oktat\u00e1s\u00e1nak er\u0151s\u00edt\u00e9se K\u00f6z\u00e9p- \u00e9s D\u00e9l-Kelet Eur\u00f3p\u00e1ban ( <a href=\"https:\/\/procsee.eu\" target=\"_blank\" rel=\"noopener noreferrer\">https:\/\/procsee.eu<\/a> ). A projekt koordin\u00e1tora a szlov\u00e9n Association of Slovene Higher Vocational Colleges \u2013 Association HVC, projekt partnerek pedig a EURASHE mellett olyan nemzeti szint\u0171 erny\u0151szervezetek, melyek tagjai alkalmazott tudom\u00e1nyokat oktat\u00f3 fels\u0151oktat\u00e1si int\u00e9zm\u00e9nyek &hellip;<\/p>\n","protected":false},"author":101700,"featured_media":0,"parent":6455,"menu_order":2,"comment_status":"closed","ping_status":"closed","template":"","meta":{"_acf_changed":false,"footnotes":""},"categories":[],"tags":[],"class_list":["post-4486","page","type-page","status-publish","hentry"],"acf":[],"_links":{"self":[{"href":"https:\/\/semmelweis.hu\/mutettan\/wp-json\/wp\/v2\/pages\/4486","targetHints":{"allow":["GET"]}}],"collection":[{"href":"https:\/\/semmelweis.hu\/mutettan\/wp-json\/wp\/v2\/pages"}],"about":[{"href":"https:\/\/semmelweis.hu\/mutettan\/wp-json\/wp\/v2\/types\/page"}],"author":[{"embeddable":true,"href":"https:\/\/semmelweis.hu\/mutettan\/wp-json\/wp\/v2\/users\/101700"}],"replies":[{"embeddable":true,"href":"https:\/\/semmelweis.hu\/mutettan\/wp-json\/wp\/v2\/comments?post=4486"}],"version-history":[{"count":3,"href":"https:\/\/semmelweis.hu\/mutettan\/wp-json\/wp\/v2\/pages\/4486\/revisions"}],"predecessor-version":[{"id":6917,"href":"https:\/\/semmelweis.hu\/mutettan\/wp-json\/wp\/v2\/pages\/4486\/revisions\/6917"}],"up":[{"embeddable":true,"href":"https:\/\/semmelweis.hu\/mutettan\/wp-json\/wp\/v2\/pages\/6455"}],"wp:attachment":[{"href":"https:\/\/semmelweis.hu\/mutettan\/wp-json\/wp\/v2\/media?parent=4486"}],"wp:term":[{"taxonomy":"category","embeddable":true,"href":"https:\/\/semmelweis.hu\/mutettan\/wp-json\/wp\/v2\/categories?post=4486"},{"taxonomy":"post_tag","embeddable":true,"href":"https:\/\/semmelweis.hu\/mutettan\/wp-json\/wp\/v2\/tags?post=4486"}],"curies":[{"name":"wp","href":"https:\/\/api.w.org\/{rel}","templated":true}]}}