{"id":3621,"date":"2020-10-06T13:01:10","date_gmt":"2020-10-06T11:01:10","guid":{"rendered":"http:\/\/semmelweis.hu\/mutettan\/?page_id=3621"},"modified":"2025-11-19T08:41:45","modified_gmt":"2025-11-19T07:41:45","slug":"jelentkezes-gyakorlat-potlasara","status":"publish","type":"page","link":"https:\/\/semmelweis.hu\/mutettan\/oktatas\/sebeszeti-mutettan\/jelentkezes-gyakorlat-potlasara\/","title":{"rendered":"Jelentkez\u00e9s gyakorlat p\u00f3tl\u00e1s\u00e1ra"},"content":{"rendered":"<p>1. <a href=\"https:\/\/xoyondo.com\/dp\/vppn7w7w7azsnjs\">gyakorlat p\u00f3tl\u00e1sa<\/a><br \/>\n<a href=\"https:\/\/xoyondo.com\/dp\/uyu6ft6t9rntgit\">2. gyakorlat p\u00f3tl\u00e1sa<\/a><br \/>\n<a href=\"https:\/\/xoyondo.com\/dp\/8h5n1harb8dww02\">3.gyakorlat p\u00f3tl\u00e1sa<\/a><br \/>\n<a href=\"https:\/\/xoyondo.com\/dp\/0nj35asr9rmrey3\">4. gyakorlat p\u00f3tl\u00e1sa<\/a><br \/>\n<a href=\"https:\/\/xoyondo.com\/dp\/shaua1oa3r753j8\">5. gyakorlat p\u00f3tl\u00e1sa<\/a><br \/>\n<a href=\"https:\/\/xoyondo.com\/dp\/a3drmabbzazetci\">6. gyakorlat p\u00f3tl\u00e1sa<\/a><br \/>\n<a href=\"https:\/\/xoyondo.com\/dp\/ed7qwcq98imjkw8\">7. gyakorlat p\u00f3tl\u00e1sa<\/a><\/p>\n","protected":false},"excerpt":{"rendered":"<p>1. <a href=\"https:\/\/xoyondo.com\/dp\/vppn7w7w7azsnjs\">gyakorlat p\u00f3tl\u00e1sa<\/a><br \/>\n<a href=\"https:\/\/xoyondo.com\/dp\/uyu6ft6t9rntgit\">2. gyakorlat p\u00f3tl\u00e1sa<\/a><br \/>\n<a href=\"https:\/\/xoyondo.com\/dp\/8h5n1harb8dww02\">3.gyakorlat p\u00f3tl\u00e1sa<\/a><br \/>\n<a href=\"https:\/\/xoyondo.com\/dp\/0nj35asr9rmrey3\">4. gyakorlat p\u00f3tl\u00e1sa<\/a><br \/>\n<a href=\"https:\/\/xoyondo.com\/dp\/shaua1oa3r753j8\">5. gyakorlat p\u00f3tl\u00e1sa<\/a><br \/>\n<a href=\"https:\/\/xoyondo.com\/dp\/a3drmabbzazetci\">6. gyakorlat p\u00f3tl\u00e1sa<\/a><br \/>\n<a href=\"https:\/\/xoyondo.com\/dp\/ed7qwcq98imjkw8\">7. gyakorlat p\u00f3tl\u00e1sa<\/a><\/p>\n","protected":false},"author":101700,"featured_media":0,"parent":109,"menu_order":0,"comment_status":"closed","ping_status":"closed","template":"","meta":{"_acf_changed":false,"footnotes":""},"categories":[],"tags":[],"class_list":["post-3621","page","type-page","status-publish","hentry"],"acf":[],"_links":{"self":[{"href":"https:\/\/semmelweis.hu\/mutettan\/wp-json\/wp\/v2\/pages\/3621","targetHints":{"allow":["GET"]}}],"collection":[{"href":"https:\/\/semmelweis.hu\/mutettan\/wp-json\/wp\/v2\/pages"}],"about":[{"href":"https:\/\/semmelweis.hu\/mutettan\/wp-json\/wp\/v2\/types\/page"}],"author":[{"embeddable":true,"href":"https:\/\/semmelweis.hu\/mutettan\/wp-json\/wp\/v2\/users\/101700"}],"replies":[{"embeddable":true,"href":"https:\/\/semmelweis.hu\/mutettan\/wp-json\/wp\/v2\/comments?post=3621"}],"version-history":[{"count":11,"href":"https:\/\/semmelweis.hu\/mutettan\/wp-json\/wp\/v2\/pages\/3621\/revisions"}],"predecessor-version":[{"id":9206,"href":"https:\/\/semmelweis.hu\/mutettan\/wp-json\/wp\/v2\/pages\/3621\/revisions\/9206"}],"up":[{"embeddable":true,"href":"https:\/\/semmelweis.hu\/mutettan\/wp-json\/wp\/v2\/pages\/109"}],"wp:attachment":[{"href":"https:\/\/semmelweis.hu\/mutettan\/wp-json\/wp\/v2\/media?parent=3621"}],"wp:term":[{"taxonomy":"category","embeddable":true,"href":"https:\/\/semmelweis.hu\/mutettan\/wp-json\/wp\/v2\/categories?post=3621"},{"taxonomy":"post_tag","embeddable":true,"href":"https:\/\/semmelweis.hu\/mutettan\/wp-json\/wp\/v2\/tags?post=3621"}],"curies":[{"name":"wp","href":"https:\/\/api.w.org\/{rel}","templated":true}]}}