{"id":325,"date":"2020-10-26T14:48:08","date_gmt":"2020-10-26T13:48:08","guid":{"rendered":"http:\/\/semmelweis.hu\/mutettan\/?page_id=325"},"modified":"2025-06-05T10:38:01","modified_gmt":"2025-06-05T08:38:01","slug":"kulfoldi-kapcsolataink","status":"publish","type":"page","link":"https:\/\/semmelweis.hu\/mutettan\/intezetunk-bemutatasa\/kulfoldi-kapcsolataink\/","title":{"rendered":"K\u00fclf\u00f6ldi kapcsolataink"},"content":{"rendered":"<div class=\"responsive-tabs\">\n<h2 class=\"tabtitle\">Nemzetk\u00f6zi t\u00e1rsas\u00e1gok, int\u00e9zetek<\/h2>\n<div class=\"tabcontent\">\n\n<p align=\"center\"><b>Nemzetk\u00f6zi t\u00e1rsas\u00e1gok:<\/b><\/p>\n<ul style=\"list-style-type: disc\">\n<li>Society of American Gastrointestinal and Endoscopic Surgeons (SAGES)<\/li>\n<li>European Association for Endoscopic Surgery (EAES)<\/li>\n<li>Japan Society of\u00a0 Endoscopic Surgery (JSES)<\/li>\n<li>Federaci\u00f3n Latino Americana de Cirugia (FELAC)<\/li>\n<li>Association Latino Americana de Cirugia Endoscopica (ALACE)<\/li>\n<li>International Federation of Societies of Endoscopic Surgery (IFSES)<\/li>\n<li>Hungarian-Japane-Poland Surgical Society (HJPSS)<\/li>\n<li>Space Surgery Association (SSA)<\/li>\n<li>International Sociaty of Surgery (ISS)<\/li>\n<\/ul>\n<p align=\"center\"><b>Int\u00e9zetek:<\/b><\/p>\n<ul>\n<li>Tan Sri Khoo Teck Puat Advanced Surgery Training Centre\u00a0 (ASTC)<br \/>\nDepartment of Surgery, National University Singapore<br \/>\nDirector: Prof. Davide Lomanto, M.D.<\/li>\n<\/ul>\n<ul>\n<li>Scuola Superiore San\u2019t Anna di Studii Universitari, Pisa, Italia<br \/>\nSir Alfred Cuschieri<\/li>\n<\/ul>\n<ul>\n<li>MOET Institute, San Francisco, California, USA<br \/>\nDirector: Zoltan Szabo<\/li>\n<\/ul>\n<ul>\n<li>University of Massachusetts Medical School,\u00a0 (UMASS)<br \/>\nDepartment of Surgery, Worcester, Massachusetts<br \/>\nChairman: Prof. Demetrius\u00a0E. M. Litwin, M.D.<\/li>\n<\/ul>\n<ul>\n<li>Cedar Sainai Medical Center, Department of Surgery,<br \/>\nLos Angeles, California, USA<br \/>\nProf. Edward Phillips<\/li>\n<\/ul>\n<ul>\n<li>Harvard Medical School, Boston, Massachusetts, USA<br \/>\nDepartment of Surgery<br \/>\nMinimally Invasive Surgery<br \/>\nProf. David Rattner, M.D.<\/li>\n<\/ul>\n<ul>\n<li>Tufts University medical center, Melrose, MA\u00a0<br \/>\nAndr\u00e1s S\u00e1ndor, M.D.<\/li>\n<li>Keio University, School of Medicine, Tokyo, Japan<br \/>\nDivision of Research and Development for Minimally Invasive Treatment<br \/>\nProf. Yuko Kitagawa<\/p>\n<\/li>\n<\/ul>\n<p>A 100 \u00e9ves Keio egyetem eml\u00e9kk\u00f6nyv\u00e9be megjelent\u00a0 Prof. Dr. S\u00e1ndor J\u00f3zsefnek a k\u00f6sz\u00f6nt\u00e9se, amely az orvosegyetemek k\u00f6z\u00f6tti sikeres egy\u00fcttm\u0171k\u00f6d\u00e9sr\u0151l sz\u00f3l.<\/p>\n<p><a href=\"https:\/\/semmelweis.hu\/mutettan\/files\/2022\/02\/Sandor-Jozsef.pdf\">S\u00e1ndor J\u00f3zsef professzor k\u00f6sz\u00f6nt\u00e9se<\/a><\/p>\n\n<\/div><h2 class=\"tabtitle\">Vend\u00e9g professzorok<\/h2>\n<div class=\"tabcontent\">\n\n<p><strong>VEND\u00c9G PROFESSZOROK<\/strong><\/p>\n<p>&nbsp;<\/p>\n<hr \/>\n<div class=\"gmail_default\">\n<p><strong>Masashi Yoshida MD, PhD, FACS<\/strong><br \/>\nInternational University of Health and Welfare Hospital<br \/>\n<img loading=\"lazy\" decoding=\"async\" class=\"wp-image-7467 alignright\" src=\"https:\/\/semmelweis.hu\/mutettan\/files\/2021\/04\/press_release_distribution_0452230_126964.jpg\" alt=\"\" width=\"119\" height=\"158\" srcset=\"https:\/\/semmelweis.hu\/mutettan\/files\/2021\/04\/press_release_distribution_0452230_126964.jpg 600w, https:\/\/semmelweis.hu\/mutettan\/files\/2021\/04\/press_release_distribution_0452230_126964-300x400.jpg 300w\" sizes=\"auto, (max-width: 119px) 100vw, 119px\" \/><span style=\"font-size: 1rem\">Department of Surgery, Tochigi, Japan<\/span><\/p>\n<p>&nbsp;<\/p>\n<\/div>\n<hr \/>\n\n<\/div><h2 class=\"tabtitle\">D\u00edszdoktorok<\/h2>\n<div class=\"tabcontent\">\n\n<p><strong>D\u00cdSZDOKTOROK<\/strong><\/p>\n<p><strong><img loading=\"lazy\" decoding=\"async\" class=\"alignright\" title=\"Prof. Dr. Richard Satava\" src=\"https:\/\/semmelweis.hu\/mutettan\/files\/2014\/11\/SatavaRichard-4x6.jpg\" alt=\"\" width=\"110\" height=\"152\" \/><\/strong><strong>Richard M. Satava MD FACS<\/strong><br \/>\nProfessor Emeritus of Surgery<br \/>\nUniversity of Washington<\/p>\n<p>&nbsp;<\/p>\n<p>&nbsp;<\/p>\n<hr \/>\n<p><strong>Masashi Yoshida MD, PhD, FACS\u00a0 \u00a0 \u00a0 \u00a0 \u00a0 \u00a0 \u00a0 \u00a0 \u00a0 \u00a0 \u00a0 \u00a0 \u00a0 \u00a0 \u00a0 \u00a0 \u00a0 \u00a0 \u00a0 \u00a0 \u00a0 \u00a0 \u00a0 \u00a0 \u00a0 \u00a0 \u00a0 \u00a0 \u00a0 \u00a0 \u00a0 \u00a0 \u00a0 \u00a0 \u00a0 \u00a0<\/strong><br \/>\nInternational University of Health and Welfare Hospital\u00a0 \u00a0 \u00a0 \u00a0 \u00a0 \u00a0 \u00a0 \u00a0 \u00a0 \u00a0 \u00a0 \u00a0 \u00a0 \u00a0 \u00a0 \u00a0 <img loading=\"lazy\" decoding=\"async\" class=\"wp-image-7467 alignright\" src=\"https:\/\/semmelweis.hu\/mutettan\/files\/2021\/04\/press_release_distribution_0452230_126964.jpg\" alt=\"\" width=\"119\" height=\"158\" srcset=\"https:\/\/semmelweis.hu\/mutettan\/files\/2021\/04\/press_release_distribution_0452230_126964.jpg 600w, https:\/\/semmelweis.hu\/mutettan\/files\/2021\/04\/press_release_distribution_0452230_126964-300x400.jpg 300w\" sizes=\"auto, (max-width: 119px) 100vw, 119px\" \/><br \/>\n<span style=\"font-size: 1rem\">Department of Surgery, Tochigi, Japan<\/span><\/p>\n<hr \/>\n<\/div><\/div>\n","protected":false},"excerpt":{"rendered":"<p>Nemzetk\u00f6zi t\u00e1rsas\u00e1gok: Society of American Gastrointestinal and Endoscopic Surgeons (SAGES) European Association for Endoscopic Surgery (EAES) Japan Society of\u00a0 Endoscopic Surgery (JSES) Federaci\u00f3n Latino Americana de Cirugia (FELAC) Association Latino Americana de Cirugia Endoscopica (ALACE) International Federation of Societies of Endoscopic Surgery (IFSES) Hungarian-Japane-Poland Surgical Society (HJPSS) Space Surgery Association (SSA) International Sociaty of Surgery &hellip;<\/p>\n","protected":false},"author":101700,"featured_media":0,"parent":6393,"menu_order":4,"comment_status":"closed","ping_status":"closed","template":"","meta":{"_acf_changed":false,"footnotes":""},"categories":[],"tags":[],"class_list":["post-325","page","type-page","status-publish","hentry"],"acf":[],"_links":{"self":[{"href":"https:\/\/semmelweis.hu\/mutettan\/wp-json\/wp\/v2\/pages\/325","targetHints":{"allow":["GET"]}}],"collection":[{"href":"https:\/\/semmelweis.hu\/mutettan\/wp-json\/wp\/v2\/pages"}],"about":[{"href":"https:\/\/semmelweis.hu\/mutettan\/wp-json\/wp\/v2\/types\/page"}],"author":[{"embeddable":true,"href":"https:\/\/semmelweis.hu\/mutettan\/wp-json\/wp\/v2\/users\/101700"}],"replies":[{"embeddable":true,"href":"https:\/\/semmelweis.hu\/mutettan\/wp-json\/wp\/v2\/comments?post=325"}],"version-history":[{"count":11,"href":"https:\/\/semmelweis.hu\/mutettan\/wp-json\/wp\/v2\/pages\/325\/revisions"}],"predecessor-version":[{"id":6913,"href":"https:\/\/semmelweis.hu\/mutettan\/wp-json\/wp\/v2\/pages\/325\/revisions\/6913"}],"up":[{"embeddable":true,"href":"https:\/\/semmelweis.hu\/mutettan\/wp-json\/wp\/v2\/pages\/6393"}],"wp:attachment":[{"href":"https:\/\/semmelweis.hu\/mutettan\/wp-json\/wp\/v2\/media?parent=325"}],"wp:term":[{"taxonomy":"category","embeddable":true,"href":"https:\/\/semmelweis.hu\/mutettan\/wp-json\/wp\/v2\/categories?post=325"},{"taxonomy":"post_tag","embeddable":true,"href":"https:\/\/semmelweis.hu\/mutettan\/wp-json\/wp\/v2\/tags?post=325"}],"curies":[{"name":"wp","href":"https:\/\/api.w.org\/{rel}","templated":true}]}}