{"id":29,"date":"2012-07-09T09:20:58","date_gmt":"2012-07-09T07:20:58","guid":{"rendered":"http:\/\/semmelweis-egyetem.hu\/mutettan\/?page_id=29"},"modified":"2025-05-13T15:45:10","modified_gmt":"2025-05-13T13:45:10","slug":"szakorvoskepzes","status":"publish","type":"page","link":"https:\/\/semmelweis.hu\/mutettan\/szakorvoskepzes\/","title":{"rendered":"Szakorvosk\u00e9pz\u00e9s"},"content":{"rendered":"<h3><em>Seb\u00e9szeti Skill Tr\u00e9ning Tanfolyam<\/em><\/h3>\n<p style=\"text-align: justify\">Kedves Szakorvos jel\u00f6lt!<br \/>\nA \u201e<a href=\"https:\/\/semmelweis.hu\/mutettan\/files\/2016\/01\/2012-EMMI-rendelet.pdf\" target=\"_blank\" rel=\"noopener noreferrer\">22\/2012. (IX. 14.) sz\u00e1m\u00fa, az eg\u00e9szs\u00e9g\u00fcgyi fels\u0151fok\u00fa szakir\u00e1ny\u00fa szakk\u00e9pes\u00edt\u00e9s megszerz\u00e9s\u00e9r\u0151l<\/a>\u201d sz\u00f3l\u00f3 rendeletet a 2023-ban elfogadott 28\/2022. (VIII. 25.) BM rendelet r\u00e9szben m\u00f3dos\u00edtotta. Ez el\u0151\u00edrja a seb\u00e9szet, \u00e9rseb\u00e9szet, sz\u00edvseb\u00e9szet, plasztikai \u00e9s \u00e9g\u00e9s-seb\u00e9szet, mellkasseb\u00e9szet, idegseb\u00e9szet, gyerekseb\u00e9szet, urol\u00f3gia, sz\u00fcl\u00e9szet-n\u0151gy\u00f3gy\u00e1szat, ortop\u00e9dia-traumatol\u00f3gia, f\u00fcl-orr-g\u00e9gegy\u00f3gy\u00e1szat, valamint az arc-, \u00e1llcsont- \u00e9s sz\u00e1jseb\u00e9szet 24 h\u00f3napos t\u00f6rzsk\u00e9pz\u00e9si programban r\u00e9sztvev\u0151 rezidensek sz\u00e1m\u00e1ra a k\u00f6telez\u0151 1 h\u00f3napos seb\u00e9szeti skill tr\u00e9ning tanfolyam teljes\u00edt\u00e9s\u00e9t.<\/p>\n<p><a href=\"https:\/\/semmelweis.hu\/mutettan\/files\/2016\/09\/3.jpg\"><img loading=\"lazy\" decoding=\"async\" class=\"aligncenter size-full wp-image-3668\" src=\"https:\/\/semmelweis.hu\/mutettan\/files\/2016\/09\/3.jpg\" alt=\"\" width=\"580\" height=\"300\" srcset=\"https:\/\/semmelweis.hu\/mutettan\/files\/2016\/09\/3.jpg 580w, https:\/\/semmelweis.hu\/mutettan\/files\/2016\/09\/3-300x155.jpg 300w\" sizes=\"auto, (max-width: 580px) 100vw, 580px\" \/><\/a><\/p>\n<p><strong>Program:<\/strong> <a href=\"https:\/\/semmelweis.hu\/mutettan\/files\/2020\/09\/Seb\u00e9szeti-Skill-Tr\u00e9ning-Program-honlap-2020.2.pdf\" target=\"_blank\" rel=\"noopener noreferrer\">LINK<\/a><br \/>\n<strong>K\u00f6vetelm\u00e9nyrendszer:<\/strong> <a href=\"https:\/\/semmelweis.hu\/mutettan\/files\/2020\/09\/Skill-tr\u00e9ning_K\u00f6vetelm\u00e9nyrendszer.2020.2.pdf\" target=\"_blank\" rel=\"noopener noreferrer\">LINK<\/a><\/p>\n<p style=\"text-align: justify\"><div class=\"responsive-tabs\">\n<h2 class=\"tabtitle\">Jelentkez\u00e9s<\/h2>\n<div class=\"tabcontent\">\n<\/p>\n<p style=\"text-align: justify\"><strong>Jelentkez\u00e9s:<\/strong><br \/>\nA k\u00e9pz\u00e9sben \u00e9rintett szakorvosjel\u00f6ltek egy\u00e9ni ki\u00e9rtes\u00edt\u00e9s\u00e9t, a tanfolyamra val\u00f3 jelentkez\u00e9s \u00fcgyint\u00e9z\u00e9s\u00e9t a Semmelweis Egyetem Szak- \u00e9s Tov\u00e1bbk\u00e9pz\u00e9si K\u00f6zpont (C\u00edm: 1085 Budapest, Baross utca 22. Telefon: +36-1-459-1500 \/ 62370, 62397 mell\u00e9k) v\u00e9gzi.<br \/>\nHonlap: <a href=\"https:\/\/semmelweis.hu\/szak-es-tovabbkepzes\/magunkrol\/\">https:\/\/semmelweis.hu\/szak-es-tovabbkepzes\/magunkrol\/<\/a><br \/>\nE-mail: <a href=\"mailto:szakestovabbkepzes@semmelweis-univ.hu\">szakestovabbkepzes@semmelweis.hu<\/a><\/p>\n<p style=\"text-align: justify\">Az \u201e1 h\u00f3napos Seb\u00e9szeti Skill Tr\u00e9ning\u201d k\u00f6telez\u0151 tanfolyamot a Semmelweis Egyetem, VSZEK, K\u00eds\u00e9rletes Kardiol\u00f3giai \u00e9s Seb\u00e9szeti M\u0171t\u00e9ttani Tansz\u00e9k\u00e9n v\u00e9gzik. Az egyes tanfolyamokra 25-25 f\u0151t tudunk fogadni. A tanfolyamok k\u00f6z\u00f6tt \u00e1tj\u00e1r\u00e1s nem lehets\u00e9ges.<\/p>\n<p style=\"text-align: justify\"><strong>K\u00e9rj\u00fck, hogy csak az adja le jelentkez\u00e9s\u00e9t, aki biztosan r\u00e9szt tud venni a k\u00e9pz\u00e9sen. Felh\u00edvjuk a figyelm\u00fcket, ha valaki bejelentkezik, de nem j\u00f6n el a kurzusra, vagy ha hi\u00e1nyz\u00e1sa a megengedett sz\u00e1mot meghaladja, akkor javasoljuk, hogy a tanfolyamot a tov\u00e1bbiakban egy m\u00e1sik k\u00e9pz\u0151helyen v\u00e9gezze el. Ennek elker\u00fcl\u00e9se \u00e9rdek\u00e9ben n\u00e9h\u00e1ny f\u0151s v\u00e1r\u00f3list\u00e1t tartunk fenn, akik k\u00f6z\u00fcl akkor ker\u00fcl r\u00e9sztvev\u0151 beh\u00edv\u00e1sra, ha valaki nem tud j\u00f6nni.<\/strong><\/p>\n<p style=\"text-align: justify\">A jelentkez\u00e9sek lez\u00e1rulta ut\u00e1n r\u00e9szletes inform\u00e1ci\u00f3s levelet k\u00fcld\u00fcnk a r\u00e9sztvev\u0151knek.<\/p>\n<p style=\"text-align: justify\">\n<\/div><h2 class=\"tabtitle\">Teljes\u00edt\u00e9s<\/h2>\n<div class=\"tabcontent\">\n<\/p>\n<p><strong>Teljes\u00edt\u00e9s<\/strong><\/p>\n<p>A tanfolyam teljes\u00edt\u00e9s\u00e9nek menete<\/p>\n<ul>\n<li>Az elm\u00e9leti el\u0151ad\u00e1sok meghallgat\u00e1sa\u00a0<\/li>\n<li>Szem\u00e9lyes jelenl\u00e9t a kurzus gyakorlatain<\/li>\n<li>A feladatok teljes\u00edt\u00e9se a gyakorlatokon, h\u00e1zi feladatok bek\u00fcld\u00e9se<\/li>\n<li>A rezidens el\u0151ad\u00e1sok megtart\u00e1sa<\/li>\n<li>Index al\u00e1\u00edrat\u00e1sa a Tansz\u00e9k titk\u00e1rs\u00e1g\u00e1n munkanapokon 8:00-16:00 k\u00f6z\u00f6tt (1089 Budapest, Nagyv\u00e1rad t\u00e9r 4. XI. emelet)\u00a0<\/li>\n<\/ul>\n<p><img loading=\"lazy\" decoding=\"async\" class=\"wp-image-4582 aligncenter\" src=\"https:\/\/semmelweis.hu\/mutettan\/files\/2018\/11\/7.jpg\" alt=\"\" width=\"475\" height=\"424\" srcset=\"https:\/\/semmelweis.hu\/mutettan\/files\/2018\/11\/7.jpg 1341w, https:\/\/semmelweis.hu\/mutettan\/files\/2018\/11\/7-300x268.jpg 300w, https:\/\/semmelweis.hu\/mutettan\/files\/2018\/11\/7-768x687.jpg 768w, https:\/\/semmelweis.hu\/mutettan\/files\/2018\/11\/7-1024x916.jpg 1024w, https:\/\/semmelweis.hu\/mutettan\/files\/2018\/11\/7-335x300.jpg 335w\" sizes=\"auto, (max-width: 475px) 100vw, 475px\" \/><\/p>\n<p style=\"text-align: justify\">\n<\/div><h2 class=\"tabtitle\">Id\u0151pontok<\/h2>\n<div class=\"tabcontent\">\n<\/p>\n<p style=\"text-align: justify\"><strong>Id\u0151pontok<\/strong><\/p>\n<p style=\"text-align: justify\"><span style=\"color: #000000\"><strong>48. Tanfolyam\u00a0<br \/>\n<\/strong>Ideje: 2025. m\u00e1jus 5. -16.<\/span><br \/>\n<span style=\"color: #000000\">Helye: budapesti sz\u00e9khely<\/span><br \/>\n<span style=\"color: #000000\">Ideje: 2025. m\u00e1jus 19.-30.<\/span><br \/>\n<span style=\"color: #000000\">Helye: herceghalmi nagy\u00e1llat m\u0171t\u0151\u00a0<\/span><\/p>\n<p style=\"text-align: justify\"><strong><span style=\"color: #000000\">49. Tanfolyam<br \/>\n<\/span><\/strong><span style=\"color: #000000\">Ideje: 2025.\u00a0 j\u00fanius 2.-13.<\/span><br \/>\n<span style=\"color: #000000\">Helye: budapesti sz\u00e9khely<\/span><br \/>\n<span style=\"color: #000000\">Ideje: 2025.\u00a0 j\u00fanius 16.-27.<\/span><br \/>\n<span style=\"color: #000000\">Helye: herceghalmi nagy\u00e1llat m\u0171t\u0151<\/span><\/p>\n<p style=\"text-align: justify\"><strong>50. Tanfolyam<br \/>\n<\/strong><span style=\"color: #000000\">Ideje: 2025.\u00a0 szeptember 22.-okt\u00f3ber 3.<\/span><br \/>\n<span style=\"color: #000000\">Helye: budapesti sz\u00e9khely<\/span><br \/>\n<span style=\"color: #000000\">Ideje: 2025.\u00a0 okt\u00f3ber 6.- 17.<\/span><br \/>\n<span style=\"color: #000000\">Helye: herceghalmi nagy\u00e1llat m\u0171t\u0151<\/span><\/p>\n<p style=\"text-align: justify\">\n<\/div><h2 class=\"tabtitle\">Helysz\u00ednek<\/h2>\n<div class=\"tabcontent\">\n<\/p>\n<p style=\"text-align: justify\">Budapesti sz\u00e9khely:<\/p>\n<p style=\"text-align: justify\">Semmelweis Egyetem, \u00c1OK, VSZEK K\u00eds\u00e9rletes Kardiol\u00f3giai \u00e9s Seb\u00e9szeti M\u0171t\u00e9ttani Tansz\u00e9k (KKSMT)<br \/>\nNagyv\u00e1rad t\u00e9ri Elm\u00e9leti T\u00f6mb (NET) 3.sz. szemin\u00e1riumi terem, 1089 Budapest, Nagyv\u00e1rad t\u00e9r 4.<\/p>\n<p style=\"text-align: justify\">Herceghalmi nagy\u00e1llat m\u0171t\u0151:<\/p>\n<p style=\"text-align: justify\">SE VSZEK KT \u201eGeorge Berci\u201d Seb\u00e9szeti Gyakorl\u00f3 \u00e9s Kutat\u00f3 Laborat\u00f3rium,<br \/>\n2053 Herceghalom, Geszteny\u00e9s \u00fat 1. GPS koordin\u00e1t\u00e1k: \u00c9 47.4985116, K 18.7509883<\/p>\n<p style=\"text-align: justify\">\n<\/div><h2 class=\"tabtitle\">GYIK<\/h2>\n<div class=\"tabcontent\">\n<\/p>\n<p style=\"text-align: justify\"><span style=\"color: #ff0000\"><strong>Gyakran ism\u00e9telt k\u00e9rd\u00e9sek<\/strong><\/span><\/p>\n<p style=\"text-align: justify\">\u2022 H\u00e1ny nap hi\u00e1nyz\u00e1s megengedett?<br \/>\n<strong>Az egy h\u00f3napos kurzus szem\u00e9lyes \u00e9s \u00e9l\u0151 gyakorlati oktat\u00e1si napjair\u00f3l\u00a0 \u00f6sszesen maximum 4 nap hi\u00e1nyz\u00e1s megengedett, melyet k\u00fcl\u00f6n nem kell igazolni.\u00a0<\/strong><\/p>\n<p style=\"text-align: justify\">\u2022 V\u00e1rand\u00f3s n\u0151k sz\u00e1m\u00e1ra vesz\u00e9lyes \u2013e a kurzus?<br \/>\nA tanfolyam jelent\u0151s r\u00e9sze \u00e1llatm\u0171t\u0151ben zajlik, melyn\u00e9l a hum\u00e1n m\u0171t\u0151ben megszokott biol\u00f3giai (fert\u0151z\u00e9svesz\u00e9ly) \u00e9s k\u00e9miai (altat\u00f3 g\u00e1zok) \u00e9s egy\u00e9b (allerg\u00e9nek: patk\u00e1nysz\u0151r) vesz\u00e9lyforr\u00e1sokkal kell sz\u00e1molni. Ez\u00e9rt terhes n\u0151knek nem javasoljuk a tanfolyamon val\u00f3 r\u00e9szv\u00e9telt. Term\u00e9szetesen mindenki saj\u00e1t felel\u0151ss\u00e9g\u00e9re kell eld\u00f6ntenie, hogy \u00e1llapotosan is v\u00e1llalja -e a r\u00e9szv\u00e9telt.<\/p>\n<p style=\"text-align: justify\">\u2022 Van-e sz\u00e1ll\u00e1slehet\u0151s\u00e9g a tanfolyam k\u00f6zel\u00e9ben?<br \/>\nHerceghalmon a tanfolyam helysz\u00edn\u00e9hez nagyon k\u00f6zel tal\u00e1lhat\u00f3 a Nimr\u00f3d panzi\u00f3 \u00e9s a Hotel Abacus. A sz\u00e1ll\u00e1s szervez\u00e9se egy\u00e9nileg lehets\u00e9ges.<br \/>\nHonlapok: <a href=\"http:\/\/www.nimrodfogado.hu\" target=\"_blank\" rel=\"noopener noreferrer\">www.nimrodfogado.hu<\/a> <a href=\"http:\/\/www.abacushotel.hu\" target=\"_blank\" rel=\"noopener noreferrer\">www.abacushotel.hu<\/a><\/p>\n<p style=\"text-align: justify\">\u2022 A kurzusok k\u00f6z\u00f6tt lehet-e \u00e1tjelentkezni? N\u00f6velik -e a l\u00e9tsz\u00e1mot az egyes tanfolyamokon?<br \/>\nA tanfolyam teljes eg\u00e9sz\u00e9ben kiscsoportos, gyakorlatorient\u00e1lt oktat\u00e1si forma, ahol a f\u00e9r\u0151helyek sz\u00e1ma limit\u00e1lt. Ezt a l\u00e9tsz\u00e1mot nem tudjuk n\u00f6velni, az egyes kurzusok k\u00f6z\u00f6tt nem tudjuk le \u00e9s feljelentkeztetni a r\u00e9sztvev\u0151ket. \u00cdgy k\u00e9rj\u00fck, hogy ilyen jelleg\u0171 k\u00e9r\u00e9sekkel ne keress\u00e9k a tansz\u00e9k munkat\u00e1rsait.<\/p>\n<p style=\"text-align: justify\">\u2022 Van -e a tanfolyam r\u00e9szvev\u0151inek szervezett kiutaztat\u00e1sa Herceghalomra?<br \/>\nA tanfolyam helysz\u00edn\u00e9re val\u00f3 kijut\u00e1st egy\u00e9nileg kell a r\u00e9sztvev\u0151knek megszervezni\u00fck.<\/p>\n<p style=\"text-align: justify\"><\/div><\/div><\/p>\n","protected":false},"excerpt":{"rendered":"<p>Seb\u00e9szeti Skill Tr\u00e9ning Tanfolyam Kedves Szakorvos jel\u00f6lt! A \u201e <a href=\"https:\/\/semmelweis.hu\/mutettan\/files\/2016\/01\/2012-EMMI-rendelet.pdf\" target=\"_blank\" rel=\"noopener noreferrer\">22\/2012. (IX. 14.) sz\u00e1m\u00fa, az eg\u00e9szs\u00e9g\u00fcgyi fels\u0151fok\u00fa szakir\u00e1ny\u00fa szakk\u00e9pes\u00edt\u00e9s megszerz\u00e9s\u00e9r\u0151l<\/a> \u201d sz\u00f3l\u00f3 rendeletet a 2023-ban elfogadott 28\/2022. (VIII. 25.) BM rendelet r\u00e9szben m\u00f3dos\u00edtotta. Ez el\u0151\u00edrja a seb\u00e9szet, \u00e9rseb\u00e9szet, sz\u00edvseb\u00e9szet, plasztikai \u00e9s \u00e9g\u00e9s-seb\u00e9szet, mellkasseb\u00e9szet, idegseb\u00e9szet, gyerekseb\u00e9szet, urol\u00f3gia, sz\u00fcl\u00e9szet-n\u0151gy\u00f3gy\u00e1szat, ortop\u00e9dia-traumatol\u00f3gia, f\u00fcl-orr-g\u00e9gegy\u00f3gy\u00e1szat, valamint az arc-, \u00e1llcsont- \u00e9s sz\u00e1jseb\u00e9szet 24 h\u00f3napos t\u00f6rzsk\u00e9pz\u00e9si programban r\u00e9sztvev\u0151 rezidensek sz\u00e1m\u00e1ra a k\u00f6telez\u0151 1 h\u00f3napos &hellip;<\/p>\n","protected":false},"author":8,"featured_media":0,"parent":0,"menu_order":2,"comment_status":"closed","ping_status":"closed","template":"","meta":{"_acf_changed":false,"footnotes":""},"categories":[],"tags":[],"class_list":["post-29","page","type-page","status-publish","hentry"],"acf":[],"_links":{"self":[{"href":"https:\/\/semmelweis.hu\/mutettan\/wp-json\/wp\/v2\/pages\/29","targetHints":{"allow":["GET"]}}],"collection":[{"href":"https:\/\/semmelweis.hu\/mutettan\/wp-json\/wp\/v2\/pages"}],"about":[{"href":"https:\/\/semmelweis.hu\/mutettan\/wp-json\/wp\/v2\/types\/page"}],"author":[{"embeddable":true,"href":"https:\/\/semmelweis.hu\/mutettan\/wp-json\/wp\/v2\/users\/8"}],"replies":[{"embeddable":true,"href":"https:\/\/semmelweis.hu\/mutettan\/wp-json\/wp\/v2\/comments?post=29"}],"version-history":[{"count":12,"href":"https:\/\/semmelweis.hu\/mutettan\/wp-json\/wp\/v2\/pages\/29\/revisions"}],"predecessor-version":[{"id":9053,"href":"https:\/\/semmelweis.hu\/mutettan\/wp-json\/wp\/v2\/pages\/29\/revisions\/9053"}],"wp:attachment":[{"href":"https:\/\/semmelweis.hu\/mutettan\/wp-json\/wp\/v2\/media?parent=29"}],"wp:term":[{"taxonomy":"category","embeddable":true,"href":"https:\/\/semmelweis.hu\/mutettan\/wp-json\/wp\/v2\/categories?post=29"},{"taxonomy":"post_tag","embeddable":true,"href":"https:\/\/semmelweis.hu\/mutettan\/wp-json\/wp\/v2\/tags?post=29"}],"curies":[{"name":"wp","href":"https:\/\/api.w.org\/{rel}","templated":true}]}}