{"id":2896,"date":"2020-10-16T09:55:25","date_gmt":"2020-10-16T07:55:25","guid":{"rendered":"http:\/\/semmelweis.hu\/mutettan\/?page_id=2896"},"modified":"2025-09-29T15:06:11","modified_gmt":"2025-09-29T13:06:11","slug":"phd-kurzusaink","status":"publish","type":"page","link":"https:\/\/semmelweis.hu\/mutettan\/oktatas\/phd-kurzusaink\/","title":{"rendered":"Posztgradu\u00e1lis k\u00e9pz\u00e9s"},"content":{"rendered":"<div class=\"responsive-tabs\">\n<h2 class=\"tabtitle\">K\u00eds\u00e9rleti \u00c1llatok- \u00c1llatk\u00eds\u00e9rletek kurzus<\/h2>\n<div class=\"tabcontent\">\n\n<p><a href=\"https:\/\/semmelweis.hu\/allatjoleti-bizottsag\/oktatas\/\" target=\"_blank\" rel=\"noopener noreferrer\">K\u00cdS\u00c9RLETI \u00c1LLATOK \u2013 \u00c1LLATK\u00cdS\u00c9RLETEK kurzus <\/a><\/p>\n\n<\/div><h2 class=\"tabtitle\">Seb\u00e9szeti M\u0171t\u00e9ttan<\/h2>\n<div class=\"tabcontent\">\n\n<p><strong>SEB\u00c9SZETI M\u0170T\u00c9TTAN<\/strong><\/p>\n<p><strong>A kurzus feladata \u00e9s c\u00e9lja<\/strong><\/p>\n<p style=\"text-align: justify\">Seb\u00e9szeti oktat\u00f3 modelleken \u00e9s altatott \u00e1llatokon v\u00e9gzett gyakorlatok sor\u00e1n a hallgat\u00f3k megismerik az aszepszis m\u0171t\u0151re vonatkoz\u00f3 szab\u00e1lyait (zsilipel\u00e9s, bemosakod\u00e1s, a m\u0171t\u00e9ti ter\u00fclet el\u0151k\u00e9sz\u00edt\u00e9se, stb), a m\u0171t\u0151ben val\u00f3 viselked\u00e9s norm\u00e1it, az alapvet\u0151 seb\u00e9szeti eszk\u00f6z\u00f6ket \u00e9s m\u0171szereket, csom\u00f3z\u00e1si \u00e9s sebvarr\u00e1si technik\u00e1kat, illetve a legfontosabb m\u0171t\u00e9ttechnikai fog\u00e1sokat. A klasszikus seb\u00e9szi technik\u00e1k mellett fontos a hallgat\u00f3k \u00fan. video-endoszk\u00f3pos szeml\u00e9let\u00e9nek \u00e9s tud\u00e1s\u00e1nak b\u0151v\u00edt\u00e9se. A szem-agy-k\u00e9z koordin\u00e1ci\u00f3t fejleszt\u0151, egym\u00e1sra \u00e9p\u00fcl\u0151 laparoszk\u00f3pos feladatokat pelvitrainerben gyakorolj\u00e1k a hallgat\u00f3k.\u00a0A t\u00e1rgy c\u00e9lja, hogy<br \/>\n(1) a doktori k\u00e9pz\u00e9sben r\u00e9sztvev\u0151 PhD hallgat\u00f3k seb\u00e9szeti gyakorlati k\u00e9szs\u00e9g\u00e9t fejlessz\u00fck,<br \/>\n(2) azok a hallgat\u00f3k, akik a gradu\u00e1lis oktat\u00e1suk sor\u00e1n nem kaptak m\u0171t\u00e9ttan k\u00e9pz\u00e9st megismerj\u00e9k a m\u0171t\u00e9ttani alapokat, az \u00e1llatk\u00eds\u00e9rletek v\u00e9gz\u00e9s\u00e9hez gyakorlatot szerezzenek.<\/p>\n<p><strong>El\u0151ad\u00e1sok<\/strong><\/p>\n<p><strong>Helye: NET-Barna EA.<\/strong><br \/>\n<strong>Ideje: szerda 09.45-10.35<\/strong><\/p>\n<p><strong>2024.09.04.<\/strong><br \/>\n<strong>1. h\u00e9t: A t\u00e1rgy bemutat\u00e1sa. a m\u0171t\u0151 fel\u00e9p\u00edt\u00e9se \u00e9s berendez\u00e9se. Aszepszis \u00e9s antiszepszis<\/strong><br \/>\n(Dr. Ferencz Andrea)<\/p>\n<p><strong>2024. 09.11.<br \/>\n2. h\u00e9t Alapvet\u0151 varratt\u00edpusok \u00e9s speci\u00e1lis varrattechnik\u00e1k<br \/>\n<\/strong>(Dr. Szab\u00f3 Gy\u00f6rgyi)<\/p>\n<p><strong>2024.09.18.<\/strong><br \/>\n<strong>3. h\u00e9t Alapvet\u0151 seb\u00e9szeti m\u0171szerek, varr\u00f3anyagok<br \/>\n<\/strong>(Dr. Feh\u00e9r Daniella)<\/p>\n<p><strong>2024. 09.25.<\/strong><br \/>\n<strong>4. h\u00e9t Sebek \u00e9s sebell\u00e1t\u00e1s alapelvei, v\u00e9rz\u00e9sek \u00e9s v\u00e9rz\u00e9scsillap\u00edt\u00e1s, a s\u00e9r\u00fcl\u00e9s k\u00f6vetkezm\u00e9nyei<\/strong><br \/>\n(Dr. Szokoly Mikl\u00f3s)<\/p>\n<p><strong>2024. 10.02.<\/strong><br \/>\n<span style=\"font-size: 1rem\"><strong>5. h\u00e9t A m\u0171t\u00e9t (akut, elekt\u00edv, a beteg el\u0151k\u00e9sz\u00edt\u00e9se, m\u0171t\u00e9ti felt\u00e1r\u00e1sok)<\/strong><br \/>\n(Dr. Ender Ferenc)<\/span><\/p>\n<p><strong>2024.10.09.<\/strong><br \/>\n<strong>6. h\u00e9t A laparoszk\u00f3pos seb\u00e9szet alapjai<\/strong><br \/>\n(Prof. Dr. S\u00e1ndor J\u00f3zsef)<\/p>\n<p><strong>2024. 10.16.<\/strong><br \/>\n<strong>7. h\u00e9t A k\u00eds\u00e9rletes seb\u00e9szet szerepe<\/strong><br \/>\n(Dr. Benke K\u00e1lm\u00e1n)<\/p>\n<p style=\"text-align: justify\"><strong>Gyakorlatok<\/strong><\/p>\n<p style=\"text-align: justify\"><strong>\u00c1ltal\u00e1nos tudnival\u00f3k:<\/strong><\/p>\n<p style=\"text-align: justify\">1. A t\u00e1rgyfelv\u00e9telkor megjel\u00f6lt csoportban kell a f\u00e9l\u00e9vi gyakorlatokat teljes\u00edteni, \u00edgy m\u00e1s csoportba val\u00f3 \u00e1tjelentkez\u00e9s k\u00e9s\u0151bb m\u00e1r nem lehets\u00e9ges. A m\u0171t\u0151i kapacit\u00e1s \u00e9s a be\u00e9p\u00edtett p\u00f3thelyek miatt a csoportok l\u00e9tsz\u00e1ma limit\u00e1lt, melyen nem tudunk v\u00e1ltoztatni. Ilyen jelleg\u0171 k\u00e9r\u00e9sekkel a tanulm\u00e1nyi felel\u0151st, vagy int\u00e9zet\u00fcnk m\u00e1s munkat\u00e1rs\u00e1t ne keress\u00e9k.<br \/>\n2. A gyakorlatokat k\u00e9thetente tartjuk.<\/p>\n<p style=\"text-align: justify\">3. Felh\u00edvjuk minden hallgat\u00f3 figyelm\u00e9t, hogy m\u00e1r a gyakorlat el\u0151tt gondoskodjon megfelel\u0151 k\u00f6r\u00f6mtoilettr\u0151l (ujjbegyig \u00e9r\u0151 k\u00f6rm\u00f6k), a <strong>k\u00f6r\u00f6mlakk \u00e9s a m\u0171k\u00f6r\u00f6m visel\u00e9se szigor\u00faan tilos a f\u00e9l\u00e9v sor\u00e1n<\/strong>. A gyakorlatokon semmi nem lehet a kezeken \u00e9s alkarokon, ez\u00e9rt k\u00e9rj\u00fck, hogy m\u00e1r az \u00f6lt\u00f6z\u0151ben vegy\u00e9k le az \u00e9kszereket (gy\u0171r\u0171, kark\u00f6t\u0151, karszalag, kar\u00f3ra, stb.) \u00e9s a szekr\u00e9nyben z\u00e1rj\u00e1k el. Aki ennek a szab\u00e1lynak nem tesz eleget, az nem dolgozhat a gyakorlaton, \u00e9s az adott alkalom ottl\u00e9te eset\u00e9n is hi\u00e1nyz\u00e1snak min\u0151s\u00fcl.<br \/>\n4. <strong>K\u00e9rj\u00fck, hogy a hallgat\u00f3k minden gyakorlatra hozzanak magukkal l\u00e1bzs\u00e1kot \u00e9s <strong><span style=\"color: #ff0000\"> latex tartalm\u00fa <\/span><\/strong> nem-steril gumikeszty\u0171t.<\/strong><br \/>\n5. A <a href=\"https:\/\/semmelweis.hu\/mutettan\/files\/2016\/08\/Rektori-k\u00f6rlev\u00e9l.pdf\" target=\"_blank\" rel=\"noopener noreferrer\">KORL\/6\/2013 rektori k\u00f6rlev\u00e9l<\/a> \u00e9rtelm\u00e9ben gyakorlatokon hang, k\u00e9p \u00e9s mozg\u00f3k\u00e9p felv\u00e9teleket k\u00e9sz\u00edteni tilos. <strong>A mobil telefonokat az \u00f6lt\u00f6z\u0151ben kell hagyni!<\/strong><\/p>\n<p style=\"text-align: justify\"><strong>Tematik\u00e1ja:<\/strong><\/p>\n<p><strong><u>Gyakorlat <\/u><\/strong>(k\u00e9thetente 3 \u00f3ra)<\/p>\n<ol>\n<li>Ismerked\u00e9s a m\u0171t\u0151vel, a m\u0171t\u0151termi viselked\u00e9s szab\u00e1lyai, bemosakod\u00e1s, m\u0171t\u00e9ti ter\u00fclet el\u0151k\u00e9sz\u00edt\u00e9se.<\/li>\n<li>Alapvet\u0151 seb\u00e9szeti eszk\u00f6z\u00f6k bemutat\u00e1sa, haszn\u00e1latuk gyakorl\u00e1sa. Alapvet\u0151 varrattechnik\u00e1k gyakorl\u00e1sa in vitro modellen. Csom\u00f3z\u00e1s technik\u00e1ja.<\/li>\n<li>Alapvet\u0151 varrat technik\u00e1k gyakorl\u00e1sa ex vivo \u00e1llati sz\u00f6veten (csom\u00f3s \u00f6lt\u00e9sek).<\/li>\n<li>Alapvet\u0151 varrat technik\u00e1k gyakorl\u00e1sa ex vivo \u00e1llati sz\u00f6veten (tovafut\u00f3 \u00f6lt\u00e9sek).<\/li>\n<li>Laparoszk\u00f3pos eszk\u00f6z\u00f6k \u00e9s m\u0171szerek. A torony bemutat\u00e1sa. Laparoszk\u00f3pos mozdulatok gyakorl\u00e1sa pelvitraineren.<\/li>\n<li>Laparoszk\u00f3pos mozdulatok gyakorl\u00e1sa pelvitraineren. Konzult\u00e1ci\u00f3.<\/li>\n<li>Gyakorlatos vizsga<\/li>\n<\/ol>\n<p>F\u00e9l\u00e9vk\u00f6zi ellen\u0151rz\u00e9seket, demonstr\u00e1ci\u00f3t nem tartunk!<\/p>\n<p><strong>A foglalkoz\u00e1sokon val\u00f3 r\u00e9szv\u00e9tel k\u00f6vetelm\u00e9nyei \u00e9s a t\u00e1volmarad\u00e1s p\u00f3tl\u00e1s\u00e1nak lehet\u0151s\u00e9ge:<\/strong><\/p>\n<p style=\"text-align: justify\">A gyakorlatokon val\u00f3 r\u00e9szv\u00e9tel k\u00f6telez\u0151. A gyakorlatokr\u00f3l egy alkalommal lehet hi\u00e1nyozni, ekkor a f\u00e9l\u00e9v al\u00e1\u00edr\u00e1sra ker\u00fcl. K\u00e9t hi\u00e1nyz\u00e1s eset\u00e9n, ha a hallgat\u00f3 egyiket sem p\u00f3tolta, akkor a f\u00e9l\u00e9v al\u00e1\u00edr\u00e1s\u00e1t megtagadjuk. Egy gyakorlat a k\u00e9thetes oktat\u00e1si peri\u00f3dusokban p\u00f3tolhat\u00f3 m\u00e1s csoporthoz val\u00f3 csatlakoz\u00e1ssal a honlapon t\u00f6rt\u00e9n\u0151 jelentkez\u00e9ssel. K\u00e9t hi\u00e1nyz\u00e1s eset\u00e9n egy gyakorlat p\u00f3tl\u00e1s\u00e1ra a szorgalmi id\u0151szak 6. gyakorlat\u00e1nak k\u00e9thetes id\u0151szak\u00e1ban biztos\u00edtunk lehet\u0151s\u00e9get. Ezt a sz\u00e1nd\u00e9k\u00e1t a hallgat\u00f3nak jeleznie kell a kksmtnet@semmelweis.hu email-re \u00edrt level\u00e9ben (jelezve csoportsz\u00e1m\u00e1t, elmulasztott gyakorlat sz\u00e1m\u00e1t). Kett\u0151n\u00e9l t\u00f6bb gyakorlatr\u00f3l val\u00f3 hi\u00e1nyz\u00e1s p\u00f3tl\u00e1s\u00e1ra &#8211; rendk\u00edv\u00fcl indokolt esetben &#8211; a tansz\u00e9kvezet\u0151 k\u00fcl\u00f6n enged\u00e9ly\u00e9vel van lehet\u0151s\u00e9g.<\/p>\n<p><strong>P\u00f3tl\u00e1s:<\/strong><\/p>\n<p style=\"text-align: justify\">Felh\u00edvjuk a hallgat\u00f3k figyelm\u00e9t, hogy a hi\u00e1nyz\u00e1st \u00e9s annak p\u00f3tl\u00e1s\u00e1t k\u00f6vetkezetesen dokument\u00e1ljuk \u00e9s szigor\u00faan vessz\u00fck!<br \/>\n1. A limit\u00e1lt m\u0171t\u0151i kapacit\u00e1s miatt m\u00e1s csoporthoz val\u00f3 csatlakoz\u00e1ssal a f\u00e9l\u00e9v sor\u00e1n 1 gyakorlat p\u00f3tolhat\u00f3 az adott gyakorlat k\u00e9thetes peri\u00f3dus\u00e1ban, melyet a <strong>\u201c<\/strong><a href=\"http:\/\/semmelweis.hu\/mutettan\/jelentkezes-gyakorlat-potlasara\/\"><strong>JELENTKEZ\u00c9S GYAKORLAT P\u00d3TL\u00c1S\u00c1RA<\/strong><\/a><strong>\u201d <\/strong>linkre kattintva tehet meg a hallgat\u00f3. Betelt helyek eset\u00e9n \u00fajabb p\u00f3thelyeket nem tudunk nyitni. Elveszti ezt a p\u00f3tl\u00e1si lehet\u0151s\u00e9g\u00e9t az a hallgat\u00f3, aki bejelentkezik a xoyondo rendszerben, de nem jelenik meg a gyakorlaton (ezt dokument\u00e1ljuk).<br \/>\n2. K\u00e9t hi\u00e1nyz\u00e1s eset\u00e9n egy gyakorlat p\u00f3tl\u00e1s\u00e1ra a szorgalmi id\u0151szak utols\u00f3 het\u00e9ben biztos\u00edtunk lehet\u0151s\u00e9get. 2024.12.01-ig a hallgat\u00f3nak ezt a sz\u00e1nd\u00e9k\u00e1t jeleznie kell a kksmtnet@semmelweis.hu email-re \u00edrt level\u00e9ben, meg\u00edrva nev\u00e9t, Neptun k\u00f3dj\u00e1t, m\u0171t\u00e9ttani csoportsz\u00e1m\u00e1t \u00e9s az elmulasztott gyakorlat sz\u00e1m\u00e1t. A jelentkez\u00e9seket \u00f6sszev\u00e1rva az int\u00e9zet \u00e1ltal megadott id\u0151pontban tartjuk a p\u00f3tgyakorlatot, err\u0151l email-ben k\u00fcld\u00fcnk \u00e9rtes\u00edt\u00e9st. Ha a hallgat\u00f3 nem vagy k\u00e9s\u0151n jelzi p\u00f3tl\u00e1si sz\u00e1nd\u00e9k\u00e1t, akkor p\u00f3tl\u00e1si lehet\u0151s\u00e9g\u00e9t elvesz\u00edti.<br \/>\n3. Kett\u0151n\u00e9l t\u00f6bb gyakorlatr\u00f3l val\u00f3 hi\u00e1nyz\u00e1s p\u00f3tl\u00e1s\u00e1ra \u2013 rendk\u00edv\u00fcl indokolt esetben \u2013 az int\u00e9zetvezet\u0151 k\u00fcl\u00f6n enged\u00e9ly\u00e9vel van lehet\u0151s\u00e9g. Ez a hallgat\u00f3nak \u00edr\u00e1sban kell k\u00e9rv\u00e9nyeznie, le\u00edrva hi\u00e1nyz\u00e1s\u00e1nak okait, mell\u00e9kelve a hivatalos igazol\u00e1sokat.<\/p>\n<p style=\"text-align: justify\"><strong>Igazol\u00e1s:<\/strong><\/p>\n<p style=\"text-align: justify\">A megengedett sz\u00e1m\u00fa hi\u00e1nyz\u00e1st (el\u0151ad\u00e1s, gyakorlat, vizsga) meghalad\u00f3 t\u00e1volmarad\u00e1st igazolni kell. A t\u00e1volmarad\u00e1s ok\u00e1t <u>h\u00e1rom munkanapon bel\u00fcl az int\u00e9zet titk\u00e1rs\u00e1g\u00e1n leadott, pap\u00edralap\u00fa igazol\u00e1ssal lehet igazolni. <\/u>Az igazol\u00e1s val\u00f3dis\u00e1g\u00e1t \u00e9s indokolts\u00e1g\u00e1t az Int\u00e9zet ellen\u0151rzi \u00e9s h\u00e1rom munkanapon bel\u00fcl \u00e9rtes\u00edti a hallgat\u00f3t annak elfogad\u00e1s\u00e1r\u00f3l vagy el nem fogad\u00e1s\u00e1r\u00f3l. Az igazol\u00e1s elmulaszt\u00e1sa, vagy el nem fogad\u00e1sa eset\u00e9n azt az Int\u00e9zet dokument\u00e1ci\u00f3j\u00e1ban \u00e9s\/vagy a Neptun rendszerben r\u00f6gz\u00edti, k\u00f6vetkezm\u00e9nyeire a TVSZ szab\u00e1lyai vonatkoznak.<br \/>\nOrvosi igazol\u00e1sk\u00e9nt csak az akut esetet al\u00e1t\u00e1maszt\u00f3 eredeti \u00e9s hivatalos formanyomtatv\u00e1nyt vagy k\u00f3rh\u00e1zi z\u00e1r\u00f3jelent\u00e9st fogadjuk el, mely <strong>tartalmazza a napl\u00f3sorsz\u00e1mot, az orvos szem\u00e9lyes pecs\u00e9tj\u00e9nek olvashat\u00f3 lenyomat\u00e1t, az orvosi munkahely azonos\u00edt\u00e1s\u00e1ra alkalmas ANTSZ kilencjegy\u0171 k\u00f3dot.<\/strong> Az igazol\u00e1st v. f\u00e9nym\u00e1solat\u00e1t a hallgat\u00f3 dokument\u00e1ci\u00f3j\u00e1ban meg\u0151rizz\u00fck. Elekt\u00edv (tervezett) orvosi ell\u00e1t\u00e1s nem indokolja a hallgat\u00f3 hi\u00e1nyz\u00e1s\u00e1t, \u00edgy igazol\u00e1sk\u00e9nt nem fogadjuk el.<\/p>\n<p style=\"text-align: justify\"><strong>Biztons\u00e1g a gyakorlatokon:<\/strong><\/p>\n<p style=\"text-align: justify\">Az els\u0151 gyakorlaton a hallgat\u00f3k al\u00e1\u00edr\u00e1sukkal tan\u00fas\u00edtj\u00e1k, hogy a m\u0171t\u00e9ttan gyakorlatokon felmer\u00fcl\u0151 munka- \u00e9s t\u0171zv\u00e9delmi szab\u00e1lyokat megismert\u00e9k \u00e9s betartj\u00e1k.<br \/>\n<a href=\"https:\/\/semmelweis.hu\/mutettan\/files\/2013\/12\/KSMI-Munka-\u00e9s-t\u0171zv\u00e9delmi-tudnival\u00f3k.pdf\">KSMI Munka- \u00e9s t\u0171zv\u00e9delmi tudnival\u00f3k<\/a><br \/>\n<a href=\"https:\/\/semmelweis.hu\/mutettan\/files\/2013\/12\/SE-T%C5%B1zv%C3%A9delmi-szab%C3%A1lyzat.pdf\">SE T\u0171zv\u00e9delmi szab\u00e1lyzat<\/a><br \/>\n<a href=\"https:\/\/semmelweis.hu\/mutettan\/files\/2013\/12\/SE-Munkav\u00e9delmi-szab\u00e1lyzat.pdf\">SE Munkav\u00e9delmi szab\u00e1lyzat<\/a><\/p>\n<p style=\"text-align: justify\"><strong>Elveszett t\u00e1rgyak:<\/strong><\/p>\n<p style=\"text-align: justify\">Az Oktat\u00f3 M\u0171t\u0151ben z\u00e1rhat\u00f3 szekr\u00e9nyek \u00e1llnak rendelkez\u00e9sre \u00e9rt\u00e9keik elhelyez\u00e9s\u00e9re. Felh\u00edvjuk a hallgat\u00f3k figyelm\u00e9t, hogy a m\u0171t\u0151s ruh\u00e1ban ne hagyj\u00e1k a bemosakod\u00e1s miatt levett \u00e9kszereket, mert nem tudunk \u00e9rte felel\u0151ss\u00e9get v\u00e1llalni. Az esetlegesen elveszett-tal\u00e1lt t\u00e1rgyak ut\u00e1n \u00e9rdekl\u0151dni lehet\u00a0 Schum Ibolya vagy Cs\u00e9pke Karolina asszisztensn\u0151kn\u00e9l (NET Oktat\u00f3 M\u0171t\u0151, Telefon: 06-1-459-1500, Mell\u00e9k: 56378) vagy a kksmtnet@semmelweis.hu email-en. A tal\u00e1lt t\u00e1rgyakat a szemeszter v\u00e9g\u00e9ig \u00e1ll m\u00f3dunkban t\u00e1rolni. Amennyiben nem jelentkezik \u00e9rte senki, akkor felaj\u00e1nl\u00e1sra ker\u00fclnek!<\/p>\n<p>\n<strong>TANANYAG<\/strong><\/p>\n<p>A k\u00e9pz\u00e9s tananyaga az el\u0151ad\u00e1sokon \u00e9s gyakorlatokon elhangzottakb\u00f3l, valamint a tank\u00f6nyvb\u0151l \u00e1ll.<\/p>\n<p><em>Hivatalos tank\u00f6nyv: <\/em>W\u00e9ber Gy\u00f6rgy, Ferencz Andrea, S\u00e1ndor J\u00f3zsef: M\u0171t\u00e9ttan. Semmelweis Kiad\u00f3, Budapest, 2015.<br \/>\n<a href=\"https:\/\/semmelweis.hu\/mutettan\/files\/2015\/06\/bor\u00edt\u00f3_200.jpg\"><img decoding=\"async\" class=\"alignleft\" src=\"https:\/\/semmelweis.hu\/mutettan\/files\/2015\/06\/bor\u00edt\u00f3_200.jpg\" alt=\"\" \/><\/a><strong>megv\u00e1s\u00e1rolhat\u00f3:<\/strong> <a href=\"https:\/\/www.semmelweiskiado.hu\/termek\/628\/mutettan\">LINK<\/a><\/p>\n<p><em>Tov\u00e1bbi aj\u00e1nlott irodalom:<\/em><br \/>\nHorv\u00e1th \u00d6P, Kiss J. Littmann Seb\u00e9szeti M\u0171t\u00e9ttan. Medicina Kiad\u00f3, Budapest, 2014<\/p>\n<p>&nbsp;<\/p>\n<p><strong>F\u00c9L\u00c9V AL\u00c1\u00cdR\u00c1SA \u00c9S MEGTAGAD\u00c1SA<\/strong><\/p>\n<p style=\"text-align: justify\">A gyakorlatokr\u00f3l val\u00f3 hi\u00e1nyz\u00e1s semmilyen c\u00edmen nem haladhatja meg a gyakorlatok 25 %-\u00e1t (TVSZ 7.\u00a0<em>\u00a7<\/em>) Ha a hallgat\u00f3 2 vagy t\u00f6bb gyakorlatr\u00f3l hi\u00e1nyzik, akkor a f\u00e9l\u00e9v\u00e9nek al\u00e1\u00edr\u00e1s\u00e1t megtagadjuk. A f\u00e9l\u00e9v al\u00e1\u00edr\u00e1sa vagy megtagad\u00e1sa az Elektronikus indexben t\u00f6rt\u00e9nik.<\/p>\n<p>\n<strong>VIZSGARENDSZER<\/strong><\/p>\n<p><strong>\u00c1ltal\u00e1nos tudnival\u00f3k:<\/strong><\/p>\n<p><strong>Gyakorlatos vizsga:<\/strong><\/p>\n<p style=\"text-align: justify\"><em>A 7. gyakorlat idej\u00e9ben minden hallgat\u00f3 <\/em><em><strong><u>gyakorlati vizsg\u00e1t<\/u><\/strong><\/em><em> tesz. \u00c1llom\u00e1sai: (1) bemosakod\u00e1s-be\u00f6lt\u00f6z\u00e9s-keszty\u0171h\u00faz\u00e1s, (2) m\u0171szerismeret, (3) k\u00e9zi csom\u00f3z\u00e1s, (4) varr\u00e1s ex vivo \u00e1llati sz\u00f6veten, (5) laparoszk\u00f3pos m\u0171szerismeret, (6) pelvitraineres feladat. Priorit\u00e1st \u00e9lvez a bemosakod\u00e1s-be\u00f6lt\u00f6z\u00e9s-keszty\u0171h\u00faz\u00e1s \u00e9s a varr\u00e1s \u00e1llom\u00e1sok. Amennyiben ezeken nem szerez pontot a hallgat\u00f3, akkor vizsg\u00e1j\u00e1t megszak\u00edtjuk \u00e9s el\u00e9gtelent kap. Aki hi\u00e1nyzik err\u0151l a gyakorlatr\u00f3l, az a vizsgaid\u0151szakban fogja tudni teljes\u00edteni.<\/em><\/p>\n<p style=\"text-align: justify\">Helye: NET Oktat\u00f3 M\u0171t\u0151. A hallgat\u00f3nak \u00e9rv\u00e9nyes f\u00e9nyk\u00e9pes azonos\u00edt\u00f3 okm\u00e1nnyal (tanulm\u00e1nyi \u00e9rtes\u00edt\u0151, szem\u00e9lyi igazolv\u00e1ny, \u00fatlev\u00e9l, stb) kell rendelkeznie, en\u00e9lk\u00fcl nem kezdheti meg a vizsg\u00e1t! Elektronikus seg\u00e9deszk\u00f6z\u00f6ket (mobil telefon, laptop, tablet, stb) az \u00f6lt\u00f6z\u0151ben kell hagyni.<\/p>\n<p><em><strong>Elm\u00e9leti vizsga:<\/strong><\/em><\/p>\n<p style=\"text-align: justify\">A vizsga elm\u00e9leti r\u00e9sze egy teszt meg\u00edr\u00e1s\u00e1b\u00f3l \u00e1ll, mely a vizsgaid\u0151szak idej\u00e9n a megadott vizsgaid\u0151pontokban szem\u00e9lyesen ker\u00fcl megtart\u00e1sra. 45 perc alatt 60 k\u00e9rd\u00e9st sz\u00fcks\u00e9ges megoldania a hallgat\u00f3nak. Minimum k\u00f6vetelm\u00e9ny az \u00edr\u00e1sbeli vizsg\u00e1n, hogy a 60 k\u00e9rd\u00e9sb\u0151l 40 k\u00e9rd\u00e9st sz\u00fcks\u00e9ges el\u00e9rnie a hallgat\u00f3nak. Amennyiben ez kevesebb, akkor csak az \u00edr\u00e1sbeli tesztet meg kell ism\u00e9telnie. Aki a tantermi el\u0151ad\u00e1sokon r\u00e9szt vesz \u00e9s ezek v\u00e9g\u00e9n megny\u00edl\u00f3 3 tesztk\u00e9rd\u00e9sre helyesen v\u00e1laszol, azaz 7 el\u0151ad\u00e1s eset\u00e9n 21 k\u00e9rd\u00e9sb\u0151l 14 k\u00e9rd\u00e9sre helyes v\u00e1laszt ad, az a hallgat\u00f3 plusz 10 pontot kap, mely az elm\u00e9leti tesztvizsg\u00e1n el\u00e9rt pontsz\u00e1m\u00e1hoz ad\u00f3dik hozz\u00e1.<\/p>\n<p style=\"text-align: justify\"><em>\u00a0<\/em>Felh\u00edvjuk a figyelmet, hogy a tesztben egyszeres v\u00e1laszt\u00e1s, t\u00f6bbsz\u00f6r\u00f6s v\u00e1laszt\u00e1s, igaz-hamis k\u00e9rd\u00e9st\u00edpusok vannak \u00e9s k\u00e9rdezz\u00fck a gazdagon illusztr\u00e1lt M\u0171t\u00e9ttan k\u00f6nyvben szerepl\u0151 k\u00e9peket, t\u00e1bl\u00e1zatokat, felsorol\u00e1sokat, csoportos\u00edt\u00e1sokat is. pl. Mit \u00e1br\u00e1zol a k\u00e9p? \u00cdrja le a k\u00e9pen l\u00e1that\u00f3 eszk\u00f6z nev\u00e9t \u00e9s a bet\u0171kkel jel\u00f6lt r\u00e9szeit! Tegye id\u0151rendi sorrendbe a folyamatot, stb. Az orvosi alapm\u0171velts\u00e9g r\u00e9sz\u00e9t k\u00e9pez\u0151 latin kifejez\u00e9seket \u00e9s szerz\u0151i neveket rendszeresen k\u00e9rdezz\u00fck \u00e9s ezek helyes\u00edr\u00e1s\u00e1t is megk\u00f6vetelj\u00fck.<\/p>\n<p><strong>Az \u00e9rdemjegy kialak\u00edt\u00e1s\u00e1nak m\u00f3dja:<\/strong><\/p>\n<p>A gyakorlati vizsga (60 pont) \u00e9s az \u00edr\u00e1sbeli teszt eredm\u00e9nye (60 pont) \u00f6sszegz\u0151dik \u00e9s 120 pontos rendszerben ker\u00fcl meghat\u00e1roz\u00e1sra a v\u00e9gleges \u00e9rdemjegy. A ponthat\u00e1rok a k\u00f6vetkez\u0151k:<\/p>\n<p>El\u00e9gtelen (1) 0 -69,99 pont<\/p>\n<p>El\u00e9gs\u00e9ges (2) 70 \u2013 89,99 pont<\/p>\n<p>K\u00f6zepes (3) 90 \u2013 99,99 pont<\/p>\n<p>J\u00f3 (4) 100 \u2013 109,99 pont<\/p>\n<p>Jeles (5) 110 \u2013 120 pont<\/p>\n<p><strong>Hasznos tudnival\u00f3k a felk\u00e9sz\u00fcl\u00e9shez<\/strong><\/p>\n<p style=\"text-align: justify\"><strong>1.<\/strong> A vizsga hivatalos tananyaga a M\u0171t\u00e9ttan tank\u00f6nyv.<br \/>\n<strong>2.<\/strong> Nemcsak a k\u00f6nyv \u2013 ak\u00e1r t\u00f6bbsz\u00f6ri- elolvas\u00e1s\u00e1t k\u00e9rj\u00fck, hanem a tananyag megtanul\u00e1s\u00e1t.<br \/>\n<strong>3.<\/strong> Felh\u00edvjuk a figyelmet, hogy a tesztben gyakran k\u00e9rdezz\u00fck a gazdagon illusztr\u00e1lt k\u00f6nyvben szerepl\u0151 k\u00e9peket, t\u00e1bl\u00e1zatokat, felsorol\u00e1sokat, csoportos\u00edt\u00e1sokat is. pl. Mit \u00e1br\u00e1zol a k\u00e9p? \u00cdrja le a k\u00e9pen l\u00e1that\u00f3 eszk\u00f6z nev\u00e9t \u00e9s a bet\u0171kkel jel\u00f6lt r\u00e9szeit! Tegye id\u0151rendi sorrendbe a folyamatot, stb.<br \/>\n<strong>4.<\/strong> Az orvosi alapm\u0171velts\u00e9g r\u00e9sz\u00e9t k\u00e9pez\u0151 latin kifejez\u00e9seket \u00e9s szerz\u0151i neveket rendszeresen k\u00e9rdezz\u00fck \u00e9s ezek helyes\u00edr\u00e1s\u00e1t is megk\u00f6vetelj\u00fck.<br \/>\n<strong>5.<\/strong> Gyakorlati vizsga sor\u00e1n \u00fcgyeljen az apr\u00f3 r\u00e9szletekre is! Gondoljon arra, hogy a m\u0171t\u0151ben \u00e9s a m\u0171t\u00e9tek sor\u00e1n el\u0151fordul\u00f3, az aszepszist vesz\u00e9lyeztet\u0151 hib\u00e1k a beteg \u00e9let\u00e9t is vesz\u00e9lyeztetik!<br \/>\n<strong>6.<\/strong> A vide\u00f3-endoszk\u00f3pos \u00e9s az elektroseb\u00e9szeti technika gy\u00f3gy\u00edt\u00f3 munk\u00e1nk fontos, egyre gyakrabban haszn\u00e1lt eszk\u00f6zei, a m\u0171k\u00f6d\u00e9si alapelvek \u00e9s fiziol\u00f3giai szempontok ismeret\u00e9t elv\u00e1rjuk. A r\u00e9szletes seb\u00e9szet oktat\u00e1sa sor\u00e1n ezek elsaj\u00e1t\u00edt\u00e1s\u00e1ra m\u00e1r nem lesz id\u0151!<br \/>\n<strong>7.<\/strong> Javasoljuk, hogy hagyjon el\u00e9g id\u0151t az ism\u00e9tl\u00e9sre, tud\u00e1s\u00e1nak elm\u00e9ly\u00fcl\u00e9s\u00e9re \u00e9s a tananyag \u00f6sszef\u00fcgg\u00e9seinek \u00e1tl\u00e1t\u00e1s\u00e1ra.<\/p>\n<\/div><\/div>\n<p>&nbsp;<\/p>\n","protected":false},"excerpt":{"rendered":"<p><a href=\"https:\/\/semmelweis.hu\/allatjoleti-bizottsag\/oktatas\/\" target=\"_blank\" rel=\"noopener noreferrer\">K\u00cdS\u00c9RLETI \u00c1LLATOK \u2013 \u00c1LLATK\u00cdS\u00c9RLETEK kurzus <\/a> SEB\u00c9SZETI M\u0170T\u00c9TTAN A kurzus feladata \u00e9s c\u00e9lja Seb\u00e9szeti oktat\u00f3 modelleken \u00e9s altatott \u00e1llatokon v\u00e9gzett gyakorlatok sor\u00e1n a hallgat\u00f3k megismerik az aszepszis m\u0171t\u0151re vonatkoz\u00f3 szab\u00e1lyait (zsilipel\u00e9s, bemosakod\u00e1s, a m\u0171t\u00e9ti ter\u00fclet el\u0151k\u00e9sz\u00edt\u00e9se, stb), a m\u0171t\u0151ben val\u00f3 viselked\u00e9s norm\u00e1it, az alapvet\u0151 seb\u00e9szeti eszk\u00f6z\u00f6ket \u00e9s m\u0171szereket, csom\u00f3z\u00e1si \u00e9s sebvarr\u00e1si technik\u00e1kat, illetve a legfontosabb m\u0171t\u00e9ttechnikai fog\u00e1sokat. A klasszikus seb\u00e9szi technik\u00e1k &hellip;<\/p>\n","protected":false},"author":101700,"featured_media":0,"parent":6431,"menu_order":6,"comment_status":"closed","ping_status":"closed","template":"","meta":{"_acf_changed":false,"footnotes":""},"categories":[],"tags":[],"class_list":["post-2896","page","type-page","status-publish","hentry"],"acf":[],"_links":{"self":[{"href":"https:\/\/semmelweis.hu\/mutettan\/wp-json\/wp\/v2\/pages\/2896","targetHints":{"allow":["GET"]}}],"collection":[{"href":"https:\/\/semmelweis.hu\/mutettan\/wp-json\/wp\/v2\/pages"}],"about":[{"href":"https:\/\/semmelweis.hu\/mutettan\/wp-json\/wp\/v2\/types\/page"}],"author":[{"embeddable":true,"href":"https:\/\/semmelweis.hu\/mutettan\/wp-json\/wp\/v2\/users\/101700"}],"replies":[{"embeddable":true,"href":"https:\/\/semmelweis.hu\/mutettan\/wp-json\/wp\/v2\/comments?post=2896"}],"version-history":[{"count":12,"href":"https:\/\/semmelweis.hu\/mutettan\/wp-json\/wp\/v2\/pages\/2896\/revisions"}],"predecessor-version":[{"id":9175,"href":"https:\/\/semmelweis.hu\/mutettan\/wp-json\/wp\/v2\/pages\/2896\/revisions\/9175"}],"up":[{"embeddable":true,"href":"https:\/\/semmelweis.hu\/mutettan\/wp-json\/wp\/v2\/pages\/6431"}],"wp:attachment":[{"href":"https:\/\/semmelweis.hu\/mutettan\/wp-json\/wp\/v2\/media?parent=2896"}],"wp:term":[{"taxonomy":"category","embeddable":true,"href":"https:\/\/semmelweis.hu\/mutettan\/wp-json\/wp\/v2\/categories?post=2896"},{"taxonomy":"post_tag","embeddable":true,"href":"https:\/\/semmelweis.hu\/mutettan\/wp-json\/wp\/v2\/tags?post=2896"}],"curies":[{"name":"wp","href":"https:\/\/api.w.org\/{rel}","templated":true}]}}