{"id":27,"date":"2012-07-09T09:18:30","date_gmt":"2014-01-19T10:36:42","guid":{"rendered":"http:\/\/semmelweis-egyetem.hu\/mutettan\/?page_id=27"},"modified":"2025-07-18T12:46:05","modified_gmt":"2025-07-18T10:46:05","slug":"demonstratori-palyazat","status":"publish","type":"page","link":"https:\/\/semmelweis.hu\/mutettan\/oktatas\/demonstratori-palyazat\/","title":{"rendered":"Demonstr\u00e1tori \u00f6szt\u00f6nd\u00edj"},"content":{"rendered":"<div class=\"lead\" style=\"text-align: center\">Demonstr\u00e1tori \u00d6szt\u00f6nd\u00edj P\u00e1ly\u00e1zat 2025\/2026.<br \/>\nA demonstr\u00e1tori munka felt\u00e9telei \u00e9s szab\u00e1lyai <br \/>\na V\u00e1rosmajori Sz\u00edv- \u00e9s \u00c9rgy\u00f3gy\u00e1szati Klinika K\u00eds\u00e9rletes Kardiol\u00f3giai \u00e9s Seb\u00e9szeti<br \/>\nM\u0171t\u00e9ttani Tansz\u00e9ken<\/div>\n<p style=\"text-align: center\"><a href=\"https:\/\/semmelweis.hu\/mutettan\/files\/2025\/06\/Demonstratori-osztondij-palyazat-formanyomtatvany.pdf\">Jelentkez\u00e9si lap<\/a><\/p>\n<div>\n<p style=\"text-align: justify\">A Demonstr\u00e1tori \u00d6szt\u00f6nd\u00edj c\u00e9lja az arra alkalmas \u00e9s \u00e9rdemes hallgat\u00f3k bevon\u00e1sa a K\u00eds\u00e9rletes Kardiol\u00f3giai \u00e9s Seb\u00e9szeti M\u0171t\u00e9ttani Tansz\u00e9k oktat\u00f3 \u00e9s tudom\u00e1nyos kutat\u00f3munk\u00e1j\u00e1ba, intenz\u00edvebb \u00e9s magasabb sz\u00ednvonal\u00fa szakmai k\u00e9pz\u00e9s\u00fck mellett az oktat\u00f3i \u00e9s kutat\u00f3i ut\u00e1np\u00f3tl\u00e1s felk\u00e9sz\u00edt\u00e9se \u00e9s nevel\u00e9se \u00e9rdek\u00e9ben.<\/p>\n<p style=\"text-align: justify\">Demonstr\u00e1tori \u00d6szt\u00f6nd\u00edjra p\u00e1ly\u00e1zhat:<\/p>\n<p style=\"text-align: justify\">\u00b7 Fels\u0151bb \u00e9ves hallgat\u00f3, negyed-, \u00f6t\u00f6d-, \u00e9s hatod\u00e9ves<\/p>\n<p style=\"text-align: justify\">\u00b7 Magatart\u00e1sa p\u00e9ldamutat\u00f3<\/p>\n<p style=\"text-align: justify\">\u00b7 J\u00f3 kifejez\u0151k\u00e9szs\u00e9ggel \u00e9s idegen nyelvismerettel (angol, n\u00e9met) rendelkezik<\/p>\n<p style=\"text-align: justify\">\u00b7 \u00c1tlagon fel\u00fcli manu\u00e1lis k\u00e9szs\u00e9gekkel rendelkezik<\/p>\n<p style=\"text-align: justify\">A demonstr\u00e1tor \u00e1ltal ell\u00e1tand\u00f3 feladatok:<\/p>\n<p style=\"text-align: justify\">\u00b7 Gyakorlati foglalkoz\u00e1sok el\u0151k\u00e9sz\u00edt\u00e9se (pl.: cip\u0151v\u00e9d\u0151, zsilipruha, keszty\u0171k, fonalak, t\u0171 stb. el\u0151k\u00e9sz\u00edt\u00e9se)<\/p>\n<p style=\"text-align: justify\">\u00b7 A gyakorlatvezet\u0151 oktat\u00f3i munk\u00e1j\u00e1nak seg\u00edt\u00e9se a gyakorlatokon<\/p>\n<p style=\"text-align: justify\">\u00b7 \u00c9rdekl\u0151d\u00e9s eset\u00e9n csatlakoz\u00e1si lehet\u0151s\u00e9g az angol \u00e9s a n\u00e9met k\u00e9pz\u00e9shez is<\/p>\n<p style=\"text-align: justify\">\u00b7 R\u00e9szv\u00e9tel a tansz\u00e9k el\u0151ad\u00e1sain<\/p>\n<p style=\"text-align: justify\">\u00b7 R\u00e9szv\u00e9tel tanulm\u00e1nyi versenyek szervez\u00e9s\u00e9ben \u00e9s lebonyol\u00edt\u00e1s\u00e1ba<\/p>\n<p style=\"text-align: justify\">Az al\u00e1\u00edr\u00e1s megszerz\u00e9s\u00e9nek felt\u00e9tele:<\/p>\n<p style=\"text-align: justify\">\u00a0 A megengedettn\u00e9l nem t\u00f6bb hi\u00e1nyz\u00e1s<\/p>\n<p style=\"text-align: justify\">\u00a0 Akt\u00edv r\u00e9szv\u00e9tel a gyakorlatokon<\/p>\n<p style=\"text-align: justify\">F\u00e9l\u00e9v\/tan\u00e9v v\u00e9g\u00e9n demonstr\u00e1tori besz\u00e1mol\u00f3 elk\u00e9sz\u00edt\u00e9se \u00e9s megk\u00fcld\u00e9se a tansz\u00e9k r\u00e9sz\u00e9re az aktu\u00e1lis f\u00e9l\u00e9v v\u00e9g\u00e9ig.<\/p>\n<p style=\"text-align: justify\">A demonstr\u00e1tori munka szab\u00e1lyai:<\/p>\n<p style=\"text-align: justify\">\u00a0 Egy hallgat\u00f3 egy tan\u00e9vben csak egy helyre p\u00e1ly\u00e1zhat, mint demonstr\u00e1tor<\/p>\n<p style=\"text-align: justify\">\u00a0 A demonstr\u00e1tori kinevez\u00e9s 1 vagy 2 f\u00e9l\u00e9vre sz\u00f3lhat<\/p>\n<p style=\"text-align: justify\">\u00a0A demonstr\u00e1torok beoszt\u00e1sa Xoyondo rendszer seg\u00edts\u00e9g\u00e9vel az adott gyakorlatot megel\u0151z\u0151 h\u00e9ten ker\u00fcl egyeztet\u00e9sre<\/p>\n<p style=\"text-align: justify\">\u00a0A demonstr\u00e1tornak minimum 10 jelenl\u00e9ttel kell rendelkeznie a f\u00e9l\u00e9v sor\u00e1n<\/p>\n<p style=\"text-align: justify\">\u00a0Tanulm\u00e1nyi verseny szervez\u00e9s\u00e9ben vagy a vizsg\u00e1ztat\u00e1sban val\u00f3 r\u00e9szv\u00e9tellel plusz al\u00e1\u00edr\u00e1s szerezhet\u0151<\/p>\n<p style=\"text-align: justify\">\u00b7 A Demonstr\u00e1tori \u00d6szt\u00f6nd\u00edj m\u00e9rt\u00e9ke a 2022\/23-as tan\u00e9vt\u0151l kezdve havonta 20.000 Ft, maximum 80.000 Ft\/f\u00e9l\u00e9v.<\/p>\n<p style=\"text-align: justify\">\u00b7 Jelentkezni minden tan\u00e9v tavaszi vizsgaid\u0151szak\u00e1nak v\u00e9g\u00e9ig lehet, a tansz\u00e9k honlapj\u00e1r\u00f3l (https:\/\/semmelweis.hu\/mutettan\/oktatas\/demonstratori-palyazat\/) let\u00f6lthet\u0151 kit\u00f6lt\u00f6tt \u00e9s al\u00e1\u00edrt jelentkez\u00e9si lap elk\u00fcld\u00e9s\u00e9vel a kksmtnet@semmelweis.hu email c\u00edmre.<\/p>\n<p style=\"text-align: justify\">\u00b7 Felh\u00edvjuk a tisztelt Hallgat\u00f3k figyelm\u00e9t, hogy a 4 oldalas jelentkez\u00e9si lapot t\u00f6lts\u00e9k ki \u00e9s \u00edrj\u00e1k al\u00e1. A bek\u00fcld\u00f6tt p\u00e1ly\u00e1zatokat tov\u00e1bb\u00edtjuk az \u00c1OK D\u00e9k\u00e1ni Hivatala fel\u00e9. A be\u00e9rkezett p\u00e1ly\u00e1zatok elb\u00edr\u00e1l\u00e1s\u00e1r\u00f3l a Kar vezet\u0151je \u2013 a kari hallgat\u00f3i \u00f6nkorm\u00e1nyzat bevon\u00e1sa mellett \u2013 legk\u00e9s\u0151bb az \u0151szi f\u00e9l\u00e9v szorgalmi id\u0151szak\u00e1nak megkezd\u00e9s\u00e9ig d\u00f6nt, mely d\u00f6nt\u00e9s\u00e9r\u0151l egyidej\u0171leg \u00e9rtes\u00edti a hallgat\u00f3t, valamint t\u00e1j\u00e9koztatja az \u00e9rintett oktat\u00e1si-kutat\u00e1si szervezeti egys\u00e9get.<\/p>\n<p style=\"text-align: justify\">\u00b7<strong> Id\u0151nt\u00fali jelentkez\u00e9seket sajnos nem tudunk elfogadni!<\/strong><\/p>\n<p style=\"text-align: justify\">A d\u00e9k\u00e1ni d\u00f6nt\u00e9st k\u00f6vet\u0151en, a tansz\u00e9k demonstr\u00e1tor felel\u0151se felveszi a kapcsolatot a hallgat\u00f3kkal tov\u00e1bbi egyeztet\u00e9s c\u00e9lj\u00e1b\u00f3l.<\/p>\n<p>Magyar hallgat\u00f3k demonstr\u00e1tor felel\u0151se (2025.05.15-t\u0151l):<\/p>\n<p>Dr. Toronyi \u00c9va<\/p>\n<p>\u00a0 \u00a0Telefon: 06-30-939-05-12<br \/>\n\u00a0 \u00a0Email: etoronyi@gmail.com<br \/>\n\u00a0 \u00a0 \u00a0 \u00a0 \u00a0 \u00a0 \u00a0 \u00a0kksmtnet@semmelweis.hu<\/p>\n<\/div>\n","protected":false},"excerpt":{"rendered":"<p>Demonstr\u00e1tori \u00d6szt\u00f6nd\u00edj P\u00e1ly\u00e1zat 2025\/2026. A demonstr\u00e1tori munka felt\u00e9telei \u00e9s szab\u00e1lyai a V\u00e1rosmajori Sz\u00edv- \u00e9s \u00c9rgy\u00f3gy\u00e1szati Klinika K\u00eds\u00e9rletes Kardiol\u00f3giai \u00e9s Seb\u00e9szeti M\u0171t\u00e9ttani Tansz\u00e9ken <a href=\"https:\/\/semmelweis.hu\/mutettan\/files\/2025\/06\/Demonstratori-osztondij-palyazat-formanyomtatvany.pdf\">Jelentkez\u00e9si lap<\/a> A Demonstr\u00e1tori \u00d6szt\u00f6nd\u00edj c\u00e9lja az arra alkalmas \u00e9s \u00e9rdemes hallgat\u00f3k bevon\u00e1sa a K\u00eds\u00e9rletes Kardiol\u00f3giai \u00e9s Seb\u00e9szeti M\u0171t\u00e9ttani Tansz\u00e9k oktat\u00f3 \u00e9s tudom\u00e1nyos kutat\u00f3munk\u00e1j\u00e1ba, intenz\u00edvebb \u00e9s magasabb sz\u00ednvonal\u00fa szakmai k\u00e9pz\u00e9s\u00fck mellett az oktat\u00f3i \u00e9s kutat\u00f3i &hellip;<\/p>\n","protected":false},"author":8,"featured_media":0,"parent":6431,"menu_order":3,"comment_status":"closed","ping_status":"closed","template":"","meta":{"_acf_changed":false,"footnotes":""},"categories":[],"tags":[],"class_list":["post-27","page","type-page","status-publish","hentry"],"acf":[],"_links":{"self":[{"href":"https:\/\/semmelweis.hu\/mutettan\/wp-json\/wp\/v2\/pages\/27","targetHints":{"allow":["GET"]}}],"collection":[{"href":"https:\/\/semmelweis.hu\/mutettan\/wp-json\/wp\/v2\/pages"}],"about":[{"href":"https:\/\/semmelweis.hu\/mutettan\/wp-json\/wp\/v2\/types\/page"}],"author":[{"embeddable":true,"href":"https:\/\/semmelweis.hu\/mutettan\/wp-json\/wp\/v2\/users\/8"}],"replies":[{"embeddable":true,"href":"https:\/\/semmelweis.hu\/mutettan\/wp-json\/wp\/v2\/comments?post=27"}],"version-history":[{"count":12,"href":"https:\/\/semmelweis.hu\/mutettan\/wp-json\/wp\/v2\/pages\/27\/revisions"}],"predecessor-version":[{"id":9144,"href":"https:\/\/semmelweis.hu\/mutettan\/wp-json\/wp\/v2\/pages\/27\/revisions\/9144"}],"up":[{"embeddable":true,"href":"https:\/\/semmelweis.hu\/mutettan\/wp-json\/wp\/v2\/pages\/6431"}],"wp:attachment":[{"href":"https:\/\/semmelweis.hu\/mutettan\/wp-json\/wp\/v2\/media?parent=27"}],"wp:term":[{"taxonomy":"category","embeddable":true,"href":"https:\/\/semmelweis.hu\/mutettan\/wp-json\/wp\/v2\/categories?post=27"},{"taxonomy":"post_tag","embeddable":true,"href":"https:\/\/semmelweis.hu\/mutettan\/wp-json\/wp\/v2\/tags?post=27"}],"curies":[{"name":"wp","href":"https:\/\/api.w.org\/{rel}","templated":true}]}}