{"id":266,"date":"2020-10-22T14:03:49","date_gmt":"2020-10-22T12:03:49","guid":{"rendered":"http:\/\/semmelweis.hu\/mutettan\/?page_id=266"},"modified":"2026-02-18T13:55:59","modified_gmt":"2026-02-18T12:55:59","slug":"intezeti-munkatarsak","status":"publish","type":"page","link":"https:\/\/semmelweis.hu\/mutettan\/intezetunk-bemutatasa\/intezeti-munkatarsak\/","title":{"rendered":"Munkat\u00e1rsaink"},"content":{"rendered":"<p><div class=\"responsive-tabs\">\n<h2 class=\"tabtitle\">Munkat\u00e1rsak<\/h2>\n<div class=\"tabcontent\">\n<a href=\"https:\/\/semmelweis.hu\/mutettan\/files\/2023\/11\/RS168196_GV5A7337.jpg\"><br \/>\n<img loading=\"lazy\" decoding=\"async\" class=\" wp-image-8415 alignleft\" src=\"https:\/\/semmelweis.hu\/mutettan\/files\/2023\/11\/RS168196_GV5A7337-267x400.jpg\" alt=\"\" width=\"158\" height=\"236\" srcset=\"https:\/\/semmelweis.hu\/mutettan\/files\/2023\/11\/RS168196_GV5A7337-267x400.jpg 267w, https:\/\/semmelweis.hu\/mutettan\/files\/2023\/11\/RS168196_GV5A7337-683x1024.jpg 683w, https:\/\/semmelweis.hu\/mutettan\/files\/2023\/11\/RS168196_GV5A7337-768x1152.jpg 768w, https:\/\/semmelweis.hu\/mutettan\/files\/2023\/11\/RS168196_GV5A7337-753x1130.jpg 753w, https:\/\/semmelweis.hu\/mutettan\/files\/2023\/11\/RS168196_GV5A7337.jpg 800w\" sizes=\"auto, (max-width: 158px) 100vw, 158px\" \/><\/a><\/p>\n<p><strong>Prof. Dr. Radovits Tam\u00e1s<br \/>\n<\/strong>Tansz\u00e9kvezet\u0151, egyetemi tan\u00e1r<br \/>\n<span style=\"font-size: 1rem\">Mobil: +36-20-825-8895<br \/>\n<\/span>Email: radovitstamas@yahoo.com<br \/>\n<strong><a href=\"https:\/\/semmelweis.hu\/mutettan\/files\/2023\/11\/Radovits-Tamas-oneletrajza-2023.-november.pdf\">CV<\/a><\/strong><br \/>\n<strong><a href=\"https:\/\/m2.mtmt.hu\/gui2\/?type=authors&amp;mode=browse&amp;sel=authors10013969\">Publik\u00e1ci\u00f3s lista<\/a><\/strong><\/p>\n<p><strong>\u00a0<\/strong><\/p>\n<hr \/>\n<p><strong><img loading=\"lazy\" decoding=\"async\" class=\"wp-image-1505 alignleft\" src=\"https:\/\/semmelweis.hu\/mutettan\/files\/2014\/01\/Toronyi_Eva-213x300.jpg\" alt=\"\" width=\"152\" height=\"214\" srcset=\"https:\/\/semmelweis.hu\/mutettan\/files\/2014\/01\/Toronyi_Eva-213x300.jpg 213w, https:\/\/semmelweis.hu\/mutettan\/files\/2014\/01\/Toronyi_Eva-727x1024.jpg 727w, https:\/\/semmelweis.hu\/mutettan\/files\/2014\/01\/Toronyi_Eva.jpg 823w\" sizes=\"auto, (max-width: 152px) 100vw, 152px\" \/><\/strong><\/p>\n<p><strong>Dr. Toronyi \u00c9va<br \/>\n<\/strong>Oktat\u00e1s\u00e9rt felel\u0151s szakmai vezet\u0151<br \/>\negyetemi docens,\u00a0<br \/>\nn\u00e9met tanulm\u00e1nyi felel\u0151s,<br \/>\nmagyar \u00e9s n\u00e9met demonstr\u00e1tor felel\u0151s<br \/>\nMobil: +36-30-939-05-12<br \/>\nEmail:etoronyi@gmail.com<\/p>\n<hr \/>\n<p><em><strong>\u00a0 \u00a0 \u00a0 \u00a0 \u00a0 \u00a0 \u00a0 \u00a0 \u00a0 \u00a0 \u00a0 \u00a0 \u00a0 \u00a0 \u00a0 \u00a0 \u00a0 \u00a0 \u00a0 <span style=\"font-size: 18pt\">Titk\u00e1rs\u00e1g<\/span><\/strong><\/em><br \/>\n<strong><img loading=\"lazy\" decoding=\"async\" class=\"wp-image-8613 alignleft\" src=\"https:\/\/semmelweis.hu\/mutettan\/files\/2024\/02\/Aliz_porte_honlap-308x400.jpg\" alt=\"\" width=\"159\" height=\"206\" srcset=\"https:\/\/semmelweis.hu\/mutettan\/files\/2024\/02\/Aliz_porte_honlap-308x400.jpg 308w, https:\/\/semmelweis.hu\/mutettan\/files\/2024\/02\/Aliz_porte_honlap-788x1024.jpg 788w, https:\/\/semmelweis.hu\/mutettan\/files\/2024\/02\/Aliz_porte_honlap-768x998.jpg 768w, https:\/\/semmelweis.hu\/mutettan\/files\/2024\/02\/Aliz_porte_honlap-753x979.jpg 753w, https:\/\/semmelweis.hu\/mutettan\/files\/2024\/02\/Aliz_porte_honlap.jpg 923w\" sizes=\"auto, (max-width: 159px) 100vw, 159px\" \/>Petrovics Alica<\/strong><br \/>\nTitk\u00e1rs\u00e1gvezet\u0151<br \/>\nMTMT adminisztr\u00e1tor<br \/>\nEl\u00e9rhet\u0151s\u00e9g: NET XI. emelet 1105 szoba<br \/>\n06-1-459-1500\/56569<br \/>\nMobil: +36-20-663-2026<br \/>\nEmail: kksmtnet@semmelweis.hu<\/p>\n<hr \/>\n<p><img loading=\"lazy\" decoding=\"async\" class=\"alignleft  wp-image-7308\" src=\"https:\/\/semmelweis.hu\/mutettan\/files\/2021\/01\/k\u00e9p.jpg\" alt=\"\" width=\"153\" height=\"230\" \/><strong>Prof. Dr. Bl\u00e1zovics Anna<\/strong><br \/>\nProfessor emeritus\u00a0<br \/>\nMobil: +36-20-825-04-79<br \/>\n<strong><a href=\"https:\/\/semmelweis.hu\/mutettan\/files\/2025\/09\/Blazovics-Anna-cv-2025.pdf\">CV<\/a><\/strong><br \/>\n<strong><a href=\"https:\/\/semmelweis.hu\/mutettan\/files\/2023\/12\/Blazovics-Anna-Hepatologiai-es-gastroenterologiai-kutatasok-MTMT.pdf\">Publik\u00e1ci\u00f3s lista<\/a><\/strong><\/p>\n<p>&nbsp;<\/p>\n<p>&nbsp;<\/p>\n<hr \/>\n<p><img loading=\"lazy\" decoding=\"async\" class=\" wp-image-8773 alignleft\" src=\"https:\/\/semmelweis.hu\/mutettan\/files\/2024\/06\/kep-honlapra-344x400.jpeg\" alt=\"\" width=\"146\" height=\"170\" srcset=\"https:\/\/semmelweis.hu\/mutettan\/files\/2024\/06\/kep-honlapra-344x400.jpeg 344w, https:\/\/semmelweis.hu\/mutettan\/files\/2024\/06\/kep-honlapra-881x1024.jpeg 881w, https:\/\/semmelweis.hu\/mutettan\/files\/2024\/06\/kep-honlapra-768x892.jpeg 768w, https:\/\/semmelweis.hu\/mutettan\/files\/2024\/06\/kep-honlapra-753x875.jpeg 753w, https:\/\/semmelweis.hu\/mutettan\/files\/2024\/06\/kep-honlapra.jpeg 1033w\" sizes=\"auto, (max-width: 146px) 100vw, 146px\" \/><\/p>\n<p><strong>Dr. Benke K\u00e1lm\u00e1n<br \/>\n<\/strong>Egyetemi docens<br \/>\nEl\u00e9rhet\u0151s\u00e9g: V\u00e1rosmajori Sz\u00edv- \u00e9s \u00c9rgy\u00f3gy\u00e1szati Klinika Sz\u00edvseb\u00e9szeti Tansz\u00e9ki Csoport<br \/>\n<strong><a href=\"https:\/\/semmelweis.hu\/mutettan\/files\/2024\/06\/Szakmai-Oneletrajz_honlapra.docx\">CV<\/a><\/strong><br \/>\n<strong><a href=\"https:\/\/m2.mtmt.hu\/gui2\/?type=authors&amp;mode=browse&amp;sel=authors10048080\">Publik\u00e1ci\u00f3s lista<\/a><\/strong><\/p>\n<hr \/>\n<p><strong><img loading=\"lazy\" decoding=\"async\" class=\"alignleft  wp-image-7884\" src=\"https:\/\/semmelweis.hu\/mutettan\/files\/2022\/03\/Berner-Juhos-Krisztina278x400.jpg\" alt=\"\" width=\"147\" height=\"256\" \/><\/strong><\/p>\n<p><strong><br \/>\nDr. Berner-Juhos Krisztina &#8211; <em>sz\u00fcl\u00e9si szabads\u00e1gon 2023. j\u00falius 1-t\u0151l<br \/>\n<\/em><\/strong>Egyetemi tan\u00e1rseg\u00e9d, TDK \u00e9s demonstr\u00e1tor felel\u0151s<br \/>\nMunkav\u00e9delmi megb\u00edzott, min\u0151s\u00e9gir\u00e1ny\u00edt\u00e1si vezet\u0151<br \/>\nEl\u00e9rhet\u0151s\u00e9g: NET XI. emelet 1120 szoba<br \/>\n06-1-459-1500\/56364 <br \/>\n<strong><a href=\"https:\/\/semmelweis.hu\/mutettan\/files\/2020\/11\/CV_hun_QR_20201123.pdf\">CV<\/a><\/strong><br \/>\n<strong><a href=\"https:\/\/m2.mtmt.hu\/\">Publik\u00e1ci\u00f3s lista<\/a><\/strong><\/p>\n<hr \/>\n<p><strong><img loading=\"lazy\" decoding=\"async\" class=\"wp-image-2232 alignleft\" src=\"https:\/\/semmelweis.hu\/mutettan\/files\/2014\/11\/CSD_new.jpg\" alt=\"\" width=\"146\" height=\"204\" srcset=\"https:\/\/semmelweis.hu\/mutettan\/files\/2014\/11\/CSD_new.jpg 858w, https:\/\/semmelweis.hu\/mutettan\/files\/2014\/11\/CSD_new-214x300.jpg 214w, https:\/\/semmelweis.hu\/mutettan\/files\/2014\/11\/CSD_new-732x1024.jpg 732w\" sizes=\"auto, (max-width: 146px) 100vw, 146px\" \/><\/strong><strong>Dr. Csuk\u00e1s Domokos<\/strong><br \/>\nEgyetemi tan\u00e1rseg\u00e9d, t\u0171zv\u00e9delmi megb\u00edzott, k\u00e1b\u00edt\u00f3szer-felel\u0151s<br \/>\nMunkav\u00e9delmi megb\u00edzott, min\u0151s\u00e9gir\u00e1nyit\u00e1si vezet\u0151 <em><strong>2023. j\u00falius 1-t\u0151l<br \/>\n<\/strong><\/em>katasztr\u00f3fa- \u00e9s polg\u00e1rv\u00e9delmi felel\u0151s<br \/>\nEl\u00e9rhet\u0151s\u00e9g: NET XI. emelet 1107 szoba<br \/>\n06-1-459-1500\/56576 <br \/>\n<strong><span style=\"font-size: 14pt\"><a href=\"https:\/\/semmelweis.hu\/mutettan\/files\/2015\/06\/CSD_CV_hun.pdf\">CV<\/a> <\/span><\/strong><br \/>\n<strong><span style=\"font-size: 14pt\"><a href=\"https:\/\/m2.mtmt.hu\/gui2\/?type=authors&amp;mode=browse&amp;sel=authors10027296\">Publik\u00e1ci\u00f3s lista<\/a><\/span><\/strong><\/p>\n<hr \/>\n<p><strong style=\"font-size: 1rem\">Dr. Damenija Givi <\/strong><strong>\u00a0 \u00a0 <img loading=\"lazy\" decoding=\"async\" class=\" wp-image-8609 alignleft\" src=\"https:\/\/semmelweis.hu\/mutettan\/files\/2024\/02\/dr_damenija_givi_felnott_szivsebeszeti_osztaly-400x400.jpg\" alt=\"\" width=\"152\" height=\"152\" srcset=\"https:\/\/semmelweis.hu\/mutettan\/files\/2024\/02\/dr_damenija_givi_felnott_szivsebeszeti_osztaly-400x400.jpg 400w, https:\/\/semmelweis.hu\/mutettan\/files\/2024\/02\/dr_damenija_givi_felnott_szivsebeszeti_osztaly-150x150.jpg 150w, https:\/\/semmelweis.hu\/mutettan\/files\/2024\/02\/dr_damenija_givi_felnott_szivsebeszeti_osztaly.jpg 512w\" sizes=\"auto, (max-width: 152px) 100vw, 152px\" \/><\/strong>\u00a0 \u00a0 \u00a0 \u00a0 \u00a0 \u00a0 \u00a0 \u00a0 \u00a0 \u00a0 \u00a0 \u00a0 \u00a0 \u00a0 \u00a0 \u00a0 <br \/>\nMesteroktat\u00f3\u00a0<br \/>\nEl\u00e9rhet\u0151s\u00e9g: Oktat\u00f3 M\u0171t\u0151<br \/>\n06-1-459-1500\/56378\u00a0 \u00a0 \u00a0<\/p>\n<p>&nbsp;<\/p>\n<hr \/>\n<p><img loading=\"lazy\" decoding=\"async\" class=\"wp-image-9110 alignleft\" src=\"https:\/\/semmelweis.hu\/mutettan\/files\/2025\/06\/RS216977_GV5A0565-scr-267x400.jpg\" alt=\"\" width=\"137\" height=\"205\" srcset=\"https:\/\/semmelweis.hu\/mutettan\/files\/2025\/06\/RS216977_GV5A0565-scr-267x400.jpg 267w, https:\/\/semmelweis.hu\/mutettan\/files\/2025\/06\/RS216977_GV5A0565-scr.jpg 600w\" sizes=\"auto, (max-width: 137px) 100vw, 137px\" \/><\/p>\n<p>&nbsp;<\/p>\n<p><strong>Dr. M\u00e9sz\u00e1ros L\u00e1szl\u00f3<\/strong><br \/>\nEgyetemi tan\u00e1rseg\u00e9d, magyar tanulm\u00e1nyi felel\u0151s<br \/>\nEl\u00e9rhet\u0151s\u00e9g: NET XI. emelet 1120 szoba<br \/>\n06-1-459-1500\/56364<\/p>\n<hr \/>\n<p><strong>\u00a0<\/strong><strong><img loading=\"lazy\" decoding=\"async\" class=\"alignleft  wp-image-295\" src=\"https:\/\/semmelweis.hu\/mutettan\/files\/2013\/12\/Sandor_Jozsef.jpg\" alt=\"\" width=\"138\" height=\"206\" \/>Prof. Dr. S\u00e1ndor J\u00f3zsef<br \/>\n<\/strong>Professor emeritus<br \/>\nEl\u00e9rhet\u0151s\u00e9g: NET XI. emelet 1107 szoba<br \/>\n06-1-459-1500\/56575<strong><br \/>\n<a href=\"https:\/\/semmelweis.hu\/mutettan\/files\/2020\/11\/Dr.-S\u00e1ndor-J\u00f3zsef-2020-Szakmai-\u00f6n\u00e9letrajz.docx\">CV<\/a><\/strong><br \/>\n<strong><a href=\"https:\/\/m2.mtmt.hu\/gui2\/?type=authors&amp;mode=browse&amp;sel=authors10028477\">Publik\u00e1ci\u00f3s lista<\/a><\/strong><\/p>\n<hr \/>\n<p><img loading=\"lazy\" decoding=\"async\" class=\" wp-image-297 alignleft\" src=\"https:\/\/semmelweis.hu\/mutettan\/files\/2013\/12\/Szabo_Gyorgyi-704x1024.jpg\" alt=\"\" width=\"139\" height=\"203\" srcset=\"https:\/\/semmelweis.hu\/mutettan\/files\/2013\/12\/Szabo_Gyorgyi-704x1024.jpg 704w, https:\/\/semmelweis.hu\/mutettan\/files\/2013\/12\/Szabo_Gyorgyi-206x300.jpg 206w, https:\/\/semmelweis.hu\/mutettan\/files\/2013\/12\/Szabo_Gyorgyi.jpg 823w\" sizes=\"auto, (max-width: 139px) 100vw, 139px\" \/><strong style=\"font-size: 1rem\">Dr. Szab\u00f3 Gy\u00f6rgyi<\/strong><strong>\u00a0 <\/strong><br \/>\nEgyetemi adjunktus,<br \/>\n<span style=\"font-size: 1rem\">Angol tanulm\u00e1nyi felel\u0151s<br \/>\nTDK felel\u0151s <em><strong>2023. j\u00falius 1-t\u0151l<\/strong><\/em><br \/>\n<\/span><span style=\"font-size: 1rem\">El\u00e9rhet\u0151s\u00e9g: NET XI. emelet 1107 szoba<br \/>\n<\/span><span style=\"font-size: 1rem\">06-1-459-1500\/56575<br \/>\n<\/span><strong><a href=\"https:\/\/semmelweis.hu\/mutettan\/files\/2020\/12\/SZGY-CV..pdf\">CV<\/a> <\/strong><br \/>\n<strong><a href=\"https:\/\/m2.mtmt.hu\/gui2\/?type=authors&amp;mode=browse&amp;sel=authors10024404\">Publik\u00e1ci\u00f3s lista<\/a>\u00a0 \u00a0<\/strong><strong>\u00a0 \u00a0\u00a0<\/strong><\/p>\n<hr \/>\n<p><img loading=\"lazy\" decoding=\"async\" class=\" wp-image-9106 alignleft\" src=\"https:\/\/semmelweis.hu\/mutettan\/files\/2025\/06\/RS216976_GV5A0514-scr-267x400.jpg\" alt=\"\" width=\"135\" height=\"202\" srcset=\"https:\/\/semmelweis.hu\/mutettan\/files\/2025\/06\/RS216976_GV5A0514-scr-267x400.jpg 267w, https:\/\/semmelweis.hu\/mutettan\/files\/2025\/06\/RS216976_GV5A0514-scr.jpg 600w\" sizes=\"auto, (max-width: 135px) 100vw, 135px\" \/><\/p>\n<p>&nbsp;<\/p>\n<p><strong>Tatai Fanni<br \/>\n<\/strong>Kutat\u00e1si munkat\u00e1rs<br \/>\nEl\u00e9rhet\u0151s\u00e9ge: NET XI emelet 1120 szoba<br \/>\n06-1-459-1500\/56364<\/p>\n<p>&nbsp;<\/p>\n<hr \/>\n<p><img loading=\"lazy\" decoding=\"async\" class=\"wp-image-9108 alignleft\" src=\"https:\/\/semmelweis.hu\/mutettan\/files\/2025\/06\/RS216978_GV5A0572-scr-267x400.jpg\" alt=\"\" width=\"135\" height=\"202\" srcset=\"https:\/\/semmelweis.hu\/mutettan\/files\/2025\/06\/RS216978_GV5A0572-scr-267x400.jpg 267w, https:\/\/semmelweis.hu\/mutettan\/files\/2025\/06\/RS216978_GV5A0572-scr.jpg 600w\" sizes=\"auto, (max-width: 135px) 100vw, 135px\" \/><\/p>\n<p>&nbsp;<\/p>\n<p><strong>Ujv\u00e1ri Vera<br \/>\n<\/strong>Kutat\u00e1si munkat\u00e1rs<br \/>\n<span style=\"font-size: 1rem\">El\u00e9rhet\u0151s\u00e9g: NET XI. emelet 1107 szoba<br \/>\n06-1-459-1500\/56576<\/span><\/p>\n<hr \/>\n<p><strong><a href=\"https:\/\/semmelweis.hu\/mutettan\/files\/2021\/03\/Csepke-Karolina.jpg\"><img loading=\"lazy\" decoding=\"async\" class=\" wp-image-7396 alignleft\" src=\"https:\/\/semmelweis.hu\/mutettan\/files\/2021\/03\/Csepke-Karolina-253x400.jpg\" alt=\"\" width=\"137\" height=\"217\" srcset=\"https:\/\/semmelweis.hu\/mutettan\/files\/2021\/03\/Csepke-Karolina-253x400.jpg 253w, https:\/\/semmelweis.hu\/mutettan\/files\/2021\/03\/Csepke-Karolina-648x1024.jpg 648w, https:\/\/semmelweis.hu\/mutettan\/files\/2021\/03\/Csepke-Karolina-753x1191.jpg 753w, https:\/\/semmelweis.hu\/mutettan\/files\/2021\/03\/Csepke-Karolina.jpg 759w\" sizes=\"auto, (max-width: 137px) 100vw, 137px\" \/><\/a><\/strong><strong>Cs\u00e9pke Karolina<\/strong><br \/>\nOktat\u00e1si asszisztens<br \/>\nKlinikai labor asszisztens<br \/>\nEl\u00e9rhet\u0151s\u00e9g: NET Oktat\u00f3 M\u0171t\u0151<br \/>\n06-1-459-1500\/56378\u00a0 \u00a0 \u00a0 \u00a0 \u00a0 \u00a0 \u00a0 \u00a0 \u00a0<\/p>\n<hr \/>\n<p><img loading=\"lazy\" decoding=\"async\" class=\"alignleft  wp-image-7386\" src=\"https:\/\/semmelweis.hu\/mutettan\/files\/2021\/03\/RS129189_C19A6588.jpg\" alt=\"\" width=\"131\" height=\"192\" srcset=\"https:\/\/semmelweis.hu\/mutettan\/files\/2021\/03\/RS129189_C19A6588.jpg 815w, https:\/\/semmelweis.hu\/mutettan\/files\/2021\/03\/RS129189_C19A6588-272x400.jpg 272w, https:\/\/semmelweis.hu\/mutettan\/files\/2021\/03\/RS129189_C19A6588-695x1024.jpg 695w, https:\/\/semmelweis.hu\/mutettan\/files\/2021\/03\/RS129189_C19A6588-768x1131.jpg 768w, https:\/\/semmelweis.hu\/mutettan\/files\/2021\/03\/RS129189_C19A6588-753x1109.jpg 753w\" sizes=\"auto, (max-width: 131px) 100vw, 131px\" \/><strong style=\"font-size: 1rem\">Schum Ibolya<br \/>\n<\/strong>Oktat\u00e1si asszisztens<br \/>\nEl\u00e9rhet\u0151s\u00e9g: NET Oktat\u00f3 M\u0171t\u0151<br \/>\n06-1-459-1500\/56378<br \/>\nMobil: 06-20-666-32-07<\/p>\n<hr \/>\n<p><strong><img loading=\"lazy\" decoding=\"async\" class=\" wp-image-8555 alignleft\" src=\"https:\/\/semmelweis.hu\/mutettan\/files\/2024\/02\/RS188991_BB__3069-267x400.jpg\" alt=\"\" width=\"126\" height=\"189\" srcset=\"https:\/\/semmelweis.hu\/mutettan\/files\/2024\/02\/RS188991_BB__3069-267x400.jpg 267w, https:\/\/semmelweis.hu\/mutettan\/files\/2024\/02\/RS188991_BB__3069-683x1024.jpg 683w, https:\/\/semmelweis.hu\/mutettan\/files\/2024\/02\/RS188991_BB__3069-768x1152.jpg 768w, https:\/\/semmelweis.hu\/mutettan\/files\/2024\/02\/RS188991_BB__3069-753x1130.jpg 753w, https:\/\/semmelweis.hu\/mutettan\/files\/2024\/02\/RS188991_BB__3069.jpg 800w\" sizes=\"auto, (max-width: 126px) 100vw, 126px\" \/><br \/>\nViczi\u00e1n Mariann<\/strong><br \/>\nGazdas\u00e1gi \u00fcgyint\u00e9z\u0151<br \/>\nEl\u00e9rhet\u0151s\u00e9g: NET XI. emelet 1105 szoba<br \/>\n06-1-459-1500\/56249<br \/>\nMobil: 06-30-016-44-60<\/p>\n<hr \/>\n<p>\n<\/div><h2 class=\"tabtitle\">Vend\u00e9goktat\u00f3k<\/h2>\n<div class=\"tabcontent\">\n<br \/>\nDr. Bodzay Tam\u00e1s<br \/>\nDr. D\u00f3sa \u00c1gnes<br \/>\nDr. Ender Ferenc<br \/>\nDr. Ghimessy \u00c1ron<br \/>\nDr. Kocsis Andr\u00e1s<br \/>\nDr. Marjai Tam\u00e1s<br \/>\nDr. Szokoly Mikl\u00f3s<br \/>\nDr. Vass Tam\u00e1s<\/p>\n<\/div><\/div>\n<p>&nbsp;<\/p>\n","protected":false},"excerpt":{"rendered":"<p><a href=\"https:\/\/semmelweis.hu\/mutettan\/files\/2023\/11\/RS168196_GV5A7337.jpg\"> <\/a> Prof. Dr. Radovits Tam\u00e1s Tansz\u00e9kvezet\u0151, egyetemi tan\u00e1r Mobil: +36-20-825-8895 Email: radovitstamas@yahoo.com <a href=\"https:\/\/semmelweis.hu\/mutettan\/files\/2023\/11\/Radovits-Tamas-oneletrajza-2023.-november.pdf\">CV<\/a> <a href=\"https:\/\/m2.mtmt.hu\/gui2\/?type=authors&amp;mode=browse&amp;sel=authors10013969\">Publik\u00e1ci\u00f3s lista<\/a> \u00a0 Dr. Toronyi \u00c9va Oktat\u00e1s\u00e9rt felel\u0151s szakmai vezet\u0151 egyetemi docens,\u00a0 n\u00e9met tanulm\u00e1nyi felel\u0151s, magyar \u00e9s n\u00e9met demonstr\u00e1tor felel\u0151s Mobil: +36-30-939-05-12 Email:etoronyi@gmail.com \u00a0 \u00a0 \u00a0 \u00a0 \u00a0 \u00a0 \u00a0 \u00a0 \u00a0 \u00a0 \u00a0 \u00a0 \u00a0 \u00a0 \u00a0 \u00a0 \u00a0 \u00a0 \u00a0 Titk\u00e1rs\u00e1g &hellip;<\/p>\n","protected":false},"author":101700,"featured_media":0,"parent":6393,"menu_order":2,"comment_status":"closed","ping_status":"closed","template":"","meta":{"_acf_changed":false,"footnotes":""},"categories":[],"tags":[],"class_list":["post-266","page","type-page","status-publish","hentry"],"acf":[],"_links":{"self":[{"href":"https:\/\/semmelweis.hu\/mutettan\/wp-json\/wp\/v2\/pages\/266","targetHints":{"allow":["GET"]}}],"collection":[{"href":"https:\/\/semmelweis.hu\/mutettan\/wp-json\/wp\/v2\/pages"}],"about":[{"href":"https:\/\/semmelweis.hu\/mutettan\/wp-json\/wp\/v2\/types\/page"}],"author":[{"embeddable":true,"href":"https:\/\/semmelweis.hu\/mutettan\/wp-json\/wp\/v2\/users\/101700"}],"replies":[{"embeddable":true,"href":"https:\/\/semmelweis.hu\/mutettan\/wp-json\/wp\/v2\/comments?post=266"}],"version-history":[{"count":13,"href":"https:\/\/semmelweis.hu\/mutettan\/wp-json\/wp\/v2\/pages\/266\/revisions"}],"predecessor-version":[{"id":9280,"href":"https:\/\/semmelweis.hu\/mutettan\/wp-json\/wp\/v2\/pages\/266\/revisions\/9280"}],"up":[{"embeddable":true,"href":"https:\/\/semmelweis.hu\/mutettan\/wp-json\/wp\/v2\/pages\/6393"}],"wp:attachment":[{"href":"https:\/\/semmelweis.hu\/mutettan\/wp-json\/wp\/v2\/media?parent=266"}],"wp:term":[{"taxonomy":"category","embeddable":true,"href":"https:\/\/semmelweis.hu\/mutettan\/wp-json\/wp\/v2\/categories?post=266"},{"taxonomy":"post_tag","embeddable":true,"href":"https:\/\/semmelweis.hu\/mutettan\/wp-json\/wp\/v2\/tags?post=266"}],"curies":[{"name":"wp","href":"https:\/\/api.w.org\/{rel}","templated":true}]}}