{"id":2532,"date":"2015-02-19T09:04:13","date_gmt":"2015-02-16T07:49:30","guid":{"rendered":"http:\/\/semmelweis.hu\/mutettan\/?page_id=2532"},"modified":"2020-02-24T17:12:43","modified_gmt":"2020-02-24T16:12:43","slug":"erasmus-surgttt-2","status":"publish","type":"page","link":"https:\/\/semmelweis.hu\/mutettan\/kutatasi-temak\/intezetunk-palyazatai\/erasmus-surgttt-2\/","title":{"rendered":"ERASMUS+ surgTTT"},"content":{"rendered":"<p style=\"text-align: justify;\"><strong>Train The Trainers\u00a0\u00a0 &#8211;\u00a0 Erasmus<\/strong> +<\/p>\n<p style=\"text-align: justify;\">A project el\u0151seg\u00edteni k\u00edv\u00e1nja az Eur\u00f3pai Uni\u00f3ban a seb\u00e9szet \u00e9s szak\u00e1gai szakorvos-jel\u00f6ltjeinek gyakorlati k\u00e9pz\u00e9s\u00e9t. N\u00e9metorsz\u00e1gban, Spanyolorsz\u00e1gban, Magyarorsz\u00e1gon \u00e9s Rom\u00e1ni\u00e1ban felm\u00e9rik az \u00e1ltal\u00e1nos seb\u00e9szeti, mellkas-, \u00e9r-, sz\u00edv-, gyermek-, plasztikai- seb\u00e9szeti, valamint az ortop\u00e9d-traumatol\u00f3giai, urol\u00f3giai \u00e9s szem\u00e9szeti k\u00e9pz\u00e9s jellegzetess\u00e9geit. El\u0151zetes vizsg\u00e1latok azt mutatt\u00e1k, hogy pl. N\u00e9metorsz\u00e1gban a rezidensek 49 %-a\u00a0 nem szervezett form\u00e1ban r\u00e9szes\u00fclt a hat\u00e9ves seb\u00e9szeti k\u00e9pz\u00e9sben, egyharmaduk csak sz\u00f3beli felvil\u00e1gos\u00edt\u00e1st kapott gyakorlati felk\u00e9sz\u00edt\u00e9s\u00fck folyamat\u00e1r\u00f3l. Nem volt egyet\u00e9rt\u00e9s a szakorvos-k\u00e9pz\u0151 k\u00f3rh\u00e1zak\u00a0 \u00e9s a rezidensek k\u00f6z\u00f6tt a rezidencia c\u00e9lkit\u0171z\u00e9seir\u0151l, k\u00f6vetelm\u00e9nyeir\u0151l, a mentor\u00e1l\u00e1s folyamat\u00e1r\u00f3l \u00e9s az \u00e9rt\u00e9kel\u00e9s feed-back-j\u00e9r\u0151l. Hasonl\u00f3 a helyzet Eur\u00f3pa sz\u00e1mos orsz\u00e1g\u00e1ban. T\u00f6rt\u00e9nt m\u00e1r arra vonatkoz\u00f3 kezdem\u00e9nyez\u00e9s, hogy legal\u00e1bb a szakorvos-vizsga standardiz\u00e1lt form\u00e1ban t\u00f6rt\u00e9njen az Eur\u00f3pai Uni\u00f3ban \u2013(<a href=\"http:\/\/www.uems.eu\/uems-activities\/harmonization-of-medical-trainig\/cesma\">http:\/\/www.uems.eu\/uems-activities\/harmonization-of-medical-trainig\/cesma<\/a>) \u2013 ez azonban nem \u00faj\u00edtotta meg a szakter\u00fcletek gyakorlati k\u00e9pz\u00e9s\u00e9t.<\/p>\n<p style=\"text-align: justify;\">A rezidenseket konzult\u00e1nsok, mentorok, tutorok oktatj\u00e1k saj\u00e1t pedag\u00f3giai k\u00e9pess\u00e9g\u00fck szerint \u2013 a\u00a0 tan\u00edt\u00e1si m\u00f3dszerek elsaj\u00e1t\u00edt\u00e1s\u00e1hoz azonban nincs egys\u00e9ges k\u00e9pz\u00e9si m\u00f3dszer.<br \/>\nEzt a helyzetet felm\u00e9rve nemzetk\u00f6zileg elfogadhat\u00f3 aj\u00e1nl\u00e1sokat k\u00edv\u00e1nunk l\u00e9trehozni, t\u00e1mogatva \u00a0az \u00a0eur\u00f3pai szakorvos-k\u00e9pz\u00e9s gyakorlat\u00e1t: Train the Trainers. Nyugat-, k\u00f6z\u00e9p- \u00e9s kelet- eur\u00f3pai orsz\u00e1gok (Spanyolorsz\u00e1g, N\u00e9metorsz\u00e1g, Magyarorsz\u00e1g, Rom\u00e1nia)\u00a0 seb\u00e9sz szakk\u00e9pz\u00e9ssel foglalkoz\u00f3 int\u00e9zm\u00e9nyeib\u0151l fel\u00e9p\u00fcl\u0151 konzorcium felm\u00e9ri az egyes orsz\u00e1gokban kialakult k\u00e9pz\u00e9si-m\u00f3dszereket, a legsikeresebb elj\u00e1r\u00e1sokb\u00f3l egys\u00e9ges\u00edtett tervet hoz l\u00e9tre \u00e9s ezt az \u00e9rintett orsz\u00e1gokban pr\u00f3b\u00e1ra is bocs\u00e1jtja.<\/p>\n","protected":false},"excerpt":{"rendered":"<p>Train The Trainers\u00a0\u00a0 &#8211;\u00a0 Erasmus + A project el\u0151seg\u00edteni k\u00edv\u00e1nja az Eur\u00f3pai Uni\u00f3ban a seb\u00e9szet \u00e9s szak\u00e1gai szakorvos-jel\u00f6ltjeinek gyakorlati k\u00e9pz\u00e9s\u00e9t. N\u00e9metorsz\u00e1gban, Spanyolorsz\u00e1gban, Magyarorsz\u00e1gon \u00e9s Rom\u00e1ni\u00e1ban felm\u00e9rik az \u00e1ltal\u00e1nos seb\u00e9szeti, mellkas-, \u00e9r-, sz\u00edv-, gyermek-, plasztikai- seb\u00e9szeti, valamint az ortop\u00e9d-traumatol\u00f3giai, urol\u00f3giai \u00e9s szem\u00e9szeti k\u00e9pz\u00e9s jellegzetess\u00e9geit. El\u0151zetes vizsg\u00e1latok azt mutatt\u00e1k, hogy pl. N\u00e9metorsz\u00e1gban a rezidensek 49 %-a\u00a0 nem &hellip;<\/p>\n","protected":false},"author":297,"featured_media":0,"parent":6455,"menu_order":2,"comment_status":"closed","ping_status":"closed","template":"","meta":{"_acf_changed":false,"footnotes":""},"categories":[],"tags":[],"class_list":["post-2532","page","type-page","status-publish","hentry"],"acf":[],"_links":{"self":[{"href":"https:\/\/semmelweis.hu\/mutettan\/wp-json\/wp\/v2\/pages\/2532","targetHints":{"allow":["GET"]}}],"collection":[{"href":"https:\/\/semmelweis.hu\/mutettan\/wp-json\/wp\/v2\/pages"}],"about":[{"href":"https:\/\/semmelweis.hu\/mutettan\/wp-json\/wp\/v2\/types\/page"}],"author":[{"embeddable":true,"href":"https:\/\/semmelweis.hu\/mutettan\/wp-json\/wp\/v2\/users\/297"}],"replies":[{"embeddable":true,"href":"https:\/\/semmelweis.hu\/mutettan\/wp-json\/wp\/v2\/comments?post=2532"}],"version-history":[{"count":6,"href":"https:\/\/semmelweis.hu\/mutettan\/wp-json\/wp\/v2\/pages\/2532\/revisions"}],"predecessor-version":[{"id":6461,"href":"https:\/\/semmelweis.hu\/mutettan\/wp-json\/wp\/v2\/pages\/2532\/revisions\/6461"}],"up":[{"embeddable":true,"href":"https:\/\/semmelweis.hu\/mutettan\/wp-json\/wp\/v2\/pages\/6455"}],"wp:attachment":[{"href":"https:\/\/semmelweis.hu\/mutettan\/wp-json\/wp\/v2\/media?parent=2532"}],"wp:term":[{"taxonomy":"category","embeddable":true,"href":"https:\/\/semmelweis.hu\/mutettan\/wp-json\/wp\/v2\/categories?post=2532"},{"taxonomy":"post_tag","embeddable":true,"href":"https:\/\/semmelweis.hu\/mutettan\/wp-json\/wp\/v2\/tags?post=2532"}],"curies":[{"name":"wp","href":"https:\/\/api.w.org\/{rel}","templated":true}]}}