{"id":22,"date":"2020-10-09T09:10:35","date_gmt":"2020-10-09T07:10:35","guid":{"rendered":"http:\/\/semmelweis-egyetem.hu\/mutettan\/?page_id=22"},"modified":"2021-01-19T11:15:03","modified_gmt":"2021-01-19T10:15:03","slug":"intezetunk-tortenete","status":"publish","type":"page","link":"https:\/\/semmelweis.hu\/mutettan\/intezetunk-bemutatasa\/intezetunk-tortenete\/","title":{"rendered":"T\u00f6rt\u00e9net"},"content":{"rendered":"<div class=\"responsive-tabs\">\n<h2 class=\"tabtitle\">2018-<\/h2>\n<div class=\"tabcontent\">\n\n<p style=\"text-align: justify\">2018 november\u00e9t\u0151l az int\u00e9zet vezet\u00e9s\u00e9t <strong>Dr. Ferencz Andrea<\/strong> egyetemi docens l\u00e1tja el. 2020. j\u00falius 1-t\u0151l a V\u00e1rosmajori Sz\u00edv- \u00e9s \u00c9rgy\u00f3gy\u00e1szati Klinik\u00e1hoz integr\u00e1ltan, mint K\u00eds\u00e9rletes \u00e9s Seb\u00e9szeti M\u0171t\u00e9ttani Tansz\u00e9k m\u0171k\u00f6dik, mely m\u0171t\u00e9ttani oktat\u00e1si \u00e9s m\u0171t\u00e9ttechnikai kutat\u00e1si feladatokat l\u00e1t el.<\/p>\n<figure id=\"attachment_7008\" aria-describedby=\"caption-attachment-7008\" style=\"width: 867px\" class=\"wp-caption aligncenter\"><a href=\"https:\/\/semmelweis.hu\/mutettan\/files\/2020\/11\/6.-\u00e1bra.jpg\"><img loading=\"lazy\" decoding=\"async\" class=\"size-full wp-image-7008\" src=\"https:\/\/semmelweis.hu\/mutettan\/files\/2020\/11\/6.-\u00e1bra.jpg\" alt=\"\" width=\"867\" height=\"578\" srcset=\"https:\/\/semmelweis.hu\/mutettan\/files\/2020\/11\/6.-\u00e1bra.jpg 867w, https:\/\/semmelweis.hu\/mutettan\/files\/2020\/11\/6.-\u00e1bra-300x200.jpg 300w, https:\/\/semmelweis.hu\/mutettan\/files\/2020\/11\/6.-\u00e1bra-768x512.jpg 768w, https:\/\/semmelweis.hu\/mutettan\/files\/2020\/11\/6.-\u00e1bra-450x300.jpg 450w\" sizes=\"auto, (max-width: 867px) 100vw, 867px\" \/><\/a><figcaption id=\"caption-attachment-7008\" class=\"wp-caption-text\">Dr. Ferencz Andrea 2018. j\u00falius 1-\u00e9n \u00e1tveszi int\u00e9zetvezet\u0151i megb\u00edzat\u00e1s\u00e1nak dokumentum\u00e1t Prof. Dr. Sz\u00e9l \u00c1goston Rektor \u00dart\u00f3l<\/figcaption><\/figure>\n\n<\/div><h2 class=\"tabtitle\">2010-2018<\/h2>\n<div class=\"tabcontent\">\n\n<p>2010. j\u00falius 1-\u00e9t\u0151l 2018. november 4-ig az int\u00e9zet vezet\u0151je <strong>Prof. Dr. W\u00e9ber Gy\u00f6rgy<\/strong> volt.<\/p>\n<p style=\"text-align: justify\"><em>\u201eK\u00f6zel f\u00e9l \u00e9vsz\u00e1zados sz\u00fcnet ut\u00e1n, 2010-ben ism\u00e9t megkezdte m\u0171k\u00f6d\u00e9s\u00e9t egyetem\u00fcnk\u00f6n a M\u0171t\u00e9ttani Int\u00e9zet. M\u00edg az \u00f6tvenes \u00e9vekben a hidegh\u00e1bor\u00fa \u00e9s a politikai sz\u00e1nd\u00e9k, addig napjainkban a seb\u00e9szet l\u00e1tv\u00e1nyos fejl\u0151d\u00e9se indokolja a m\u0171t\u00e9ttani int\u00e9zetek munk\u00e1j\u00e1t. Programunk teljes\u00edt\u00e9se sor\u00e1n a hallgat\u00f3 \u00f6nmaga is meg\u00e9li t\u00e1rsaihoz is viszony\u00edtott k\u00e9szs\u00e9g\u00e9t \u00e9s ez d\u00f6nt\u0151en meghat\u00e1rozhatja tov\u00e1bbi szakmai fejl\u0151d\u00e9se ir\u00e1ny\u00e1t. Oktat\u00e1sunk c\u00e9lja jelezni a hallgat\u00f3nak, k\u00e9z\u00fcgyess\u00e9ge a manu\u00e1lis vagy <\/em><em>ink\u00e1bb az elm\u00e9leti munka v\u00e9gz\u00e9s\u00e9re predesztin\u00e1lja. Ez int\u00e9zet\u00fcnk k\u00fcldet\u00e9se!\u201d<\/em> volt olvashat\u00f3 a honlapon.<\/p>\n<p style=\"text-align: justify\">2006-ban a Magyar Akkredit\u00e1ci\u00f3 Bizotts\u00e1g (MAB) \u00e1ttekintve a n\u00e9gy orvosk\u00e9pz\u00e9st akkredit\u00e1ci\u00f3s vizsg\u00e1lati jelent\u00e9s\u00e9ben (MAB 2006\/2\/II\/1\/1. sz. hat\u00e1rozat) aj\u00e1nl\u00e1sokat tett, amelyekben meg\u00e1llap\u00edtotta, hogy indokolt az elm\u00e9leti \u00e9s a gyakorlati (klinikai) k\u00e9pz\u00e9s ar\u00e1nyainak \u00e9s priorit\u00e1sainak \u00e1tgondol\u00e1sa, a gradu\u00e1lis orvosk\u00e9pz\u00e9s gyakorlatiasabb\u00e1 t\u00e9tele (figyelemmel az eur\u00f3pai tendenci\u00e1kra is) \u00e9s az elm\u00e9leti alapoz\u00f3 t\u00e1rgyak \u00e1trendez\u00e9se, klinikumhoz val\u00f3 k\u00f6zel\u00edt\u00e9se (pl. seb\u00e9szeti m\u0171t\u00e9ttan oktat\u00e1sa). A Semmelweis Egyetem Szen\u00e1tusa 2009-ben hat\u00e1rozatot hozott az int\u00e9zet \u00fajraind\u00edt\u00e1s\u00e1r\u00f3l. Az egyetem 2010-es akkredit\u00e1ci\u00f3s jelent\u00e9s\u00e9ben (2010\/10\/VIII\/1. sz. MAB hat\u00e1rozat) ez \u00e1ll: <em>\u201e<\/em><em>A SE int\u00e9zm\u00e9nyi strukt\u00far\u00e1j\u00e1b\u00f3l hi\u00e1nyzott n\u00e9h\u00e1ny olyan klinika\/tansz\u00e9k\/szakter\u00fclet (seb\u00e9szeti m\u0171t\u00e9ttan, \u2026), melynek megl\u00e9te els\u0151sorban az \u00e1ltal\u00e1nos orvos k\u00e9pz\u00e9s, de egy\u00e9b k\u00e9pz\u00e9sek szempontj\u00e1b\u00f3l is fontos. Az egyetem vezet\u00e9se ezt felismerve, r\u00e9gi probl\u00e9m\u00e1kat orvosolva megteremtette, ill. meg k\u00edv\u00e1nja teremteni e ter\u00fcleteken is a modern k\u00e9pz\u00e9shez sz\u00fcks\u00e9ges tansz\u00e9ki strukt\u00far\u00e1kat.\u201d<\/em><\/p>\n<p style=\"text-align: justify\">Ezek a szempontok indokolt\u00e1k a sz\u00fcneteltetett budapesti int\u00e9zet \u00fajraind\u00edt\u00e1s\u00e1t, melyre 2010. j\u00falius elsej\u00e9n ker\u00fclt sor, amikor a Semmelweis Egyetem akkori rektora Dr. Tulassay Tivadar professzor a K\u00eds\u00e9rletes \u00e9s Seb\u00e9szeti M\u0171t\u00e9ttani Int\u00e9zet vezet\u00e9s\u00e9vel Dr. W\u00e9ber Gy\u00f6rgy egyetemi tan\u00e1rt b\u00edzta meg.\u00a0 \u00a0 \u00a0 \u00a0 \u00a0 \u00a0 \u00a0 \u00a0 \u00a0 \u00a0 \u00a0 \u00a0 \u00a0 \u00a0 \u00a0 \u00a0 \u00a0 \u00a0 \u00a0 \u00a0 \u00a0 \u00a0 \u00a0 \u00a0 \u00a0 \u00a0 \u00a0 \u00a0 \u00a0 \u00a0 \u00a0 \u00a0 \u00a0 \u00a0 \u00a0 \u00a0 \u00a0 \u00a0 \u00a0 \u00a0 \u00a0 \u00a0 \u00a0 \u00a0 \u00a0 \u00a0 \u00a0 \u00a0 \u00a0 \u00a0 \u00a0 \u00a0<\/p>\n<figure id=\"attachment_7009\" aria-describedby=\"caption-attachment-7009\" style=\"width: 800px\" class=\"wp-caption aligncenter\"><a href=\"https:\/\/semmelweis.hu\/mutettan\/files\/2020\/11\/5.-\u00e1bra.jpg\"><img loading=\"lazy\" decoding=\"async\" class=\"size-full wp-image-7009\" src=\"https:\/\/semmelweis.hu\/mutettan\/files\/2020\/11\/5.-\u00e1bra.jpg\" alt=\"\" width=\"800\" height=\"535\" srcset=\"https:\/\/semmelweis.hu\/mutettan\/files\/2020\/11\/5.-\u00e1bra.jpg 800w, https:\/\/semmelweis.hu\/mutettan\/files\/2020\/11\/5.-\u00e1bra-300x201.jpg 300w, https:\/\/semmelweis.hu\/mutettan\/files\/2020\/11\/5.-\u00e1bra-768x514.jpg 768w, https:\/\/semmelweis.hu\/mutettan\/files\/2020\/11\/5.-\u00e1bra-449x300.jpg 449w\" sizes=\"auto, (max-width: 800px) 100vw, 800px\" \/><\/a><figcaption id=\"caption-attachment-7009\" class=\"wp-caption-text\">2010-ben a Semmelweis napon Prof. Dr. W\u00e9ber Gy\u00f6rgy \u00e1tveszi kinevez\u00e9s\u00e9t Tulassay Rektor \u00dart\u00f3l<\/figcaption><\/figure>\n<p style=\"text-align: justify\">Az el\u0151k\u00e9sz\u00edt\u0151 munk\u00e1latokba Prof. Dr. W\u00e9ber Gy\u00f6rgy, mint d\u00e9k\u00e1ni tan\u00e1csad\u00f3 2010 tavasz\u00e1n kapcsol\u00f3dott be. Az int\u00e9zet egy r\u00e9sze a Nagyv\u00e1rad t\u00e9ri Elm\u00e9leti T\u00f6mbben ker\u00fclt kialak\u00edt\u00e1sra. Hivatalos megnyit\u00f3ja 2011. janu\u00e1r 21-\u00e9n volt a NET D\u00edszterm\u00e9ben. A hazai m\u0171t\u00e9ttani int\u00e9zetek t\u00f6rt\u00e9net\u00e9ben m\u00e9rf\u00f6ldk\u0151nek sz\u00e1m\u00edt\u00f3 esem\u00e9nyr\u0151l sz\u00f3l\u00f3 besz\u00e1mol\u00f3 a Magyar Seb\u00e9szet foly\u00f3iratban jelent meg (Magy Seb 2011;64(3):137-148).<\/p>\n<p style=\"text-align: justify\">A NET 11. emelet\u00e9n ker\u00fclt kialak\u00edt\u00e1sra a titk\u00e1rs\u00e1g \u00e9s orvosi szob\u00e1k. A k\u00e9s\u0151bb elk\u00e9sz\u00fclt a korszer\u0171 alagsori Oktat\u00f3 M\u0171t\u0151, ami a kor\u00e1bban kialak\u00edtott laparoszk\u00f3pos gyakorl\u00f3teremmel egy\u00fctt megfelel\u0151 helysz\u00ednt biztos\u00edt az\u00f3ta is a hallgat\u00f3k gyakorlati oktat\u00e1s\u00e1nak. Az \u00e9l\u0151 \u201enagy\u00e1llatot\u201d felhaszn\u00e1l\u00f3 m\u0171t\u0151nek 2012-t\u0151l a Herceghalmon l\u00e9v\u0151 NAIK \u00c1llatteny\u00e9szt\u00e9si \u00e9s Takarm\u00e1nyoz\u00e1si Kutat\u00f3int\u00e9zet adott helyet.<\/p>\n<p style=\"text-align: justify\">S\u00e1ndor J\u00f3zsef professzor \u00farnak oroszl\u00e1n r\u00e9sze volt az int\u00e9zet \u00fajraind\u00edt\u00e1s\u00e1ban, anyagi forr\u00e1saink el\u0151teremt\u00e9s\u00e9ben \u00e9s a szem\u00e9lyzet verbuv\u00e1l\u00e1s\u00e1ban. Az els\u0151 szemeszterben d\u00f6nt\u0151en k\u00fcls\u0151 munkat\u00e1rsakra t\u00e1maszkodhattunk. A Szent Istv\u00e1n K\u00f3rh\u00e1z Seb\u00e9szeti Oszt\u00e1ly\u00e1nak fiatal munkat\u00e1rsai gyarapod\u00f3 klinikai tapasztalattal, lelkesen vettek r\u00e9szt a gyakorlati oktat\u00e1sban.<\/p>\n<p style=\"text-align: justify\">Az Int\u00e9zet k\u00fczdelmekkel, megpr\u00f3b\u00e1ltat\u00e1sok \u00e1r\u00e1n \u00e9ledt \u00fajra. A recesszi\u00f3 s\u00fajtotta egyetemi gazd\u00e1lkod\u00e1s idej\u00e9n komoly kih\u00edv\u00e1st jelentett az int\u00e9zet oktat\u00e1si \u00e9s kutat\u00e1si munk\u00e1j\u00e1nak megszervez\u00e9s\u00e9vel p\u00e1rhuzamosan a megfelel\u0151 szem\u00e9lyi \u00e9s technikai felt\u00e9telek biztos\u00edt\u00e1sa. Ez\u00faton is k\u00f6sz\u00f6net illeti Tulassay Tivadar \u00e9s Sz\u00e9l \u00c1goston rektor uraknak, valamint Kar\u00e1dy Istv\u00e1n \u00e9s Hunyady L\u00e1szl\u00f3 d\u00e9k\u00e1n uraknak az int\u00e9zet \u00fajraind\u00edt\u00e1s\u00e1ban ny\u00fajtott t\u00e1mogat\u00e1suk\u00e9rt.<\/p>\n\n<\/div><h2 class=\"tabtitle\"><strong> <\/strong>1966-2010<\/h2>\n<div class=\"tabcontent\">\n\n<p style=\"text-align: justify\"><strong>\u00a0<\/strong>1965. m\u00e1jus\u00e1ban Prof. Dr. Nagy D\u00e9nes nyugat-n\u00e9metorsz\u00e1gi tanulm\u00e1ny\u00fatj\u00e1r\u00f3l nem t\u00e9rt haza \u00e9s az Egyetemi tan\u00e1cs 1966. j\u00faniusi 30-i kezdettel kimondta az Int\u00e9zet hat\u00e1rozatlan id\u0151re val\u00f3 &#8222;sz\u00fcneteltet\u00e9s\u00e9t&#8221; azzal, hogy a k\u00e9rd\u00e9sre k\u00e9t \u00e9v m\u00falva visszat\u00e9rnek, \u00e9s az int\u00e9zet dolgoz\u00f3it a sz\u00fcks\u00e9gleteknek megfelel\u0151en elosztja. Megegyez\u00e9s sz\u00fcletett arr\u00f3l, hogy az int\u00e9zet anat\u00f3mia oktat\u00e1s\u00e1nak feladatait a T\u00f6r\u0151 Imre professzor vezette Sz\u00f6vettani \u00e9s Fejl\u0151d\u00e9stani Int\u00e9zet, a m\u0171t\u00e9ttan oktat\u00e1s\u00e1t a Rub\u00e1nyi P\u00e1l professzor vezette I. sz. Seb\u00e9szeti Klinika veszi \u00e1t. Az int\u00e9zet orvosai k\u00f6z\u00fcl n\u00e9gyen a Sz\u00f6vettani \u00e9s Fejl\u0151d\u00e9stani Int\u00e9zetbe, \u00f6ten az I. sz. Seb\u00e9szeti Klinik\u00e1ra, egy- egy f\u0151 pedig a II. sz. Seb\u00e9szeti Klinik\u00e1ra \u00e9s a R\u00f6ntgen Klinik\u00e1ra ker\u00fclt \u00e1t.<\/p>\n<figure id=\"attachment_7010\" aria-describedby=\"caption-attachment-7010\" style=\"width: 1023px\" class=\"wp-caption aligncenter\"><a href=\"https:\/\/semmelweis.hu\/mutettan\/files\/2020\/11\/4.-\u00e1bra.jpg\"><img loading=\"lazy\" decoding=\"async\" class=\"size-full wp-image-7010\" src=\"https:\/\/semmelweis.hu\/mutettan\/files\/2020\/11\/4.-\u00e1bra.jpg\" alt=\"\" width=\"1023\" height=\"876\" srcset=\"https:\/\/semmelweis.hu\/mutettan\/files\/2020\/11\/4.-\u00e1bra.jpg 1023w, https:\/\/semmelweis.hu\/mutettan\/files\/2020\/11\/4.-\u00e1bra-300x257.jpg 300w, https:\/\/semmelweis.hu\/mutettan\/files\/2020\/11\/4.-\u00e1bra-768x658.jpg 768w, https:\/\/semmelweis.hu\/mutettan\/files\/2020\/11\/4.-\u00e1bra-350x300.jpg 350w\" sizes=\"auto, (max-width: 1023px) 100vw, 1023px\" \/><\/a><figcaption id=\"caption-attachment-7010\" class=\"wp-caption-text\">Egyetemi Tan\u00e1cs\u00fcl\u00e9s hat\u00e1rozata a sz\u00fcneteltet\u00e9sr\u0151l<\/figcaption><\/figure>\n<p style=\"text-align: justify\">Ek\u00f6zben a h\u00e1rom vid\u00e9ki egyetemen m\u0171k\u00f6d\u0151 t\u00e1rsint\u00e9zetekben az oktat\u00e1si feladatok mellett sz\u00e9lesk\u00f6r\u0171 seb\u00e9szi \u00e9s \u00e1ltal\u00e1ban a manu\u00e1lis szakm\u00e1khoz kapcsol\u00f3d\u00f3 m\u0171t\u00e9ttechnikai fejleszt\u00e9sek, az operat\u00edv k\u00f3r\u00e1llapotokkal \u00f6sszef\u00fcgg\u0151 kutat\u00e1sok indultak el, t\u00f6bb \u00edzben nagy \u00e9rt\u00e9k\u0171 infrastruktur\u00e1lis beruh\u00e1z\u00e1sok t\u00f6rt\u00e9ntek. Ezek az int\u00e9zetek ma 70 \u00e9vesek.<\/p>\n\n<\/div><h2 class=\"tabtitle\">1951-1966<\/h2>\n<div class=\"tabcontent\">\n\n<p style=\"text-align: justify\">A M\u0171t\u00e9ttani Int\u00e9zetek m\u0171k\u00f6d\u00e9s\u00e9t 1951-ben Eg\u00e9szs\u00e9g\u00fcgyi Miniszteri Hat\u00e1rozat (II.1400\/T\/2-5) alapj\u00e1n egyidej\u0171leg ind\u00edtott\u00e1k el az orsz\u00e1g mind a n\u00e9gy orvosi egyetem\u00e9n. A k\u00f6zponti korm\u00e1nyzati t\u00f6rekv\u00e9s az volt, hogy a hidegh\u00e1bor\u00fa idej\u00e9n, k\u00e9sz\u00fclve a III. vil\u00e1gh\u00e1bor\u00fara minden v\u00e9gzett orvosnak tudnia kell sebet varrni, j\u00e1ratosnak kell lennie a sebell\u00e1t\u00e1sban, alapvet\u0151 m\u0171t\u00e9ttechnikai k\u00e9szs\u00e9ggel kell rendelkeznie. Az Int\u00e9zet m\u0171k\u00f6d\u00e9se az 1951\/52. tan\u00e9v II. f\u00e9l\u00e9v\u00e9ben kezd\u0151d\u00f6tt meg, \u00e9l\u00e9re 1953. m\u00e1rcius 11-t\u0151l Prof. Dr. Nagy D\u00e9nest nevezt\u00e9k ki tansz\u00e9kvezet\u0151nek.<\/p>\n<p><figure id=\"attachment_7011\" aria-describedby=\"caption-attachment-7011\" style=\"width: 690px\" class=\"wp-caption aligncenter\"><a href=\"https:\/\/semmelweis.hu\/mutettan\/files\/2020\/11\/1.-\u00e1bra.jpg\"><img loading=\"lazy\" decoding=\"async\" class=\"size-large wp-image-7011\" src=\"https:\/\/semmelweis.hu\/mutettan\/files\/2020\/11\/1.-\u00e1bra-1024x643.jpg\" alt=\"\" width=\"690\" height=\"433\" srcset=\"https:\/\/semmelweis.hu\/mutettan\/files\/2020\/11\/1.-\u00e1bra-1024x643.jpg 1024w, https:\/\/semmelweis.hu\/mutettan\/files\/2020\/11\/1.-\u00e1bra-300x188.jpg 300w, https:\/\/semmelweis.hu\/mutettan\/files\/2020\/11\/1.-\u00e1bra-768x482.jpg 768w, https:\/\/semmelweis.hu\/mutettan\/files\/2020\/11\/1.-\u00e1bra-478x300.jpg 478w, https:\/\/semmelweis.hu\/mutettan\/files\/2020\/11\/1.-\u00e1bra.jpg 1232w\" sizes=\"auto, (max-width: 690px) 100vw, 690px\" \/><\/a><figcaption id=\"caption-attachment-7011\" class=\"wp-caption-text\">Kari Tan\u00e1cs\u00fcl\u00e9s (1951. 10. 31.) jegyz\u0151k\u00f6nyv\u00e9nek r\u00e9szlete az int\u00e9zet elind\u00edt\u00e1s\u00e1r\u00f3l<\/figcaption><\/figure> <figure id=\"attachment_7012\" aria-describedby=\"caption-attachment-7012\" style=\"width: 690px\" class=\"wp-caption aligncenter\"><a href=\"https:\/\/semmelweis.hu\/mutettan\/files\/2020\/11\/2.-\u00e1bra.jpg\"><img loading=\"lazy\" decoding=\"async\" class=\"size-large wp-image-7012\" src=\"https:\/\/semmelweis.hu\/mutettan\/files\/2020\/11\/2.-\u00e1bra-1024x284.jpg\" alt=\"\" width=\"690\" height=\"191\" srcset=\"https:\/\/semmelweis.hu\/mutettan\/files\/2020\/11\/2.-\u00e1bra-1024x284.jpg 1024w, https:\/\/semmelweis.hu\/mutettan\/files\/2020\/11\/2.-\u00e1bra-300x83.jpg 300w, https:\/\/semmelweis.hu\/mutettan\/files\/2020\/11\/2.-\u00e1bra-768x213.jpg 768w, https:\/\/semmelweis.hu\/mutettan\/files\/2020\/11\/2.-\u00e1bra-580x161.jpg 580w, https:\/\/semmelweis.hu\/mutettan\/files\/2020\/11\/2.-\u00e1bra.jpg 1198w\" sizes=\"auto, (max-width: 690px) 100vw, 690px\" \/><\/a><figcaption id=\"caption-attachment-7012\" class=\"wp-caption-text\">Egyetemi Tan\u00e1cs\u00fcl\u00e9s (1953. 03. 11.) jegyz\u0151k\u00f6nyvi kivonata a tansz\u00e9kvezet\u0151i kinevez\u00e9sr\u0151l<\/figcaption><\/figure><\/p>\n<p style=\"text-align: justify\">Az int\u00e9zet neve ekkor Seb\u00e9szeti Anat\u00f3miai \u00e9s M\u0171t\u00e9ttani Int\u00e9zet volt \u00e9s az Anat\u00f3miai Int\u00e9zet \u00e9p\u00fclet\u00e9nek bal sz\u00e1rny\u00e1n, az els\u0151 emeleten kapott helyet. Ebben az id\u0151szakban kiz\u00e1r\u00f3lag oktat\u00e1si feladatokat l\u00e1tott el, az egyetem \u00c1OK \u00e9s FOK karain IV. \u00e9ves hallgat\u00f3k oktat\u00e1sa folyt, a m\u0171t\u00e9teket kad\u00e1vereken \u00e9s kever\u00e9k kuty\u00e1kon v\u00e9gezt\u00e9k.<\/p>\n<figure id=\"attachment_7013\" aria-describedby=\"caption-attachment-7013\" style=\"width: 587px\" class=\"wp-caption aligncenter\"><a href=\"https:\/\/semmelweis.hu\/mutettan\/files\/2020\/11\/3.-\u00e1bra.jpg\"><img loading=\"lazy\" decoding=\"async\" class=\"size-full wp-image-7013\" src=\"https:\/\/semmelweis.hu\/mutettan\/files\/2020\/11\/3.-\u00e1bra.jpg\" alt=\"\" width=\"587\" height=\"382\" srcset=\"https:\/\/semmelweis.hu\/mutettan\/files\/2020\/11\/3.-\u00e1bra.jpg 587w, https:\/\/semmelweis.hu\/mutettan\/files\/2020\/11\/3.-\u00e1bra-300x195.jpg 300w, https:\/\/semmelweis.hu\/mutettan\/files\/2020\/11\/3.-\u00e1bra-461x300.jpg 461w\" sizes=\"auto, (max-width: 587px) 100vw, 587px\" \/><\/a><figcaption id=\"caption-attachment-7013\" class=\"wp-caption-text\">Az 1964\/65-\u00f6s tan\u00e9v Egyetemi \u00c9vk\u00f6nyv\u00e9ben tal\u00e1lhat\u00f3 int\u00e9zeti fot\u00f3 a kollekt\u00edv\u00e1r\u00f3l. Els\u0151 sorban k\u00f6z\u00e9pen Dr. Nagy D\u00e9nes int\u00e9zetvezet\u0151.<\/figcaption><\/figure>\n<p style=\"text-align: justify\">Ezzel p\u00e1rhuzamosan az int\u00e9zeti orvosok seb\u00e9szi k\u00e9pz\u00e9se, \u00e9s forg\u00f3 rendszerben az oktat\u00f3k klinikai k\u00e9pz\u00e9se a Baross utcai, akkor II. sz\u00e1m\u00fa Seb\u00e9szeti Klinik\u00e1n folyt. A m\u0171t\u00e9ttan elm\u00e9leti oktat\u00e1s\u00e1nak anyag\u00e1t a szint\u00e9n Eg\u00e9szs\u00e9g\u00fcgyi Miniszt\u00e9rium \u00e1ltal elrendelt, Littmann Imre professzor \u00e1ltal \u00edrt \u00e9s 1953-ban kiadott k\u00f6nyv k\u00e9pezte, mely az alapvet\u0151 m\u0171szertani ismeretekt\u0151l kezdve a seb\u00e9szeti propedeutik\u00e1t \u00e9s a legfontosabb seb\u00e9szeti beavatkoz\u00e1sok m\u0171t\u00e9ttan\u00e1t tartalmazta.<\/p>\n<figure id=\"attachment_7014\" aria-describedby=\"caption-attachment-7014\" style=\"width: 398px\" class=\"wp-caption aligncenter\"><a href=\"https:\/\/semmelweis.hu\/mutettan\/files\/2020\/11\/Dr.-Nagy-D\u00e9nes-anat\u00f3mus-balra-a-SOTE-Seb\u00e9szeti-Anat\u00f3miai-\u00e9s-M\u0171t\u00e9ttani-Int\u00e9zet-egyetemi-tan\u00e1ra-\u00e1tveszi-a-Kossuth-d\u00edjat.jpg\"><img loading=\"lazy\" decoding=\"async\" class=\"size-full wp-image-7014\" src=\"https:\/\/semmelweis.hu\/mutettan\/files\/2020\/11\/Dr.-Nagy-D\u00e9nes-anat\u00f3mus-balra-a-SOTE-Seb\u00e9szeti-Anat\u00f3miai-\u00e9s-M\u0171t\u00e9ttani-Int\u00e9zet-egyetemi-tan\u00e1ra-\u00e1tveszi-a-Kossuth-d\u00edjat.jpg\" alt=\"\" width=\"398\" height=\"266\" srcset=\"https:\/\/semmelweis.hu\/mutettan\/files\/2020\/11\/Dr.-Nagy-D\u00e9nes-anat\u00f3mus-balra-a-SOTE-Seb\u00e9szeti-Anat\u00f3miai-\u00e9s-M\u0171t\u00e9ttani-Int\u00e9zet-egyetemi-tan\u00e1ra-\u00e1tveszi-a-Kossuth-d\u00edjat.jpg 398w, https:\/\/semmelweis.hu\/mutettan\/files\/2020\/11\/Dr.-Nagy-D\u00e9nes-anat\u00f3mus-balra-a-SOTE-Seb\u00e9szeti-Anat\u00f3miai-\u00e9s-M\u0171t\u00e9ttani-Int\u00e9zet-egyetemi-tan\u00e1ra-\u00e1tveszi-a-Kossuth-d\u00edjat-300x201.jpg 300w\" sizes=\"auto, (max-width: 398px) 100vw, 398px\" \/><\/a><figcaption id=\"caption-attachment-7014\" class=\"wp-caption-text\">Budapest, 1952. m\u00e1rcius 15. Dr. Nagy D\u00e9nes anat\u00f3mus (balra), a SOTE Seb\u00e9szeti Anat\u00f3miai \u00e9s M\u0171t\u00e9ttani Int\u00e9zet egyetemi tan\u00e1ra \u00e1tveszi a Kossuth-d\u00edjat R\u00f3nai S\u00e1ndort\u00f3l, a Magyar N\u00e9pk\u00f6zt\u00e1rsas\u00e1g Eln\u00f6ki Tan\u00e1csa eln\u00f6k\u00e9t\u0151l. A Kossuth-d\u00edj ez\u00fcst fokozat\u00e1t a \u201eR\u00f6ntgenanat\u00f3mia\u201d c\u00edm\u0171 tank\u00f6nyv\u00e9\u00e9rt kapta.<\/figcaption><\/figure>\n<\/div><\/div>\n","protected":false},"excerpt":{"rendered":"<p>2018 november\u00e9t\u0151l az int\u00e9zet vezet\u00e9s\u00e9t Dr. Ferencz Andrea egyetemi docens l\u00e1tja el. 2020. j\u00falius 1-t\u0151l a V\u00e1rosmajori Sz\u00edv- \u00e9s \u00c9rgy\u00f3gy\u00e1szati Klinik\u00e1hoz integr\u00e1ltan, mint K\u00eds\u00e9rletes \u00e9s Seb\u00e9szeti M\u0171t\u00e9ttani Tansz\u00e9k m\u0171k\u00f6dik, mely m\u0171t\u00e9ttani oktat\u00e1si \u00e9s m\u0171t\u00e9ttechnikai kutat\u00e1si feladatokat l\u00e1t el. 2010. j\u00falius 1-\u00e9t\u0151l 2018. november 4-ig az int\u00e9zet vezet\u0151je Prof. Dr. W\u00e9ber Gy\u00f6rgy volt. \u201eK\u00f6zel f\u00e9l \u00e9vsz\u00e1zados &hellip;<\/p>\n","protected":false},"author":101700,"featured_media":0,"parent":6393,"menu_order":1,"comment_status":"closed","ping_status":"closed","template":"","meta":{"_acf_changed":false,"footnotes":""},"categories":[],"tags":[],"class_list":["post-22","page","type-page","status-publish","hentry"],"acf":[],"_links":{"self":[{"href":"https:\/\/semmelweis.hu\/mutettan\/wp-json\/wp\/v2\/pages\/22","targetHints":{"allow":["GET"]}}],"collection":[{"href":"https:\/\/semmelweis.hu\/mutettan\/wp-json\/wp\/v2\/pages"}],"about":[{"href":"https:\/\/semmelweis.hu\/mutettan\/wp-json\/wp\/v2\/types\/page"}],"author":[{"embeddable":true,"href":"https:\/\/semmelweis.hu\/mutettan\/wp-json\/wp\/v2\/users\/101700"}],"replies":[{"embeddable":true,"href":"https:\/\/semmelweis.hu\/mutettan\/wp-json\/wp\/v2\/comments?post=22"}],"version-history":[{"count":11,"href":"https:\/\/semmelweis.hu\/mutettan\/wp-json\/wp\/v2\/pages\/22\/revisions"}],"predecessor-version":[{"id":6907,"href":"https:\/\/semmelweis.hu\/mutettan\/wp-json\/wp\/v2\/pages\/22\/revisions\/6907"}],"up":[{"embeddable":true,"href":"https:\/\/semmelweis.hu\/mutettan\/wp-json\/wp\/v2\/pages\/6393"}],"wp:attachment":[{"href":"https:\/\/semmelweis.hu\/mutettan\/wp-json\/wp\/v2\/media?parent=22"}],"wp:term":[{"taxonomy":"category","embeddable":true,"href":"https:\/\/semmelweis.hu\/mutettan\/wp-json\/wp\/v2\/categories?post=22"},{"taxonomy":"post_tag","embeddable":true,"href":"https:\/\/semmelweis.hu\/mutettan\/wp-json\/wp\/v2\/tags?post=22"}],"curies":[{"name":"wp","href":"https:\/\/api.w.org\/{rel}","templated":true}]}}