{"id":1918,"date":"2020-10-22T09:32:08","date_gmt":"2020-10-22T07:32:08","guid":{"rendered":"http:\/\/semmelweis.hu\/mutettan\/?page_id=1918"},"modified":"2020-11-04T14:59:58","modified_gmt":"2020-11-04T13:59:58","slug":"kheiron-training-system-kts","status":"publish","type":"page","link":"https:\/\/semmelweis.hu\/mutettan\/kutatasi-temak\/intezetunk-palyazatai\/kheiron-training-system-kts\/","title":{"rendered":"Kheiron Training System &#8211; KTS"},"content":{"rendered":"<p style=\"text-align: justify\">A KTS projekt f\u0151 c\u00e9lkit\u0171z\u00e9se egy \u201eserious game\u201d t\u00edpus\u00fa alkalmaz\u00e1s \u00e9s hozz\u00e1 kapcsol\u00f3d\u00f3 seg\u00e9danyag megtervez\u00e9se, kifejleszt\u00e9se, illetve valid\u00e1l\u00e1sa annak \u00e9rdek\u00e9ben, hogy orvostanhallgat\u00f3knak \u00e9s rezidens seb\u00e9szeknek egy innovat\u00edv info- kommunik\u00e1ci\u00f3s technol\u00f3gia alap\u00fa (ICT) megk\u00f6zel\u00edt\u00e9st biztos\u00edtson a minim\u00e1lisan invaz\u00edv seb\u00e9szet (MIS) ter\u00fclet\u00e9n az alapvet\u0151en kulcsfontoss\u00e1g\u00fa pszichomotoros k\u00e9szs\u00e9gek elsaj\u00e1t\u00edt\u00e1s\u00e1ban. A KTS \u201eserious game\u201d-je m\u00e1r l\u00e9tez\u0151, training box haszn\u00e1lat\u00e1val megval\u00f3sul\u00f3 gyakorlati feladatokon fog alapulni, \u00edgy az ICT hozz\u00e1j\u00e1rul a seb\u00e9szi szakorvosk\u00e9pz\u00e9s jav\u00edt\u00e1s\u00e1hoz.<\/p>\n<p style=\"text-align: justify\">A projekt eredm\u00e9nyei angolul \u00e9s a konzorcium partnerint\u00e9zm\u00e9nyeinek nyelv\u00e9n lesznek el\u00e9rhet\u0151ek, hogy a k\u00fcl\u00f6nb\u00f6z\u0151 nyelvi ig\u00e9nyekhez igazodva alak\u00edthat\u00f3v\u00e1 v\u00e1ljon a \u201eserious game\u201d, \u00e9s a annak elfogadotts\u00e1ga n\u00f6velhet\u0151 legyen. K\u00f6vetkez\u00e9sk\u00e9ppen, ezzel a sokoldal\u00fa projekttel, az innovat\u00edv ICT- alap\u00fa tartalmak, szolg\u00e1ltat\u00e1sok, pedag\u00f3gia \u00e9s gyakorlat a pszichomotoros seb\u00e9szi szakk\u00e9pz\u00e9s ter\u00fclet\u00e9n fejleszthet\u0151k EU-s szeml\u00e9letet tekintetbe v\u00e9ve. Ez rem\u00e9lhet\u0151en elvezet oda, hogy az orvostanhallgat\u00f3k \u00e9s rezidens orvosok sz\u00e1m\u00e1ra egy ICT- vel t\u00e1mogatott \u201eserious game\u201d-en alapul\u00f3 k\u00e9pz\u00e9si rendszert ny\u00fajtson- bele\u00e9rtve a ny\u00edlt, illetve a t\u00e1voktat\u00e1st \u00e9s a szabad oktat\u00e1si forr\u00e1sok haszn\u00e1lat\u00e1t &#8211; amely m\u00f3dszer szembemegy a hagyom\u00e1nyos ,,helysz\u00edni jelenl\u00e9tet\u201d ig\u00e9nyl\u0151 k\u00e9pz\u00e9si rendszerrel. A KTS projekttel az orvostanhallgat\u00f3k kor\u00e1bban hozz\u00e1f\u00e9rhetnek a seb\u00e9szeti gyakorlati k\u00e9pz\u00e9shez, a rezidens seb\u00e9szek pedig t\u00f6bbet tudnak gyakorolni an\u00e9lk\u00fcl, hogy specializ\u00e1l\u00f3dott k\u00e9pz\u00e9si k\u00f6zpontokba kellene menni\u00fck. Ez\u00e9rt a m\u00f3dszer nemcsak id\u0151 \u00e9s k\u00f6lts\u00e9gtakar\u00e9kos megold\u00e1st jelent, hanem sokkal rugalmasabb gyakorlati hozz\u00e1f\u00e9r\u00e9st biztos\u00edt sz\u00e1mukra. Emellett tov\u00e1bbi t\u00f6rekv\u00e9sek ir\u00e1nyulnak a \u201eserious game\u201d seb\u00e9szi szakk\u00e9pz\u00e9sben val\u00f3 bevezet\u00e9s\u00e9re is.<\/p>\n<p>KTS kezd\u0151lap: <a href=\"http:\/\/www.kts-project.eu\/index.php\/hu\/\">http:\/\/www.kts-project.eu\/index.php\/hu<\/a><\/p>\n<p>Publik\u00e1ci\u00f3k: <a href=\"https:\/\/semmelweis.hu\/mutettan\/files\/2014\/09\/posterSMITligero.pdf\">LINK<\/a><\/p>\n","protected":false},"excerpt":{"rendered":"<p>A KTS projekt f\u0151 c\u00e9lkit\u0171z\u00e9se egy \u201eserious game\u201d t\u00edpus\u00fa alkalmaz\u00e1s \u00e9s hozz\u00e1 kapcsol\u00f3d\u00f3 seg\u00e9danyag megtervez\u00e9se, kifejleszt\u00e9se, illetve valid\u00e1l\u00e1sa annak \u00e9rdek\u00e9ben, hogy orvostanhallgat\u00f3knak \u00e9s rezidens seb\u00e9szeknek egy innovat\u00edv info- kommunik\u00e1ci\u00f3s technol\u00f3gia alap\u00fa (ICT) megk\u00f6zel\u00edt\u00e9st biztos\u00edtson a minim\u00e1lisan invaz\u00edv seb\u00e9szet (MIS) ter\u00fclet\u00e9n az alapvet\u0151en kulcsfontoss\u00e1g\u00fa pszichomotoros k\u00e9szs\u00e9gek elsaj\u00e1t\u00edt\u00e1s\u00e1ban. A KTS \u201eserious game\u201d-je m\u00e1r l\u00e9tez\u0151, training box haszn\u00e1lat\u00e1val &hellip;<\/p>\n","protected":false},"author":101700,"featured_media":0,"parent":6455,"menu_order":4,"comment_status":"closed","ping_status":"closed","template":"","meta":{"_acf_changed":false,"footnotes":""},"categories":[],"tags":[],"class_list":["post-1918","page","type-page","status-publish","hentry"],"acf":[],"_links":{"self":[{"href":"https:\/\/semmelweis.hu\/mutettan\/wp-json\/wp\/v2\/pages\/1918","targetHints":{"allow":["GET"]}}],"collection":[{"href":"https:\/\/semmelweis.hu\/mutettan\/wp-json\/wp\/v2\/pages"}],"about":[{"href":"https:\/\/semmelweis.hu\/mutettan\/wp-json\/wp\/v2\/types\/page"}],"author":[{"embeddable":true,"href":"https:\/\/semmelweis.hu\/mutettan\/wp-json\/wp\/v2\/users\/101700"}],"replies":[{"embeddable":true,"href":"https:\/\/semmelweis.hu\/mutettan\/wp-json\/wp\/v2\/comments?post=1918"}],"version-history":[{"count":8,"href":"https:\/\/semmelweis.hu\/mutettan\/wp-json\/wp\/v2\/pages\/1918\/revisions"}],"predecessor-version":[{"id":6918,"href":"https:\/\/semmelweis.hu\/mutettan\/wp-json\/wp\/v2\/pages\/1918\/revisions\/6918"}],"up":[{"embeddable":true,"href":"https:\/\/semmelweis.hu\/mutettan\/wp-json\/wp\/v2\/pages\/6455"}],"wp:attachment":[{"href":"https:\/\/semmelweis.hu\/mutettan\/wp-json\/wp\/v2\/media?parent=1918"}],"wp:term":[{"taxonomy":"category","embeddable":true,"href":"https:\/\/semmelweis.hu\/mutettan\/wp-json\/wp\/v2\/categories?post=1918"},{"taxonomy":"post_tag","embeddable":true,"href":"https:\/\/semmelweis.hu\/mutettan\/wp-json\/wp\/v2\/tags?post=1918"}],"curies":[{"name":"wp","href":"https:\/\/api.w.org\/{rel}","templated":true}]}}