{"id":1471,"date":"2020-10-19T14:43:14","date_gmt":"2020-10-19T12:43:14","guid":{"rendered":"http:\/\/semmelweis.hu\/mutettan\/?page_id=1471"},"modified":"2026-02-03T15:51:06","modified_gmt":"2026-02-03T14:51:06","slug":"tdk","status":"publish","type":"page","link":"https:\/\/semmelweis.hu\/mutettan\/kutatasi-temak\/tdk\/","title":{"rendered":"TDK \u00e9s Szakdolgozati t\u00e9m\u00e1k"},"content":{"rendered":"<p style=\"text-align: justify\">A M\u0171t\u00e9ttani Tansz\u00e9k szeretettel v\u00e1r mindenkit, aki a megadott TDK t\u00e9m\u00e1ink k\u00f6z\u00fcl \u00e9rdekl\u0151dik a seb\u00e9szet ir\u00e1nt. T\u00e9m\u00e1ink k\u00f6z\u00f6tt megtal\u00e1lhat\u00f3k klinikai jelleg\u0171 munk\u00e1k, melyek k\u00fcls\u0151 munkat\u00e1rsaink t\u00e9mavezet\u00e9s\u00e9vel, k\u00fcl\u00f6nb\u00f6z\u0151 k\u00f3rh\u00e1zakban, klinikai k\u00f6r\u00fclm\u00e9nyek k\u00f6z\u00f6tt val\u00f3sulnak meg \u00e9s experiment\u00e1lisak, melyek a Tansz\u00e9k k\u00f6zvetlen munkat\u00e1rsainak tudom\u00e1nyos-k\u00eds\u00e9rleti munk\u00e1iba t\u00f6rt\u00e9n\u0151 bekapcsol\u00f3d\u00e1st jelentik.<\/p>\n<p style=\"text-align: justify\">A TDT d\u00f6nt\u00e9se alapj\u00e1n, a 2019\/2020-as tan\u00e9vt\u0151l kezdve a Tudom\u00e1nyos Di\u00e1kk\u00f6rh\u00f6z (TDK) val\u00f3 csatlakoz\u00e1s szab\u00e1lyai megv\u00e1ltoztak. A TDK regisztr\u00e1ci\u00f3 menete:<\/p>\n<ol style=\"text-align: justify\">\n<li>A hallgat\u00f3 jelentkezik az \u00e9rdekl\u0151d\u00e9si k\u00f6r\u00e9nek megfelel\u0151 kutat\u00f3hely TDK felel\u0151s\u00e9n\u00e9l, aki lejelenti a TDK iroda fel\u00e9, mint az adott int\u00e9zet TDK hallgat\u00f3j\u00e1t. Egyeztet a t\u00e9mavezet\u0151vel.<\/li>\n<li>A hallgat\u00f3 felveszi a TDK tant\u00e1rgyat a Neptun rendszerben.<\/li>\n<li>Amennyiben a hallgat\u00f3 k\u00fcls\u0151 int\u00e9zm\u00e9nyben v\u00e9gzi kutat\u00e1sait, k\u00f6teles a TDT fel\u00e9 befogad\u00f3 nyilatkozatot leadni, amelyet a t\u00e9mavezet\u0151 is al\u00e1\u00edrt<strong>. A befogad\u00f3 nyilatkozatot minden f\u00e9l\u00e9vben meg kell \u00faj\u00edtani!<\/strong> A befogad\u00f3 nyilatkozat formanyomtatv\u00e1nya innen let\u00f6lthet\u0151. <a href=\"http:\/\/kulso_intezet_befogadasi\">(LINK)<\/a><\/li>\n<li>TDk Konferenci\u00e1n val\u00f3 r\u00e9szv\u00e9telhez legal\u00e1bb 2 f\u00e9l\u00e9v akt\u00edv TDK hallgat\u00f3i st\u00e1tusz sz\u00fcks\u00e9ges.<\/li>\n<\/ol>\n<div class=\"responsive-tabs\">\n<h2 class=\"tabtitle\">Jelentkez\u00e9s<\/h2>\n<div class=\"tabcontent\">\n\n<p style=\"text-align: justify\"><strong>Jelentkez\u00e9s a M\u0171t\u00e9ttani Tansz\u00e9khez:<\/strong><\/p>\n<p style=\"text-align: justify\"><strong>TDK koordin\u00e1tor: Dr. Szab\u00f3 Gy\u00f6rgyi egyetemi adjunktus<\/strong><\/p>\n<ul style=\"text-align: justify\">\n<li><strong>El\u00e9rhet\u0151s\u00e9g: NET XI. emelet 1107 szoba, <\/strong><\/li>\n<li><strong>Telefon: 06-1-459-1500\/56575<\/strong><\/li>\n<li><strong>E-mail: kksmtnet@semmelweis.hu<\/strong><\/li>\n<\/ul>\n<ol style=\"text-align: justify\">\n<li>Jelentkez\u00e9skor k\u00e9rj\u00fck megadni a hallgat\u00f3 nev\u00e9t, \u00e9vfolyam\u00e1t, a v\u00e1lasztott t\u00e9m\u00e1t \u00e9s t\u00e9mavezet\u0151j\u00e9t.<\/li>\n<li>K\u00e9rj\u00fck, regisztr\u00e1lja mag\u00e1t a Neptunban.<\/li>\n<li>F\u00e9l\u00e9vente besz\u00e1mol el\u0151z\u0151 f\u00e9l\u00e9ves munk\u00e1j\u00e1r\u00f3l \u00e9s a k\u00f6vetkez\u0151 f\u00e9l\u00e9vi terveir\u0151l.<\/li>\n<li>2 f\u00e9l\u00e9v ut\u00e1n munk\u00e1j\u00e1t bemutatja a febru\u00e1ri TDK Konferenci\u00e1n.<\/li>\n<li>Aki nem tartja a kapcsolatot a t\u00e9mavezet\u0151j\u00e9vel, az int\u00e9zeti TDK felel\u0151ssel \u00e9s nem tart f\u00e9l\u00e9vente egy r\u00f6vid besz\u00e1mol\u00f3t a v\u00e9gzett munk\u00e1r\u00f3l, annak a hallgat\u00f3nak a f\u00e9l\u00e9ve nem ker\u00fcl al\u00e1\u00edr\u00e1sra.<\/li>\n<\/ol>\n<p style=\"text-align: justify\">Felt\u00e9telek:<\/p>\n<ul style=\"text-align: justify\">\n<li>legal\u00e1bb 4 eredm\u00e9nyesen lez\u00e1rt f\u00e9l\u00e9v<\/li>\n<li>el\u0151zetes konzult\u00e1ci\u00f3 a TDK vezet\u0151j\u00e9vel<\/li>\n<li>3,5 feletti tanulm\u00e1nyi \u00e1tlag<\/li>\n<li>angol \u00e9s\/vagy n\u00e9met nyelvtud\u00e1s<\/li>\n<li>v\u00e1llalja, hogy nem csak TDK hallgat\u00f3ja, hanem demonstr\u00e1tora is lesz a Tansz\u00e9knek<\/li>\n<\/ul>\n<p style=\"text-align: justify\"><a href=\"https:\/\/semmelweis.hu\/mutettan\/files\/2019\/11\/TDK-strat\u00e9gia-1.doc\">Hasznos tudnival\u00f3k a tudom\u00e1nyos publik\u00e1l\u00e1sokhoz<\/a><\/p>\n<p><a href=\"https:\/\/semmelweis.hu\/mutettan\/files\/2021\/05\/TDK_\u00e9letp\u00e1lyamodell-1.pdf\">TDK_\u00e9letp\u00e1lyamodell<\/a><\/p>\n\n<\/div><h2 class=\"tabtitle\">TDK t\u00e9m\u00e1k \u00e9s t\u00e9mavezet\u0151k<\/h2>\n<div class=\"tabcontent\">\n\n<p><strong>TDK t\u00e9m\u00e1k \u00e9s t\u00e9mavezet\u0151k<\/strong><\/p>\n<p style=\"text-align: justify\">A V\u00e1rosmajori Sz\u00edv- \u00e9s \u00c9rgy\u00f3gy\u00e1szati Klinika K\u00eds\u00e9rletes Kardiol\u00f3giai \u00e9s Seb\u00e9szeti M\u0171t\u00e9ttani Tansz\u00e9k\u00e9n meghirdetett TDK t\u00e9m\u00e1k lehet\u0151s\u00e9get adnak a hallgat\u00f3knak a tudom\u00e1nyos munka megismer\u00e9s\u00e9re, a szakirodalom feldolgoz\u00e1s\u00e1t\u00f3l a seb\u00e9szeti beavatkoz\u00e1sok folyamat\u00e1n \u00e1t a kapott eredm\u00e9nyek feldolgoz\u00e1s\u00e1ig. Az irodalomkutat\u00e1s sor\u00e1n a szakirodalom megismer\u00e9se, rendszerez\u00e9se, saj\u00e1t szeml\u00e9let alapj\u00e1n t\u00f6rt\u00e9n\u0151 \u00f6sszefoglal\u00e1sa a c\u00e9l. Az \u00e1llatk\u00eds\u00e9rletes munka sor\u00e1n megismerkedhetnek a hallgat\u00f3k az \u00e1llatok k\u00eds\u00e9rletben val\u00f3 etikus felhaszn\u00e1l\u00e1s\u00e1val, t\u00e9ma specifikus seb\u00e9szeti beavatkoz\u00e1sokkal, laborat\u00f3riumi munk\u00e1val \u00e9s adat \u00e9rt\u00e9kel\u00e9ssel.<\/p>\n<p style=\"text-align: justify\">A TDK hallgat\u00f3inknak lehet\u0151s\u00e9get biztos\u00edtunk TDK konferenci\u00e1n \u00e9s egy\u00e9b hazai seb\u00e9szeti kongresszuson val\u00f3 r\u00e9szv\u00e9telre, szakdolgozat \u00edr\u00e1sra, tudom\u00e1nyos k\u00f6zlem\u00e9nyben t\u00e1rsszerz\u0151s\u00e9gre.<\/p>\n<p style=\"text-align: justify\">Az \u00e9rdekl\u0151d\u0151 hallgat\u00f3k leveleit v\u00e1rjuk a mutettan@gmail.com e-mail c\u00edmre a t\u00e9ma \u00e9s t\u00e9mavezet\u0151 megjel\u00f6l\u00e9s\u00e9vel.<\/p>\n<p style=\"text-align: justify\"><strong>T\u00e9m\u00e1k<\/strong><\/p>\n<p style=\"text-align: justify\">(\u00e9rv\u00e9nyes: 2024. 02. 16-t\u00f3l)<\/p>\n<p style=\"text-align: justify\"><strong style=\"font-size: 1rem\"><em>1.<\/em><em>\u00a0Dr. Csuk\u00e1s Domokos<br \/>\n<\/em><\/strong>A Peyronie-betegs\u00e9g vizsg\u00e1lata patk\u00e1ny modellben. (k\u00eds\u00e9rletes munka)<br \/>\n<strong><em>2. Dr. Csuk\u00e1s Domokos<br \/>\n<\/em><\/strong>A sert\u00e9s PIM-sejtjeinek (pulmonaris intravaszkul\u00e1sris makrof\u00e1gjainak) sz\u00f6vettani vizsg\u00e1lata \u2013 Kulcsszerepl\u0151 a nanogy\u00f3gyszerek mell\u00e9khat\u00e1saiban? (k\u00eds\u00e9rletes munka)<br \/>\n<strong style=\"font-size: 1rem\">SYSTEMATIC REVIEW-k<br \/>\n<\/strong><span style=\"font-size: 1rem;text-align: justify\">A <\/span><strong style=\"font-size: 1rem;text-align: justify\">Systematic Review<\/strong><span style=\"font-size: 1rem;text-align: justify\">, mint tudom\u00e1nyos m\u00f3dszer \u00f3ri\u00e1si fejl\u0151d\u00e9sben van. B\u00e1r a m\u00e1r megl\u00e9v\u0151 eredeti k\u00f6zlem\u00e9nyeket tekinti \u00e1t, egyedi, prec\u00edz m\u00f3dszeress\u00e9g\u00e9vel el\u0151remutat\u00f3, teljesen \u00faj, relev\u00e1ns tudom\u00e1nyos eredm\u00e9nyek t\u00e1rhat\u00f3k fel a haszn\u00e1lat\u00e1val. Sokszor ezen m\u00f3dszeres \u00e1ttekint\u00e9s ismerete \u00e9s gyakorlati haszn\u00e1lata alapvet\u0151 elv\u00e1r\u00e1s a k\u00e9s\u0151bbi PhD munka bevezet\u00e9sek\u00e9nt. Az al\u00e1bbi t\u00e9m\u00e1k kidolgoz\u00e1sakor a m\u00f3dszer elsaj\u00e1t\u00edt\u00e1s\u00e1ban is szeretn\u00e9nk seg\u00edteni nemzetk\u00f6zi standardek, szakirodalom \u00e9s m\u00f3dszertan alkalmaz\u00e1s\u00e1n kereszt\u00fcl.<br \/>\n<\/span><strong style=\"font-size: 1rem\"><em>3. Dr. Csuk\u00e1s Domokos<br \/>\n<\/em><\/strong>Systematic review \u2013 a mini laparoszk\u00f3pi\u00e1r\u00f3l patk\u00e1ny \u00e9s ny\u00fal modellekben. (irodalomkutat\u00e1s)<br \/>\n<strong><em>4. Dr. Csuk\u00e1s Domokos<br \/>\n<\/em><\/strong>Systematic review \u2013 mikroseb\u00e9szetileg induk\u00e1lt kardiovaszkul\u00e1ris modellekr\u0151l eg\u00e9r, patk\u00e1ny \u00e9s ny\u00fal fajokban. (irodalomkutat\u00e1s)<br \/>\n<strong><em>5. Dr. Csuk\u00e1s Domokos<br \/>\n<\/em><\/strong>Systematic review \u2013 kat\u00e9teres modellekr\u0151l eg\u00e9r, patk\u00e1ny, ny\u00fal fajokban. (irodalomkutat\u00e1s)<br \/>\n<strong style=\"font-size: 1rem\">T\u00e9mavezet\u0151 TDK t\u00e9m\u00e1inak r\u00f6vid le\u00edr\u00e1sa itt olvashat\u00f3: <a href=\"https:\/\/semmelweis.hu\/mutettan\/kutatasi-temak\/tdk\/dr-csukas-domokos-tdk-temainak-rovid-leirasa\/\">LINK<\/a><br \/>\n<\/strong><strong><em>6. Dr. Szab\u00f3 Gy\u00f6rgyi, Dr. Csuk\u00e1s Domokos<br \/>\n<\/em><\/strong>A Peyronie-betegs\u00e9g vizsg\u00e1lata patk\u00e1ny modellben. (k\u00eds\u00e9rletes munka)<br \/>\n<strong><em>7. Dr. Szab\u00f3 Gy\u00f6rgyi, Dr. Csuk\u00e1s Domokos<br \/>\n<\/em><\/strong>Hegesed\u00e9s kialakul\u00e1s\u00e1nak vizsg\u00e1lata &#8211; izmok, szalagok \u00e9s porcok ter\u00fclet\u00e9n \u2013 patk\u00e1ny modellen. (k\u00eds\u00e9rletes munka)<br \/>\n<strong><em>8. Dr. Szab\u00f3 Gy\u00f6rgyi, Dr. Csuk\u00e1s Domokos<\/em><\/strong><br \/>\nHegesed\u00e9s kialakul\u00e1s\u00e1nak vizsg\u00e1lata \u2013 a nemi traktusban \u2013 patk\u00e1ny modellen. (k\u00eds\u00e9rletes munka)<br \/>\n<strong><em>9. Dr. Szab\u00f3 Gy\u00f6rgyi, Dr. Csuk\u00e1s Domokos<br \/>\n<\/em><\/strong>Hegesed\u00e9s kialakul\u00e1s\u00e1nak vizsg\u00e1lata \u2013 a kiv\u00e1laszt\u00f3 rendszerben \u2013 patk\u00e1ny modellen. (k\u00eds\u00e9rletes munka)<br \/>\n<strong><em>10. Dr. Szab\u00f3 Gy\u00f6rgyi &#8211; Dr. Csuk\u00e1s Domokos<\/em><\/strong><br \/>\nHegesed\u00e9s kialakul\u00e1s\u00e1nak vizsg\u00e1lata \u2013 a parenchim\u00e1s szervekben \u2013 patk\u00e1ny modellen. (k\u00eds\u00e9rletes munka)<br \/>\n<strong><em>11. Dr. Szab\u00f3 Gy\u00f6rgyi &#8211; Dr. Csuk\u00e1s Domokos<br \/>\n<\/em><\/strong>Hegesed\u00e9s kialakul\u00e1s\u00e1nak vizsg\u00e1lata \u2013 a perif\u00e9ri\u00e1s idegrendszerben \u2013 patk\u00e1ny modellen. (k\u00eds\u00e9rletes munka)<br \/>\n<strong><em>12. Dr. Szab\u00f3 Gy\u00f6rgyi- Dr. Csuk\u00e1s Domokos<br \/>\n<\/em><\/strong>Here torzi\u00f3 modellez\u00e9se, ischemia-reperf\u00fazi\u00f3 vizsg\u00e1lata. (k\u00eds\u00e9rletes munka)<br \/>\n<strong>T\u00e9mavezet\u0151k TDK t\u00e9m\u00e1inak\u00a0 r\u00f6vid le\u00edr\u00e1sa itt olvashat\u00f3: <a href=\"https:\/\/semmelweis.hu\/mutettan\/kutatasi-temak\/tdk\/dr-szabo-gyorgyi-es-dr-csukas-domokos-tdk-temai\/\">LINK<\/a><\/strong><br \/>\n<strong><em>13. Dr. Szab\u00f3 Gy\u00f6rgyi<\/em><\/strong><br \/>\nSebgy\u00f3gyul\u00e1s el\u0151seg\u00edt\u00e9se sejtes rendszerek seg\u00edts\u00e9g\u00e9vel. (k\u00eds\u00e9rletes munka)<br \/>\n<strong><em>14. Dr. Szab\u00f3 Gy\u00f6rgyi<br \/>\n<\/em><\/strong>A sebgy\u00f3gyul\u00e1s el\u0151seg\u00edt\u00e9se k\u00fcl\u00f6nb\u00f6z\u0151 sz\u00f6vetekben saj\u00e1tv\u00e9r k\u00e9sz\u00edtm\u00e9nyek seg\u00edts\u00e9g\u00e9vel. (k\u00eds\u00e9rletes munka)<br \/>\n<strong><em>15. Dr. Szab\u00f3 Gy\u00f6rgyi<br \/>\n<\/em><\/strong>Az adh\u00e9zi\u00f3 kialakul\u00e1s\u00e1nak vizsg\u00e1lata \u00e9s a prevenci\u00f3 lehet\u0151s\u00e9gei. (k\u00eds\u00e9rletes munka)<br \/>\n<strong><em>16. Dr. Szab\u00f3 Gy\u00f6rgyi<br \/>\n<\/em><\/strong>Az \u00e1llatk\u00eds\u00e9rletek jelent\u0151s\u00e9ge a t\u00f6rt\u00e9nelem sor\u00e1n. (irodalomkutat\u00e1s)<br \/>\n<strong><em>17. Dr. Szab\u00f3 Gy\u00f6rgyi<br \/>\n<\/em><\/strong>A sebell\u00e1t\u00e1s t\u00f6rt\u00e9nete az \u00f3kort\u00f3l napjainkig. (irodalomkutat\u00e1s)<br \/>\n<strong>T\u00e9mavezet\u0151 TDK t\u00e9m\u00e1inak r\u00f6vid le\u00edr\u00e1sa itt olvashat\u00f3: <a href=\"https:\/\/semmelweis.hu\/mutettan\/kutatasi-temak\/tdk\/dr-stabo-ygorgyi-tdk-temainak-rovid-leirasa\/\">LINK<\/a><\/strong><\/p>\n<p style=\"text-align: justify\"><\/div><\/div><\/p>\n","protected":false},"excerpt":{"rendered":"<p>A M\u0171t\u00e9ttani Tansz\u00e9k szeretettel v\u00e1r mindenkit, aki a megadott TDK t\u00e9m\u00e1ink k\u00f6z\u00fcl \u00e9rdekl\u0151dik a seb\u00e9szet ir\u00e1nt. T\u00e9m\u00e1ink k\u00f6z\u00f6tt megtal\u00e1lhat\u00f3k klinikai jelleg\u0171 munk\u00e1k, melyek k\u00fcls\u0151 munkat\u00e1rsaink t\u00e9mavezet\u00e9s\u00e9vel, k\u00fcl\u00f6nb\u00f6z\u0151 k\u00f3rh\u00e1zakban, klinikai k\u00f6r\u00fclm\u00e9nyek k\u00f6z\u00f6tt val\u00f3sulnak meg \u00e9s experiment\u00e1lisak, melyek a Tansz\u00e9k k\u00f6zvetlen munkat\u00e1rsainak tudom\u00e1nyos-k\u00eds\u00e9rleti munk\u00e1iba t\u00f6rt\u00e9n\u0151 bekapcsol\u00f3d\u00e1st jelentik. A TDT d\u00f6nt\u00e9se alapj\u00e1n, a 2019\/2020-as tan\u00e9vt\u0151l kezdve a Tudom\u00e1nyos &hellip;<\/p>\n","protected":false},"author":101700,"featured_media":0,"parent":124,"menu_order":0,"comment_status":"closed","ping_status":"closed","template":"","meta":{"_acf_changed":false,"footnotes":""},"categories":[],"tags":[],"class_list":["post-1471","page","type-page","status-publish","hentry"],"acf":[],"_links":{"self":[{"href":"https:\/\/semmelweis.hu\/mutettan\/wp-json\/wp\/v2\/pages\/1471","targetHints":{"allow":["GET"]}}],"collection":[{"href":"https:\/\/semmelweis.hu\/mutettan\/wp-json\/wp\/v2\/pages"}],"about":[{"href":"https:\/\/semmelweis.hu\/mutettan\/wp-json\/wp\/v2\/types\/page"}],"author":[{"embeddable":true,"href":"https:\/\/semmelweis.hu\/mutettan\/wp-json\/wp\/v2\/users\/101700"}],"replies":[{"embeddable":true,"href":"https:\/\/semmelweis.hu\/mutettan\/wp-json\/wp\/v2\/comments?post=1471"}],"version-history":[{"count":12,"href":"https:\/\/semmelweis.hu\/mutettan\/wp-json\/wp\/v2\/pages\/1471\/revisions"}],"predecessor-version":[{"id":9249,"href":"https:\/\/semmelweis.hu\/mutettan\/wp-json\/wp\/v2\/pages\/1471\/revisions\/9249"}],"up":[{"embeddable":true,"href":"https:\/\/semmelweis.hu\/mutettan\/wp-json\/wp\/v2\/pages\/124"}],"wp:attachment":[{"href":"https:\/\/semmelweis.hu\/mutettan\/wp-json\/wp\/v2\/media?parent=1471"}],"wp:term":[{"taxonomy":"category","embeddable":true,"href":"https:\/\/semmelweis.hu\/mutettan\/wp-json\/wp\/v2\/categories?post=1471"},{"taxonomy":"post_tag","embeddable":true,"href":"https:\/\/semmelweis.hu\/mutettan\/wp-json\/wp\/v2\/tags?post=1471"}],"curies":[{"name":"wp","href":"https:\/\/api.w.org\/{rel}","templated":true}]}}