{"id":1456,"date":"2020-10-09T09:10:35","date_gmt":"2020-10-09T07:10:35","guid":{"rendered":"http:\/\/semmelweis.hu\/mutettan\/?page_id=1456"},"modified":"2021-01-18T15:36:37","modified_gmt":"2021-01-18T14:36:37","slug":"history-of-the-department","status":"publish","type":"page","link":"https:\/\/semmelweis.hu\/mutettan\/en\/about-us\/history-of-the-department\/","title":{"rendered":"History of the Department"},"content":{"rendered":"<div class=\"responsive-tabs\">\n<h2 class=\"tabtitle\">From 2018<\/h2>\n<div class=\"tabcontent\">\n\n<p><strong>From 2018<\/strong><\/p>\n<p style=\"text-align: justify\">Since November 2018, the department director is Dr. Andrea Ferencz, associate professor. Since the 1<sup>st<\/sup> of July 2020, the department Is under the supervision of the V\u00e1rosmajor Cardiovascular Medicine Centre while continuing to perform surgical research and provides surgical education.<\/p>\n<figure id=\"attachment_7008\" aria-describedby=\"caption-attachment-7008\" style=\"width: 867px\" class=\"wp-caption aligncenter\"><a href=\"https:\/\/semmelweis.hu\/mutettan\/files\/2020\/11\/6.-\u00e1bra.jpg\"><img loading=\"lazy\" decoding=\"async\" class=\"size-full wp-image-7008\" src=\"https:\/\/semmelweis.hu\/mutettan\/files\/2020\/11\/6.-\u00e1bra.jpg\" alt=\"\" width=\"867\" height=\"578\" srcset=\"https:\/\/semmelweis.hu\/mutettan\/files\/2020\/11\/6.-\u00e1bra.jpg 867w, https:\/\/semmelweis.hu\/mutettan\/files\/2020\/11\/6.-\u00e1bra-300x200.jpg 300w, https:\/\/semmelweis.hu\/mutettan\/files\/2020\/11\/6.-\u00e1bra-768x512.jpg 768w, https:\/\/semmelweis.hu\/mutettan\/files\/2020\/11\/6.-\u00e1bra-450x300.jpg 450w\" sizes=\"auto, (max-width: 867px) 100vw, 867px\" \/><\/a><figcaption id=\"caption-attachment-7008\" class=\"wp-caption-text\">Dr. Andrea Ferencz receiving the document of her term of office from Prof. Dr. \u00c1goston Sz\u00e9l<\/figcaption><\/figure>\n\n<\/div><h2 class=\"tabtitle\">2010-2018<\/h2>\n<div class=\"tabcontent\">\n\n<p><strong>2010-2018<\/strong><\/p>\n<p>From 1 July 2010 to 4 November 2018, the head of the institute was Prof. Dr. Gy\u00f6rgy W\u00e9ber.<\/p>\n<p style=\"text-align: justify\">\u201cAfter a break of almost half a century, in 2010 the Institute of Surgical Reserch and Techniques started operating again at our university. While the Cold War and political will in the 1950s, the spectacular development of surgery today is the result of the works of surgical institutes. During the completion of our courses, the student himself \/ herself experiences the skills compared to his \/ her peers and this can decisively determine the direction of his \/ her further professional development. Our duty is to indicate to students that their dexterity predestines their manual or rather theoretical work. This is the mission of our institute! \u201d was written on the website.<\/p>\n<p style=\"text-align: justify\">In 2006, the Hungarian Accreditation Committee (HAC) reviewed the four medical training and made recommendations in its accreditation examination report (HAC Decision No. 2006\/2 \/ II \/ 1\/1). In 2009, the Senate of Semmelweis University passed a decision to reinstate the institute. The university&#8217;s 2010 accreditation report (HAC decision No. 2010\/10 \/ VIII \/ 1) states: The Semmelweis University\u2019s infrastructure is lacking some clinics \/ departments \/ specialties (surgical techniques,\u2026), the existence of which is primarily\u00a0 important for general medical training, but for other specialized trainings as well. The university council recognizes that while aiming to solve older issues, it created or intends to create the departmental structures required for a modern training in these areas as well. &#8222;These considerations justified the reestablishment of the suspended Budapest Institute, which took place on July 1, 2010, when the then Rector of Semmelweis University, Professor Dr. Tivadar Tulassay, appointed Dr. Gy\u00f6rgy W\u00e9ber, Professor, to head the Institute of Experimental and Surgical Surgery.<\/p>\n<figure id=\"attachment_7009\" aria-describedby=\"caption-attachment-7009\" style=\"width: 800px\" class=\"wp-caption aligncenter\"><a href=\"https:\/\/semmelweis.hu\/mutettan\/files\/2020\/11\/5.-\u00e1bra.jpg\"><img loading=\"lazy\" decoding=\"async\" class=\"size-full wp-image-7009\" src=\"https:\/\/semmelweis.hu\/mutettan\/files\/2020\/11\/5.-\u00e1bra.jpg\" alt=\"\" width=\"800\" height=\"535\" srcset=\"https:\/\/semmelweis.hu\/mutettan\/files\/2020\/11\/5.-\u00e1bra.jpg 800w, https:\/\/semmelweis.hu\/mutettan\/files\/2020\/11\/5.-\u00e1bra-300x201.jpg 300w, https:\/\/semmelweis.hu\/mutettan\/files\/2020\/11\/5.-\u00e1bra-768x514.jpg 768w, https:\/\/semmelweis.hu\/mutettan\/files\/2020\/11\/5.-\u00e1bra-449x300.jpg 449w\" sizes=\"auto, (max-width: 800px) 100vw, 800px\" \/><\/a><figcaption id=\"caption-attachment-7009\" class=\"wp-caption-text\">In 2010, on Semmelweis Day, Prof. Dr. Gy\u00f6rgy W\u00e9ber will take over his appointment from the university rector Prof Dr. Tulassay Rector<\/figcaption><\/figure>\n<p style=\"text-align: justify\">Part of the institute was established in the Nagyvarad square Theoretical Science Centre. Its official opening was on January 21, 2011 in the NET Ballroom. A report on an event that is a milestone in the history of Hungarian surgical institutes was published in the journal Hungarian Surgery (Magy Seb 2011; 64 (3): 137-148).<\/p>\n<p style=\"text-align: justify\">A secretariat and medical rooms have been set up on the 11th floor of the NET. Later, the modern Teaching Operating Room was completed in the basement, which, together with the previously established laparoscopic practice room, provides a suitable venue for the practical education of the students ever since. Since 2012, the operating room using a live \u201clarge animal\u201d has been housed at the NAIK Animal Husbandry and Feeding Research Institute in Herceghalom.<\/p>\n<p style=\"text-align: justify\">\u00a0Professor J\u00f3zsef S\u00e1ndor work was paramount to the restart of the institute, raising financial resources and in recruiting the staff. In the first semester, we were able to rely mainly on external staff. The young staff of the Surgery Department of Szent Istv\u00e1n Hospital, with growing clinical experience, enthusiastically participated in the practical training.<\/p>\n<p style=\"text-align: justify\">The Institute revived with struggles and tribulations. We would like to thank the rectors Tivadar Tulassay and \u00c1goston Sz\u00e9l, as well as the deans Istv\u00e1n Kar\u00e1dy and L\u00e1szl\u00f3 Hunyady for their support in restarting the institute.<\/p>\n\n<\/div><h2 class=\"tabtitle\">1966-2010<\/h2>\n<div class=\"tabcontent\">\n\n<p><strong>1966-2010<\/strong><\/p>\n<p style=\"text-align: justify\">In May 1965, Prof. Dr. D\u00e9nes Nagy did not return from his study trip to West Germany, and on 30 June 1966 the University Council decided to &#8222;suspend&#8221; the Institute indefinitely, while the stating to re-examine the issue two years and the staff of the Institute distribute as needed throughout the university.<\/p>\n<figure id=\"attachment_7010\" aria-describedby=\"caption-attachment-7010\" style=\"width: 1023px\" class=\"wp-caption aligncenter\"><a href=\"https:\/\/semmelweis.hu\/mutettan\/files\/2020\/11\/4.-\u00e1bra.jpg\"><img loading=\"lazy\" decoding=\"async\" class=\"size-full wp-image-7010\" src=\"https:\/\/semmelweis.hu\/mutettan\/files\/2020\/11\/4.-\u00e1bra.jpg\" alt=\"\" width=\"1023\" height=\"876\" srcset=\"https:\/\/semmelweis.hu\/mutettan\/files\/2020\/11\/4.-\u00e1bra.jpg 1023w, https:\/\/semmelweis.hu\/mutettan\/files\/2020\/11\/4.-\u00e1bra-300x257.jpg 300w, https:\/\/semmelweis.hu\/mutettan\/files\/2020\/11\/4.-\u00e1bra-768x658.jpg 768w, https:\/\/semmelweis.hu\/mutettan\/files\/2020\/11\/4.-\u00e1bra-350x300.jpg 350w\" sizes=\"auto, (max-width: 1023px) 100vw, 1023px\" \/><\/a><figcaption id=\"caption-attachment-7010\" class=\"wp-caption-text\">\u00a0 \u00a0 \u00a0 \u00a0 \u00a0 \u00a0 \u00a0 \u00a0 \u00a0 \u00a0 \u00a0 \u00a0 \u00a0 \u00a0 \u00a0 \u00a0 \u00a0 \u00a0 \u00a0 \u00a0 \u00a0 \u00a0 \u00a0 \u00a0 \u00a0 \u00a0 \u00a0 \u00a0 \u00a0 \u00a0 \u00a0 \u00a0 \u00a0 \u00a0 \u00a0 \u00a0 \u00a0 \u00a0 \u00a0 \u00a0 \u00a0 \u00a0 \u00a0 \u00a0Decision of the University Council on the suspension<\/figcaption><\/figure>\n<p style=\"text-align: justify\">Meanwhile, in addition to the educational tasks taking place in partner institutes of three rural universities, the institute underwent extensive surgical technique and general surgical technological developments while large-scale infrastructural investments were made. Additionally, translational research regarding operative conditions was initiated. These institutes are 70 years old today.<\/p>\n\n<\/div><h2 class=\"tabtitle\">1951-1966<\/h2>\n<div class=\"tabcontent\">\n\n<p style=\"text-align: justify\">The institute of Surgical Research and Techniques was established in 1951 at the same time in all four medical universities of the country on the basis of the Resolution of the Ministry of Health (II.1400 \/ T \/ 2-5). The central government\u2019s aspiration was that during the Cold War, in preparation for the III. by World War II, all graduate physicians must be able to suture wounds, be proficient in wound care, and possess basic surgical skills. The operation of the Institute is governed by 1951\/52. academic year II. Prof. Dr. D\u00e9nes Nagy was appointed head of the department on March 11, 1953.<\/p>\n<p><figure id=\"attachment_7011\" aria-describedby=\"caption-attachment-7011\" style=\"width: 690px\" class=\"wp-caption aligncenter\"><a href=\"https:\/\/semmelweis.hu\/mutettan\/files\/2020\/11\/1.-\u00e1bra.jpg\"><img loading=\"lazy\" decoding=\"async\" class=\"size-large wp-image-7011\" src=\"https:\/\/semmelweis.hu\/mutettan\/files\/2020\/11\/1.-\u00e1bra-1024x643.jpg\" alt=\"\" width=\"690\" height=\"433\" srcset=\"https:\/\/semmelweis.hu\/mutettan\/files\/2020\/11\/1.-\u00e1bra-1024x643.jpg 1024w, https:\/\/semmelweis.hu\/mutettan\/files\/2020\/11\/1.-\u00e1bra-300x188.jpg 300w, https:\/\/semmelweis.hu\/mutettan\/files\/2020\/11\/1.-\u00e1bra-768x482.jpg 768w, https:\/\/semmelweis.hu\/mutettan\/files\/2020\/11\/1.-\u00e1bra-478x300.jpg 478w, https:\/\/semmelweis.hu\/mutettan\/files\/2020\/11\/1.-\u00e1bra.jpg 1232w\" sizes=\"auto, (max-width: 690px) 100vw, 690px\" \/><\/a><figcaption id=\"caption-attachment-7011\" class=\"wp-caption-text\">Detail of the minutes of the Faculty Council meeting (31.10.1951) on the launch of the institute<\/figcaption><\/figure> <figure id=\"attachment_7012\" aria-describedby=\"caption-attachment-7012\" style=\"width: 690px\" class=\"wp-caption aligncenter\"><a href=\"https:\/\/semmelweis.hu\/mutettan\/files\/2020\/11\/2.-\u00e1bra.jpg\"><img loading=\"lazy\" decoding=\"async\" class=\"size-large wp-image-7012\" src=\"https:\/\/semmelweis.hu\/mutettan\/files\/2020\/11\/2.-\u00e1bra-1024x284.jpg\" alt=\"\" width=\"690\" height=\"191\" srcset=\"https:\/\/semmelweis.hu\/mutettan\/files\/2020\/11\/2.-\u00e1bra-1024x284.jpg 1024w, https:\/\/semmelweis.hu\/mutettan\/files\/2020\/11\/2.-\u00e1bra-300x83.jpg 300w, https:\/\/semmelweis.hu\/mutettan\/files\/2020\/11\/2.-\u00e1bra-768x213.jpg 768w, https:\/\/semmelweis.hu\/mutettan\/files\/2020\/11\/2.-\u00e1bra-580x161.jpg 580w, https:\/\/semmelweis.hu\/mutettan\/files\/2020\/11\/2.-\u00e1bra.jpg 1198w\" sizes=\"auto, (max-width: 690px) 100vw, 690px\" \/><\/a><figcaption id=\"caption-attachment-7012\" class=\"wp-caption-text\">Extract from the minutes of the University Council meeting (11.11.1953) on the appointment of the head of the department<\/figcaption><\/figure><\/p>\n<p style=\"text-align: justify\">The name of the institute at that time was the Institute of Surgical Anatomy and Surgery and it was located on the left wing of the building of the Institute of Anatomy, on the first floor. During this period he performed exclusively educational tasks, the university&#8217;s MSc and FOK faculties IV. year-old students were educated, surgeries were performed on cadres and mixed dogs.<\/p>\n<figure id=\"attachment_7013\" aria-describedby=\"caption-attachment-7013\" style=\"width: 587px\" class=\"wp-caption aligncenter\"><a href=\"https:\/\/semmelweis.hu\/mutettan\/files\/2020\/11\/3.-\u00e1bra.jpg\"><img loading=\"lazy\" decoding=\"async\" class=\"size-full wp-image-7013\" src=\"https:\/\/semmelweis.hu\/mutettan\/files\/2020\/11\/3.-\u00e1bra.jpg\" alt=\"\" width=\"587\" height=\"382\" srcset=\"https:\/\/semmelweis.hu\/mutettan\/files\/2020\/11\/3.-\u00e1bra.jpg 587w, https:\/\/semmelweis.hu\/mutettan\/files\/2020\/11\/3.-\u00e1bra-300x195.jpg 300w, https:\/\/semmelweis.hu\/mutettan\/files\/2020\/11\/3.-\u00e1bra-461x300.jpg 461w\" sizes=\"auto, (max-width: 587px) 100vw, 587px\" \/><\/a><figcaption id=\"caption-attachment-7013\" class=\"wp-caption-text\">An institutional photo of the department can be found in the University Yearbook of the 1964\/65 academic year. In the middle, in the middle, Dr. D\u00e9nes Nagy, head of the institute.<\/figcaption><\/figure>\n<p style=\"text-align: justify\">Concurrently, the surgical training of the doctors of the institute and the clinical training of the instructors in a rotating system in the \u00a0II. Surgery Clinic (Baross Street) was also proceeding. Materials for the theoretical teaching of surgery were collected in a \u00a0book, which was \u00a0commissioned by the Ministry of Health, written by Professor Imre Littmann. Published in 1953, the book comprised of comprehensive chapters on \u00a0basic prophylactic knowledge of surgical propaedeutics and the operative techniques of the most important surgical procedures.<\/p>\n<\/div><\/div>\n<p>&nbsp;<\/p>\n<p>&nbsp;<\/p>\n<p>&nbsp;<\/p>\n<p>&nbsp;<\/p>\n","protected":false},"excerpt":{"rendered":"<p>From 2018 Since November 2018, the department director is Dr. Andrea Ferencz, associate professor. Since the 1st of July 2020, the department Is under the supervision of the V\u00e1rosmajor Cardiovascular Medicine Centre while continuing to perform surgical research and provides surgical education. 2010-2018 From 1 July 2010 to 4 November 2018, the head of the &hellip;<\/p>\n","protected":false},"author":101700,"featured_media":0,"parent":6849,"menu_order":1,"comment_status":"closed","ping_status":"closed","template":"","meta":{"_acf_changed":false,"footnotes":""},"categories":[],"tags":[],"class_list":["post-1456","page","type-page","status-publish","hentry"],"acf":[],"_links":{"self":[{"href":"https:\/\/semmelweis.hu\/mutettan\/wp-json\/wp\/v2\/pages\/1456","targetHints":{"allow":["GET"]}}],"collection":[{"href":"https:\/\/semmelweis.hu\/mutettan\/wp-json\/wp\/v2\/pages"}],"about":[{"href":"https:\/\/semmelweis.hu\/mutettan\/wp-json\/wp\/v2\/types\/page"}],"author":[{"embeddable":true,"href":"https:\/\/semmelweis.hu\/mutettan\/wp-json\/wp\/v2\/users\/101700"}],"replies":[{"embeddable":true,"href":"https:\/\/semmelweis.hu\/mutettan\/wp-json\/wp\/v2\/comments?post=1456"}],"version-history":[{"count":4,"href":"https:\/\/semmelweis.hu\/mutettan\/wp-json\/wp\/v2\/pages\/1456\/revisions"}],"predecessor-version":[{"id":7266,"href":"https:\/\/semmelweis.hu\/mutettan\/wp-json\/wp\/v2\/pages\/1456\/revisions\/7266"}],"up":[{"embeddable":true,"href":"https:\/\/semmelweis.hu\/mutettan\/wp-json\/wp\/v2\/pages\/6849"}],"wp:attachment":[{"href":"https:\/\/semmelweis.hu\/mutettan\/wp-json\/wp\/v2\/media?parent=1456"}],"wp:term":[{"taxonomy":"category","embeddable":true,"href":"https:\/\/semmelweis.hu\/mutettan\/wp-json\/wp\/v2\/categories?post=1456"},{"taxonomy":"post_tag","embeddable":true,"href":"https:\/\/semmelweis.hu\/mutettan\/wp-json\/wp\/v2\/tags?post=1456"}],"curies":[{"name":"wp","href":"https:\/\/api.w.org\/{rel}","templated":true}]}}