{"id":1417,"date":"2020-10-31T09:49:02","date_gmt":"2020-10-31T08:49:02","guid":{"rendered":"http:\/\/semmelweis.hu\/mutettan\/?page_id=1417"},"modified":"2026-03-30T10:50:39","modified_gmt":"2026-03-30T08:50:39","slug":"basic-surgical-techniques","status":"publish","type":"page","link":"https:\/\/semmelweis.hu\/mutettan\/en\/education\/basic-surgical-techniques\/","title":{"rendered":"Mandatory subject"},"content":{"rendered":"<p style=\"text-align: center\"><strong>Basic Surgical Techniques<\/strong><\/p>\n<p style=\"text-align: center\"><strong>2025\/2026 Academic Year Second Semester<\/strong><br \/>\n<a href=\"https:\/\/semmelweis.hu\/mutettan\/files\/2026\/02\/Tnatargykovetelmenyrendszer-2026-angol.pdf\">REQUREMENTS<\/a><\/p>\n<p style=\"text-align: left\"><div class=\"responsive-tabs\">\n<h2 class=\"tabtitle\">Lectures<\/h2>\n<div class=\"tabcontent\">\n<\/p>\n<p style=\"font-weight: 400\"><strong>Location:<\/strong>\u00a0NET-Z (Green) Lecture Hall\u00a0<\/p>\n<p style=\"font-weight: 400\"><strong>24\/February, Tuesday <\/strong>08:00- 08:45<\/p>\n<p style=\"font-weight: 400\"><strong>Dr. J\u00f3zsef S\u00e1ndor:<\/strong>\u00a0Welcome to the brave, new surgery.<\/p>\n<p style=\"font-weight: 400\">08:45- 09:30<\/p>\n<p style=\"font-weight: 400\"><strong>Dr. Benke K\u00e1lm\u00e1n:<\/strong> Presentation of experimental surgery and it\u2019s rule in the medical education.<\/p>\n<p style=\"font-weight: 400\"><strong>03\/March<\/strong>\u00a0<span style=\"font-size: 1rem;font-weight: bolder\">Tuesday<\/span><span style=\"font-size: 1rem;font-weight: bolder\">\u00a0<\/span><span style=\"font-size: 1rem\">08:00- 08:45\u00a0<\/span><\/p>\n<p style=\"font-weight: 400\"><strong>Prof. Dr. J\u00f3zsef S\u00e1ndor:<\/strong> Asepsis, antisepsis, desinfection. Surgeon in the operating room. Prevention of Surgical Site Infection (SSI).<\/p>\n<p style=\"font-weight: 400\">08:45- 09:30\u00a0<\/p>\n<p style=\"font-weight: 400\"><strong>Prof. Dr. Masashi Yoshida:<\/strong> Surgical procedures: acute, elective. Preoperative patient management. Surgical approaches.<\/p>\n<p style=\"font-weight: 400\"><strong>10\/March\u00a0<\/strong><span style=\"font-size: 1rem;font-weight: bolder\">Tuesday<\/span><span style=\"font-size: 1rem;font-weight: bolder\">\u00a0<\/span><span style=\"font-size: 1rem\">08:00- 08:45\u00a0<\/span><\/p>\n<p style=\"font-weight: 400\"><strong>Dr. Eva Toronyi:<\/strong> Basic surgical tools and suture materials.<\/p>\n<p style=\"font-weight: 400\">08:45- 09:30<\/p>\n<p style=\"font-weight: 400\"><strong>Dr. Eva Toronyi:<\/strong> Basic and special suturing techniques in surgery. Haemorrhage and bleeding control<\/p>\n<p style=\"font-weight: 400\"><strong>17\/March<\/strong>\u00a0\u00a0<span style=\"font-weight: bolder;font-size: 1rem\">Tuesday <\/span><span style=\"font-size: 1rem\">08:00- 08:45\u00a0<\/span><\/p>\n<p style=\"font-weight: 400\"><strong>Dr. Gy\u00f6rgyi Szab\u00f3:<\/strong> Classification and management of wounds, principle of wound-healing.<\/p>\n<p style=\"font-weight: 400\">08:45- 09:30<\/p>\n<p style=\"font-weight: 400\">\u00a0<strong>Prof. Dr. J\u00f3zsef S\u00e1ndor:<\/strong> Basics of laparoscopic surgery.<\/p>\n<p>\n<\/div><h2 class=\"tabtitle\">Practices<\/h2>\n<div class=\"tabcontent\">\n<br \/>\n<strong>Practices<\/strong><\/p>\n<p><a href=\"https:\/\/semmelweis.hu\/mutettan\/files\/2026\/02\/Angol-orarend-2026-honlap-1.docx\">Schedule<\/a><br \/>\nEach group has seven practices in the semester, so you have to attend the course every second week. (Week \u2019A\u2019 starts the Semester)<\/p>\n<p>The topics of the practices:<\/p>\n<ol>\n<li style=\"text-align: justify\">Basic suturing techniques on ex-vivo animal model (simple interrupted suture). Knotting techniques. Introduction the basic surgical instruments.<\/li>\n<li style=\"text-align: justify\">Heart and Vasular Center (Address: 1122 Budapest, Ga\u00e1l J\u00f3zsef 9-11.) Getting acquainted with the operating room, rules and behavior in the operating room, scrubbing-in and preparation of the surgical field.<\/li>\n<li style=\"text-align: justify\">Basic suturing techniques on ex-vivo animal model (interrupted sutures). Demonstration of the laparoscopic tower and instruments. Practicing eye-brain-hand coordination and fine hand movements using a laparoscopic pelvitrainer.<\/li>\n<li style=\"text-align: justify\">Basic suturing techniques on ex-vivo animal model (continuous sutures). Practicing eye-brain-hand coordination and fine hand movements using a laparoscopic pelvitrainer.<\/li>\n<li style=\"text-align: justify\">Practicing eye-brain-hand coordination and fine hand movements using a laparoscopic pelvitrainer. Microsurgery.<\/li>\n<li style=\"text-align: justify\">Scrubbing in and preparation of the surgical fied. Consultation.<\/li>\n<li style=\"text-align: justify\">Practical exam.<\/li>\n<\/ol>\n<p style=\"text-align: justify\">PLEASE NOTE! During each course proper nail hygiene is necessary (fingertip-high nails). In addition, use of nail-polish, artificial nails, any jewelry, including watches are prohibited. Offenders of this policy will take part in the practice but this will be an absent.<\/p>\n<p><strong>Practices that should be retaken in the 2nd Semester:<\/strong><\/p>\n<p><strong>RETAKING DATE: Due to Easter Monday, the 4th retaking practice for Groups 14 and 16 will be held on 30th March\u00a0 14:00 p.m.<\/strong><\/p>\n<p>The 7th practice is the practical part of the exam. Please, participate in your original group.<\/p>\n<p>&nbsp;<\/p>\n<p style=\"text-align: justify\"><img loading=\"lazy\" decoding=\"async\" class=\"wp-image-7455 aligncenter\" src=\"https:\/\/semmelweis.hu\/mutettan\/files\/2021\/04\/9.jpg\" alt=\"\" width=\"512\" height=\"349\" srcset=\"https:\/\/semmelweis.hu\/mutettan\/files\/2021\/04\/9.jpg 1600w, https:\/\/semmelweis.hu\/mutettan\/files\/2021\/04\/9-400x273.jpg 400w, https:\/\/semmelweis.hu\/mutettan\/files\/2021\/04\/9-1024x698.jpg 1024w, https:\/\/semmelweis.hu\/mutettan\/files\/2021\/04\/9-768x523.jpg 768w, https:\/\/semmelweis.hu\/mutettan\/files\/2021\/04\/9-1536x1046.jpg 1536w, https:\/\/semmelweis.hu\/mutettan\/files\/2021\/04\/9-175x120.jpg 175w, https:\/\/semmelweis.hu\/mutettan\/files\/2021\/04\/9-753x513.jpg 753w\" sizes=\"auto, (max-width: 512px) 100vw, 512px\" \/><\/p>\n\n<\/div><h2 class=\"tabtitle\">Presence-absence at the practices<\/h2>\n<div class=\"tabcontent\">\n\n<p style=\"text-align: justify\"><strong>Presence-absence at the practices<\/strong><br \/>\n\u201eBasic surgical techniques\u201d practices will be held seven times during the semester. The attendance is mandatory for each practice. The presence will be regularly checked and documented by the Department. EVERYBODY SHOULD VISIT THE GROUP PRACTICES IN WHICH HE OR SHE IS REGISTERED IN THE NEPTUN. Due to the fact that the capacity of the Operating Lab is limited it is not allowed to have more than 15 students in a group. The number of missed practices may not exceed more than 25%. That means only ONE absence is acceptable during the semester. If any student misses two or more practices, the Department will refuse to sign the subject. Due to the limited capacity of the Operating Lab, only one absence can be repeated during the semester after registration (<a href=\"https:\/\/semmelweis.hu\/mutettan\/missed-practice\/\">HERE<\/a>) by joining another group.<\/p>\n<p style=\"text-align: justify\">Everybody should register for himself\/herself. We do not register anybody!<\/p>\n\n<\/div><h2 class=\"tabtitle\">Practice location<\/h2>\n<div class=\"tabcontent\">\n\n<p style=\"text-align: justify\"><strong>Practice location<\/strong> From the 1st to 3rd 4th and the 7th practices are taking place in the Operating Lab (OL) in the NET building. OL is accessed from the Main Hall of the NET. Follow the signs down by the stairs. The 2nd practices will be held at the Heart and Vascular Clinic in V\u00e1rosmajor (Budapest XII. district, Ga\u00e1l J\u00f3zsef \u00fat 9-11.). Assembly in front of the cloakroom at the entrance on Ga\u00e1l J\u00f3zsef street 15 minutes before the practice time. The 5th and the 6th practices will be held partly in the 3rd Seminar room (gathering at OL).<\/p>\n<p style=\"text-align: justify\">\n<img loading=\"lazy\" decoding=\"async\" class=\"wp-image-7460 aligncenter\" src=\"https:\/\/semmelweis.hu\/mutettan\/files\/2021\/04\/IMG_3859-2.jpg\" alt=\"\" width=\"403\" height=\"264\" srcset=\"https:\/\/semmelweis.hu\/mutettan\/files\/2021\/04\/IMG_3859-2.jpg 1600w, https:\/\/semmelweis.hu\/mutettan\/files\/2021\/04\/IMG_3859-2-400x262.jpg 400w, https:\/\/semmelweis.hu\/mutettan\/files\/2021\/04\/IMG_3859-2-1024x669.jpg 1024w, https:\/\/semmelweis.hu\/mutettan\/files\/2021\/04\/IMG_3859-2-768x502.jpg 768w, https:\/\/semmelweis.hu\/mutettan\/files\/2021\/04\/IMG_3859-2-1536x1004.jpg 1536w, https:\/\/semmelweis.hu\/mutettan\/files\/2021\/04\/IMG_3859-2-753x492.jpg 753w\" sizes=\"auto, (max-width: 403px) 100vw, 403px\" \/><\/p>\n\n<\/div><h2 class=\"tabtitle\">Security and lost objects<\/h2>\n<div class=\"tabcontent\">\n\n<p style=\"text-align: justify\"><strong>Security and lost objects<\/strong><br \/>\nAt the first lesson, students will acknowledge in writing that they understand and accept the rules and regulations of the labor safety and fire service during the surgical practices. In the Operating Lab lockers are available to place all values. The Department of Experimental Cardiology and Surgical Techniques recommends to practice vigilance and you must not leave your personal values \u2013 such as jeweler, watches or others \u2013 in unsafe areas or accidentally in the pockets of the scrubbing suits. The department and its management cannot be reliable for the lost or stolen items. On the other hand, if anything is being lost or misplaced, you may contact: Ibolya Schum and Karolina Cs\u00e9pke \u00a0assistants (NET, Operating Theatre, Phone: tel:+36-1-459-1500 ext.: 56378; email: kksmtnet@semmelweis.hu)<\/p>\n<p style=\"text-align: justify\"><strong>The lost and found objects will be stored by the end of the semester. If nobody comes for them, they will be offered!<\/strong><\/p>\n<p><img loading=\"lazy\" decoding=\"async\" class=\"wp-image-7459 aligncenter\" src=\"https:\/\/semmelweis.hu\/mutettan\/files\/2021\/04\/P6281763.jpg\" alt=\"\" width=\"422\" height=\"316\" srcset=\"https:\/\/semmelweis.hu\/mutettan\/files\/2021\/04\/P6281763.jpg 1600w, https:\/\/semmelweis.hu\/mutettan\/files\/2021\/04\/P6281763-400x300.jpg 400w, https:\/\/semmelweis.hu\/mutettan\/files\/2021\/04\/P6281763-1024x768.jpg 1024w, https:\/\/semmelweis.hu\/mutettan\/files\/2021\/04\/P6281763-768x576.jpg 768w, https:\/\/semmelweis.hu\/mutettan\/files\/2021\/04\/P6281763-1536x1152.jpg 1536w, https:\/\/semmelweis.hu\/mutettan\/files\/2021\/04\/P6281763-753x565.jpg 753w\" sizes=\"auto, (max-width: 422px) 100vw, 422px\" \/><\/p>\n<p style=\"text-align: justify\">\n<\/div><h2 class=\"tabtitle\">Exam<\/h2>\n<div class=\"tabcontent\">\n<\/p>\n<p><a href=\"https:\/\/semmelweis.hu\/mutettan\/files\/2025\/05\/SURGICAL-INSTRUMENTS-FOR-THE-EXAM-2025.docx\">SURGICAL INSTRUMENTS FOR THE EXAM 2026<\/a><\/p>\n<p>Preparation materials:<\/p>\n<p>Textbook<\/p>\n<p><a href=\"https:\/\/www.semmelweiskiado.hu\/termek\/1732\/basic-surgical-techniques\">https:\/\/www.semmelweiskiado.hu\/termek\/1732\/basic-surgical-techniques<\/a><\/p>\n<p>Lectures and the slides<\/p>\n<p>Practices<\/p>\n<p>The colloquium is divided into two parts<br \/>\n<strong>1. Practical exam<\/strong><\/p>\n<p>The practical exam is taken in the 7th practice.<\/p>\n<p>The requirements in the practical exam:<\/p>\n<ul>\n<li>Scrub-in, gowning and gloving &#8211; oral exam<\/li>\n<li>Recognize basic surgical intruments (see the list)<\/li>\n<li>Demonstrate the hand-tie knots<\/li>\n<li>Demonstrate a suture line in an ex vivo tissue (interrupted and continuous)<\/li>\n<li>Recognize the laparoscopic instruments<\/li>\n<li>FLS in Pelvitrainer<\/li>\n<\/ul>\n<p>If someone gets 0 points for BOTH scrub-in-gowning-gloving procedure AND for the suture line she\/he fails immediately.<\/p>\n<ol>\n<li style=\"text-align: justify\"><strong>Theoretical exam<\/strong> is a written test in the exam period.<br \/>\nThe theoretical part of the examination consists of a test, which will be taken in person at the specified examination times during the examination period. 60 questions in 45 minutes should be solved. The minimum requirement for the written test is 40 points of 60. If this is less, only the written test must be repeated. Students who attend the classroom lectures get 3 test questions at the end of the lecture. If he\/she answers correctly the 3 test questions and collect minimum 18 points of 24 in 8 lectures he\/she gets an additional 10 points, which will be added to their score in the theoretical test.\u00a0<\/li>\n<\/ol>\n<p style=\"text-align: justify\">The results of the practical test (60 points) and the written test (60 points) are summed up and the final mark is determined on the basis of a 120-points system.\u00a0<\/p>\n<p>Grading:<\/p>\n<p><span style=\"font-size: 1rem\">Unsatisfactory<\/span>(1) 0 -69,99 points<\/p>\n<p>Pass\u00a0(2) 70 &#8211; 89,99 points<\/p>\n<p>Average (3) 90 &#8211; 99,99 points<\/p>\n<p>Good (4) 100 &#8211; 109,99 points<\/p>\n<p>Excellent (5) 110 &#8211; 120 points<\/p>\n<p style=\"text-align: justify\"><em>If you want to improve your grade<\/em> you must repeat the practical OR theoretical parts of the exam again! You can improve in the exam period after you have both the practical and the theoratical results.<\/p>\n\n<\/div><h2 class=\"tabtitle\">Competitions<\/h2>\n<div class=\"tabcontent\">\n\n<p style=\"margin-top: 0cm\"><strong><span style=\"font-family: 'PT Serif',serif;color: #1e2326\">Competitions in the 2nd semester<\/span><\/strong><\/p>\n<p style=\"margin-top: 0cm;text-align: justify\"><em><strong>Sutura\u00a0competition<\/strong><\/em> \u2013 to the selected students who are the most skilful in the 4th practice \u2013 <strong>14th April 2026 8:00 a.m.<\/strong><br \/>\n<em><strong>Instrument\u00a0competition<\/strong><\/em> \u2013 online, for anyone who would like to participate \u2013 <strong>14th April 2026 7:00 p.m.<\/strong><br \/>\n<em><strong>Laparoscopic\u00a0competition<\/strong><\/em> \u2013 to the selected students who are the most skilful in the 5th practice \u2013 <strong>28th April 2026 8:00 a.m.\u00a0<\/strong><br \/>\n<em><strong>Laparoscopic\u00a0instrument\u00a0competition<\/strong><\/em> \u2013 online, for anyone who would like to participate \u2013 <strong>28th April 2026 7:00 p.m.<\/strong><\/p>\n<p><a href=\"https:\/\/semmelweis.hu\/mutettan\/files\/2022\/04\/SUTURA-Competition-2022-report.docx\">\u00a0<\/a>\n<\/div><h2 class=\"tabtitle\">Exam results<\/h2>\n<div class=\"tabcontent\">\n<\/p>\n\n<\/div><h2 class=\"tabtitle\">Action Plans<\/h2>\n<div class=\"tabcontent\">\n\n<p><a href=\"https:\/\/semmelweis.hu\/mutettan\/files\/2021\/09\/Int\u00e9zked\u00e9si-terv-KSMT-2021-angol.pdf\"><span style=\"color: #00ccff\"><strong>Action plan based on the student feedback received in the \u00a02nd semester of the 2020\/2021 academic year<\/strong><\/span><\/a><\/p>\n<p><span style=\"color: #00ccff\"><strong><a href=\"https:\/\/semmelweis.hu\/mutettan\/files\/2022\/09\/Intezkedesi-terv-KSMT-2022-angol.pdf\">Action plan based on the student feedback received in the 2nd semester of the 2021\/2022 academic year<\/a><\/strong><\/span><\/p>\n<p><strong><a href=\"https:\/\/semmelweis.hu\/mutettan\/files\/2024\/05\/AP-AOKKMI020_1A-Angol-mutettan-2022.2023.-tanev-II.-felev.pdf\">Action plan based on the student feedback received in the \u00a02nd semester of the 2022\/2023 academic year<\/a><br \/>\n<\/strong><\/p>\n<p><a href=\"https:\/\/semmelweis.hu\/mutettan\/files\/2025\/03\/Action-plan-2024-EN-mod.pdf\"><strong>Action plan based on the student feedback received in the \u00a02nd semester of the 2023\/2024 academic year<\/strong><\/a><\/p>\n<p><strong><a href=\"https:\/\/semmelweis.hu\/mutettan\/files\/2025\/10\/ACTIONSPLAN-ANGOL-2024-25.2.felev_.docx\">Action plan based on the student feedback received in the \u00a02nd semester of the 2024\/2025 academic year<\/a><\/strong><\/p>\n<p>&nbsp;<\/p>\n<\/div><\/div>\n","protected":false},"excerpt":{"rendered":"<p>Basic Surgical Techniques 2025\/2026 Academic Year Second Semester <a href=\"https:\/\/semmelweis.hu\/mutettan\/files\/2026\/02\/Tnatargykovetelmenyrendszer-2026-angol.pdf\">REQUREMENTS<\/a> Location:\u00a0NET-Z (Green) Lecture Hall\u00a0 24\/February, Tuesday 08:00- 08:45 Dr. J\u00f3zsef S\u00e1ndor:\u00a0Welcome to the brave, new surgery. 08:45- 09:30 Dr. Benke K\u00e1lm\u00e1n: Presentation of experimental surgery and it\u2019s rule in the medical education. 03\/March\u00a0Tuesday\u00a008:00- 08:45\u00a0 Prof. Dr. J\u00f3zsef S\u00e1ndor: Asepsis, antisepsis, desinfection. Surgeon in the operating room. Prevention &hellip;<\/p>\n","protected":false},"author":101700,"featured_media":0,"parent":6889,"menu_order":1,"comment_status":"closed","ping_status":"closed","template":"","meta":{"_acf_changed":false,"footnotes":""},"categories":[],"tags":[],"class_list":["post-1417","page","type-page","status-publish","hentry"],"acf":[],"_links":{"self":[{"href":"https:\/\/semmelweis.hu\/mutettan\/wp-json\/wp\/v2\/pages\/1417","targetHints":{"allow":["GET"]}}],"collection":[{"href":"https:\/\/semmelweis.hu\/mutettan\/wp-json\/wp\/v2\/pages"}],"about":[{"href":"https:\/\/semmelweis.hu\/mutettan\/wp-json\/wp\/v2\/types\/page"}],"author":[{"embeddable":true,"href":"https:\/\/semmelweis.hu\/mutettan\/wp-json\/wp\/v2\/users\/101700"}],"replies":[{"embeddable":true,"href":"https:\/\/semmelweis.hu\/mutettan\/wp-json\/wp\/v2\/comments?post=1417"}],"version-history":[{"count":12,"href":"https:\/\/semmelweis.hu\/mutettan\/wp-json\/wp\/v2\/pages\/1417\/revisions"}],"predecessor-version":[{"id":9306,"href":"https:\/\/semmelweis.hu\/mutettan\/wp-json\/wp\/v2\/pages\/1417\/revisions\/9306"}],"up":[{"embeddable":true,"href":"https:\/\/semmelweis.hu\/mutettan\/wp-json\/wp\/v2\/pages\/6889"}],"wp:attachment":[{"href":"https:\/\/semmelweis.hu\/mutettan\/wp-json\/wp\/v2\/media?parent=1417"}],"wp:term":[{"taxonomy":"category","embeddable":true,"href":"https:\/\/semmelweis.hu\/mutettan\/wp-json\/wp\/v2\/categories?post=1417"},{"taxonomy":"post_tag","embeddable":true,"href":"https:\/\/semmelweis.hu\/mutettan\/wp-json\/wp\/v2\/tags?post=1417"}],"curies":[{"name":"wp","href":"https:\/\/api.w.org\/{rel}","templated":true}]}}