{"id":1371,"date":"2020-10-26T14:03:49","date_gmt":"2020-10-26T13:03:49","guid":{"rendered":"http:\/\/semmelweis.hu\/mutettan\/?page_id=1371"},"modified":"2026-02-18T14:00:09","modified_gmt":"2026-02-18T13:00:09","slug":"team-members","status":"publish","type":"page","link":"https:\/\/semmelweis.hu\/mutettan\/en\/about-us\/team-members\/","title":{"rendered":"Team members"},"content":{"rendered":"<div class=\"responsive-tabs\">\n<h2 class=\"tabtitle\">Team Members<\/h2>\n<div class=\"tabcontent\">\n\n<p><strong>Team Members<\/strong>\u200b<\/p>\n<table style=\"width: 102.619%;height: 2068px\" border=\"0\" cellspacing=\"0\" cellpadding=\"0\">\n<tbody>\n<tr style=\"height: 246px\">\n<td style=\"width: 20.739%;height: 246px\"><a href=\"https:\/\/semmelweis.hu\/mutettan\/files\/2023\/11\/RS168196_GV5A7337.jpg\"><img loading=\"lazy\" decoding=\"async\" class=\" wp-image-8415 alignleft\" src=\"https:\/\/semmelweis.hu\/mutettan\/files\/2023\/11\/RS168196_GV5A7337-267x400.jpg\" alt=\"\" width=\"158\" height=\"237\" srcset=\"https:\/\/semmelweis.hu\/mutettan\/files\/2023\/11\/RS168196_GV5A7337-267x400.jpg 267w, https:\/\/semmelweis.hu\/mutettan\/files\/2023\/11\/RS168196_GV5A7337-683x1024.jpg 683w, https:\/\/semmelweis.hu\/mutettan\/files\/2023\/11\/RS168196_GV5A7337-768x1152.jpg 768w, https:\/\/semmelweis.hu\/mutettan\/files\/2023\/11\/RS168196_GV5A7337-753x1130.jpg 753w, https:\/\/semmelweis.hu\/mutettan\/files\/2023\/11\/RS168196_GV5A7337.jpg 800w\" sizes=\"auto, (max-width: 158px) 100vw, 158px\" \/><\/a><\/td>\n<td style=\"width: 80.2586%;height: 246px\">\n<p><strong>Prof. Dr. Radovits Tam\u00e1s<br \/>\n<\/strong>Head of Department, Professor<br \/>\nPhone: \u00a0+36-20-8258895<br \/>\nEmail: radovitstamas@yahoo.com<br \/>\n<strong><a href=\"https:\/\/semmelweis.hu\/mutettan\/files\/2023\/11\/Radovits-Tamas-oneletrajza-2023.-november-3-oldal-ENG.pdf\">CV<\/a><\/strong><br \/>\n<strong><a href=\"https:\/\/m2.mtmt.hu\/gui2\/?type=authors&amp;mode=browse&amp;sel=authors10013969\">Publications<\/a><\/strong><\/p>\n<\/td>\n<\/tr>\n<tr style=\"height: 187px\">\n<td style=\"width: 20.739%;height: 187px\" valign=\"top\"><img loading=\"lazy\" decoding=\"async\" class=\" wp-image-1505 alignleft\" src=\"https:\/\/semmelweis.hu\/mutettan\/files\/2014\/01\/Toronyi_Eva-213x300.jpg\" alt=\"\" width=\"151\" height=\"212\" srcset=\"https:\/\/semmelweis.hu\/mutettan\/files\/2014\/01\/Toronyi_Eva-213x300.jpg 213w, https:\/\/semmelweis.hu\/mutettan\/files\/2014\/01\/Toronyi_Eva-727x1024.jpg 727w, https:\/\/semmelweis.hu\/mutettan\/files\/2014\/01\/Toronyi_Eva.jpg 823w\" sizes=\"auto, (max-width: 151px) 100vw, 151px\" \/><\/td>\n<td style=\"width: 80.2586%;height: 187px\" valign=\"top\">\n<p>&nbsp;<\/p>\n<p><strong>Dr. Toronyi \u00c9va<br \/>\n<\/strong>Professional Manager for Education<br \/>\nAssociate Professor<br \/>\nResponsible for German Education<br \/>\nResponsible for TAs &#8211; Hungarian and German program<br \/>\nPhone: +36-30-939-05-12<br \/>\nEmail:etoronyi@gmail.com<\/p>\n<\/td>\n<\/tr>\n<tr>\n<td style=\"width: 20.739%\"><img loading=\"lazy\" decoding=\"async\" class=\"wp-image-297 alignleft\" src=\"https:\/\/semmelweis.hu\/mutettan\/files\/2013\/12\/Szabo_Gyorgyi-206x300.jpg\" alt=\"\" width=\"145\" height=\"211\" srcset=\"https:\/\/semmelweis.hu\/mutettan\/files\/2013\/12\/Szabo_Gyorgyi-206x300.jpg 206w, https:\/\/semmelweis.hu\/mutettan\/files\/2013\/12\/Szabo_Gyorgyi-704x1024.jpg 704w, https:\/\/semmelweis.hu\/mutettan\/files\/2013\/12\/Szabo_Gyorgyi.jpg 823w\" sizes=\"auto, (max-width: 145px) 100vw, 145px\" \/><\/td>\n<td style=\"width: 80.2586%\">\n<p><strong>Dr. Szab\u00f3 Gy\u00f6rgyi<br \/>\n<\/strong>Senior Lecturer<br \/>\nResponsible for English Education<br \/>\nResponsible for TDKs (from 1\/7\/2023.):<br \/>\nAvailability: Room 1107, 11th floor, <br \/>\nNET Nagyv\u00e1rad t\u00e9r 4. 1089 Budapest,\u00a0<br \/>\nPhone: +36-1-459-1500; phone extension: 56575<strong><br \/>\n<a href=\"https:\/\/semmelweis.hu\/mutettan\/files\/2020\/12\/SzGY-angol..pdf\">CV<\/a><br \/>\n<a href=\"https:\/\/m2.mtmt.hu\/gui2\/?type=authors&amp;mode=browse&amp;sel=authors10024404\">Publications<\/a><\/strong><\/p>\n<\/td>\n<\/tr>\n<tr style=\"height: 170px\">\n<td style=\"width: 20.739%;height: 170px\" valign=\"top\"><img loading=\"lazy\" decoding=\"async\" class=\" wp-image-8613 alignleft\" src=\"https:\/\/semmelweis.hu\/mutettan\/files\/2024\/02\/Aliz_porte_honlap-308x400.jpg\" alt=\"\" width=\"146\" height=\"190\" srcset=\"https:\/\/semmelweis.hu\/mutettan\/files\/2024\/02\/Aliz_porte_honlap-308x400.jpg 308w, https:\/\/semmelweis.hu\/mutettan\/files\/2024\/02\/Aliz_porte_honlap-788x1024.jpg 788w, https:\/\/semmelweis.hu\/mutettan\/files\/2024\/02\/Aliz_porte_honlap-768x998.jpg 768w, https:\/\/semmelweis.hu\/mutettan\/files\/2024\/02\/Aliz_porte_honlap-753x979.jpg 753w, https:\/\/semmelweis.hu\/mutettan\/files\/2024\/02\/Aliz_porte_honlap.jpg 923w\" sizes=\"auto, (max-width: 146px) 100vw, 146px\" \/><\/td>\n<td style=\"width: 80.2586%;height: 170px\" valign=\"top\">\n<p><strong>Petrovics Alica<\/strong><br \/>\nHead of Secretariat\u00a0<br \/>\nMTMT Administrator<br \/>\nAvailability: Room 1105, 11th floor,<br \/>\nNET Nagyv\u00e1rad t\u00e9r 4. 1089 Budapest,\u00a0<br \/>\nPhone: +36-1-459-1500; phone extension: 56569<\/p>\n<\/td>\n<\/tr>\n<tr style=\"height: 176px\">\n<td style=\"width: 20.739%;height: 193px\" valign=\"top\"><img loading=\"lazy\" decoding=\"async\" class=\"alignleft  wp-image-7308\" src=\"https:\/\/semmelweis.hu\/mutettan\/files\/2021\/01\/k\u00e9p.jpg\" alt=\"\" width=\"143\" height=\"215\" \/><\/td>\n<td style=\"width: 80.2586%;height: 193px\" valign=\"top\">\n<p>&nbsp;<\/p>\n<p><strong>Prof. Dr. Bl\u00e1zovics Anna<\/strong><br \/>\n\u00a0Professor Emeritus\u00a0<br \/>\nAvailability: NET Nagyv\u00e1rad t\u00e9r 4. 1089 Budapest<\/p>\n<p>&nbsp;<\/p>\n<p>&nbsp;<\/p>\n<\/td>\n<\/tr>\n<tr>\n<td style=\"width: 20.739%\"><img loading=\"lazy\" decoding=\"async\" class=\" wp-image-8773 alignleft\" src=\"https:\/\/semmelweis.hu\/mutettan\/files\/2024\/06\/kep-honlapra-344x400.jpeg\" alt=\"\" width=\"145\" height=\"169\" srcset=\"https:\/\/semmelweis.hu\/mutettan\/files\/2024\/06\/kep-honlapra-344x400.jpeg 344w, https:\/\/semmelweis.hu\/mutettan\/files\/2024\/06\/kep-honlapra-881x1024.jpeg 881w, https:\/\/semmelweis.hu\/mutettan\/files\/2024\/06\/kep-honlapra-768x892.jpeg 768w, https:\/\/semmelweis.hu\/mutettan\/files\/2024\/06\/kep-honlapra-753x875.jpeg 753w, https:\/\/semmelweis.hu\/mutettan\/files\/2024\/06\/kep-honlapra.jpeg 1033w\" sizes=\"auto, (max-width: 145px) 100vw, 145px\" \/><\/td>\n<td style=\"width: 80.2586%\">\n<p><strong>Dr. Benke K\u00e1lm\u00e1n<\/strong><br \/>\nAssociate Professor<br \/>\nAvailability: at present Heart of Vascular Centre Section of Cardiosurgery<br \/>\n<strong><a href=\"https:\/\/m2.mtmt.hu\/gui2\/?type=authors&amp;mode=browse&amp;sel=authors10048080\">Publications<\/a><\/strong><\/p>\n<\/td>\n<\/tr>\n<tr style=\"height: 270px\">\n<td style=\"width: 20.739%;height: 270px\"><strong><img loading=\"lazy\" decoding=\"async\" class=\"alignleft  wp-image-7884\" src=\"https:\/\/semmelweis.hu\/mutettan\/files\/2022\/03\/Berner-Juhos-Krisztina278x400.jpg\" alt=\"\" width=\"150\" height=\"261\" \/><\/strong><\/td>\n<td style=\"width: 80.2586%;height: 270px\">\n<p><strong>Dr. Berner-Juhos Krisztina &#8211; <em>On maternity leave as from 1 July 2023<\/em><br \/>\n<\/strong>Assistant Lecturer, Responsible for Demonstrator Scholarship<br \/>\nHealth and Safety Officer, Quality Assurance Manager<br \/>\nAvailability: Room 1120, 11th floor, <br \/>\nNET Nagyv\u00e1rad t\u00e9r 4. 1089 Budapest,\u00a0<br \/>\nPhone: +36-1-459-1500; phone extension: 56364<strong><br \/>\n<a href=\"https:\/\/semmelweis.hu\/mutettan\/files\/2020\/11\/CV_eng_QR_20201123.pdf\">CV<\/a><br \/>\n<a href=\"https:\/\/m2.mtmt.hu\/gui2\/?type=authors&amp;mode=browse&amp;sel=authors10052910\">Publications<\/a><\/strong><\/p>\n<\/td>\n<\/tr>\n<tr style=\"height: 180px\">\n<td style=\"width: 20.739%;height: 10px\" valign=\"top\"><img loading=\"lazy\" decoding=\"async\" class=\"alignleft  wp-image-2232\" src=\"https:\/\/semmelweis.hu\/mutettan\/files\/2014\/11\/CSD_new-732x1024.jpg\" alt=\"\" width=\"143\" height=\"200\" srcset=\"https:\/\/semmelweis.hu\/mutettan\/files\/2014\/11\/CSD_new-732x1024.jpg 732w, https:\/\/semmelweis.hu\/mutettan\/files\/2014\/11\/CSD_new-214x300.jpg 214w, https:\/\/semmelweis.hu\/mutettan\/files\/2014\/11\/CSD_new.jpg 858w\" sizes=\"auto, (max-width: 143px) 100vw, 143px\" \/><\/td>\n<td style=\"width: 80.2586%;height: 10px\" valign=\"top\"><strong>Dr. Csuk\u00e1s Domokos<\/strong><br \/>\nAssistant Lecturer<br \/>\nFire Commissioner, Responsible for Drugs<br \/>\nHealth and Safety Officer, Quality Assurance Manager &#8211; <strong><em>from 1 July 2023<br \/>\n<\/em><\/strong>Disaster and Civil Protection Officer<br \/>\nAvailability: Room 1107, 11th floor, <br \/>\nNET Nagyv\u00e1rad t\u00e9r 4. 1089 Budapest,\u00a0<br \/>\nPhone: +36-1-459-1500; phone extension: 56576<br \/>\n<strong><a href=\"https:\/\/semmelweis.hu\/mutettan\/files\/2015\/06\/CSD_CV_eng.pdf\">CV<\/a><\/strong><br \/>\n<strong><a href=\"https:\/\/m2.mtmt.hu\/gui2\/?type=authors&amp;mode=browse&amp;sel=authors10027296\">Publications<\/a><\/strong><\/td>\n<\/tr>\n<tr>\n<td style=\"width: 20.739%\"><img loading=\"lazy\" decoding=\"async\" class=\"alignnone  wp-image-8609\" src=\"https:\/\/semmelweis.hu\/mutettan\/files\/2024\/02\/dr_damenija_givi_felnott_szivsebeszeti_osztaly-400x400.jpg\" alt=\"\" width=\"144\" height=\"144\" srcset=\"https:\/\/semmelweis.hu\/mutettan\/files\/2024\/02\/dr_damenija_givi_felnott_szivsebeszeti_osztaly-400x400.jpg 400w, https:\/\/semmelweis.hu\/mutettan\/files\/2024\/02\/dr_damenija_givi_felnott_szivsebeszeti_osztaly-150x150.jpg 150w, https:\/\/semmelweis.hu\/mutettan\/files\/2024\/02\/dr_damenija_givi_felnott_szivsebeszeti_osztaly.jpg 512w\" sizes=\"auto, (max-width: 144px) 100vw, 144px\" \/><strong><br \/>\n<\/strong><\/td>\n<td style=\"width: 80.2586%\">\n<p>&nbsp;<\/p>\n<p><strong>Dr. Damenija Givi<br \/>\n<\/strong>Master instructor<br \/>\nAvailability: NET Building Basement Operating Lab,\u00a0<br \/>\nPhone.: +36-1-459-1500; phone extension: 56378<\/p>\n<p>&nbsp;<\/p>\n<\/td>\n<\/tr>\n<tr>\n<td style=\"width: 20.739%\"><strong><img loading=\"lazy\" decoding=\"async\" class=\"size-medium wp-image-9110 alignleft\" src=\"https:\/\/semmelweis.hu\/mutettan\/files\/2025\/06\/RS216977_GV5A0565-scr-267x400.jpg\" alt=\"\" width=\"267\" height=\"400\" srcset=\"https:\/\/semmelweis.hu\/mutettan\/files\/2025\/06\/RS216977_GV5A0565-scr-267x400.jpg 267w, https:\/\/semmelweis.hu\/mutettan\/files\/2025\/06\/RS216977_GV5A0565-scr.jpg 600w\" sizes=\"auto, (max-width: 267px) 100vw, 267px\" \/><\/strong><\/td>\n<td style=\"width: 80.2586%\">\n<p><strong>Dr. M\u00e9sz\u00e1ros L\u00e1szl\u00f3<br \/>\n<\/strong>Assistant Lecturer, Responsible for Hungarian Education<br \/>\nAvailability: Room 1120, 11th floor, <br \/>\nNET Nagyv\u00e1rad t\u00e9r 4. 1089 Budapest,\u00a0<br \/>\nPhone: +36-1-459-1500; phone extension: 56364<strong><br \/>\n<\/strong><\/p>\n<\/td>\n<\/tr>\n<tr style=\"height: 161px\">\n<td style=\"width: 20.739%;height: 161px\" valign=\"top\"><img loading=\"lazy\" decoding=\"async\" class=\"alignleft  wp-image-295\" src=\"https:\/\/semmelweis.hu\/mutettan\/files\/2013\/12\/Sandor_Jozsef.jpg\" alt=\"\" width=\"153\" height=\"230\" \/><\/td>\n<td style=\"width: 80.2586%;height: 161px\" valign=\"top\">\n<p><strong>Prof. Dr. S\u00e1ndor J\u00f3zsef<\/strong><br \/>\nProfessor Emeritus<br \/>\nAvailability: Room 1107, 11th floor, <br \/>\nNET Nagyv\u00e1rad t\u00e9r 4. 1089 Budapest,\u00a0<br \/>\nPhone.: +36-1-459-1500; phone extension: 56575<br \/>\n<strong><a href=\"https:\/\/semmelweis.hu\/mutettan\/files\/2020\/11\/Dr.-S\u00e1ndor-J\u00f3zsef-2020-Angol-nyelv\u0171-szakmai-\u00f6n\u00e9letrajz.doc\">CV<\/a><\/strong><br \/>\n<strong><a href=\"https:\/\/m2.mtmt.hu\/gui2\/?type=authors&amp;mode=browse&amp;sel=authors10028477\">Publications<\/a><\/strong><\/p>\n<p>&nbsp;<\/p>\n<\/td>\n<\/tr>\n<tr>\n<td style=\"width: 20.739%\"><img loading=\"lazy\" decoding=\"async\" class=\"size-medium wp-image-9106 alignleft\" src=\"https:\/\/semmelweis.hu\/mutettan\/files\/2025\/06\/RS216976_GV5A0514-scr-267x400.jpg\" alt=\"\" width=\"267\" height=\"400\" srcset=\"https:\/\/semmelweis.hu\/mutettan\/files\/2025\/06\/RS216976_GV5A0514-scr-267x400.jpg 267w, https:\/\/semmelweis.hu\/mutettan\/files\/2025\/06\/RS216976_GV5A0514-scr.jpg 600w\" sizes=\"auto, (max-width: 267px) 100vw, 267px\" \/><\/td>\n<td style=\"width: 80.2586%\">\n<p><strong>Tatai Fanni<br \/>\n<\/strong>Research Associate<strong><br \/>\n<\/strong>Availability: Room 1120, 11th floor, <br \/>\nNET Nagyv\u00e1rad t\u00e9r 4. 1089 Budapest,\u00a0<br \/>\nPhone: +36-1-459-1500; phone extension: 56364<\/p>\n<p>&nbsp;<\/p>\n<\/td>\n<\/tr>\n<tr>\n<td style=\"width: 20.739%\"><img loading=\"lazy\" decoding=\"async\" class=\"size-medium wp-image-9108 alignleft\" src=\"https:\/\/semmelweis.hu\/mutettan\/files\/2025\/06\/RS216978_GV5A0572-scr-267x400.jpg\" alt=\"\" width=\"267\" height=\"400\" srcset=\"https:\/\/semmelweis.hu\/mutettan\/files\/2025\/06\/RS216978_GV5A0572-scr-267x400.jpg 267w, https:\/\/semmelweis.hu\/mutettan\/files\/2025\/06\/RS216978_GV5A0572-scr.jpg 600w\" sizes=\"auto, (max-width: 267px) 100vw, 267px\" \/><\/td>\n<td style=\"width: 80.2586%\">\n<p><strong>Ujv\u00e1ri Vera<br \/>\n<\/strong>Research Associate<br \/>\nAvailability: Room 1107, 11th floor, <br \/>\nNET Nagyv\u00e1rad t\u00e9r 4. 1089 Budapest,\u00a0<br \/>\nPhone: +36-1-459-1500; phone extension: 56576<strong><br \/>\n<\/strong><\/p>\n<\/td>\n<\/tr>\n<tr style=\"height: 10px\">\n<td style=\"width: 20.739%;height: 10px\" valign=\"top\"><img loading=\"lazy\" decoding=\"async\" class=\"alignleft  wp-image-7396\" src=\"https:\/\/semmelweis.hu\/mutettan\/files\/2021\/03\/Csepke-Karolina.jpg\" alt=\"\" width=\"157\" height=\"248\" srcset=\"https:\/\/semmelweis.hu\/mutettan\/files\/2021\/03\/Csepke-Karolina.jpg 759w, https:\/\/semmelweis.hu\/mutettan\/files\/2021\/03\/Csepke-Karolina-253x400.jpg 253w, https:\/\/semmelweis.hu\/mutettan\/files\/2021\/03\/Csepke-Karolina-648x1024.jpg 648w, https:\/\/semmelweis.hu\/mutettan\/files\/2021\/03\/Csepke-Karolina-753x1191.jpg 753w\" sizes=\"auto, (max-width: 157px) 100vw, 157px\" \/><\/td>\n<td style=\"width: 80.2586%;height: 10px\" valign=\"top\"><strong>Cs\u00e9pke Karolina<\/strong><br \/>\nEducational Assistant<br \/>\nAvailability: NET Building Basement Operating Lab,\u00a0<br \/>\nPhone.: +36-1-459-1500; phone extension: 56378<\/td>\n<\/tr>\n<tr style=\"height: 161px\">\n<td style=\"width: 20.739%;height: 161px\" valign=\"top\"><a href=\"https:\/\/semmelweis.hu\/mutettan\/files\/2022\/09\/Ibolya-2-2.jpg\"><img loading=\"lazy\" decoding=\"async\" class=\" wp-image-8067 alignleft\" src=\"https:\/\/semmelweis.hu\/mutettan\/files\/2022\/09\/Ibolya-2-2-272x400.jpg\" alt=\"\" width=\"153\" height=\"225\" srcset=\"https:\/\/semmelweis.hu\/mutettan\/files\/2022\/09\/Ibolya-2-2-272x400.jpg 272w, https:\/\/semmelweis.hu\/mutettan\/files\/2022\/09\/Ibolya-2-2-695x1024.jpg 695w, https:\/\/semmelweis.hu\/mutettan\/files\/2022\/09\/Ibolya-2-2-768x1131.jpg 768w, https:\/\/semmelweis.hu\/mutettan\/files\/2022\/09\/Ibolya-2-2-753x1109.jpg 753w, https:\/\/semmelweis.hu\/mutettan\/files\/2022\/09\/Ibolya-2-2.jpg 815w\" sizes=\"auto, (max-width: 153px) 100vw, 153px\" \/><\/a><\/td>\n<td style=\"width: 80.2586%;height: 161px\" valign=\"top\">\n<p><strong>Schum Ibolya<br \/>\n<\/strong>Educational Assistant<br \/>\nAvailability: NET Building Basement Operating Lab,\u00a0<br \/>\nPhone.: +36-1-459-1500; phone extension: 56378<\/p>\n<\/td>\n<\/tr>\n<\/tbody>\n<\/table>\n<table style=\"width: 162.486%;height: 213px\" border=\"0\" cellspacing=\"0\" cellpadding=\"0\">\n<tbody>\n<tr>\n<td style=\"width: 13.589%\"><img loading=\"lazy\" decoding=\"async\" class=\"wp-image-8555 alignleft\" src=\"https:\/\/semmelweis.hu\/mutettan\/files\/2024\/02\/RS188991_BB__3069-267x400.jpg\" alt=\"\" width=\"136\" height=\"204\" srcset=\"https:\/\/semmelweis.hu\/mutettan\/files\/2024\/02\/RS188991_BB__3069-267x400.jpg 267w, https:\/\/semmelweis.hu\/mutettan\/files\/2024\/02\/RS188991_BB__3069-683x1024.jpg 683w, https:\/\/semmelweis.hu\/mutettan\/files\/2024\/02\/RS188991_BB__3069-768x1152.jpg 768w, https:\/\/semmelweis.hu\/mutettan\/files\/2024\/02\/RS188991_BB__3069-753x1130.jpg 753w, https:\/\/semmelweis.hu\/mutettan\/files\/2024\/02\/RS188991_BB__3069.jpg 800w\" sizes=\"auto, (max-width: 136px) 100vw, 136px\" \/><\/td>\n<td style=\"width: 355.98%\">\n<p><strong>Viczi\u00e1n Mariann\u00a0 \u00a0 \u00a0 \u00a0 \u00a0 \u00a0 \u00a0 \u00a0 \u00a0 \u00a0 \u00a0 \u00a0 \u00a0 \u00a0 \u00a0 \u00a0 \u00a0 \u00a0 \u00a0\u00a0<\/strong><strong> \u00a0 \u00a0 \u00a0 \u00a0 \u00a0 \u00a0 \u00a0 \u00a0 \u00a0 \u00a0 \u00a0 \u00a0 \u00a0 \u00a0 \u00a0 \u00a0 \u00a0 \u00a0 \u00a0 \u00a0 \u00a0 \u00a0 \u00a0 \u00a0 \u00a0 \u00a0 \u00a0 \u00a0 \u00a0 \u00a0 \u00a0 \u00a0 \u00a0 \u00a0 \u00a0 \u00a0 \u00a0 \u00a0<br \/>\n<\/strong>\u00a0Finance Assistant<br \/>\nAvailability: Room 1105, 11th floor,<br \/>\nNET Nagyv\u00e1rad t\u00e9r 4. 1089 Budapest,\u00a0<br \/>\nTel.: +36 \/ 1 \/ 459-1500; phone extension: 56249\u00a0<\/p>\n<\/td>\n<\/tr>\n<\/tbody>\n<\/table>\n\n<\/div><h2 class=\"tabtitle\">Guest Scientists<\/h2>\n<div class=\"tabcontent\">\n\n<p class=\"entry-title\"><strong>Guest Scientists<br \/>\n<\/strong><span style=\"font-size: 1rem\">Dr. Bodzay Tam\u00e1s<\/span><br \/>\n<span style=\"font-size: 1rem\">Dr. D\u00f3sa \u00c1gnes<br \/>\n<\/span><span style=\"font-size: 1rem\">Dr. Ender Ferenc<br \/>\n<\/span><span style=\"font-size: 1rem\">Dr. Ghimessy \u00c1ron<br \/>\n<\/span><span style=\"font-size: 1rem\">Dr. Kocsis Andr\u00e1s<br \/>\n<\/span><span style=\"font-size: 1rem\">Dr. Marjai Tam\u00e1s<br \/>\n<\/span><span style=\"font-size: 1rem\">Dr. Szokoly Mikl\u00f3s<\/span><br \/>\n<span style=\"font-size: 1rem\">Dr. Vass Tam\u00e1s<\/span><\/p>\n<div class=\"entry-content\">\n<\/div><\/div>\n<div class=\"addtoany_share_save_container addtoany_content addtoany_content_bottom\">\n<div class=\"a2a_kit a2a_kit_size_32 addtoany_list\">\n<div class=\"responsive-tabs\">\n<h2 class=\"tabtitle\">Visiting Professors<\/h2>\n<div class=\"tabcontent\">\n\n<p><strong>Visiting Professors<\/strong><\/p>\n<p><strong>Ron von Jako MD.PhD<\/strong><br \/>\nChief Medical Officer and Surgical Development Leader<br \/>\nGeneral Electric Healthcare Ltd<br \/>\nFairfield, Connecticut, USA<\/p>\n<p><strong>Szab\u00f3 Zolt\u00e1n PhD, FICS<\/strong><br \/>\nDirector<br \/>\n<a href=\"http:\/\/moetinstitute.com\/\">Microsurgery and Operative Endoscopy Training Institute<\/a><br \/>\nSan Francisco, California, USA<\/p>\n<p><strong>T\u00edm\u00e1r-Peregrin Attila MD, PhD<\/strong><br \/>\nMedical Director<br \/>\nParexel Hungary Ltd<\/p>\n<p><strong>Masashi Yoshida MD, PhD<\/strong><br \/>\nProfessor, International University of Health and Welfare<br \/>\n<a href=\"https:\/\/semmelweis.hu\/mutettan\/files\/2018\/04\/CV20180212-Yoshida.doc\" target=\"blank\" rel=\"noopener noreferrer\">CV<\/a><\/p>\n<table border=\"0\" width=\"630\" cellspacing=\"0\" cellpadding=\"0\">\n<tbody>\n<tr>\n<td width=\"83\"><img loading=\"lazy\" decoding=\"async\" class=\"aligncenter\" src=\"https:\/\/semmelweis.hu\/mutettan\/files\/2016\/05\/Lo\u0308rinczBalazsB_PDDr-large.jpg\" alt=\"Dr. L\u0151rincz B. Bal\u00e1zs\" width=\"110\" height=\"152\" \/><\/td>\n<td valign=\"top\" width=\"444\"><strong>Balazs B. L\u00f6rincz, M.D., Ph.D.<\/strong><br \/>\nAssociate Professor, Head &amp; Neck Surgeon<br \/>\nRobotic Surgery Proctor and Trainer<br \/>\nUniversity Medical Center Hamburg-Eppendorf<br \/>\nDept. of Otorhinolaryngology, Head &amp; Neck Surgery and Oncology<br \/>\n<a href=\"https:\/\/semmelweis.hu\/mutettan\/files\/2016\/05\/4-Loerincz-CV-September-2015.pdf\">CV<\/a><\/td>\n<\/tr>\n<tr>\n<td width=\"83\"><img loading=\"lazy\" decoding=\"async\" src=\"https:\/\/semmelweis.hu\/mutettan\/files\/2017\/04\/Gianmarco.jpg\" alt=\"Gianmarco de Donato\" width=\"110\" height=\"152\" \/><\/td>\n<td valign=\"top\" width=\"444\"><strong>Gianmarco de Donato MD, PhD<\/strong><br \/>\n<a href=\"https:\/\/semmelweis.hu\/mutettan\/files\/2017\/04\/de_donato_cv.pdf\" target=\"_blank\" rel=\"noopener noreferrer\">CV<\/a><br \/>\n<a href=\"https:\/\/semmelweis.hu\/mutettan\/gianmarco-de-donato-gallery\/\" target=\"_blank\" rel=\"noopener noreferrer\">Gallery<\/a><\/td>\n<\/tr>\n<\/tbody>\n<\/table>\n\n<\/div><h2 class=\"tabtitle\">Doctor-honoris causa<\/h2>\n<div class=\"tabcontent\">\n\n<table border=\"0\" cellspacing=\"0\" cellpadding=\"0\">\n<tbody>\n<tr>\n<td style=\"width: 110.199px\"><strong><img loading=\"lazy\" decoding=\"async\" title=\"Prof. Dr. Richard Satava\" src=\"https:\/\/semmelweis.hu\/mutettan\/files\/2014\/11\/SatavaRichard-4x6.jpg\" alt=\"\" width=\"110\" height=\"152\" \/><\/strong><\/td>\n<td style=\"width: 432.017px\" valign=\"top\"><strong>Richard M. Satava, MD FACS<\/strong><br \/>\nProfessor Emeritus of Surgery<br \/>\nUniversity of Washington<\/td>\n<\/tr>\n<\/tbody>\n<\/table>\n<\/div><\/div>\n<\/div>\n<\/div>\n<\/div>\n","protected":false},"excerpt":{"rendered":"<p>Team Members\u200b <a href=\"https:\/\/semmelweis.hu\/mutettan\/files\/2023\/11\/RS168196_GV5A7337.jpg\"><\/a> Prof. Dr. Radovits Tam\u00e1s Head of Department, Professor Phone: \u00a0+36-20-8258895 Email: radovitstamas@yahoo.com <a href=\"https:\/\/semmelweis.hu\/mutettan\/files\/2023\/11\/Radovits-Tamas-oneletrajza-2023.-november-3-oldal-ENG.pdf\">CV<\/a> <a href=\"https:\/\/m2.mtmt.hu\/gui2\/?type=authors&amp;mode=browse&amp;sel=authors10013969\">Publications<\/a> &nbsp; Dr. Toronyi \u00c9va Professional Manager for Education Associate Professor Responsible for German Education Responsible for TAs &#8211; Hungarian and German program Phone: +36-30-939-05-12 Email:etoronyi@gmail.com Dr. Szab\u00f3 Gy\u00f6rgyi Senior Lecturer Responsible for English Education Responsible for TDKs (from 1\/7\/2023.): Availability: Room &hellip;<\/p>\n","protected":false},"author":101700,"featured_media":0,"parent":6849,"menu_order":2,"comment_status":"closed","ping_status":"closed","template":"","meta":{"_acf_changed":false,"footnotes":""},"categories":[],"tags":[],"class_list":["post-1371","page","type-page","status-publish","hentry"],"acf":[],"_links":{"self":[{"href":"https:\/\/semmelweis.hu\/mutettan\/wp-json\/wp\/v2\/pages\/1371","targetHints":{"allow":["GET"]}}],"collection":[{"href":"https:\/\/semmelweis.hu\/mutettan\/wp-json\/wp\/v2\/pages"}],"about":[{"href":"https:\/\/semmelweis.hu\/mutettan\/wp-json\/wp\/v2\/types\/page"}],"author":[{"embeddable":true,"href":"https:\/\/semmelweis.hu\/mutettan\/wp-json\/wp\/v2\/users\/101700"}],"replies":[{"embeddable":true,"href":"https:\/\/semmelweis.hu\/mutettan\/wp-json\/wp\/v2\/comments?post=1371"}],"version-history":[{"count":11,"href":"https:\/\/semmelweis.hu\/mutettan\/wp-json\/wp\/v2\/pages\/1371\/revisions"}],"predecessor-version":[{"id":9281,"href":"https:\/\/semmelweis.hu\/mutettan\/wp-json\/wp\/v2\/pages\/1371\/revisions\/9281"}],"up":[{"embeddable":true,"href":"https:\/\/semmelweis.hu\/mutettan\/wp-json\/wp\/v2\/pages\/6849"}],"wp:attachment":[{"href":"https:\/\/semmelweis.hu\/mutettan\/wp-json\/wp\/v2\/media?parent=1371"}],"wp:term":[{"taxonomy":"category","embeddable":true,"href":"https:\/\/semmelweis.hu\/mutettan\/wp-json\/wp\/v2\/categories?post=1371"},{"taxonomy":"post_tag","embeddable":true,"href":"https:\/\/semmelweis.hu\/mutettan\/wp-json\/wp\/v2\/tags?post=1371"}],"curies":[{"name":"wp","href":"https:\/\/api.w.org\/{rel}","templated":true}]}}