{"id":124,"date":"2020-10-13T20:25:17","date_gmt":"2020-10-13T18:25:17","guid":{"rendered":"http:\/\/semmelweis.hu\/mutettan\/?page_id=124"},"modified":"2025-02-06T12:21:01","modified_gmt":"2025-02-06T11:21:01","slug":"kutatasi-temak","status":"publish","type":"page","link":"https:\/\/semmelweis.hu\/mutettan\/kutatasi-temak\/","title":{"rendered":"Kutat\u00e1s"},"content":{"rendered":"<p style=\"margin: 0cm; text-align: justify;\"><strong>Tudom\u00e1nyos kutat\u00e1si t\u00e9m\u00e1ink k\u00f6z\u00f6tt szerepel a<\/strong><\/p>\n<ol>\n<li style=\"text-align: justify;\">a posztoperat\u00edv adh\u00e9zi\u00f3k vizsg\u00e1lata \u00e9s megel\u0151z\u00e9si lehet\u0151s\u00e9gei,<\/li>\n<li style=\"text-align: justify;\">c\u00e9lunk a k\u00eds\u00e9rleti \u00e1llatfelhaszn\u00e1l\u00e1s cs\u00f6kkent\u00e9se \u00e9rdek\u00e9ben a k\u00fcl\u00f6nb\u00f6z\u0151 alternat\u00edv lehet\u0151s\u00e9gek vizsg\u00e1lata az eur\u00f3pai \u00e9s hazai 3R szeml\u00e9let direkt\u00edv\u00e1inak t\u00fckr\u00e9ben.<\/li>\n<li style=\"text-align: justify;\">emellett a tansz\u00e9k befogad\u00f3ja k\u00edv\u00e1n lenni minden olyan, az operat\u00edv gy\u00f3gy\u00edt\u00e1s sor\u00e1n felmer\u00fcl\u0151 \u00f6tlet preklinikai vizsg\u00e1lat\u00e1nak, amely megval\u00f3s\u00edt\u00e1s\u00e1hoz a tansz\u00e9k munkat\u00e1rsainak elm\u00e9leti \u00e9s gyakorlati tapasztalatait \u00e9s\/vagy infrastruktur\u00e1lis lehet\u0151s\u00e9geit biztos\u00edtani tudja.\n<\/li>\n<\/ol>\n<div class=\"responsive-tabs\">\n<h2 class=\"tabtitle\">Tansz\u00e9ki kutat\u00f3csoportok<\/h2>\n<div class=\"tabcontent\">\n\n<h5>A Semmelweis Egyetem V\u00e1rosmajori Sz\u00edv- \u00e9s \u00c9rgy\u00f3gy\u00e1szati Klinika K\u00eds\u00e9rletes Kardiol\u00f3giai \u00e9s Seb\u00e9szeti M\u0171t\u00e9ttani Tansz\u00e9k kutat\u00f3csoportjai<\/h5>\n<p><strong>Kutat\u00f3csoport neve:<\/strong> A sebgy\u00f3gyul\u00e1s\u00a0 \u00e9s adh\u00e9zi\u00f3k\u00e9pz\u0151d\u00e9s folyamat\u00e1nak vizsg\u00e1lata \/ A sebgy\u00f3gyul\u00e1s el\u0151seg\u00edt\u00e9se sejttranszport seg\u00edts\u00e9g\u00e9vel.<\/p>\n<p><strong>Kutat\u00f3csoport r\u00f6vid le\u00edr\u00e1sa:<\/strong> Az adh\u00e9zi\u00f3k\u00e9pz\u0151d\u00e9s folyamat\u00e1t befoly\u00e1sol\u00f3 molekul\u00e1k felt\u00e9rk\u00e9pez\u00e9se, a prevenci\u00f3 lehet\u0151s\u00e9geinek vizsg\u00e1lata.<\/p>\n<p><strong>Kutat\u00f3csoport helye (labor):<\/strong> NET 11. emelet<\/p>\n<p><strong>Kutat\u00f3csoport vezet\u0151je:<\/strong> Dr. Szab\u00f3 Gy\u00f6rgyi<\/p>\n<p><strong>Kutat\u00f3csoport tagjai &#8211; <span style=\"font-size: 1rem;\">Semmelweis Egyetemi kollabor\u00e1ci\u00f3k: <\/span><\/strong><\/p>\n<ul>\n<li><span style=\"font-size: 1rem;\">Dr. Sebesty\u00e9n Anna, Dank\u00f3 Titanilla (Patol\u00f3giai \u00e9s K\u00eds\u00e9rleti R\u00e1kkutat\u00f3 Int\u00e9zet),<\/span><\/li>\n<li>Dr. Visnovitz Tam\u00e1s (Genetikai, Sejt- \u00e9s Immunbiol\u00f3giai Int\u00e9zet)<\/li>\n<\/ul>\n<p><strong>A kutat\u00f3csoportban dolgoz\u00f3 TDK hallgat\u00f3k:<\/strong> Goschler Levente, Zina Elnablasi<\/p>\n<\/div><\/div>\n","protected":false},"excerpt":{"rendered":"<p>Tudom\u00e1nyos kutat\u00e1si t\u00e9m\u00e1ink k\u00f6z\u00f6tt szerepel a a posztoperat\u00edv adh\u00e9zi\u00f3k vizsg\u00e1lata \u00e9s megel\u0151z\u00e9si lehet\u0151s\u00e9gei, c\u00e9lunk a k\u00eds\u00e9rleti \u00e1llatfelhaszn\u00e1l\u00e1s cs\u00f6kkent\u00e9se \u00e9rdek\u00e9ben a k\u00fcl\u00f6nb\u00f6z\u0151 alternat\u00edv lehet\u0151s\u00e9gek vizsg\u00e1lata az eur\u00f3pai \u00e9s hazai 3R szeml\u00e9let direkt\u00edv\u00e1inak t\u00fckr\u00e9ben. emellett a tansz\u00e9k befogad\u00f3ja k\u00edv\u00e1n lenni minden olyan, az operat\u00edv gy\u00f3gy\u00edt\u00e1s sor\u00e1n felmer\u00fcl\u0151 \u00f6tlet preklinikai vizsg\u00e1lat\u00e1nak, amely megval\u00f3s\u00edt\u00e1s\u00e1hoz a tansz\u00e9k munkat\u00e1rsainak elm\u00e9leti \u00e9s &hellip;<\/p>\n","protected":false},"author":101700,"featured_media":0,"parent":0,"menu_order":3,"comment_status":"closed","ping_status":"closed","template":"","meta":{"_acf_changed":false,"footnotes":""},"categories":[],"tags":[],"class_list":["post-124","page","type-page","status-publish","hentry"],"acf":[],"_links":{"self":[{"href":"https:\/\/semmelweis.hu\/mutettan\/wp-json\/wp\/v2\/pages\/124","targetHints":{"allow":["GET"]}}],"collection":[{"href":"https:\/\/semmelweis.hu\/mutettan\/wp-json\/wp\/v2\/pages"}],"about":[{"href":"https:\/\/semmelweis.hu\/mutettan\/wp-json\/wp\/v2\/types\/page"}],"author":[{"embeddable":true,"href":"https:\/\/semmelweis.hu\/mutettan\/wp-json\/wp\/v2\/users\/101700"}],"replies":[{"embeddable":true,"href":"https:\/\/semmelweis.hu\/mutettan\/wp-json\/wp\/v2\/comments?post=124"}],"version-history":[{"count":11,"href":"https:\/\/semmelweis.hu\/mutettan\/wp-json\/wp\/v2\/pages\/124\/revisions"}],"predecessor-version":[{"id":8987,"href":"https:\/\/semmelweis.hu\/mutettan\/wp-json\/wp\/v2\/pages\/124\/revisions\/8987"}],"wp:attachment":[{"href":"https:\/\/semmelweis.hu\/mutettan\/wp-json\/wp\/v2\/media?parent=124"}],"wp:term":[{"taxonomy":"category","embeddable":true,"href":"https:\/\/semmelweis.hu\/mutettan\/wp-json\/wp\/v2\/categories?post=124"},{"taxonomy":"post_tag","embeddable":true,"href":"https:\/\/semmelweis.hu\/mutettan\/wp-json\/wp\/v2\/tags?post=124"}],"curies":[{"name":"wp","href":"https:\/\/api.w.org\/{rel}","templated":true}]}}