{"id":111,"date":"2020-10-19T20:16:57","date_gmt":"2020-10-19T18:16:57","guid":{"rendered":"http:\/\/semmelweis.hu\/mutettan\/?page_id=111"},"modified":"2021-04-15T11:41:49","modified_gmt":"2021-04-15T09:41:49","slug":"kreditpontos-kurzusok","status":"publish","type":"page","link":"https:\/\/semmelweis.hu\/mutettan\/oktatas\/kreditpontos-kurzusok\/","title":{"rendered":"Szabadon v\u00e1laszthat\u00f3 tant\u00e1rgy"},"content":{"rendered":"<p>\u00a02020\/2021 tan\u00e9vt\u0151l a Plasztikai seb\u00e9szet \u00e9s a Modern m\u0171t\u00e9ti technik\u00e1k \u00e9s technol\u00f3gi\u00e1k c\u00edm\u0171 szabadon v\u00e1laszthat\u00f3 tant\u00e1rgyak oktat\u00e1s\u00e1t megsz\u00fcntett\u00fck.<\/p>\n<p>2020\/2021-es tan\u00e9vt\u0151l 3 db \u00faj szabadon v\u00e1laszthat\u00f3 kurzust hirdet\u00fcnk meg CSAK ANGOL nyelven. <a href=\"https:\/\/semmelweis.hu\/mutettan\/en\/education\/elective-subject\/\">Tov\u00e1bbi inform\u00e1ci\u00f3k<\/a><\/p>\n","protected":false},"excerpt":{"rendered":"<p>\u00a02020\/2021 tan\u00e9vt\u0151l a Plasztikai seb\u00e9szet \u00e9s a Modern m\u0171t\u00e9ti technik\u00e1k \u00e9s technol\u00f3gi\u00e1k c\u00edm\u0171 szabadon v\u00e1laszthat\u00f3 tant\u00e1rgyak oktat\u00e1s\u00e1t megsz\u00fcntett\u00fck.<br \/>\n2020\/2021-es tan\u00e9vt\u0151l 3 db \u00faj szabadon v\u00e1laszthat\u00f3 kurzust hirdet\u00fcnk meg CSAK ANGOL nyelven. <a href=\"https:\/\/semmelweis.hu\/mutettan\/en\/education\/elective-subject\/\">Tov\u00e1bbi inform\u00e1ci\u00f3k<\/a><\/p>\n","protected":false},"author":101700,"featured_media":0,"parent":6431,"menu_order":2,"comment_status":"closed","ping_status":"closed","template":"","meta":{"_acf_changed":false,"footnotes":""},"categories":[],"tags":[],"class_list":["post-111","page","type-page","status-publish","hentry"],"acf":[],"_links":{"self":[{"href":"https:\/\/semmelweis.hu\/mutettan\/wp-json\/wp\/v2\/pages\/111","targetHints":{"allow":["GET"]}}],"collection":[{"href":"https:\/\/semmelweis.hu\/mutettan\/wp-json\/wp\/v2\/pages"}],"about":[{"href":"https:\/\/semmelweis.hu\/mutettan\/wp-json\/wp\/v2\/types\/page"}],"author":[{"embeddable":true,"href":"https:\/\/semmelweis.hu\/mutettan\/wp-json\/wp\/v2\/users\/101700"}],"replies":[{"embeddable":true,"href":"https:\/\/semmelweis.hu\/mutettan\/wp-json\/wp\/v2\/comments?post=111"}],"version-history":[{"count":11,"href":"https:\/\/semmelweis.hu\/mutettan\/wp-json\/wp\/v2\/pages\/111\/revisions"}],"predecessor-version":[{"id":7502,"href":"https:\/\/semmelweis.hu\/mutettan\/wp-json\/wp\/v2\/pages\/111\/revisions\/7502"}],"up":[{"embeddable":true,"href":"https:\/\/semmelweis.hu\/mutettan\/wp-json\/wp\/v2\/pages\/6431"}],"wp:attachment":[{"href":"https:\/\/semmelweis.hu\/mutettan\/wp-json\/wp\/v2\/media?parent=111"}],"wp:term":[{"taxonomy":"category","embeddable":true,"href":"https:\/\/semmelweis.hu\/mutettan\/wp-json\/wp\/v2\/categories?post=111"},{"taxonomy":"post_tag","embeddable":true,"href":"https:\/\/semmelweis.hu\/mutettan\/wp-json\/wp\/v2\/tags?post=111"}],"curies":[{"name":"wp","href":"https:\/\/api.w.org\/{rel}","templated":true}]}}