{"id":10,"date":"2014-01-19T11:24:38","date_gmt":"2014-01-19T10:24:38","guid":{"rendered":"http:\/\/semmelweis-egyetem.hu\/mutettan\/?page_id=10"},"modified":"2024-09-17T11:28:45","modified_gmt":"2024-09-17T09:28:45","slug":"elerhetoseg","status":"publish","type":"page","link":"https:\/\/semmelweis.hu\/mutettan\/elerhetoseg\/","title":{"rendered":"El\u00e9rhet\u0151s\u00e9geink"},"content":{"rendered":"<div class=\"responsive-tabs\">\n<h2 class=\"tabtitle\">El\u00e9rhet\u0151s\u00e9g<\/h2>\n<div class=\"tabcontent\">\n\n<p><span style=\"font-size: 18pt\"><strong>Nagyv\u00e1rad T\u00e9ri Elm\u00e9leti T\u00f6mb (=NET)<\/strong><\/span><\/p>\n<p style=\"text-align: left\"><strong>C\u00edm<\/strong>: 1089 Budapest, Nagyv\u00e1rad t\u00e9r 4.<br \/>\n<strong>GPS koordin\u00e1t\u00e1k:<\/strong>\u00a047.479851, 19.091865<\/p>\n<p><strong>Torony XI. emelet:<\/strong><br \/>\nigazgat\u00f3, titk\u00e1rs\u00e1g, gazdas\u00e1gi \u00fcgyint\u00e9z\u0151 \u00e9s orvosi szob\u00e1k<br \/>\n<strong>Kontakt szem\u00e9ly:<\/strong> Petrovics Alica, titk\u00e1rs\u00e1gvezet\u0151<br \/>\n<strong>Telefon:<\/strong> 06-1-459-1500; Mell\u00e9k: 56569<br \/>\n<strong>Fax:<\/strong> 06-1-459-1500\/56574<br \/>\n<strong>E-mail:<\/strong> kksmtnet@semmelweis.hu<\/p>\n<p><strong>Torony XIV. emelet:<\/strong><br \/>\n1419. \u00e9s 1420. sz\u00e1m\u00fa tanterem<br \/>\n<strong>Telefon:<\/strong> 06-1-459-1500; Mell\u00e9k: 56185<\/p>\n<p><strong>Szabadgy\u00f6k labor<\/strong><\/p>\n<p><strong>NET 2. sz\u00e1m\u00fa szemin\u00e1riumi terem<\/strong> <strong>(Lep\u00e9ny):<\/strong><br \/>\nmikroseb\u00e9szeti oktat\u00f3 terem<br \/>\n<strong>Telefon:<\/strong> 06-1-459-1500; Mell\u00e9k: 56593<\/p>\n<p><strong>NET 3. sz\u00e1m\u00fa szemin\u00e1riumi terem<\/strong> <strong>(Lep\u00e9ny):<br \/>\n<\/strong>laparoszk\u00f3pos oktat\u00f3 terem<\/p>\n<p><strong>NET Oktat\u00f3 M\u0171t\u0151:<\/strong><br \/>\nA D\u00edszterem bej\u00e1rat\u00e1n\u00e1l l\u00e9v\u0151 l\u00e9pcs\u0151n lefel\u00e9 haladva tal\u00e1ljuk az oktat\u00f3helyis\u00e9get.<br \/>\n<strong>Telefon:<\/strong> 06-1-459-1500; Mell\u00e9k: 56378<br \/>\n<strong>Kontakt szem\u00e9ly:<\/strong> Schum Ibolya, Cs\u00e9pke Karolina oktat\u00e1si asszisztensek<\/p>\n<p>*\u00a0\u00a0 *\u00a0\u00a0 *<\/p>\n<p><strong>\u00datvonaltervez\u0151k:<\/strong><\/p>\n<p><a href=\"http:\/\/bkv.utvonalterv.hu\">BKV<\/a><br \/>\n<a href=\"http:\/\/www.mav-start.hu\/index.php\" target=\"_blank\" rel=\"noopener noreferrer\">M\u00c1V<br \/>\n<\/a><a href=\"http:\/\/utvonalterv.hu\/\">http:\/\/utvonalterv.hu<\/a><\/p>\n\n<!-- iframe plugin v.4.9 wordpress.org\/plugins\/iframe\/ -->\n<iframe loading=\"lazy\" src=\"https:\/\/www.google.com\/maps\/embed?pb=!1m18!1m12!1m3!1d2696.547848548168!2d19.08939011562607!3d47.479239879176426!2m3!1f0!2f0!3f0!3m2!1i1024!2i768!4f13.1!3m3!1m2!1s0x4741dce663d65943%3A0xf5391fc3337d063b!2zQnVkYXBlc3QsIE5hZ3l2w6FyYWQgdMOpciA0LCAxMDg5!5e0!3m2!1shu!2shu!4v1475740635577\" width=\"100%\" height=\"450\" scrolling=\"yes\" class=\"iframe-class\" frameborder=\"0\"><\/iframe>\n\n\n<\/div><h2 class=\"tabtitle\">Telefonk\u00f6nyv<\/h2>\n<div class=\"tabcontent\">\n\n\r\n<div id=\"telefonkonyv\">\r\n  <div class=\"tel-results col-12 px-0\">\r\n      <p class=\"desc mb-1\"><span>Ha hib\u00e1s, vagy hi\u00e1nyz\u00f3 adatot tal\u00e1l, k\u00e9rj\u00fck jelezze szervezeti egys\u00e9g\u00fcnk titk\u00e1rs\u00e1g\u00e1n.<\/span><\/p>\r\n      <p class=\"desc\"><em>A telefonk\u00f6nyvben tal\u00e1lhat\u00f3 adatok nem haszn\u00e1lhat\u00f3k fel az 1995. \u00e9vi CXIX. t\u00f6rv\u00e9ny szerinti kutat\u00e1s \u00e9s k\u00f6zvetlen \u00fczletszerz\u00e9s c\u00e9lj\u00e1ra.<\/em><\/p>\r\n                <div class=\"row mx-0 mt-3 mb-3 subunit-line text-uppercase font-weight-bold \r\n                    status-SZE\">\r\n                    <div class=\"col col-12 col-md-10 pl-2 pr-0\">\r\n                        <span>K\u00eds\u00e9rletes Kardiol\u00f3giai \u00e9s Seb\u00e9szeti M\u0171t\u00e9ttani Tansz\u00e9k<\/span>\r\n                    <\/div>\r\n                <\/div> \r\n          <div class=\"row mx-0 py-2 result-line emp-leader\">\r\n            <div class=\"col col-12 px-0 \"><div class=\"row mx-0 pr-2 result-line-content align-items-center\">\r\n                        <div class=\"col-12 col-md-6 px-0 \">\r\n                            <a class=\"emp-name\" href=\"https:\/\/semmelweis.hu\/telefonkonyv?emp_id=22262\">Prof. Dr. Radovits Tam\u00e1s habil. PhD<\/a>\r\n                            <br \/><span class=\"emp-phone\">tansz\u00e9kvezet\u0151, egyetemi tan\u00e1r<\/span><\/div>\r\n                        <div class=\"col-12 col-md-6 px-0\"><span class=\"emp-phone\"><i class=\"fa fa-phone\" aria-hidden=\"true\"><\/i>+36-20-825-8895, <\/span>\r\n                        <\/div>\r\n                    <\/div>\r\n                \r\n            <\/div>\r\n\r\n                <div class=\"col-12 col-md-6 px-0 d-none\"><span class=\"emp-phone\"><i class=\"fa fa-phone\" aria-hidden=\"true\"><\/i>+36-20-825-8895, <\/span>\r\n                <\/div>\r\n\r\n\r\n        <\/div>\r\n          <div class=\"row mx-0 py-2 result-line \">\r\n            <div class=\"col col-12 px-0 \"><div class=\"row mx-0 pr-2 result-line-content align-items-center\">\r\n                        <div class=\"col-12 col-md-6 px-0 \">\r\n                            <a class=\"emp-name\" href=\"https:\/\/semmelweis.hu\/telefonkonyv?emp_id=12498\">Dr. Berner-Juhos Krisztina <\/a>\r\n                            <br \/><span class=\"emp-phone\">Egyetemi tan\u00e1rseg\u00e9d<\/span><span class=\"badge badge-info\">Tart\u00f3san t\u00e1vol<\/span><\/div>\r\n                        <div class=\"col-12 col-md-6 px-0\"><span class=\"emp-phone\"><i class=\"fa fa-phone\" aria-hidden=\"true\"><\/i>06-1-459-1500, 56364<\/span><span class=\"emp-email\"><i class=\"fa fa-envelope-o\" aria-hidden=\"true\"><\/i>juhos.krisztina<i class=\"fa fa-at m-0 text-body\"><\/i>semmelweis.hu; juhoskriszta89<i class=\"fa fa-at m-0 text-body\"><\/i>gmail.com<\/span>\r\n                        <\/div>\r\n                    <\/div>\r\n                \r\n            <\/div>\r\n\r\n                <div class=\"col-12 col-md-6 px-0 d-none\"><span class=\"emp-phone\"><i class=\"fa fa-phone\" aria-hidden=\"true\"><\/i>06-1-459-1500, 56364<\/span><span class=\"emp-email\"><i class=\"fa fa-envelope-o\" aria-hidden=\"true\"><\/i>juhos.krisztina<i class=\"fa fa-at m-0 text-body\"><\/i>semmelweis.hu; juhoskriszta89<i class=\"fa fa-at m-0 text-body\"><\/i>gmail.com<\/span>\r\n                <\/div>\r\n\r\n\r\n        <\/div>\r\n          <div class=\"row mx-0 py-2 result-line \">\r\n            <div class=\"col col-12 px-0 \"><div class=\"row mx-0 pr-2 result-line-content align-items-center\">\r\n                        <div class=\"col-12 col-md-6 px-0 \">\r\n                            <a class=\"emp-name\" href=\"https:\/\/semmelweis.hu\/telefonkonyv?emp_id=16359\"> Cs\u00e9pke Karolina <\/a>\r\n                            <br \/><span class=\"emp-phone\">Oktat\u00e1si asszisztens<\/span><\/div>\r\n                        <div class=\"col-12 col-md-6 px-0\"><span class=\"emp-phone\"><i class=\"fa fa-phone\" aria-hidden=\"true\"><\/i>06-1-459-1500\/56378, <\/span><span class=\"emp-email\"><i class=\"fa fa-envelope-o\" aria-hidden=\"true\"><\/i>csepke.karolina<i class=\"fa fa-at m-0 text-body\"><\/i>semmelweis.hu; cskarolina76<i class=\"fa fa-at m-0 text-body\"><\/i>gmail.com<\/span>\r\n                        <\/div>\r\n                    <\/div>\r\n                \r\n            <\/div>\r\n\r\n                <div class=\"col-12 col-md-6 px-0 d-none\"><span class=\"emp-phone\"><i class=\"fa fa-phone\" aria-hidden=\"true\"><\/i>06-1-459-1500\/56378, <\/span><span class=\"emp-email\"><i class=\"fa fa-envelope-o\" aria-hidden=\"true\"><\/i>csepke.karolina<i class=\"fa fa-at m-0 text-body\"><\/i>semmelweis.hu; cskarolina76<i class=\"fa fa-at m-0 text-body\"><\/i>gmail.com<\/span>\r\n                <\/div>\r\n\r\n\r\n        <\/div>\r\n          <div class=\"row mx-0 py-2 result-line \">\r\n            <div class=\"col col-12 px-0 \"><div class=\"row mx-0 pr-2 result-line-content align-items-center\">\r\n                        <div class=\"col-12 col-md-6 px-0 \">\r\n                            <a class=\"emp-name\" href=\"https:\/\/semmelweis.hu\/telefonkonyv?emp_id=8469\">Dr. Csuk\u00e1s Domokos <\/a>\r\n                            <br \/><span class=\"emp-phone\">Egyetemi tan\u00e1rseg\u00e9d<\/span><\/div>\r\n                        <div class=\"col-12 col-md-6 px-0\"><span class=\"emp-phone\"><i class=\"fa fa-phone\" aria-hidden=\"true\"><\/i>06-1-459-1500, 56576<\/span><span class=\"emp-email\"><i class=\"fa fa-envelope-o\" aria-hidden=\"true\"><\/i>csukas.domokos<i class=\"fa fa-at m-0 text-body\"><\/i>semmelweis.hu; drcsukasdomokos<i class=\"fa fa-at m-0 text-body\"><\/i>gmail.com<\/span>\r\n                        <\/div>\r\n                    <\/div>\r\n                \r\n            <\/div>\r\n\r\n                <div class=\"col-12 col-md-6 px-0 d-none\"><span class=\"emp-phone\"><i class=\"fa fa-phone\" aria-hidden=\"true\"><\/i>06-1-459-1500, 56576<\/span><span class=\"emp-email\"><i class=\"fa fa-envelope-o\" aria-hidden=\"true\"><\/i>csukas.domokos<i class=\"fa fa-at m-0 text-body\"><\/i>semmelweis.hu; drcsukasdomokos<i class=\"fa fa-at m-0 text-body\"><\/i>gmail.com<\/span>\r\n                <\/div>\r\n\r\n\r\n        <\/div>\r\n          <div class=\"row mx-0 py-2 result-line \">\r\n            <div class=\"col col-12 px-0 \"><div class=\"row mx-0 pr-2 result-line-content align-items-center\">\r\n                        <div class=\"col-12 col-md-6 px-0 \">\r\n                            <a class=\"emp-name\" href=\"https:\/\/semmelweis.hu\/telefonkonyv?emp_id=22813\">Dr. Damenija Givi <\/a>\r\n                            <br \/><span class=\"emp-phone\">mesteroktat\u00f3<\/span><\/div>\r\n                        <div class=\"col-12 col-md-6 px-0\">\r\n                        <\/div>\r\n                    <\/div>\r\n                \r\n            <\/div>\r\n\r\n                <div class=\"col-12 col-md-6 px-0 d-none\">\r\n                <\/div>\r\n\r\n\r\n        <\/div>\r\n          <div class=\"row mx-0 py-2 result-line \">\r\n            <div class=\"col col-12 px-0 \"><div class=\"row mx-0 pr-2 result-line-content align-items-center\">\r\n                        <div class=\"col-12 col-md-6 px-0 \">\r\n                            <a class=\"emp-name\" href=\"https:\/\/semmelweis.hu\/telefonkonyv?emp_id=25240\">Dr. M\u00e9sz\u00e1ros L\u00e1szl\u00f3 <\/a>\r\n                            <br \/><span class=\"emp-phone\">Egyetemi tan\u00e1rseg\u00e9d<\/span><\/div>\r\n                        <div class=\"col-12 col-md-6 px-0\"><span class=\"emp-phone\"><i class=\"fa fa-phone\" aria-hidden=\"true\"><\/i>56364<\/span><span class=\"emp-email\"><i class=\"fa fa-envelope-o\" aria-hidden=\"true\"><\/i>meszaros.laszlo1<i class=\"fa fa-at m-0 text-body\"><\/i>semmelweis.hu<\/span>\r\n                        <\/div>\r\n                    <\/div>\r\n                \r\n            <\/div>\r\n\r\n                <div class=\"col-12 col-md-6 px-0 d-none\"><span class=\"emp-phone\"><i class=\"fa fa-phone\" aria-hidden=\"true\"><\/i>56364<\/span><span class=\"emp-email\"><i class=\"fa fa-envelope-o\" aria-hidden=\"true\"><\/i>meszaros.laszlo1<i class=\"fa fa-at m-0 text-body\"><\/i>semmelweis.hu<\/span>\r\n                <\/div>\r\n\r\n\r\n        <\/div>\r\n          <div class=\"row mx-0 py-2 result-line \">\r\n            <div class=\"col col-12 px-0 \"><div class=\"row mx-0 pr-2 result-line-content align-items-center\">\r\n                        <div class=\"col-12 col-md-6 px-0 \">\r\n                            <a class=\"emp-name\" href=\"https:\/\/semmelweis.hu\/telefonkonyv?emp_id=10114\"> Petrovics Alica <\/a>\r\n                            <br \/><span class=\"emp-phone\">Titk\u00e1rs\u00e1gvezet\u0151<\/span><\/div>\r\n                        <div class=\"col-12 col-md-6 px-0\"><span class=\"emp-phone\"><i class=\"fa fa-phone\" aria-hidden=\"true\"><\/i>06-1-459-1500, 56569<\/span><span class=\"emp-email\"><i class=\"fa fa-envelope-o\" aria-hidden=\"true\"><\/i>petrovics.alica<i class=\"fa fa-at m-0 text-body\"><\/i>semmelweis.hu<\/span>\r\n                        <\/div>\r\n                    <\/div>\r\n                \r\n            <\/div>\r\n\r\n                <div class=\"col-12 col-md-6 px-0 d-none\"><span class=\"emp-phone\"><i class=\"fa fa-phone\" aria-hidden=\"true\"><\/i>06-1-459-1500, 56569<\/span><span class=\"emp-email\"><i class=\"fa fa-envelope-o\" aria-hidden=\"true\"><\/i>petrovics.alica<i class=\"fa fa-at m-0 text-body\"><\/i>semmelweis.hu<\/span>\r\n                <\/div>\r\n\r\n\r\n        <\/div>\r\n          <div class=\"row mx-0 py-2 result-line \">\r\n            <div class=\"col col-12 px-0 \"><div class=\"row mx-0 pr-2 result-line-content align-items-center\">\r\n                        <div class=\"col-12 col-md-6 px-0 \">\r\n                            <a class=\"emp-name\" href=\"https:\/\/semmelweis.hu\/telefonkonyv?emp_id=6976\">Prof. Dr. S\u00e1ndor J\u00f3zsef <\/a>\r\n                            <br \/><span class=\"emp-phone\">Professor Emeritus<\/span><\/div>\r\n                        <div class=\"col-12 col-md-6 px-0\"><span class=\"emp-phone\"><i class=\"fa fa-phone\" aria-hidden=\"true\"><\/i>06-1-459-1500, 56575<\/span><span class=\"emp-email\"><i class=\"fa fa-envelope-o\" aria-hidden=\"true\"><\/i>sanjozs<i class=\"fa fa-at m-0 text-body\"><\/i>hotmail.com<\/span>\r\n                        <\/div>\r\n                    <\/div>\r\n                \r\n            <\/div>\r\n\r\n                <div class=\"col-12 col-md-6 px-0 d-none\"><span class=\"emp-phone\"><i class=\"fa fa-phone\" aria-hidden=\"true\"><\/i>06-1-459-1500, 56575<\/span><span class=\"emp-email\"><i class=\"fa fa-envelope-o\" aria-hidden=\"true\"><\/i>sanjozs<i class=\"fa fa-at m-0 text-body\"><\/i>hotmail.com<\/span>\r\n                <\/div>\r\n\r\n\r\n        <\/div>\r\n          <div class=\"row mx-0 py-2 result-line \">\r\n            <div class=\"col col-12 px-0 \"><div class=\"row mx-0 pr-2 result-line-content align-items-center\">\r\n                        <div class=\"col-12 col-md-6 px-0 \">\r\n                            <a class=\"emp-name\" href=\"https:\/\/semmelweis.hu\/telefonkonyv?emp_id=8473\"> Schum Ibolya <\/a>\r\n                            <br \/><span class=\"emp-phone\">Oktat\u00e1si asszisztens<\/span><\/div>\r\n                        <div class=\"col-12 col-md-6 px-0\"><span class=\"emp-phone\"><i class=\"fa fa-phone\" aria-hidden=\"true\"><\/i>06-1-459-1500, 56378<\/span><span class=\"emp-email\"><i class=\"fa fa-envelope-o\" aria-hidden=\"true\"><\/i>schum.ibolya<i class=\"fa fa-at m-0 text-body\"><\/i>semmelweis.hu; schumibolya<i class=\"fa fa-at m-0 text-body\"><\/i>gmail.com<\/span>\r\n                        <\/div>\r\n                    <\/div>\r\n                \r\n            <\/div>\r\n\r\n                <div class=\"col-12 col-md-6 px-0 d-none\"><span class=\"emp-phone\"><i class=\"fa fa-phone\" aria-hidden=\"true\"><\/i>06-1-459-1500, 56378<\/span><span class=\"emp-email\"><i class=\"fa fa-envelope-o\" aria-hidden=\"true\"><\/i>schum.ibolya<i class=\"fa fa-at m-0 text-body\"><\/i>semmelweis.hu; schumibolya<i class=\"fa fa-at m-0 text-body\"><\/i>gmail.com<\/span>\r\n                <\/div>\r\n\r\n\r\n        <\/div>\r\n          <div class=\"row mx-0 py-2 result-line \">\r\n            <div class=\"col col-12 px-0 \"><div class=\"row mx-0 pr-2 result-line-content align-items-center\">\r\n                        <div class=\"col-12 col-md-6 px-0 \">\r\n                            <a class=\"emp-name\" href=\"https:\/\/semmelweis.hu\/telefonkonyv?emp_id=8471\">Dr. Szab\u00f3 Gy\u00f6rgyi PhD<\/a>\r\n                            <br \/><span class=\"emp-phone\">Egyetemi adjunktus,<\/span><\/div>\r\n                        <div class=\"col-12 col-md-6 px-0\"><span class=\"emp-phone\"><i class=\"fa fa-phone\" aria-hidden=\"true\"><\/i>06-1-459-1500, 56575<\/span><span class=\"emp-email\"><i class=\"fa fa-envelope-o\" aria-hidden=\"true\"><\/i>szabo.gyorgyi<i class=\"fa fa-at m-0 text-body\"><\/i>semmelweis.hu<\/span>\r\n                        <\/div>\r\n                    <\/div>\r\n                \r\n            <\/div>\r\n\r\n                <div class=\"col-12 col-md-6 px-0 d-none\"><span class=\"emp-phone\"><i class=\"fa fa-phone\" aria-hidden=\"true\"><\/i>06-1-459-1500, 56575<\/span><span class=\"emp-email\"><i class=\"fa fa-envelope-o\" aria-hidden=\"true\"><\/i>szabo.gyorgyi<i class=\"fa fa-at m-0 text-body\"><\/i>semmelweis.hu<\/span>\r\n                <\/div>\r\n\r\n\r\n        <\/div>\r\n          <div class=\"row mx-0 py-2 result-line \">\r\n            <div class=\"col col-12 px-0 \"><div class=\"row mx-0 pr-2 result-line-content align-items-center\">\r\n                        <div class=\"col-12 col-md-6 px-0 \">\r\n                            <a class=\"emp-name\" href=\"https:\/\/semmelweis.hu\/telefonkonyv?emp_id=25241\"> Tatai Fanni <\/a>\r\n                            <br \/><span class=\"emp-phone\">Kutat\u00e1si munkat\u00e1rs<\/span><\/div>\r\n                        <div class=\"col-12 col-md-6 px-0\"><span class=\"emp-phone\"><i class=\"fa fa-phone\" aria-hidden=\"true\"><\/i>56364<\/span><span class=\"emp-email\"><i class=\"fa fa-envelope-o\" aria-hidden=\"true\"><\/i>tatai.fanni<i class=\"fa fa-at m-0 text-body\"><\/i>semmelweis.hu<\/span>\r\n                        <\/div>\r\n                    <\/div>\r\n                \r\n            <\/div>\r\n\r\n                <div class=\"col-12 col-md-6 px-0 d-none\"><span class=\"emp-phone\"><i class=\"fa fa-phone\" aria-hidden=\"true\"><\/i>56364<\/span><span class=\"emp-email\"><i class=\"fa fa-envelope-o\" aria-hidden=\"true\"><\/i>tatai.fanni<i class=\"fa fa-at m-0 text-body\"><\/i>semmelweis.hu<\/span>\r\n                <\/div>\r\n\r\n\r\n        <\/div>\r\n          <div class=\"row mx-0 py-2 result-line \">\r\n            <div class=\"col col-12 px-0 \"><div class=\"row mx-0 pr-2 result-line-content align-items-center\">\r\n                        <div class=\"col-12 col-md-6 px-0 \">\r\n                            <a class=\"emp-name\" href=\"https:\/\/semmelweis.hu\/telefonkonyv?emp_id=25242\"> Ujv\u00e1ri Vera <\/a>\r\n                            <br \/><span class=\"emp-phone\">Kutat\u00e1si munkat\u00e1rs<\/span><\/div>\r\n                        <div class=\"col-12 col-md-6 px-0\"><span class=\"emp-phone\"><i class=\"fa fa-phone\" aria-hidden=\"true\"><\/i>56576<\/span><span class=\"emp-email\"><i class=\"fa fa-envelope-o\" aria-hidden=\"true\"><\/i>ujvari.vera<i class=\"fa fa-at m-0 text-body\"><\/i>semmelweis.hu<\/span>\r\n                        <\/div>\r\n                    <\/div>\r\n                \r\n            <\/div>\r\n\r\n                <div class=\"col-12 col-md-6 px-0 d-none\"><span class=\"emp-phone\"><i class=\"fa fa-phone\" aria-hidden=\"true\"><\/i>56576<\/span><span class=\"emp-email\"><i class=\"fa fa-envelope-o\" aria-hidden=\"true\"><\/i>ujvari.vera<i class=\"fa fa-at m-0 text-body\"><\/i>semmelweis.hu<\/span>\r\n                <\/div>\r\n\r\n\r\n        <\/div>\r\n          <div class=\"row mx-0 py-2 result-line \">\r\n            <div class=\"col col-12 px-0 \"><div class=\"row mx-0 pr-2 result-line-content align-items-center\">\r\n                        <div class=\"col-12 col-md-6 px-0 \">\r\n                            <a class=\"emp-name\" href=\"https:\/\/semmelweis.hu\/telefonkonyv?emp_id=14933\"> Viczi\u00e1n Mariann <\/a>\r\n                            <br \/><span class=\"emp-phone\">Gazdas\u00e1gi \u00fcgyint\u00e9z\u0151  (V\u00e1rosmajori Klinikai T\u00f6mbigazgat\u00f3s\u00e1g)<\/span><\/div>\r\n                        <div class=\"col-12 col-md-6 px-0\"><span class=\"emp-phone\"><i class=\"fa fa-phone\" aria-hidden=\"true\"><\/i>06-1-459-1500, 56249<\/span><span class=\"emp-email\"><i class=\"fa fa-envelope-o\" aria-hidden=\"true\"><\/i>viczian.mariann<i class=\"fa fa-at m-0 text-body\"><\/i>semmelweis.hu<\/span>\r\n                        <\/div>\r\n                    <\/div>\r\n                \r\n            <\/div>\r\n\r\n                <div class=\"col-12 col-md-6 px-0 d-none\"><span class=\"emp-phone\"><i class=\"fa fa-phone\" aria-hidden=\"true\"><\/i>06-1-459-1500, 56249<\/span><span class=\"emp-email\"><i class=\"fa fa-envelope-o\" aria-hidden=\"true\"><\/i>viczian.mariann<i class=\"fa fa-at m-0 text-body\"><\/i>semmelweis.hu<\/span>\r\n                <\/div>\r\n\r\n\r\n        <\/div><\/div><\/div>\n<\/div><\/div>\n","protected":false},"excerpt":{"rendered":"<p>Nagyv\u00e1rad T\u00e9ri Elm\u00e9leti T\u00f6mb (=NET) C\u00edm: 1089 Budapest, Nagyv\u00e1rad t\u00e9r 4. GPS koordin\u00e1t\u00e1k:\u00a047.479851, 19.091865 Torony XI. emelet: igazgat\u00f3, titk\u00e1rs\u00e1g, gazdas\u00e1gi \u00fcgyint\u00e9z\u0151 \u00e9s orvosi szob\u00e1k Kontakt szem\u00e9ly: Petrovics Alica, titk\u00e1rs\u00e1gvezet\u0151 Telefon: 06-1-459-1500; Mell\u00e9k: 56569 Fax: 06-1-459-1500\/56574 E-mail: kksmtnet@semmelweis.hu Torony XIV. emelet: 1419. \u00e9s 1420. sz\u00e1m\u00fa tanterem Telefon: 06-1-459-1500; Mell\u00e9k: 56185 Szabadgy\u00f6k labor NET 2. sz\u00e1m\u00fa szemin\u00e1riumi &hellip;<\/p>\n","protected":false},"author":8,"featured_media":0,"parent":0,"menu_order":7,"comment_status":"closed","ping_status":"closed","template":"","meta":{"_acf_changed":false,"footnotes":""},"categories":[],"tags":[],"class_list":["post-10","page","type-page","status-publish","hentry"],"acf":[],"_links":{"self":[{"href":"https:\/\/semmelweis.hu\/mutettan\/wp-json\/wp\/v2\/pages\/10","targetHints":{"allow":["GET"]}}],"collection":[{"href":"https:\/\/semmelweis.hu\/mutettan\/wp-json\/wp\/v2\/pages"}],"about":[{"href":"https:\/\/semmelweis.hu\/mutettan\/wp-json\/wp\/v2\/types\/page"}],"author":[{"embeddable":true,"href":"https:\/\/semmelweis.hu\/mutettan\/wp-json\/wp\/v2\/users\/8"}],"replies":[{"embeddable":true,"href":"https:\/\/semmelweis.hu\/mutettan\/wp-json\/wp\/v2\/comments?post=10"}],"version-history":[{"count":11,"href":"https:\/\/semmelweis.hu\/mutettan\/wp-json\/wp\/v2\/pages\/10\/revisions"}],"predecessor-version":[{"id":8862,"href":"https:\/\/semmelweis.hu\/mutettan\/wp-json\/wp\/v2\/pages\/10\/revisions\/8862"}],"wp:attachment":[{"href":"https:\/\/semmelweis.hu\/mutettan\/wp-json\/wp\/v2\/media?parent=10"}],"wp:term":[{"taxonomy":"category","embeddable":true,"href":"https:\/\/semmelweis.hu\/mutettan\/wp-json\/wp\/v2\/categories?post=10"},{"taxonomy":"post_tag","embeddable":true,"href":"https:\/\/semmelweis.hu\/mutettan\/wp-json\/wp\/v2\/tags?post=10"}],"curies":[{"name":"wp","href":"https:\/\/api.w.org\/{rel}","templated":true}]}}