{"id":272,"date":"2018-04-17T15:13:02","date_gmt":"2018-04-17T15:13:02","guid":{"rendered":"http:\/\/test.semmelweis.hu\/munkatarsaknak\/?page_id=272"},"modified":"2018-04-17T15:13:02","modified_gmt":"2018-04-17T15:13:02","slug":"kereses","status":"publish","type":"page","link":"https:\/\/semmelweis.hu\/munkatarsaknak\/kereses\/","title":{"rendered":"Keres\u00e9si tal\u00e1latok a szervezeti h\u00edrek k\u00f6z\u00f6tt"},"content":{"rendered":"","protected":false},"excerpt":{"rendered":"","protected":false},"author":158,"featured_media":0,"parent":0,"menu_order":0,"comment_status":"closed","ping_status":"closed","template":"template-munkatarsaknak-search.php","meta":{"_acf_changed":false,"footnotes":""},"categories":[],"tags":[],"class_list":["post-272","page","type-page","status-publish","hentry"],"acf":[],"_links":{"self":[{"href":"https:\/\/semmelweis.hu\/munkatarsaknak\/wp-json\/wp\/v2\/pages\/272","targetHints":{"allow":["GET"]}}],"collection":[{"href":"https:\/\/semmelweis.hu\/munkatarsaknak\/wp-json\/wp\/v2\/pages"}],"about":[{"href":"https:\/\/semmelweis.hu\/munkatarsaknak\/wp-json\/wp\/v2\/types\/page"}],"author":[{"embeddable":true,"href":"https:\/\/semmelweis.hu\/munkatarsaknak\/wp-json\/wp\/v2\/users\/158"}],"replies":[{"embeddable":true,"href":"https:\/\/semmelweis.hu\/munkatarsaknak\/wp-json\/wp\/v2\/comments?post=272"}],"version-history":[{"count":0,"href":"https:\/\/semmelweis.hu\/munkatarsaknak\/wp-json\/wp\/v2\/pages\/272\/revisions"}],"wp:attachment":[{"href":"https:\/\/semmelweis.hu\/munkatarsaknak\/wp-json\/wp\/v2\/media?parent=272"}],"wp:term":[{"taxonomy":"category","embeddable":true,"href":"https:\/\/semmelweis.hu\/munkatarsaknak\/wp-json\/wp\/v2\/categories?post=272"},{"taxonomy":"post_tag","embeddable":true,"href":"https:\/\/semmelweis.hu\/munkatarsaknak\/wp-json\/wp\/v2\/tags?post=272"}],"curies":[{"name":"wp","href":"https:\/\/api.w.org\/{rel}","templated":true}]}}