{"id":57,"date":"2015-01-07T07:58:07","date_gmt":"2015-01-07T07:58:07","guid":{"rendered":"http:\/\/semmelweis.hu\/msri\/?page_id=57"},"modified":"2022-03-11T09:33:35","modified_gmt":"2022-03-11T09:33:35","slug":"kuldetes-nyilatkozat","status":"publish","type":"page","link":"https:\/\/semmelweis.hu\/msri\/kuldetes-nyilatkozat\/","title":{"rendered":"K\u00fcldet\u00e9s nyilatkozat"},"content":{"rendered":"<p>A Semmelweis Egyetem Fogorvostudom\u00e1nyi Kar, \u00d6n\u00e1ll\u00f3 Radiol\u00f3giai R\u00e9szleg keret\u00e9ben megalakul\u00f3 Anyagtudom\u00e1nyi Kutat\u00f3 K\u00f6zpont (AKK) [Materials Science Research Institute=MSRI] c\u00e9lir\u00e1nyos k\u00e9pzetts\u00e9g\u0171, interdiszciplin\u00e1ris egy\u00fcttm\u0171k\u00f6d\u00e9sben j\u00e1ratos, nemzetk\u00f6zi elismerts\u00e9gnek \u00f6rvend\u0151 kutat\u00f3i g\u00e1rd\u00e1val k\u00edv\u00e1nja ennek a mind vertik\u00e1lisan, mind horizont\u00e1lisan sz\u00e9les spektrum\u00fa tud\u00e1st \u00e9s j\u00e1rtass\u00e1got ig\u00e9nyl\u0151 r\u00e9szszakm\u00e1nak magas szint\u0171 m\u0171vel\u00e9s\u00e9t folytatni. Kiemelten k\u00edv\u00e1n foglalkozni a biokompatibilis \u00e9s biomolekul\u00e1ris anyagok, implant\u00e1tumok \u00e9s m\u00e1s hasonl\u00f3 anyagok jellemz\u00e9s\u00e9vel, lek\u00e9pez\u00e9s\u00e9vel \u00e9s \u00e9sszer\u0171 tervez\u00e9s\u00e9vel.<\/p>\n<p>C\u00e9lja, hogy a hazai k\u00f6rnyezetben \u00fatt\u00f6r\u0151k\u00e9nt teljes\u00edtse a XXI. sz\u00e1zad technol\u00f3giai-\u00e9s ismeretanyag\u00e1val szinkron magas sz\u00ednvonal\u00fa tudom\u00e1nyos kutat\u00e1st. A kutat\u00f3 munka nemcsak alapkutat\u00e1st jelent, hanem c\u00e9lir\u00e1nyos alap \u00e9s alkalmazott kutat\u00e1s, valamint a k\u00eds\u00e9rleti fejleszt\u00e9s \u00e9rdek\u00e9ben t\u00f6rt\u00e9nik. Az AKK k\u00fcldet\u00e9s\u00e9nek tekinti az egyetemi kutat\u00e1si eredm\u00e9nyek ipari \u00e9s \u00fczleti hasznos\u00edt\u00e1s\u00e1t.<\/p>\n<p>Ez a tudom\u00e1nyos m\u0171hely alapj\u00e1ul szolg\u00e1l a fogorvosk\u00e9pz\u00e9s gradu\u00e1lis szintj\u00e9nek a kor ig\u00e9nyeihez t\u00f6rt\u00e9n\u0151 emel\u00e9s\u00e9ben, tov\u00e1bb\u00e1, a posztgradu\u00e1lis k\u00e9pz\u00e9s megalap\u00edt\u00e1s\u00e1ban \u00e9s elind\u00edt\u00e1s\u00e1ban. Az AKK munk\u00e1j\u00e1ban r\u00e9sztvev\u0151 munkat\u00e1rsak megszerzett tud\u00e1sukat az oktat\u00e1s k\u00fcl\u00f6nb\u00f6z\u0151 szintjein kamatoztatj\u00e1k.<\/p>\n<p>A most megalakul\u00f3 AKK kiemelt feladatk\u00e9nt kezeli az anyagtudom\u00e1ny egy \u00faj koncepci\u00f3 szerint m\u0171k\u00f6d\u0151, nemzetk\u00f6zi h\u00e1l\u00f3zat\u00e1nak l\u00e9trehoz\u00e1s\u00e1t, illetve abban val\u00f3 akt\u00edv r\u00e9szv\u00e9telt, vezet\u0151 szerepet. Ennek k\u00f6vetkezt\u00e9ben, r\u00f6vid id\u0151 alatt a vil\u00e1g neves anyagtani kutat\u00f3 m\u0171helyei sor\u00e1ba k\u00edv\u00e1n l\u00e9pni.<\/p>\n<p>A fenntarthat\u00f3 fejl\u0151d\u00e9s koncepci\u00f3j\u00e1t nagyon szigor\u00faan k\u00edv\u00e1nja saj\u00e1t m\u0171k\u00f6d\u00e9s\u00e9ben is k\u00f6vetni, m\u00e1r indul\u00e1sakor is oly m\u00f3don, hogy az elm\u00e9let-alap\u00fa m\u00f3dszerek, aktivit\u00e1s\u00e1nak alapj\u00e1t k\u00e9pezi. Ez a megk\u00f6zel\u00edt\u00e9s k\u00f6lts\u00e9gk\u00edm\u00e9l\u0151, tudom\u00e1nyos tervez\u00e9s \u00e9s szimul\u00e1ci\u00f3 r\u00e9v\u00e9n ir\u00e1ny\u00edtott anyagi tulajdons\u00e1gok jav\u00edt\u00e1s\u00e1t jelenti. Ennek a szeml\u00e9letnek k\u00f6sz\u00f6net\u0151en v\u00e1lhat az AKK a vil\u00e1gon az els\u0151 m\u0171helly\u00e9, ahol fog\u00e1szati anyag fejleszt\u00e9se ezekkel az elvekkel t\u00f6rt\u00e9nik.<\/p>\n","protected":false},"excerpt":{"rendered":"<p>A Semmelweis Egyetem Fogorvostudom\u00e1nyi Kar, \u00d6n\u00e1ll\u00f3 Radiol\u00f3giai R\u00e9szleg keret\u00e9ben megalakul\u00f3 Anyagtudom\u00e1nyi Kutat\u00f3 K\u00f6zpont (AKK) [Materials Science Research Institute=MSRI] c\u00e9lir\u00e1nyos k\u00e9pzetts\u00e9g\u0171, interdiszciplin\u00e1ris egy\u00fcttm\u0171k\u00f6d\u00e9sben j\u00e1ratos, nemzetk\u00f6zi elismerts\u00e9gnek \u00f6rvend\u0151 kutat\u00f3i g\u00e1rd\u00e1val k\u00edv\u00e1nja ennek a mind vertik\u00e1lisan, mind horizont\u00e1lisan sz\u00e9les spektrum\u00fa tud\u00e1st \u00e9s j\u00e1rtass\u00e1got ig\u00e9nyl\u0151 r\u00e9szszakm\u00e1nak magas szint\u0171 m\u0171vel\u00e9s\u00e9t folytatni. Kiemelten k\u00edv\u00e1n foglalkozni a biokompatibilis \u00e9s biomolekul\u00e1ris anyagok, implant\u00e1tumok &hellip;<\/p>\n","protected":false},"author":12,"featured_media":0,"parent":0,"menu_order":6,"comment_status":"open","ping_status":"closed","template":"","meta":{"_acf_changed":false,"footnotes":""},"categories":[],"tags":[],"class_list":["post-57","page","type-page","status-publish","hentry"],"acf":[],"_links":{"self":[{"href":"https:\/\/semmelweis.hu\/msri\/wp-json\/wp\/v2\/pages\/57","targetHints":{"allow":["GET"]}}],"collection":[{"href":"https:\/\/semmelweis.hu\/msri\/wp-json\/wp\/v2\/pages"}],"about":[{"href":"https:\/\/semmelweis.hu\/msri\/wp-json\/wp\/v2\/types\/page"}],"author":[{"embeddable":true,"href":"https:\/\/semmelweis.hu\/msri\/wp-json\/wp\/v2\/users\/12"}],"replies":[{"embeddable":true,"href":"https:\/\/semmelweis.hu\/msri\/wp-json\/wp\/v2\/comments?post=57"}],"version-history":[{"count":2,"href":"https:\/\/semmelweis.hu\/msri\/wp-json\/wp\/v2\/pages\/57\/revisions"}],"predecessor-version":[{"id":130,"href":"https:\/\/semmelweis.hu\/msri\/wp-json\/wp\/v2\/pages\/57\/revisions\/130"}],"wp:attachment":[{"href":"https:\/\/semmelweis.hu\/msri\/wp-json\/wp\/v2\/media?parent=57"}],"wp:term":[{"taxonomy":"category","embeddable":true,"href":"https:\/\/semmelweis.hu\/msri\/wp-json\/wp\/v2\/categories?post=57"},{"taxonomy":"post_tag","embeddable":true,"href":"https:\/\/semmelweis.hu\/msri\/wp-json\/wp\/v2\/tags?post=57"}],"curies":[{"name":"wp","href":"https:\/\/api.w.org\/{rel}","templated":true}]}}