{"id":8332,"date":"2023-06-29T14:11:20","date_gmt":"2023-06-29T12:11:20","guid":{"rendered":"https:\/\/semmelweis.hu\/molekularis-biologia\/?page_id=8332"},"modified":"2026-03-25T10:28:09","modified_gmt":"2026-03-25T09:28:09","slug":"aufruf-zur-lehrassistenten-stipendium","status":"publish","type":"page","link":"https:\/\/semmelweis.hu\/molekularis-biologia\/de\/aufruf-zur-lehrassistenten-stipendium\/","title":{"rendered":"Aufruf zur Lehrassistenten-Stipendium"},"content":{"rendered":"<p style=\"text-align: justify\"><strong>Allgemeine Informationen<\/strong><br \/>\nDie Abteilung f\u00fcr Molekularbiologie bietet im n\u00e4chsten akademischen Jahr Stellen f\u00fcr Lehrassistenten f\u00fcr internationale Studierende der Semmelweis Universit\u00e4t an. Ziel des Lehrassistenten\u2011Stipendiums ist es, Studierende in die Lehrt\u00e4tigkeiten der Abteilung einzubinden. Die Lehrassistenten nehmen an den Laborpraktika der von der Abteilung angebotenen Kurse teil. Dazu geh\u00f6ren die Pr\u00e4sentation der theoretischen Grundlagen der Experimente, technische Unterst\u00fctzung, die Aufsicht \u00fcber Studierende w\u00e4hrend der Laborsitzungen sowie gelegentlich die selbstst\u00e4ndige Durchf\u00fchrung von Labor\u00fcbungen unter der Aufsicht eines Tutors. Zudem k\u00f6nnen sie f\u00fcr die Abhaltung von Sprechstunden verantwortlich sein.<\/p>\n<p><strong>Bewerbungskriterien in K\u00fcrze:<\/strong><\/p>\n<ul>\n<li>Durchschnitt von mindestens 4,0 im Studienjahr 2025\/26;<\/li>\n<li>sehr gute (5) Note in den Pflichtveranstaltungen des Fachbereichs;<\/li>\n<li>mindestens ein Jahr wissenschaftliche Studienarbeit (TDK) am Fachbereich<\/li>\n<li>Bewerbungsschluss ist der 10. Juli 2026;<\/li>\n<\/ul>\n<p>Aufruf f\u00fcr internationale Studierende der <a href=\"https:\/\/semmelweis.hu\/molekularis-biologia\/files\/2026\/03\/Demonstratori-palyazat-AOK-2026_2027_DE.pdf\" target=\"_blank\" rel=\"noopener\"><strong>Medizinischen Fakult\u00e4t<\/strong><\/a>, und der <a href=\"https:\/\/semmelweis.hu\/molekularis-biologia\/files\/2026\/03\/Demonstratori-palyazat-FOK-2026_2027_DE.pdf\" target=\"_blank\" rel=\"noopener\"><strong>Fakult\u00e4t f\u00fcr Zahnheilkunde<\/strong><\/a><\/p>\n<p>F\u00fcr die Bewerbung ist ein ausgef\u00fclltes und unterschriebenes <a href=\"https:\/\/semmelweis.hu\/deutsch\/files\/2023\/06\/Demonstratoren-Stipendium-Antragsformular.pdf\" target=\"_blank\" rel=\"noopener\"><strong>Bewerbungsformular<\/strong><\/a>  bis zum 5. Juli 2025 beim Departementssekretariat einzureichen.<\/p>\n<p>Weitere Informationen zur Bewerbung f\u00fcr Studierende der <a href=\"https:\/\/semmelweis.hu\/deutsch\/studium\/demonstratortaetigkeit\/\" target=\"_blank\" rel=\"noopener\"><strong>Medizinischen Fakult\u00e4t<\/strong><\/a>, und der <a href=\"https:\/\/semmelweis.hu\/deutsch\/files\/2022\/06\/Information-Demonstratortaetigkeit-2022.pdf\" target=\"_blank\" rel=\"noopener\"><strong>Fakult\u00e4t f\u00fcr Zahnheilkunde<\/strong><\/a>.<\/p>\n","protected":false},"excerpt":{"rendered":"<p>Allgemeine Informationen Die Abteilung f\u00fcr Molekularbiologie bietet im n\u00e4chsten akademischen Jahr Stellen f\u00fcr Lehrassistenten f\u00fcr internationale Studierende der Semmelweis Universit\u00e4t an. Ziel des Lehrassistenten\u2011Stipendiums ist es, Studierende in die Lehrt\u00e4tigkeiten der Abteilung einzubinden. Die Lehrassistenten nehmen an den Laborpraktika der von der Abteilung angebotenen Kurse teil. Dazu geh\u00f6ren die Pr\u00e4sentation der theoretischen Grundlagen der Experimente, &hellip;<\/p>\n","protected":false},"author":101874,"featured_media":0,"parent":0,"menu_order":0,"comment_status":"closed","ping_status":"closed","template":"","meta":{"_acf_changed":false,"footnotes":""},"categories":[],"tags":[],"class_list":["post-8332","page","type-page","status-publish","hentry"],"acf":[],"_links":{"self":[{"href":"https:\/\/semmelweis.hu\/molekularis-biologia\/wp-json\/wp\/v2\/pages\/8332","targetHints":{"allow":["GET"]}}],"collection":[{"href":"https:\/\/semmelweis.hu\/molekularis-biologia\/wp-json\/wp\/v2\/pages"}],"about":[{"href":"https:\/\/semmelweis.hu\/molekularis-biologia\/wp-json\/wp\/v2\/types\/page"}],"author":[{"embeddable":true,"href":"https:\/\/semmelweis.hu\/molekularis-biologia\/wp-json\/wp\/v2\/users\/101874"}],"replies":[{"embeddable":true,"href":"https:\/\/semmelweis.hu\/molekularis-biologia\/wp-json\/wp\/v2\/comments?post=8332"}],"version-history":[{"count":10,"href":"https:\/\/semmelweis.hu\/molekularis-biologia\/wp-json\/wp\/v2\/pages\/8332\/revisions"}],"predecessor-version":[{"id":8949,"href":"https:\/\/semmelweis.hu\/molekularis-biologia\/wp-json\/wp\/v2\/pages\/8332\/revisions\/8949"}],"wp:attachment":[{"href":"https:\/\/semmelweis.hu\/molekularis-biologia\/wp-json\/wp\/v2\/media?parent=8332"}],"wp:term":[{"taxonomy":"category","embeddable":true,"href":"https:\/\/semmelweis.hu\/molekularis-biologia\/wp-json\/wp\/v2\/categories?post=8332"},{"taxonomy":"post_tag","embeddable":true,"href":"https:\/\/semmelweis.hu\/molekularis-biologia\/wp-json\/wp\/v2\/tags?post=8332"}],"curies":[{"name":"wp","href":"https:\/\/api.w.org\/{rel}","templated":true}]}}