{"id":7759,"date":"2022-02-28T11:46:25","date_gmt":"2022-02-28T10:46:25","guid":{"rendered":"https:\/\/semmelweis.hu\/molekularis-biologia\/?page_id=7759"},"modified":"2022-08-30T09:36:30","modified_gmt":"2022-08-30T07:36:30","slug":"ueber-die-abteilung","status":"publish","type":"page","link":"https:\/\/semmelweis.hu\/molekularis-biologia\/de\/ueber-die-abteilung\/","title":{"rendered":"\u00dcber die Abteilung"},"content":{"rendered":"<p style=\"text-align: justify;\">\u2003\u2003Das Institut f\u00fcr Molekularbiologie unterrichtet zwei Pflichtf\u00e4cher \u2013 ein einsemestriges Fach \u201eChemie f\u00fcr Mediziner\u201c und ein zweisemestriges Fach \u201eMolekulare Zellbiologie\u201c \u2013 sowie mehrere Wahlpflichtf\u00e4cher im Basismodul der allgemeinmedizinischen und zahnmedizinischen Ausbildungsg\u00e4nge. Diese F\u00e4cher werden an beiden Fakult\u00e4ten sowohl in Form von Vorlesungen und Laborpraktika gelehrt. Die Professoren des Institutes nehmen auch an Studienprogrammen anderer Universit\u00e4ten teil. Sie unterrichten Molekularbiologie, rekombinante DNA-Technologie und Signal\u00fcbertragung in der MSc-Ausbildung f\u00fcr Medizintechnik der Fakult\u00e4t f\u00fcr Elektrotechnik und Informatik der technischen und wirtschaftswissenschaftlichen Universit\u00e4t Budapest und in der MSc-Ausbildung f\u00fcr medizinische Biotechnologie der Fakult\u00e4t f\u00fcr Informationstechnologie und Bionik der katholischen P\u00e1zm\u00e1ny P\u00e9ter Universit\u00e4t.<br \/>\n\u00a0<br \/>\n\u2003\u2003Zur Exzellenz der Ausbildung des Fachbereichs tr\u00e4gt bei, dass unsere Kollegen im Rahmen intensiver nationaler und internationaler Kooperationen hervorragende Forschungsarbeit leisten, welche durch unabh\u00e4ngige Forschungsstipendien finanziert werden. Die erfolgreiche wissenschaftliche Forschungst\u00e4tigkeit des Fachbereichs bildet auch die Grundlage f\u00fcr die Aufnahme einer betr\u00e4chtlichen Anzahl an Doktoranden (Ph.D.) und Forschungs (TDK)-Studenten, die sich f\u00fcr die experimentelle Arbeit in unserem Fachbereich interessieren. Neben den erfolgreichen Qualifikationen und den gro\u00dfartigen Ergebnissen der TDK-Konferenzen, zeigt sich die Qualit\u00e4t auch in der Zahl der Habilitanten, Doktorw\u00fcrden der Ungarischen Akademie der Wissenschaften, Akademiker und Sz\u00e9chenyi-Preistr\u00e4ger unter den Kollegen des Fachbereichs.<\/p>\n","protected":false},"excerpt":{"rendered":"<p>\u2003\u2003Das Institut f\u00fcr Molekularbiologie unterrichtet zwei Pflichtf\u00e4cher \u2013 ein einsemestriges Fach \u201eChemie f\u00fcr Mediziner\u201c und ein zweisemestriges Fach \u201eMolekulare Zellbiologie\u201c \u2013 sowie mehrere Wahlpflichtf\u00e4cher im Basismodul der allgemeinmedizinischen und zahnmedizinischen Ausbildungsg\u00e4nge. Diese F\u00e4cher werden an beiden Fakult\u00e4ten sowohl in Form von Vorlesungen und Laborpraktika gelehrt. Die Professoren des Institutes nehmen auch an Studienprogrammen anderer Universit\u00e4ten &hellip;<\/p>\n","protected":false},"author":101874,"featured_media":7898,"parent":0,"menu_order":0,"comment_status":"closed","ping_status":"closed","template":"","meta":{"_acf_changed":false,"footnotes":""},"categories":[],"tags":[],"class_list":["post-7759","page","type-page","status-publish","has-post-thumbnail","hentry"],"acf":[],"_links":{"self":[{"href":"https:\/\/semmelweis.hu\/molekularis-biologia\/wp-json\/wp\/v2\/pages\/7759","targetHints":{"allow":["GET"]}}],"collection":[{"href":"https:\/\/semmelweis.hu\/molekularis-biologia\/wp-json\/wp\/v2\/pages"}],"about":[{"href":"https:\/\/semmelweis.hu\/molekularis-biologia\/wp-json\/wp\/v2\/types\/page"}],"author":[{"embeddable":true,"href":"https:\/\/semmelweis.hu\/molekularis-biologia\/wp-json\/wp\/v2\/users\/101874"}],"replies":[{"embeddable":true,"href":"https:\/\/semmelweis.hu\/molekularis-biologia\/wp-json\/wp\/v2\/comments?post=7759"}],"version-history":[{"count":2,"href":"https:\/\/semmelweis.hu\/molekularis-biologia\/wp-json\/wp\/v2\/pages\/7759\/revisions"}],"predecessor-version":[{"id":7913,"href":"https:\/\/semmelweis.hu\/molekularis-biologia\/wp-json\/wp\/v2\/pages\/7759\/revisions\/7913"}],"wp:featuredmedia":[{"embeddable":true,"href":"https:\/\/semmelweis.hu\/molekularis-biologia\/wp-json\/wp\/v2\/media\/7898"}],"wp:attachment":[{"href":"https:\/\/semmelweis.hu\/molekularis-biologia\/wp-json\/wp\/v2\/media?parent=7759"}],"wp:term":[{"taxonomy":"category","embeddable":true,"href":"https:\/\/semmelweis.hu\/molekularis-biologia\/wp-json\/wp\/v2\/categories?post=7759"},{"taxonomy":"post_tag","embeddable":true,"href":"https:\/\/semmelweis.hu\/molekularis-biologia\/wp-json\/wp\/v2\/tags?post=7759"}],"curies":[{"name":"wp","href":"https:\/\/api.w.org\/{rel}","templated":true}]}}