{"id":7719,"date":"2022-02-28T09:41:48","date_gmt":"2022-02-28T08:41:48","guid":{"rendered":"https:\/\/semmelweis.hu\/molekularis-biologia\/?page_id=7719"},"modified":"2023-06-30T11:28:02","modified_gmt":"2023-06-30T09:28:02","slug":"rolunk","status":"publish","type":"page","link":"https:\/\/semmelweis.hu\/molekularis-biologia\/a-tanszekrol\/rolunk\/","title":{"rendered":"R\u00f3lunk"},"content":{"rendered":"<p align=\"justify\">\u2003\u2003A Molekul\u00e1ris Biol\u00f3giai Tansz\u00e9k a Semmelweis Egyetem \u00e1ltal\u00e1nos orvos- \u00e9s fogorvosk\u00e9pz\u00e9s\u00e9nek elm\u00e9leti modulj\u00e1ban k\u00e9t k\u00f6telez\u0151 &#8211; az egyf\u00e9l\u00e9ves Orvosi k\u00e9mia \u00e9s a k\u00e9tf\u00e9l\u00e9ves Molekul\u00e1ris sejtbiol\u00f3gia -, valamint t\u00f6bb v\u00e1laszthat\u00f3 t\u00e1rgy <a href=\"https:\/\/semmelweis.hu\/molekularis-biologia\/oktatas\/\">oktat\u00e1s\u00e1val vesz r\u00e9szt<\/a>. E t\u00e1rgyakat a k\u00e9t kar mindh\u00e1rom k\u00e9pz\u00e9si nyelv\u00e9n oktatja el\u0151ad\u00e1sok \u00e9s laborat\u00f3riumi gyakorlatok form\u00e1j\u00e1ban. A tansz\u00e9k oktat\u00f3i m\u00e1s egyetemek MSc szint\u0171 k\u00e9pz\u00e9seiben is k\u00f6zrem\u0171k\u00f6dnek, \u00edgy molekul\u00e1ris biol\u00f3gia, rekombin\u00e1ns DNS-technika, jel\u00e1tvitel tant\u00e1rgyakat tan\u00edtanak a Budapesti M\u0171szaki \u00e9s Gazdas\u00e1gtudom\u00e1nyi Egyetem Villamosm\u00e9rn\u00f6ki \u00e9s Informatikai Kar\u00e1nak Eg\u00e9szs\u00e9g\u00fcgyi m\u00e9rn\u00f6k MSc szak\u00e1n, illetve a P\u00e1zm\u00e1ny P\u00e9ter Katolikus Egyetem Inform\u00e1ci\u00f3s Technol\u00f3giai \u00e9s Bionikai Kar\u00e1nak Orvosi biotechnol\u00f3gia MSc szak\u00e1n.<\/p>\n<p align=\"justify\">\u2003\u2003A Tansz\u00e9k \u00e1ltal ny\u00fajtott k\u00e9pz\u00e9s magas sz\u00ednvonal\u00e1hoz hozz\u00e1j\u00e1rul, hogy az oktat\u00f3k egyben nemzetk\u00f6zi m\u00e9rc\u00e9vel m\u00e9rve <a href=\"https:\/\/semmelweis.hu\/molekularis-biologia\/kutatas\/\">is n\u00edv\u00f3s kutat\u00e1st folytatnak<\/a> \u00f6n\u00e1ll\u00f3 kutat\u00e1si t\u00e1mogat\u00e1sok felhaszn\u00e1l\u00e1s\u00e1val \u00e9s intenz\u00edv hazai, illetve nemzetk\u00f6zi egy\u00fcttm\u0171k\u00f6d\u00e9sek keretei k\u00f6z\u00f6tt. Az eredm\u00e9nyes tansz\u00e9ki tudom\u00e1nyos kutat\u00e1s egy\u00fattal alapot teremt a jelent\u0151s l\u00e9tsz\u00e1m\u00fa doktorandusz- (PhD-) hallgat\u00f3 \u00e9s a Tansz\u00e9ken foly\u00f3 k\u00eds\u00e9rletes munka ir\u00e1nt \u00e9rdekl\u0151d\u0151 TDK-s hallgat\u00f3k befogad\u00e1s\u00e1hoz is. A min\u0151s\u00e9get a sikeres fokozatszerz\u00e9sek, illetve TDK konferenci\u00e1kon el\u00e9rt eredm\u00e9nyek mellett j\u00f3l mutatja a tansz\u00e9ki oktat\u00f3k k\u00f6z\u00f6tti habilit\u00e1lt doktorok, MTA doktorai, akad\u00e9mikusok \u00e9s Sz\u00e9chenyi-d\u00edjasok sz\u00e1ma is.<\/p>\n","protected":false},"excerpt":{"rendered":"<p>A Molekul\u00e1ris Biol\u00f3giai Tansz\u00e9k a Semmelweis Egyetem \u00e1ltal\u00e1nos orvos- \u00e9s fogorvosk\u00e9pz\u00e9s\u00e9nek elm\u00e9leti modulj\u00e1ban k\u00e9t k\u00f6telez\u0151 \u2013 az egyf\u00e9l\u00e9ves Orvosi k\u00e9mia \u00e9s a k\u00e9tf\u00e9l\u00e9ves Molekul\u00e1ris sejtbiol\u00f3gia -, valamint t\u00f6bb v\u00e1laszthat\u00f3 t\u00e1rgy oktat\u00e1s\u00e1val vesz r\u00e9szt. <\/p>\n<p>oktat\u00f3k egyben nemzetk\u00f6zi m\u00e9rc\u00e9vel m\u00e9rve is n\u00edv\u00f3s kutat\u00e1st folytatnak \u00f6n\u00e1ll\u00f3 kutat\u00e1si t\u00e1mogat\u00e1sok felhaszn\u00e1l\u00e1s\u00e1val \u00e9s intenz\u00edv hazai, illetve nemzetk\u00f6zi egy\u00fcttm\u0171k\u00f6d\u00e9sek keretei k\u00f6z\u00f6tt. A tansz\u00e9ki tudom\u00e1nyos kutat\u00e1s alapot teremt a jelent\u0151s l\u00e9tsz\u00e1m\u00fa PhD hallgat\u00f3 \u00e9s a tansz\u00e9ken foly\u00f3 k\u00eds\u00e9rletes munka ir\u00e1nt \u00e9rdekl\u0151d\u0151 TDK-s hallgat\u00f3k befogad\u00e1s\u00e1hoz is.<\/p>\n","protected":false},"author":101874,"featured_media":7898,"parent":7732,"menu_order":1,"comment_status":"closed","ping_status":"closed","template":"","meta":{"_acf_changed":false,"footnotes":""},"categories":[],"tags":[],"class_list":["post-7719","page","type-page","status-publish","has-post-thumbnail","hentry"],"acf":[],"_links":{"self":[{"href":"https:\/\/semmelweis.hu\/molekularis-biologia\/wp-json\/wp\/v2\/pages\/7719","targetHints":{"allow":["GET"]}}],"collection":[{"href":"https:\/\/semmelweis.hu\/molekularis-biologia\/wp-json\/wp\/v2\/pages"}],"about":[{"href":"https:\/\/semmelweis.hu\/molekularis-biologia\/wp-json\/wp\/v2\/types\/page"}],"author":[{"embeddable":true,"href":"https:\/\/semmelweis.hu\/molekularis-biologia\/wp-json\/wp\/v2\/users\/101874"}],"replies":[{"embeddable":true,"href":"https:\/\/semmelweis.hu\/molekularis-biologia\/wp-json\/wp\/v2\/comments?post=7719"}],"version-history":[{"count":9,"href":"https:\/\/semmelweis.hu\/molekularis-biologia\/wp-json\/wp\/v2\/pages\/7719\/revisions"}],"predecessor-version":[{"id":8299,"href":"https:\/\/semmelweis.hu\/molekularis-biologia\/wp-json\/wp\/v2\/pages\/7719\/revisions\/8299"}],"up":[{"embeddable":true,"href":"https:\/\/semmelweis.hu\/molekularis-biologia\/wp-json\/wp\/v2\/pages\/7732"}],"wp:featuredmedia":[{"embeddable":true,"href":"https:\/\/semmelweis.hu\/molekularis-biologia\/wp-json\/wp\/v2\/media\/7898"}],"wp:attachment":[{"href":"https:\/\/semmelweis.hu\/molekularis-biologia\/wp-json\/wp\/v2\/media?parent=7719"}],"wp:term":[{"taxonomy":"category","embeddable":true,"href":"https:\/\/semmelweis.hu\/molekularis-biologia\/wp-json\/wp\/v2\/categories?post=7719"},{"taxonomy":"post_tag","embeddable":true,"href":"https:\/\/semmelweis.hu\/molekularis-biologia\/wp-json\/wp\/v2\/tags?post=7719"}],"curies":[{"name":"wp","href":"https:\/\/api.w.org\/{rel}","templated":true}]}}