{"id":7289,"date":"2021-02-09T10:26:04","date_gmt":"2021-02-09T09:26:04","guid":{"rendered":"https:\/\/semmelweis.hu\/molekularis-biologia\/?page_id=7289"},"modified":"2026-03-05T10:11:27","modified_gmt":"2026-03-05T09:11:27","slug":"molekularis-biologiai-alapismeretek","status":"publish","type":"page","link":"https:\/\/semmelweis.hu\/molekularis-biologia\/phd\/molekularis-biologiai-alapismeretek\/","title":{"rendered":"Molekul\u00e1ris biol\u00f3giai alapismeretek"},"content":{"rendered":"<p>A kurzus k\u00f3dja: <strong>DI0001KV_1M<\/strong> <\/p>\n<p><strong><span style=\"font-size: large\"><a href=\"https:\/\/itc.semmelweis.hu\/moodle\/\">R\u00e9szletek\u00e9rt, el\u0151ad\u00e1sok \u00e9s gyakorlatok programj\u00e1\u00e9rt, Zoom linkek\u00e9rt, let\u00f6lt\u00e9s\u00e9rt stb., k\u00e9rj\u00fck, keresse fel a tant\u00e1rgy Moodle oldalait.<\/a><\/span><\/strong><\/p>\n<h2>El\u0151ad\u00e1sok<\/h2>\n<ul>\n<li>Bevezet\u0151, genetikai polimorfizmusok szerepe \u00e9s vizsg\u00e1lata<\/li>\n<p><\/p>\n<li>Komplex \u00f6r\u00f6kl\u0151d\u00e9s\u0171 betegs\u00e9gek vizsg\u00e1lata<\/strong><\/li>\n<p><\/p>\n<li>A g\u00e9nexpresszi\u00f3 szab\u00e1lyoz\u00e1sa epigenetikai szinten \u2013 vizsg\u00e1l\u00f3 m\u00f3dszerek, orvosi vonatkoz\u00e1sok<\/li>\n<p><\/p>\n<li>A g\u00e9nexpresszi\u00f3 szab\u00e1lyoz\u00e1s\u00e1nak vizsg\u00e1lata a transzkripci\u00f3 szintj\u00e9n, orvosi vonatkoz\u00e1sok<\/li>\n<p><\/p>\n<li>A genomm\u00e9rn\u00f6ks\u00e9g alapjai \u00e9s t\u00f6rt\u00e9nete<\/strong><\/li>\n<p><\/p>\n<li>C\u00e9lzott genomm\u00f3dos\u00edt\u00e1s CRISPR rendszerekkel<\/strong><\/li>\n<p><\/p>\n<li>CRISPR ter\u00e1pi\u00e1k \u00e1ttekint\u00e9se, CRISPR fejleszt\u00e9sek COVID-19 kapcs\u00e1n<\/li>\n<p><\/p>\n<li>Aptamerek<\/li>\n<p><\/p>\n<li>In vitro kromatin rekonstrukci\u00f3<\/strong><\/li>\n<p><\/p>\n<li>Kis RNS-ek<\/li>\n<p><\/p>\n<li>Feh\u00e9rje expresszi\u00f3s rendszerek, feh\u00e9rje interakci\u00f3kon alapul\u00f3 technik\u00e1k<\/li>\n<p><\/p>\n<li>G\u00e9nk\u00f6nyvt\u00e1rak alkalmaz\u00e1sa<\/li>\n<p><\/p>\n<li>In vitro mutagenezis<\/li>\n<p><\/p>\n<li>G\u00e9nter\u00e1pia<\/li>\n<p>\n<\/ul><\/p>\n","protected":false},"excerpt":{"rendered":"<p>A kurzus k\u00f3dja: DI0001KV_1M <a href=\"https:\/\/itc.semmelweis.hu\/moodle\/\">R\u00e9szletek\u00e9rt, el\u0151ad\u00e1sok \u00e9s gyakorlatok programj\u00e1\u00e9rt, Zoom linkek\u00e9rt, let\u00f6lt\u00e9s\u00e9rt stb., k\u00e9rj\u00fck, keresse fel a tant\u00e1rgy Moodle oldalait.<\/a> El\u0151ad\u00e1sok Bevezet\u0151, genetikai polimorfizmusok szerepe \u00e9s vizsg\u00e1lata Komplex \u00f6r\u00f6kl\u0151d\u00e9s\u0171 betegs\u00e9gek vizsg\u00e1lata A g\u00e9nexpresszi\u00f3 szab\u00e1lyoz\u00e1sa epigenetikai szinten \u2013 vizsg\u00e1l\u00f3 m\u00f3dszerek, orvosi vonatkoz\u00e1sok A g\u00e9nexpresszi\u00f3 szab\u00e1lyoz\u00e1s\u00e1nak vizsg\u00e1lata a transzkripci\u00f3 szintj\u00e9n, orvosi vonatkoz\u00e1sok A genomm\u00e9rn\u00f6ks\u00e9g alapjai \u00e9s t\u00f6rt\u00e9nete C\u00e9lzott genomm\u00f3dos\u00edt\u00e1s CRISPR rendszerekkel CRISPR ter\u00e1pi\u00e1k \u00e1ttekint\u00e9se, CRISPR fejleszt\u00e9sek COVID-19 kapcs\u00e1n Aptamerek In vitro kromatin rekonstrukci\u00f3 &hellip;<\/p>\n","protected":false},"author":101874,"featured_media":0,"parent":1134,"menu_order":1,"comment_status":"closed","ping_status":"closed","template":"","meta":{"_acf_changed":false,"footnotes":""},"categories":[],"tags":[],"class_list":["post-7289","page","type-page","status-publish","hentry"],"acf":[],"_links":{"self":[{"href":"https:\/\/semmelweis.hu\/molekularis-biologia\/wp-json\/wp\/v2\/pages\/7289","targetHints":{"allow":["GET"]}}],"collection":[{"href":"https:\/\/semmelweis.hu\/molekularis-biologia\/wp-json\/wp\/v2\/pages"}],"about":[{"href":"https:\/\/semmelweis.hu\/molekularis-biologia\/wp-json\/wp\/v2\/types\/page"}],"author":[{"embeddable":true,"href":"https:\/\/semmelweis.hu\/molekularis-biologia\/wp-json\/wp\/v2\/users\/101874"}],"replies":[{"embeddable":true,"href":"https:\/\/semmelweis.hu\/molekularis-biologia\/wp-json\/wp\/v2\/comments?post=7289"}],"version-history":[{"count":10,"href":"https:\/\/semmelweis.hu\/molekularis-biologia\/wp-json\/wp\/v2\/pages\/7289\/revisions"}],"predecessor-version":[{"id":8816,"href":"https:\/\/semmelweis.hu\/molekularis-biologia\/wp-json\/wp\/v2\/pages\/7289\/revisions\/8816"}],"up":[{"embeddable":true,"href":"https:\/\/semmelweis.hu\/molekularis-biologia\/wp-json\/wp\/v2\/pages\/1134"}],"wp:attachment":[{"href":"https:\/\/semmelweis.hu\/molekularis-biologia\/wp-json\/wp\/v2\/media?parent=7289"}],"wp:term":[{"taxonomy":"category","embeddable":true,"href":"https:\/\/semmelweis.hu\/molekularis-biologia\/wp-json\/wp\/v2\/categories?post=7289"},{"taxonomy":"post_tag","embeddable":true,"href":"https:\/\/semmelweis.hu\/molekularis-biologia\/wp-json\/wp\/v2\/tags?post=7289"}],"curies":[{"name":"wp","href":"https:\/\/api.w.org\/{rel}","templated":true}]}}