{"id":7,"date":"2013-04-19T21:41:52","date_gmt":"2013-04-19T19:41:52","guid":{"rendered":"http:\/\/semmelweis-egyetem.hu\/orvosi-vegytan\/?page_id=7"},"modified":"2026-03-05T10:12:20","modified_gmt":"2026-03-05T09:12:20","slug":"kutatas","status":"publish","type":"page","link":"https:\/\/semmelweis.hu\/molekularis-biologia\/kutatas\/","title":{"rendered":"Kutat\u00e1s"},"content":{"rendered":"<h2>A Molekul\u00e1ris Biol\u00f3giai Tansz\u00e9k munkacsoportjai \u00e9s az \u00e1ltaluk kutatott t\u00e9m\u00e1k<\/h2>\n<h4><strong>Lipidanyagcsere<\/strong><\/h4>\n<p><strong>Dr. Csala Mikl\u00f3s, Dr. Kereszturi \u00c9va<\/strong>, Dr. Sarnyai Farkas, Dr. Sipeki Szabolcs, Dr. Szel\u00e9nyi P\u00e9ter, Dr. Tam\u00e1si Viola, Dr. Z\u00e1mb\u00f3 Veronika, Orosz Gabriella, Tibori Kinga, Nov\u00e1kn\u00e9 Moln\u00e1r Vikt\u00f3ria, Sz\u00e9n\u00e1si B\u00e9l\u00e1n\u00e9<\/p>\n<h5>Kutat\u00e1si ter\u00fclet<\/h5>\n<ul>\n<li>Az ER-stressz lipotoxicit\u00e1sban \u00e9s lipoapopt\u00f3zisban bet\u00f6lt\u00f6tt szerepe<\/li>\n<li>Transz-zs\u00edrsavak anyagcser\u00e9je \u00e9s hat\u00e1sai<\/li>\n<li>Az \u00fajonnan felfedezett Ncb5or enzim fiziol\u00f3gi\u00e1s \u00e9s patol\u00f3gi\u00e1s funkci\u00f3i<\/li>\n<li>Hum\u00e1n sztearil-KoA-deszatur\u00e1z enzimek<\/li>\n<li>A lipidmetabolizmushoz k\u00f6thet\u0151 hum\u00e1n genetikai vari\u00e1ci\u00f3k bioinformatikai \u00e9s funkcion\u00e1lis vizsg\u00e1lata<\/li>\n<\/ul>\n<div class=\"keretes w-100\">\n<h5>Kapcsolat:<\/h5>\n<p>06-1-459-1500\/60115; 60116<\/p>\n<\/div>\n<h4><strong>In vitro biol\u00f3gia<\/strong><\/h4>\n<p><strong>Dr. M\u00e9sz\u00e1ros Tam\u00e1s<\/strong>, Gyurkovics Anna, Dr. K\u00e1llai Brigitta, Dr. Harkai \u00c1kos, Dr. Szeitner Zsuzsanna, Tar Alexandra<\/p>\n<h5>Kutat\u00e1si ter\u00fclet<\/h5>\n<ul>\n<li>In vitro transzl\u00e1ci\u00f3s feh\u00e9rjeszint\u00e9zis<\/li>\n<li>Feh\u00e9rje funkcion\u00e1lis vizsg\u00e1latok<\/li>\n<li>Aptamerek el\u0151\u00e1ll\u00edt\u00e1sa diagnosztikai \u00e9s ter\u00e1pi\u00e1s alkalmaz\u00e1sokra<\/li>\n<\/ul>\n<div class=\"keretes w-100\">\n<h5>Kapcsolat:\u00a0<\/h5>\n<p>06-1-459-1500\/60109; 60128; 60125<\/p>\n<\/div>\n<h4><strong> Endoplazm\u00e1s retikulum, sejtciklus, apopt\u00f3zis, autof\u00e1gia<\/strong><\/h4>\n<p><strong>Dr. Liz\u00e1k Be\u00e1ta, Dr. Kapuy Orsolya, Dr. Gy\u00f6ngy\u00f6si Norbert<\/strong>, Dr. Simon-Szab\u00f3 Laura, Dr. Stiller Ibolya, Dr. Holczer Marianna, M\u00e1rton Margita, Sz\u00e9n\u00e1si B\u00e9l\u00e1n\u00e9, Nov\u00e1kn\u00e9-Moln\u00e1r Vikt\u00f3ria, K\u00e1lm\u00e1n Eszter, Pop Luca Gabriel, Szek\u00e9r Patrik<\/p>\n<h5>Kutat\u00e1si ter\u00fclet<\/h5>\n<ul>\n<li>Az endoplazm\u00e1s retikulum (ER) redox homeoszt\u00e1zisa<\/li>\n<li>Az ER aszkorb\u00e1t \u00e9s glutation transzporterei<\/li>\n<li>ER redox \u00e9s a t\u00fal\u00e9l\u00e9s vagy sejthal\u00e1l d\u00f6nt\u00e9si mechanizmusok<\/li>\n<li>Kis molekulas\u00faly\u00fa elektron\u00e1tviv\u0151k szerepe az oxidat\u00edv foldingban<\/li>\n<li>ER redox \u00e9s ERAD<\/li>\n<li>Proteomika<\/li>\n<\/ul>\n<div class=\"keretes w-100\">\n<h5>Kapcsolat:<\/h5>\n<p><a href=\"http:\/\/erredox.sote.hu\/\">erredox.sote.hu<\/a><br \/>\n06-1-266-2615<br \/>\n06-1-459-1500\/60114; 60117<\/p>\n<\/div>\n<h4><strong>Stresszbiol\u00f3gia, Caenorhabditis elegans<\/strong><\/h4>\n<p><strong>Dr. S\u0151ti Csaba, Dr. Somogyv\u00e1ri Mil\u00e1n<\/strong>, Gil\u00e1nyi Beatrix, Dr. Hajd\u00fa G\u00e1bor, Bushra Mourawed, Dr. Nguyen Minh Tu, Saba Khatatneh, Szathm\u00e1ri Csenge Andrea<\/p>\n<h5>Kutat\u00e1si ter\u00fclet<\/h5>\n<ul>\n<li>Velesz\u00fcletett \u00e9s tanult stressz- \u00e9s immunv\u00e9dekez\u00e9s<\/li>\n<li>Stresszv\u00e1laszok az eg\u00e9szs\u00e9ges \u00e9lettartam szab\u00e1lyoz\u00e1s\u00e1ban<\/li>\n<li>A Hsp90 chaperon, a HSF1 transzkripci\u00f3s faktor \u00e9s a h\u0151sokkv\u00e1lasz rendszerszint\u0171 vizsg\u00e1lata<\/li>\n<\/ul>\n<div class=\"keretes w-100\">\n<h5>Kapcsolat:<\/h5>\n<p><a href=\"https:\/\/semmelweis.hu\/stressgroup\/\">semmelweis.hu\/stressgroup<\/a><br \/>\n<a href=\"http:\/\/stressgroup.semmelweis-univ.hu\/\">stressgroup.semmelweis-univ.hu<\/a><br \/>\n06-1-459-1500\/60129; 60130<\/p>\n<\/div>\n<h4><strong>H\u00e1l\u00f3zatok<\/strong><\/h4>\n<p><strong>Dr. Csermely P\u00e9ter<\/strong>, Buszlai Don\u00e1t, Dr. Fenyves B\u00e1nk, Dr. Kerest\u00e9ly M\u00e1rk, Dr. Keresztes D\u00e1vid, Dr. Kov\u00e1cs Borb\u00e1la, Dr. Mendik P\u00e9ter, Nagy Zsolt, Schulc Kl\u00e1ra, Szarka Levente, Dr. Szil\u00e1gyi G\u00e1bor S\u00e1ndor, Vassy Zsolt<\/p>\n<h5>Kutat\u00e1si ter\u00fclet<\/h5>\n<ul>\n<li>Feh\u00e9rjeszerkezet h\u00e1l\u00f3zatok, interakt\u00f3mok \u00e9s jel\u00e1tviteli h\u00e1l\u00f3zatok a sejtes adapt\u00e1ci\u00f3ban \u00e9s a gy\u00f3gyszerfejleszt\u00e9sben<\/li>\n<\/ul>\n<div class=\"keretes w-100\">\n<h5>Kapcsolat:<\/h5>\n<p><a href=\"http:\/\/www.linkgroup.hu\/\">www.linkgroup.hu<\/a><br \/>\n06-1-459-1500\/60123; 60105<\/p>\n<\/div>\n<h4><strong>Molekul\u00e1ris Genetika<\/strong><\/h4>\n<p><strong>Dr. R\u00f3nai Zsolt, Dr. Barta Csaba<\/strong>, Dr. Keszler Gergely, Dr. Kov\u00e1cs-Nagy R\u00e9ka, Dr. Szab\u00f3-Vereczkei Andrea, Dr. Moln\u00e1r Zsuzsanna, Dr. B\u00e1nlaki Zs\u00f3fia, Maricza Katalin, Moln\u00e1r Krisztina, N\u00e9meth Helga, Belik Andrea Alexandra<\/p>\n<h5>Kutat\u00e1si ter\u00fclet<\/h5>\n<ul>\n<li>A genetikai polimorfizmusok molekul\u00e1ris \u00e9s fenot\u00edpusos hat\u00e1sai<\/li>\n<li>Pszichogenetika \u2013 A Tourette szindr\u00f3ma, ADHD (figyelemhi\u00e1nyos hiperaktivit\u00e1si zavar), f\u00fcgg\u0151s\u00e9gek (drogf\u00fcgg\u00e9s, doh\u00e1nyz\u00e1s, alkohol, szerencsej\u00e1t\u00e9k stb.), k\u00e9nyszerbetegs\u00e9g, depresszi\u00f3 genetikai h\u00e1ttere<\/li>\n<li>A genetikai elt\u00e9r\u00e9sek funkcion\u00e1lis hat\u00e1sa a g\u00e9nexpresszi\u00f3ra<\/li>\n<li>MikroRNS-ek hat\u00e1smechanizmusa<\/li>\n<li>Epigenetikai vizsg\u00e1latok<\/li>\n<li>A cukorbetegs\u00e9g 1-es \u00e9s 2-es t\u00edpus\u00e1nak genetikai h\u00e1ttere \u00e9s \u00f6sszef\u00fcgg\u00e9se a depresszi\u00f3val<\/li>\n<\/ul>\n<div class=\"keretes w-100\">\n<h5>Kapcsolat:<\/h5>\n<p>06-1-459-1500\/60132; 60135; 60136; 60138<\/p>\n<\/div>\n<h4><strong>Tumorbiol\u00f3gia<\/strong><\/h4>\n<p><strong>Dr. Csala Mikl\u00f3s<\/strong>, Dr. Varga Attila, Gurbi Bianka, M\u00f3ra Istv\u00e1n<\/p>\n<h5>Kutat\u00e1si ter\u00fclet<\/h5>\n<ul>\n<li>Tumorok jel\u00e1tvitel\u00e9nek vizsg\u00e1lata<\/li>\n<li>Prognosztikus \u00e9s predikt\u00edv biomarkerek azonos\u00edt\u00e1sa<\/li>\n<li>Rezisztencia mechanizmusok felt\u00e9rk\u00e9pez\u00e9se<\/li>\n<\/ul>\n<div class=\"keretes w-100\">\n<h5>Kapcsolat:<\/h5>\n<p>06-1-459-1500\/60105; 60126<\/p>\n<\/div>\n<h4><strong>Arginin-anyagcsere<\/strong><\/h4>\n<p><strong>Dr. Hrab\u00e1k Andr\u00e1s, <\/strong>Dr. Kukor Zolt\u00e1n<\/p>\n<h5>Kutat\u00e1si ter\u00fclet<\/h5>\n<ul>\n<li>Az NO-szint\u00e9zis \u00e9s az argin\u00e1z szerepe gyullad\u00e1sos folyamatokban<\/li>\n<li>A placenta NO-szint\u00e1z aktivit\u00e1s\u00e1nak vizsg\u00e1lata<\/li>\n<\/ul>\n<div class=\"keretes w-100\">\n<h5>Kapcsolat:<\/h5>\n<p>06-1-459-1500\/60161; 60181<\/p>\n<\/div>\n<h4><strong>Epigenetika<\/strong><\/h4>\n<p><strong>Dr. Ar\u00e1nyi Tam\u00e1s,<\/strong> Dr. T\u00f3th D\u00e1niel, Muazu Muhyiddeen, Blaha Bence, Tamatey Virgil<\/p>\n<h5>Kutat\u00e1si ter\u00fclet<\/h5>\n<ul>\n<li>DNS metiltranszfer\u00e1zok \u00e9s TeT enzimek (k\u00f3r)\u00e9lettani szerep\u00e9nek vizsg\u00e1lata<\/li>\n<li>K\u00f6rnyezeti epigenetikai vizsg\u00e1latok DNS metil\u00e1ci\u00f3s m\u00e9r\u00e9sekkel<\/li>\n<li>Az ektopikus kalcifik\u00e1ci\u00f3 (epi)genetikai szab\u00e1lyoz\u00e1sa<\/li>\n<li>G\u00e9n-k\u00f6rnyezet interakci\u00f3 elemz\u00e9sek<\/li>\n<\/ul>\n<div class=\"keretes w-100\">\n<h5>Kapcsolat:<\/h5>\n<p>06-1-459-1500\/60157; 60160<\/p>\n<\/div>\n<h4><strong>Ritka anyagcsere-betegs\u00e9gek<\/strong><\/h4>\n<p><strong>Dr. Kardon Tam\u00e1s<\/strong>, Dr. B\u0151gel G\u00e1bor, Dr. N\u00e9meth Csilla Emese, Dr. Legeza Bal\u00e1zs, Dr. L\u00e9deczi Zsigmond, N\u00e9meth Klaudia, Trencs\u00e9ni Linda, Meszi\u00e1r M\u00f3nika<\/p>\n<h5>Kutat\u00e1si ter\u00fclet<\/h5>\n<ul>\n<li>Kr\u00f3nikus neutrop\u00e9ni\u00e1t okoz\u00f3 anyagcsere betegs\u00e9gek patomechanizmus\u00e1nak vizsg\u00e1lata<\/li>\n<li>\u00d6r\u00f6kletes anyagcsere-betegs\u00e9gek sejtes modellez\u00e9se CRISPR\/Cas9 g\u00e9nszerkeszt\u00e9si technik\u00e1val<\/li>\n<li>Marfan-szindr\u00f3m\u00e1ban \u00e9rintett intracellul\u00e1ris jel\u00e1tviteli mechanizmusok vizsg\u00e1lata<\/li>\n<\/ul>\n<div class=\"keretes w-100\">\n<h5>Kapcsolat:<\/h5>\n<p>06-1-459-1500\/60142; 60143<\/p>\n<\/div>\n","protected":false},"excerpt":{"rendered":"<p>A Molekul\u00e1ris Biol\u00f3giai Tansz\u00e9k munkacsoportjai \u00e9s az \u00e1ltaluk kutatott t\u00e9m\u00e1k Lipidanyagcsere Dr. Csala Mikl\u00f3s, Dr. Kereszturi \u00c9va, Dr. Sarnyai Farkas, Dr. Sipeki Szabolcs, Dr. Szel\u00e9nyi P\u00e9ter, Dr. Tam\u00e1si Viola, Dr. Z\u00e1mb\u00f3 Veronika, Orosz Gabriella, Tibori Kinga, Nov\u00e1kn\u00e9 Moln\u00e1r Vikt\u00f3ria, Sz\u00e9n\u00e1si B\u00e9l\u00e1n\u00e9 Kutat\u00e1si ter\u00fclet Az ER-stressz lipotoxicit\u00e1sban \u00e9s lipoapopt\u00f3zisban bet\u00f6lt\u00f6tt szerepe Transz-zs\u00edrsavak anyagcser\u00e9je \u00e9s hat\u00e1sai Az &hellip;<\/p>\n","protected":false},"author":8,"featured_media":0,"parent":0,"menu_order":3,"comment_status":"closed","ping_status":"closed","template":"","meta":{"_acf_changed":false,"footnotes":""},"categories":[],"tags":[],"class_list":["post-7","page","type-page","status-publish","hentry"],"acf":[],"_links":{"self":[{"href":"https:\/\/semmelweis.hu\/molekularis-biologia\/wp-json\/wp\/v2\/pages\/7","targetHints":{"allow":["GET"]}}],"collection":[{"href":"https:\/\/semmelweis.hu\/molekularis-biologia\/wp-json\/wp\/v2\/pages"}],"about":[{"href":"https:\/\/semmelweis.hu\/molekularis-biologia\/wp-json\/wp\/v2\/types\/page"}],"author":[{"embeddable":true,"href":"https:\/\/semmelweis.hu\/molekularis-biologia\/wp-json\/wp\/v2\/users\/8"}],"replies":[{"embeddable":true,"href":"https:\/\/semmelweis.hu\/molekularis-biologia\/wp-json\/wp\/v2\/comments?post=7"}],"version-history":[{"count":12,"href":"https:\/\/semmelweis.hu\/molekularis-biologia\/wp-json\/wp\/v2\/pages\/7\/revisions"}],"predecessor-version":[{"id":8817,"href":"https:\/\/semmelweis.hu\/molekularis-biologia\/wp-json\/wp\/v2\/pages\/7\/revisions\/8817"}],"wp:attachment":[{"href":"https:\/\/semmelweis.hu\/molekularis-biologia\/wp-json\/wp\/v2\/media?parent=7"}],"wp:term":[{"taxonomy":"category","embeddable":true,"href":"https:\/\/semmelweis.hu\/molekularis-biologia\/wp-json\/wp\/v2\/categories?post=7"},{"taxonomy":"post_tag","embeddable":true,"href":"https:\/\/semmelweis.hu\/molekularis-biologia\/wp-json\/wp\/v2\/tags?post=7"}],"curies":[{"name":"wp","href":"https:\/\/api.w.org\/{rel}","templated":true}]}}