{"id":6725,"date":"2017-01-16T22:18:03","date_gmt":"2017-01-16T21:18:03","guid":{"rendered":"http:\/\/semmelweis.hu\/orvosi-vegytan\/?page_id=6725"},"modified":"2026-03-06T10:00:11","modified_gmt":"2026-03-06T09:00:11","slug":"pathobiochemie","status":"publish","type":"page","link":"https:\/\/semmelweis.hu\/molekularis-biologia\/de\/studentenseite\/pathobiochemie\/","title":{"rendered":"Pathobiochemie"},"content":{"rendered":"<p><strong>MF (2 Kreditpunkte, Praktikumsnote, Dr. Mikl\u00f3s Csala)<\/strong><\/p>\n<p><strong>Fr\u00fchjahrssemester<\/strong><\/p>\n<p><strong>Studienbeauftragte des Faches:<\/strong><br \/> Dr. R\u00f3nai, Zsolt (<a href=\"mailto:ronai.zsolt@med.semmelweis-univ.hu\">ronai.zsolt@med.semmelweis-univ.hu<\/a>)<\/p>\n<p><strong><font size=\"4\"><a href=\"https:\/\/itc.semmelweis.hu\/moodle\/\">Einzelheiten, Zeitplan, Zoom-Links, Downloads usw. finden Sie auf den Moodle-Seiten des Betreffs.<\/a><\/font><\/strong><\/p>\n<p style=\"text-align: justify\"><strong>Allgemeine Informationen<\/strong><br \/>\nIn diesem Wahlfach k\u00f6nnen die Studenten diejenige biochemischen und molekularbiologischen (pathologischen) Vorg\u00e4nge kennenlernen, die bei der Entstehung der wichtigsten Volkskrankheiten von grundlegender Bedeutung sind. Diese Vorg\u00e4nge sind wichtig, indem sie den Grund der gezielten Therapie und Prophylaxe bilden. Diese klinische Aspekte werden in dem Fach auch pr\u00e4sentiert.<\/p>\n<p><strong>Studentische Lehrveranstaltungsbewertung<\/strong><br \/>\n(&#8222;<strong>O<\/strong>ktat\u00f3i <strong>m<\/strong>unka <strong>h<\/strong>allgat\u00f3i <strong>v<\/strong>\u00e9lem\u00e9nyez\u00e9se&#8221; &#8211; OMHV)<br \/>\n<div class=\"responsive-tabs\">\n<h2 class=\"tabtitle\">2024\/25-2<\/h2>\n<div class=\"tabcontent\">\n<a href=\"https:\/\/semmelweis.hu\/molekularis-biologia\/files\/2026\/03\/Patobiokemia-AOVMBT800_1N.pdf\" target=\"_blank\" rel=\"noopener noreferrer\">Pathobiochemie Vorlesungen<\/a><br \/>\n\n<\/div><h2 class=\"tabtitle\">2022\/23-2<\/h2>\n<div class=\"tabcontent\">\n<a href=\"https:\/\/semmelweis.hu\/molekularis-biologia\/files\/2023\/10\/ertekeles_patobiokemia_AOK_2022_23_2_N.pdf\" target=\"_blank\" rel=\"noopener noreferrer\">Pathobiochemie Vorlesungen<\/a><\/div><\/div><\/p>\n<p><strong>OMHV Aktionspl\u00e4ne<\/strong><br \/>\n<div class=\"responsive-tabs\">\n<h2 class=\"tabtitle\">2024\/25-2<\/h2>\n<div class=\"tabcontent\">\n<a href=\"https:\/\/semmelweis.hu\/molekularis-biologia\/files\/2026\/03\/Fakultat_fur_Medizin_Aktionsplan_2024_25_2.pdf\">Aktionsplan basierend auf den OMHV-Daten des 2. Semesters des Studienjahres 2024\/25.<\/a><br \/>\n\n<\/div><h2 class=\"tabtitle\">2023\/24-2<\/h2>\n<div class=\"tabcontent\">\n<a href=\"https:\/\/semmelweis.hu\/molekularis-biologia\/files\/2024\/11\/Fakultat-fur-Medizin_Aktionsplan_2023_24_2.pdf\">Aktionsplan basierend auf den OMHV-Daten des 2. Semesters des Studienjahres 2023\/24.<\/a><br \/>\n\n<\/div><h2 class=\"tabtitle\">2022\/23-2<\/h2>\n<div class=\"tabcontent\">\n<a href=\"https:\/\/semmelweis.hu\/molekularis-biologia\/files\/2023\/10\/OMHV_Fakultat-fur-Medizin_Aktionsplan_2022_23_2-1.pdf\">Aktionsplan basierend auf den OMHV-Daten des 2. Semesters des Studienjahres 2022\/23.<\/a><br \/>\n\n<\/div><h2 class=\"tabtitle\">2021\/22-2<\/h2>\n<div class=\"tabcontent\">\n<a href=\"https:\/\/semmelweis.hu\/molekularis-biologia\/files\/2022\/10\/MolBiol_Fakultat-fur-Medizin_Aktionsplan_2021_22_2.pdf\">Aktionsplan basierend auf den OMHV-Daten des 2. Semesters des Studienjahres 2021\/22.<\/a><\/div><\/div><\/p>\n","protected":false},"excerpt":{"rendered":"<p>MF (2 Kreditpunkte, Praktikumsnote, Dr. Mikl\u00f3s Csala) Fr\u00fchjahrssemester Studienbeauftragte des Faches: Dr. R\u00f3nai, Zsolt ( <a href=\"mailto:ronai.zsolt@med.semmelweis-univ.hu\">ronai.zsolt@med.semmelweis-univ.hu<\/a> ) <a href=\"https:\/\/itc.semmelweis.hu\/moodle\/\">Einzelheiten, Zeitplan, Zoom-Links, Downloads usw. finden Sie auf den Moodle-Seiten des Betreffs.<\/a> Allgemeine Informationen In diesem Wahlfach k\u00f6nnen die Studenten diejenige biochemischen und molekularbiologischen (pathologischen) Vorg\u00e4nge kennenlernen, die bei der Entstehung der wichtigsten Volkskrankheiten von grundlegender Bedeutung sind. Diese Vorg\u00e4nge sind wichtig, indem sie den Grund der gezielten Therapie und Prophylaxe &hellip;<\/p>\n","protected":false},"author":183,"featured_media":0,"parent":531,"menu_order":50,"comment_status":"closed","ping_status":"closed","template":"","meta":{"_acf_changed":false,"footnotes":""},"categories":[],"tags":[],"class_list":["post-6725","page","type-page","status-publish","hentry"],"acf":[],"_links":{"self":[{"href":"https:\/\/semmelweis.hu\/molekularis-biologia\/wp-json\/wp\/v2\/pages\/6725","targetHints":{"allow":["GET"]}}],"collection":[{"href":"https:\/\/semmelweis.hu\/molekularis-biologia\/wp-json\/wp\/v2\/pages"}],"about":[{"href":"https:\/\/semmelweis.hu\/molekularis-biologia\/wp-json\/wp\/v2\/types\/page"}],"author":[{"embeddable":true,"href":"https:\/\/semmelweis.hu\/molekularis-biologia\/wp-json\/wp\/v2\/users\/183"}],"replies":[{"embeddable":true,"href":"https:\/\/semmelweis.hu\/molekularis-biologia\/wp-json\/wp\/v2\/comments?post=6725"}],"version-history":[{"count":11,"href":"https:\/\/semmelweis.hu\/molekularis-biologia\/wp-json\/wp\/v2\/pages\/6725\/revisions"}],"predecessor-version":[{"id":8875,"href":"https:\/\/semmelweis.hu\/molekularis-biologia\/wp-json\/wp\/v2\/pages\/6725\/revisions\/8875"}],"up":[{"embeddable":true,"href":"https:\/\/semmelweis.hu\/molekularis-biologia\/wp-json\/wp\/v2\/pages\/531"}],"wp:attachment":[{"href":"https:\/\/semmelweis.hu\/molekularis-biologia\/wp-json\/wp\/v2\/media?parent=6725"}],"wp:term":[{"taxonomy":"category","embeddable":true,"href":"https:\/\/semmelweis.hu\/molekularis-biologia\/wp-json\/wp\/v2\/categories?post=6725"},{"taxonomy":"post_tag","embeddable":true,"href":"https:\/\/semmelweis.hu\/molekularis-biologia\/wp-json\/wp\/v2\/tags?post=6725"}],"curies":[{"name":"wp","href":"https:\/\/api.w.org\/{rel}","templated":true}]}}