{"id":6718,"date":"2017-01-18T15:52:08","date_gmt":"2017-01-18T14:52:08","guid":{"rendered":"http:\/\/semmelweis.hu\/orvosi-vegytan\/?page_id=6718"},"modified":"2025-04-09T17:35:49","modified_gmt":"2025-04-09T15:35:49","slug":"molzellbiol1","status":"publish","type":"page","link":"https:\/\/semmelweis.hu\/molekularis-biologia\/de\/studentenseite\/molzellbiol1\/","title":{"rendered":"Molekulare Zellbiologie I."},"content":{"rendered":"<p><strong>MF (6 Kreditpunkte, Kolloquium, Dr. Mikl\u00f3s Csala; AOKMBT795_1N)<\/strong><br \/>\n<strong>DF (4 Kreditpunkte, Kolloquium, Dr. Mikl\u00f3s Csala; FOKOOVM205_1N)<\/strong><\/p>\n<p><strong>Herbstsemester<\/strong><\/p>\n<p><strong>Studienbeauftragte des Faches:<\/strong><br \/> Dr. R\u00f3nai, Zsolt (<a href=\"mailto:ronai.zsolt@med.semmelweis-univ.hu\">ronai.zsolt@med.semmelweis-univ.hu<\/a>)<\/p>\n<p><strong><font size=\"4\"><a href=\"https:\/\/itc.semmelweis.hu\/moodle\/\">Einzelheiten, Zeitplan, Zoom-Links, Downloads usw. finden Sie auf den Moodle-Seiten des Betreffs.<\/a><\/font><\/strong><\/p>\n<p style=\"text-align: justify\"><strong>Allgemeine Informationen<\/strong><br \/>\nDas Fach fasst die Grundlagen der Molekularbiologie und Zellbiologie f\u00fcr Medizin- und Zahnmedizinstudenten zusammen. Es bietet einen Grund f\u00fcr das Verst\u00e4ndnis mehrerer Gebiete der Medizin, wie z.B. molekulare Pathologie, molekulare Diagnostik, Pharmakologie, Gentherapie und medizinische Biotechnologie. Molekulare Zellbiologie I besch\u00e4ftigt sich mit der Aufrechterhaltung und Realisierung der Erbinformation (Vervielf\u00e4ltigung und Reparatur der DNA; Transkription, Translation, Proteintransport und -modifikationen) sowie mit der Grundlagen rekombianter DNA-technologie (PCR, Genotypisierung, Klonierung).<\/p>\n<p style=\"text-align: justify\"><strong>Vorlesungen und Praktika<\/strong><br \/>\nW\u00f6chentlich finden zwei Vorlesungen statt. Die Teilnahme an den Praktika ist verpflichtend, laut Studien- und Pr\u00fcfungsordnung der Universit\u00e4t muss man an mindestens 75% der Praktika anwesend sein. In begr\u00fcndeten F\u00e4llen kann das Praktikum einmal im Semester in einer anderen Gruppe (in derselben Woche) nachgeholt werden. Bitte beachten Sie, dass maximal 5 Minuten Versp\u00e4tung bei den Praktika akzeptiert werden kann. <i>Danke f\u00fcr Ihre Kooperation!<\/i><\/p>\n<p style=\"text-align: justify\"><strong>Empfohlene Lehrb\u00fccher:<\/strong><br \/>\nL\u00f6ffler\u2013Petrides: Biochemie und Pathobiochemie<br \/>\nzus\u00e4tzliche Lehrsotffe im Moodle<\/p>\n<p><strong>Studentische Lehrveranstaltungsbewertung<\/strong><br \/>\n(&#8222;<strong>O<\/strong>ktat\u00f3i <strong>m<\/strong>unka <strong>h<\/strong>allgat\u00f3i <strong>v<\/strong>\u00e9lem\u00e9nyez\u00e9se&#8221; &#8211; OMHV)<\/p>\n<p><div class=\"responsive-tabs\">\n<h2 class=\"tabtitle\">2024\/25-1<\/h2>\n<div class=\"tabcontent\">\n<a href=\"https:\/\/semmelweis.hu\/molekularis-biologia\/files\/2025\/04\/Molekularis-sejtbiologia-I-AOKMBT795_1N.pdf\" target=\"_blank\" rel=\"noopener noreferrer\">Vorlesungen an der Medizinischen Fakult\u00e4t<\/a> \u2003 <a href=\"https:\/\/semmelweis.hu\/molekularis-biologia\/files\/2025\/04\/Molekularis-sejtbiologia-I-AOKMBT795_1N-1.pdf\" target=\"_blank\" rel=\"noopener noreferrer\">Praktika an der Medizinischen Fakult\u00e4t<\/a><\/p>\n<p><a href=\"https:\/\/semmelweis.hu\/molekularis-biologia\/files\/2025\/04\/Molekularis-sejtbiologia-I-FOKOMBT306_1N.pdf\" target=\"_blank\" rel=\"noopener noreferrer\">Vorlesungen an der Fakult\u00e4t f\u00fcr Zahnheilkunde<\/a> \u2003 <a href=\"https:\/\/semmelweis.hu\/molekularis-biologia\/files\/2025\/04\/Molekularis-sejtbiologia-I-FOKOMBT306_1N-1.pdf\" target=\"_blank\" rel=\"noopener noreferrer\">Praktika an der Fakult\u00e4t f\u00fcr Zahnheilkunde<\/a><\/div><\/div><\/p>\n<p><div class=\"responsive-tabs\">\n<h2 class=\"tabtitle\">2023\/24-1<\/h2>\n<div class=\"tabcontent\">\n<a href=\"https:\/\/semmelweis.hu\/molekularis-biologia\/files\/2024\/04\/Molekularis-sejtbiologia-I-AOKMBT795_1N.pdf\" target=\"_blank\" rel=\"noopener noreferrer\">Fakult\u00e4t f\u00fcr Medizin<\/a><\/p>\n<p>\n<\/div><h2 class=\"tabtitle\">2022\/23-1<\/h2>\n<div class=\"tabcontent\">\n<a href=\"https:\/\/semmelweis.hu\/molekularis-biologia\/files\/2023\/05\/ertekeles_msb1_AOK_2022_23_1_N.pdf\" target=\"_blank\" rel=\"noopener noreferrer\">Vorlesungen an der Medizinischen Fakult\u00e4t<\/a> \u2003 <a href=\"https:\/\/semmelweis.hu\/molekularis-biologia\/files\/2023\/05\/ertekeles_gyak_msb1_AOK_2022_23_1_N.pdf\" target=\"_blank\" rel=\"noopener noreferrer\">Praktika an der Medizinischen Fakult\u00e4t<\/a><\/p>\n<p><a href=\"https:\/\/semmelweis.hu\/molekularis-biologia\/files\/2023\/05\/ertekeles_msb1_FOK_2022_23_1_N.pdf\" target=\"_blank\" rel=\"noopener noreferrer\">Vorlesungen an der Fakult\u00e4t f\u00fcr Zahnheilkunde<\/a> \u2003 <a href=\"https:\/\/semmelweis.hu\/molekularis-biologia\/files\/2023\/05\/ertekeles_gyak_msb1_FOK_2022_23_1_N.pdf\" target=\"_blank\" rel=\"noopener noreferrer\">Praktika an der Fakult\u00e4t f\u00fcr Zahnheilkunde<\/a><\/div><\/div><\/p>\n<p><strong>OMHV Aktionspl\u00e4ne<\/strong><\/p>\n<p><div class=\"responsive-tabs\">\n<h2 class=\"tabtitle\">2024\/25-1<\/h2>\n<div class=\"tabcontent\">\n<a href=\"https:\/\/semmelweis.hu\/molekularis-biologia\/files\/2025\/04\/Fakultat-fur-Medizin_Aktionsplan_2024_25_1.pdf\" target=\"_blank\" rel=\"noopener noreferrer\">Fakult\u00e4t f\u00fcr Medizin<\/a><br \/>\n<a href=\"https:\/\/semmelweis.hu\/molekularis-biologia\/files\/2025\/04\/Fakultat-fur-Zahnheilkunde_Aktionsplan_2024_25_1.pdf\" target=\"_blank\" rel=\"noopener noreferrer\">Fakult\u00e4t f\u00fcr Zahnheilkunde<\/a><\/p>\n<p>\n<\/div><h2 class=\"tabtitle\">2023\/24-1<\/h2>\n<div class=\"tabcontent\">\n<a href=\"https:\/\/semmelweis.hu\/molekularis-biologia\/files\/2024\/04\/OMHV_Fakultat-fur-Medizin_Aktionsplan_2023_24_1.pdf\" target=\"_blank\" rel=\"noopener noreferrer\">Fakult\u00e4t f\u00fcr Medizin<\/a><br \/>\n<a href=\"https:\/\/semmelweis.hu\/molekularis-biologia\/files\/2024\/04\/OMHV_Fakultat-fur-Zahnheilkunde_Aktionsplan_2023_24_1.pdf\" target=\"_blank\" rel=\"noopener noreferrer\">Fakult\u00e4t f\u00fcr Zahnheilkunde<\/a><\/p>\n<p>\n<\/div><h2 class=\"tabtitle\">2022\/23-1<\/h2>\n<div class=\"tabcontent\">\n<a href=\"https:\/\/semmelweis.hu\/molekularis-biologia\/files\/2023\/05\/OMHV_Fakultat-fur-Medizin_Aktionsplan_2022_23_1.pdf\" target=\"_blank\" rel=\"noopener noreferrer\">Fakult\u00e4t f\u00fcr Medizin<\/a><br \/>\n<a href=\"https:\/\/semmelweis.hu\/molekularis-biologia\/files\/2023\/05\/OMHV_Fakultat-fur-Zahnheilkunde_Aktionsplan_2022_23_1.pdf\" target=\"_blank\" rel=\"noopener noreferrer\">Fakult\u00e4t f\u00fcr Zahnheilkunde<\/a><\/div><\/div><\/p>\n<p><b>Anforderungsdatemblatt<\/b><br \/>\n<a href=\"https:\/\/semmelweis.hu\/molekularis-biologia\/files\/2023\/05\/kovetelmeny_MZB1_AOK_DE.pdf\" target=\"_blank\" rel=\"noopener\">Fakult\u00e4t f\u00fcr Medizin<\/a>&emsp;<a href=\"https:\/\/semmelweis.hu\/molekularis-biologia\/files\/2023\/05\/kovetelmeny_MZB1_FOK_DE.pdf\" target=\"_blank\" rel=\"noopener\">Fakult\u00e4t f\u00fcr Zahnheilkunde<\/a><\/p>\n","protected":false},"excerpt":{"rendered":"<p>MF (6 Kreditpunkte, Kolloquium, Dr. Mikl\u00f3s Csala; AOKMBT795_1N) DF (4 Kreditpunkte, Kolloquium, Dr. Mikl\u00f3s Csala; FOKOOVM205_1N) Herbstsemester Studienbeauftragte des Faches: Dr. R\u00f3nai, Zsolt ( <a href=\"mailto:ronai.zsolt@med.semmelweis-univ.hu\">ronai.zsolt@med.semmelweis-univ.hu<\/a> ) <a href=\"https:\/\/itc.semmelweis.hu\/moodle\/\">Einzelheiten, Zeitplan, Zoom-Links, Downloads usw. finden Sie auf den Moodle-Seiten des Betreffs.<\/a> Allgemeine Informationen Das Fach fasst die Grundlagen der Molekularbiologie und Zellbiologie f\u00fcr Medizin- und Zahnmedizinstudenten zusammen. Es bietet einen Grund f\u00fcr das Verst\u00e4ndnis mehrerer Gebiete der Medizin, wie z.B. molekulare &hellip;<\/p>\n","protected":false},"author":183,"featured_media":0,"parent":531,"menu_order":20,"comment_status":"closed","ping_status":"closed","template":"","meta":{"_acf_changed":false,"footnotes":""},"categories":[],"tags":[],"class_list":["post-6718","page","type-page","status-publish","hentry"],"acf":[],"_links":{"self":[{"href":"https:\/\/semmelweis.hu\/molekularis-biologia\/wp-json\/wp\/v2\/pages\/6718","targetHints":{"allow":["GET"]}}],"collection":[{"href":"https:\/\/semmelweis.hu\/molekularis-biologia\/wp-json\/wp\/v2\/pages"}],"about":[{"href":"https:\/\/semmelweis.hu\/molekularis-biologia\/wp-json\/wp\/v2\/types\/page"}],"author":[{"embeddable":true,"href":"https:\/\/semmelweis.hu\/molekularis-biologia\/wp-json\/wp\/v2\/users\/183"}],"replies":[{"embeddable":true,"href":"https:\/\/semmelweis.hu\/molekularis-biologia\/wp-json\/wp\/v2\/comments?post=6718"}],"version-history":[{"count":11,"href":"https:\/\/semmelweis.hu\/molekularis-biologia\/wp-json\/wp\/v2\/pages\/6718\/revisions"}],"predecessor-version":[{"id":8704,"href":"https:\/\/semmelweis.hu\/molekularis-biologia\/wp-json\/wp\/v2\/pages\/6718\/revisions\/8704"}],"up":[{"embeddable":true,"href":"https:\/\/semmelweis.hu\/molekularis-biologia\/wp-json\/wp\/v2\/pages\/531"}],"wp:attachment":[{"href":"https:\/\/semmelweis.hu\/molekularis-biologia\/wp-json\/wp\/v2\/media?parent=6718"}],"wp:term":[{"taxonomy":"category","embeddable":true,"href":"https:\/\/semmelweis.hu\/molekularis-biologia\/wp-json\/wp\/v2\/categories?post=6718"},{"taxonomy":"post_tag","embeddable":true,"href":"https:\/\/semmelweis.hu\/molekularis-biologia\/wp-json\/wp\/v2\/tags?post=6718"}],"curies":[{"name":"wp","href":"https:\/\/api.w.org\/{rel}","templated":true}]}}