{"id":6707,"date":"2017-09-07T15:07:28","date_gmt":"2017-09-07T13:07:28","guid":{"rendered":"http:\/\/semmelweis.hu\/orvosi-vegytan\/?page_id=6707"},"modified":"2026-03-06T09:51:14","modified_gmt":"2026-03-06T08:51:14","slug":"molzellbiol2","status":"publish","type":"page","link":"https:\/\/semmelweis.hu\/molekularis-biologia\/de\/studentenseite\/molzellbiol2\/","title":{"rendered":"Molekulare Zellbiologie II."},"content":{"rendered":"<p><strong>MF (3 Kreditpunkte, Rigorosum, Dr. Mikl\u00f3s Csala; AOKMBT795_2N)<\/strong><br \/>\n<strong>FFZ (3 Kreditpunkte, Rigorosum, Dr. Mikl\u00f3s Csala; FOKOOVM205_2N)<\/strong><\/p>\n<p><strong>Fr\u00fchjahrssemester<\/strong><\/p>\n<p><strong>Studienbeauftragte:<\/strong> <a href=\"mailto:ronai.zsolt@med.semmelweis-univ.hu\">Dr. R\u00f3nai, Zsolt<\/a><\/p>\n<p><strong><font size=\"4\"><a href=\"https:\/\/itc.semmelweis.hu\/moodle\/\">Einzelheiten, Zeitplan, Zoom-Links, Downloads usw. finden Sie auf den Moodle-Seiten des Betreffs.<\/a><\/font><\/strong><\/p>\n<p style=\"text-align: justify\"><strong>Allgemeine Informationen<\/strong><br \/>\nDas Fach fasst die Grundlagen der Molekularbiologie und Zellbiologie f\u00fcr Studenten der Fakult\u00e4t f\u00fcr Humanmedizin und Zahnheilkunde zusammen. Es gibt einen festen Grund f\u00fcr die Erlernung mehrerer Gebiete der Medizin, wie z.B. molekulare Pathologie, molekulare Diagnostik, Pharmakologie, Gentherapie und medizinische Biotechnologie. Der erfolgreiche Abschluss des Fachs ist Voraussetzung f\u00fcr die Aufnahme des Pflichtfachs Pharmakologie I im 5. Semester. Der Studienf\u00fchrer gibt Hinweise zu weiteren Voraussetzungen.<br \/>\nStudenten, die den Kurs erfolgreich absolvieren, k\u00f6nnen die verschiedenen Gebiete der molekularen Medizin verstehen und benutzen, die grunds\u00e4tzlich im XXI. Jahrhundert sind.<\/p>\n<p style=\"text-align: justify\"><strong>Vorlesungen und Praktika<\/strong><br \/>\nW\u00f6chentlich finden zwei Vorlesungen statt. Die Teilnahme an den Praktika ist obligatorisch. Nach der Studien- und Pr\u00fcfungsordnung der Universit\u00e4t darf man von maximum 2 Praktika abwesend sein. In begr\u00fcndeten F\u00e4llen kann nur ein Praktikum im Laufe des Semesters bei einer anderen Gruppe nachgeholt werden. <i>Danke f\u00fcr Ihre Kooperation!<\/i><\/p>\n<p style=\"text-align: justify\"><strong>Empfohlene Lehrb\u00fccher:<\/strong><br \/>\nL\u00f6ffler\u2013Petrides: Biochemie und Pathobiochemie<br \/>\nzus\u00e4tzliche Lehrsotffe im Moodle<\/p>\n<p><strong>Studentische Lehrveranstaltungsbewertung<\/strong><br \/>\n(&#8222;<strong>O<\/strong>ktat\u00f3i <strong>m<\/strong>unka <strong>h<\/strong>allgat\u00f3i <strong>v<\/strong>\u00e9lem\u00e9nyez\u00e9se&#8221; &#8211; OMHV)<\/p>\n<p><div class=\"responsive-tabs\">\n<h2 class=\"tabtitle\">2024\/25-2<\/h2>\n<div class=\"tabcontent\">\n<a href=\"https:\/\/semmelweis.hu\/molekularis-biologia\/files\/2026\/03\/Molekularis-sejtbiologia-II-AOKMBT795_2N.pdf\" target=\"_blank\" rel=\"noopener noreferrer\">Vorlesungen an der Medizinischen Fakult\u00e4t<\/a><a href=\"https:\/\/semmelweis.hu\/molekularis-biologia\/files\/2026\/03\/Molekularis-sejtbiologia-II-AOKMBT795_2N-1.pdf\" target=\"_blank\" rel=\"noopener noreferrer\">Praktika an der Medizinischen Fakult\u00e4t<\/a><br \/>\n<a href=\"https:\/\/semmelweis.hu\/molekularis-biologia\/files\/2026\/03\/Molekularis-sejtbiologia-II-FOKOMBT306_2N.pdf\" target=\"_blank\" rel=\"noopener noreferrer\">Vorlesungen an der Fakult\u00e4t f\u00fcr Zahnheilkunde<\/a> \u2003 <a href=\"https:\/\/semmelweis.hu\/molekularis-biologia\/files\/2026\/03\/Molekularis-sejtbiologia-II-FOKOMBT306_2N-1.pdf\" target=\"_blank\" rel=\"noopener noreferrer\">Praktika an der Fakult\u00e4t f\u00fcr Zahnheilkunde<\/a><\/p>\n<p>\n<\/div><h2 class=\"tabtitle\">2022\/23-2<\/h2>\n<div class=\"tabcontent\">\n<a href=\"https:\/\/semmelweis.hu\/molekularis-biologia\/files\/2023\/10\/ertekeles_msb2_AOK_2022_23_2_N.pdf\" target=\"_blank\" rel=\"noopener noreferrer\">Vorlesungen an der Medizinischen Fakult\u00e4t<\/a><a href=\"https:\/\/semmelweis.hu\/molekularis-biologia\/files\/2023\/10\/ertekeles_msb2_gyak_AOK_2022_23_2_N.pdf\" target=\"_blank\" rel=\"noopener noreferrer\">Praktika an der Medizinischen Fakult\u00e4t<\/a><br \/>\n<a href=\"https:\/\/semmelweis.hu\/molekularis-biologia\/files\/2023\/10\/ertekeles_msb2_FOK_2022_23_2_N.pdf\" target=\"_blank\" rel=\"noopener noreferrer\">Vorlesungen an der Fakult\u00e4t f\u00fcr Zahnheilkunde<\/a> \u2003 <a href=\"https:\/\/semmelweis.hu\/molekularis-biologia\/files\/2023\/10\/ertekeles_msb2_gyak_FOK_2022_23_2_N.pdf\" target=\"_blank\" rel=\"noopener noreferrer\">Praktika an der Fakult\u00e4t f\u00fcr Zahnheilkunde<\/a><\/div><\/div><\/p>\n<p><strong>OMHV Aktionspl\u00e4ne<\/strong><br \/>\n<div class=\"responsive-tabs\">\n<h2 class=\"tabtitle\">2024\/25-2<\/h2>\n<div class=\"tabcontent\">\n<a href=\"https:\/\/semmelweis.hu\/molekularis-biologia\/files\/2026\/03\/Fakultat_fur_Medizin_Aktionsplan_2024_25_2.pdf\">Fakult\u00e4t f\u00fcr Medizin<\/a><br \/>\n<a href=\"https:\/\/semmelweis.hu\/molekularis-biologia\/files\/2026\/03\/Fakultat_fur_Zahnmedizin_Aktionsplan_2024_25_2.pdf\">Fakult\u00e4t f\u00fcr Zahnmedizin<\/a><\/p>\n<p>\n<\/div><h2 class=\"tabtitle\">2023\/24-2<\/h2>\n<div class=\"tabcontent\">\n<a href=\"https:\/\/semmelweis.hu\/molekularis-biologia\/files\/2024\/11\/Fakultat-fur-Medizin_Aktionsplan_2023_24_2.pdf\">Fakult\u00e4t f\u00fcr Medizin<\/a><br \/>\n<a href=\"https:\/\/semmelweis.hu\/molekularis-biologia\/files\/2024\/11\/Fakultat-fur-Zahnmedizin_Aktionsplan_2023_24_2.pdf\">Fakult\u00e4t f\u00fcr Zahnmedizin<\/a><\/p>\n<p>\n<\/div><h2 class=\"tabtitle\">2022\/23-2<\/h2>\n<div class=\"tabcontent\">\n<a href=\"https:\/\/semmelweis.hu\/molekularis-biologia\/files\/2023\/10\/OMHV_Fakultat-fur-Medizin_Aktionsplan_2022_23_2-1.pdf\">Fakult\u00e4t f\u00fcr Medizin<\/a><br \/>\n<a href=\"https:\/\/semmelweis.hu\/molekularis-biologia\/files\/2023\/10\/OMHV_Fakultat-fur-Zahnmedizin_Aktionsplan_2022_23_2-1.pdf\">Fakult\u00e4t f\u00fcr Zahnmedizin<\/a><\/p>\n<p>\n<\/div><h2 class=\"tabtitle\">2021\/22-2<\/h2>\n<div class=\"tabcontent\">\n<a href=\"https:\/\/semmelweis.hu\/molekularis-biologia\/files\/2022\/10\/MolBiol_Fakultat-fur-Medizin_Aktionsplan_2021_22_2.pdf\">Fakult\u00e4t f\u00fcr Medizin<\/a><br \/>\n<a href=\"https:\/\/semmelweis.hu\/molekularis-biologia\/files\/2022\/10\/MolBiol_Fakultat-fur-Zahnheilkunde_Aktionsplan_2021_22_2.pdf\">Fakult\u00e4t f\u00fcr Zahnmedizin<\/a><\/p>\n<p>\n<\/div><h2 class=\"tabtitle\">2020\/21-2<\/h2>\n<div class=\"tabcontent\">\n<a href=\"https:\/\/semmelweis.hu\/molekularis-biologia\/files\/2021\/10\/omhv_mbt_intterv_dm_20212.pdf\">Fakult\u00e4t f\u00fcr Medizin<\/a><br \/>\n<a href=\"https:\/\/semmelweis.hu\/molekularis-biologia\/files\/2021\/10\/omhv_mbt_intezkedesi_terv_dz_20212.pdf\">Fakult\u00e4t f\u00fcr Zahnmedizin<\/a><br \/>\n<\/div><\/div><\/p>\n","protected":false},"excerpt":{"rendered":"<p>MF (3 Kreditpunkte, Rigorosum, Dr. Mikl\u00f3s Csala; AOKMBT795_2N) FFZ (3 Kreditpunkte, Rigorosum, Dr. Mikl\u00f3s Csala; FOKOOVM205_2N) Fr\u00fchjahrssemester Studienbeauftragte: <a href=\"mailto:ronai.zsolt@med.semmelweis-univ.hu\">Dr. R\u00f3nai, Zsolt<\/a> <a href=\"https:\/\/itc.semmelweis.hu\/moodle\/\">Einzelheiten, Zeitplan, Zoom-Links, Downloads usw. finden Sie auf den Moodle-Seiten des Betreffs.<\/a> Allgemeine Informationen Das Fach fasst die Grundlagen der Molekularbiologie und Zellbiologie f\u00fcr Studenten der Fakult\u00e4t f\u00fcr Humanmedizin und Zahnheilkunde zusammen. Es gibt einen festen Grund f\u00fcr die Erlernung mehrerer Gebiete der Medizin, wie z.B. molekulare Pathologie, molekulare &hellip;<\/p>\n","protected":false},"author":183,"featured_media":0,"parent":531,"menu_order":30,"comment_status":"closed","ping_status":"closed","template":"","meta":{"_acf_changed":false,"footnotes":""},"categories":[],"tags":[],"class_list":["post-6707","page","type-page","status-publish","hentry"],"acf":[],"_links":{"self":[{"href":"https:\/\/semmelweis.hu\/molekularis-biologia\/wp-json\/wp\/v2\/pages\/6707","targetHints":{"allow":["GET"]}}],"collection":[{"href":"https:\/\/semmelweis.hu\/molekularis-biologia\/wp-json\/wp\/v2\/pages"}],"about":[{"href":"https:\/\/semmelweis.hu\/molekularis-biologia\/wp-json\/wp\/v2\/types\/page"}],"author":[{"embeddable":true,"href":"https:\/\/semmelweis.hu\/molekularis-biologia\/wp-json\/wp\/v2\/users\/183"}],"replies":[{"embeddable":true,"href":"https:\/\/semmelweis.hu\/molekularis-biologia\/wp-json\/wp\/v2\/comments?post=6707"}],"version-history":[{"count":11,"href":"https:\/\/semmelweis.hu\/molekularis-biologia\/wp-json\/wp\/v2\/pages\/6707\/revisions"}],"predecessor-version":[{"id":8866,"href":"https:\/\/semmelweis.hu\/molekularis-biologia\/wp-json\/wp\/v2\/pages\/6707\/revisions\/8866"}],"up":[{"embeddable":true,"href":"https:\/\/semmelweis.hu\/molekularis-biologia\/wp-json\/wp\/v2\/pages\/531"}],"wp:attachment":[{"href":"https:\/\/semmelweis.hu\/molekularis-biologia\/wp-json\/wp\/v2\/media?parent=6707"}],"wp:term":[{"taxonomy":"category","embeddable":true,"href":"https:\/\/semmelweis.hu\/molekularis-biologia\/wp-json\/wp\/v2\/categories?post=6707"},{"taxonomy":"post_tag","embeddable":true,"href":"https:\/\/semmelweis.hu\/molekularis-biologia\/wp-json\/wp\/v2\/tags?post=6707"}],"curies":[{"name":"wp","href":"https:\/\/api.w.org\/{rel}","templated":true}]}}