{"id":6249,"date":"2013-04-09T21:20:22","date_gmt":"2013-04-09T21:20:22","guid":{"rendered":"http:\/\/semmelweis.hu\/orvosi-vegytan\/?page_id=6249"},"modified":"2026-03-12T10:43:43","modified_gmt":"2026-03-12T09:43:43","slug":"med-biotech-msc","status":"publish","type":"page","link":"https:\/\/semmelweis.hu\/molekularis-biologia\/en\/students\/med-biotech-msc\/","title":{"rendered":"Medical Biotechnology MSc"},"content":{"rendered":"<p><strong>P\u00e1zm\u00e1ny P\u00e9ter Catholic University<\/strong><br \/>\n<strong>Faculty of Information Technology and Bionics<\/strong><\/p>\n<p><strong>Molecular biology subject<\/strong><br \/>\n<strong>(5 credit points, terminal examination, Prof. Mikl\u00f3s Csala; P-ITBIO-0046)<\/strong><\/p>\n<p><strong>Lecturers<\/strong>: <a href=\"mailto:csala.miklos@semmelweis.hu\">Prof. Mikl\u00f3s Csala <\/a>, <a href=\"mailto:kereszturi.eva@semmelweis.hu\">Dr. \u00c9va Kereszturi<\/a>, <a href=\"mailto:meszaros.tamas@semmelweis.hu\">Prof. Tam\u00e1s M\u00e9sz\u00e1ros<\/a><br \/>\n<strong>2025\/2026 Spring semester<\/strong><\/p>\n<p><div class=\"responsive-tabs\">\n<h2 class=\"tabtitle\">Intro<\/h2>\n<div class=\"tabcontent\">\n<br \/>\n<b>The knowledge to be attained<\/b><br \/>\nThe storage, maintenance and expression of genetic information, as well as their molecular mechanisms are fundamental topics of the course. DNA replication, DNA damage and repair, RNA synthesis and processing, protein synthesis, maturation and targeting, and different ways of regulation of gene expression are discussed. Regulation of cell cycle and apoptosis, in the light of the molecular background of tumor development is also part of the subject. Some of the lectures provide insights into molecular biology research.<\/p>\n<p><b>Midterm tests and Students&#8217; presentation<\/b><br \/>\nTwo oral midterm examinations are held during the semester. In each occasion, a random topic should be picked from the list and answered verbally. The student&#8217;s performance is evaluated from 1 to 5 in each of the two tests.<br \/>\nStudents who miss a test due to illness (with a medical certificate presented) will be provided with a retake opportunity within one week.<\/p>\n<p><b>Requirements for the signature<\/b><br \/>\nThe course of the subject will not be recognized in case of more than 3 absences during the semester.<\/p>\n<p><b>Examination<\/b><br \/>\nThe semester ends with an oral terminal examination.<br \/>\nStudents draw from two sets of topics, so the grade is based on two parts. The partial grades are offered in advance if marks of 3, 4 or 5 have been obtained at each of the two evaluations held during the term. The grade of the first oral midterm (better than 2) is counted as the first, and that of the second oral midterm (better than 2) is counted as the second partial grade. Midterm marks worse than 3 do not yield such exemptions, and the student must draw a topic from the given set at the terminal exam.<\/p>\n<p><b>What to learn for the terminal examination?<\/b><br \/>\n&#8211; The material of all lectures during the semester.<br \/>\n&#8211; Medical Pathobiochemistry (eds. Mandl J and Machovich R) ISBN: 978 963 226 407 3<br \/>\n&#8211; Molecular Biology of the Cell (Alberts B, Johnson A, Lewis J, Raff M, Roberts K and Walter P) ISBN: 978-0815341055<\/p>\n<p>\n<\/div><h2 class=\"tabtitle\">Lectures<\/h2>\n<div class=\"tabcontent\">\n<br \/>\n<strong>Location<\/strong>: Room 134, ITK building (Pr\u00e1ter u. 50\/A)<br \/>\n<strong>Duration<\/strong>: 2 x 45 min (Mondays 9:15 &#8211; 11:00 and Wednesdays 14:15 &#8211; 16:00)<\/p>\n\n<table id=\"tablepress-116\" class=\"tablepress tablepress-id-116\">\n<thead>\n<tr class=\"row-1\">\n\t<th class=\"column-1\">Date<\/th><th class=\"column-2\">Time<\/th><th class=\"column-3\">Place<\/th><th class=\"column-4\">Lecture<\/th><th class=\"column-5\">Lecturer<\/th>\n<\/tr>\n<\/thead>\n<tbody class=\"row-striping\">\n<tr class=\"row-2\">\n\t<td class=\"column-1\">February 9<\/td><td class=\"column-2\">9:15<\/td><td class=\"column-3\"><FONT COLOR=\"green\">ITK 134<\/FONT><\/td><td class=\"column-4\">Basics of molecular biology<\/td><td class=\"column-5\">Csala<\/td>\n<\/tr>\n<tr class=\"row-3\">\n\t<td class=\"column-1\">February 11<\/td><td class=\"column-2\">14:15<\/td><td class=\"column-3\"><FONT COLOR=\"green\">ITK 134<\/FONT><\/td><td class=\"column-4\">DNA replication<\/td><td class=\"column-5\">M\u00e9sz\u00e1ros<\/td>\n<\/tr>\n<tr class=\"row-4\">\n\t<td class=\"column-1\">February 16<\/td><td class=\"column-2\">9:15<\/td><td class=\"column-3\"><FONT COLOR=\"green\">ITK 134<\/FONT><\/td><td class=\"column-4\">DNA damage, mutation, repair<\/td><td class=\"column-5\">M\u00e9sz\u00e1ros<\/td>\n<\/tr>\n<tr class=\"row-5\">\n\t<td class=\"column-1\">February 18<\/td><td class=\"column-2\">14:15<\/td><td class=\"column-3\"><FONT COLOR=\"green\">ITK 134<\/FONT><\/td><td class=\"column-4\">Transcription<\/td><td class=\"column-5\">Csala<\/td>\n<\/tr>\n<tr class=\"row-6\">\n\t<td class=\"column-1\">February 23<\/td><td class=\"column-2\">9:15<\/td><td class=\"column-3\"><FONT COLOR=\"green\">ITK 134<\/FONT><\/td><td class=\"column-4\">RNA processing<\/td><td class=\"column-5\">Csala<\/td>\n<\/tr>\n<tr class=\"row-7\">\n\t<td class=\"column-1\">February 25<\/td><td class=\"column-2\">14:15<\/td><td class=\"column-3\"><FONT COLOR=\"green\">ITK 134<\/FONT><\/td><td class=\"column-4\">Control of gene expression at mRNA level<\/td><td class=\"column-5\">Csala<\/td>\n<\/tr>\n<tr class=\"row-8\">\n\t<td class=\"column-1\">March 2<\/td><td class=\"column-2\">9:15<\/td><td class=\"column-3\"><FONT COLOR=\"green\">ITK 134<\/FONT><\/td><td class=\"column-4\">Translation<\/td><td class=\"column-5\">M\u00e9sz\u00e1ros<\/td>\n<\/tr>\n<tr class=\"row-9\">\n\t<td class=\"column-1\">March 4<\/td><td class=\"column-2\">14:15<\/td><td class=\"column-3\"><FONT COLOR=\"green\">ITK 134<\/FONT><\/td><td class=\"column-4\">Control of translation<\/td><td class=\"column-5\">M\u00e9sz\u00e1ros<\/td>\n<\/tr>\n<tr class=\"row-10\">\n\t<td class=\"column-1\">March 9<\/td><td class=\"column-2\">9:15<\/td><td class=\"column-3\"><FONT COLOR=\"green\">ITK 134<\/FONT><\/td><td class=\"column-4\">Post-translational modifications<\/td><td class=\"column-5\">M\u00e9sz\u00e1ros<\/td>\n<\/tr>\n<tr class=\"row-11\">\n\t<td class=\"column-1\">March 11<\/td><td class=\"column-2\">14:15<\/td><td class=\"column-3\"><FONT COLOR=\"green\">ITK 134<\/FONT><\/td><td class=\"column-4\">Intracellular protein trafficking<\/td><td class=\"column-5\">M\u00e9sz\u00e1ros<\/td>\n<\/tr>\n<tr class=\"row-12\">\n\t<td class=\"column-1\">March 16<\/td><td class=\"column-2\">9:15<\/td><td class=\"column-3\"><FONT COLOR=\"orange\">EOK<\/FONT><\/td><td class=\"column-4\"><b>ORAL MIDTERM I<\/b><\/td><td class=\"column-5\"><\/td>\n<\/tr>\n<tr class=\"row-13\">\n\t<td class=\"column-1\">March 18<\/td><td class=\"column-2\">14:15<\/td><td class=\"column-3\"><FONT COLOR=\"green\">ITK 134<\/FONT><\/td><td class=\"column-4\">Vesicular transport, endocytosis, exocytosis<\/td><td class=\"column-5\">Kereszturi<\/td>\n<\/tr>\n<tr class=\"row-14\">\n\t<td class=\"column-1\">March 23<\/td><td class=\"column-2\">9:15<\/td><td class=\"column-3\"><FONT COLOR=\"green\">ITK 134<\/FONT><\/td><td class=\"column-4\">Protein degradation (proteasome and autophagy)<\/td><td class=\"column-5\">M\u00e9sz\u00e1ros<\/td>\n<\/tr>\n<tr class=\"row-15\">\n\t<td class=\"column-1\">March 25<\/td><td class=\"column-2\">14:15<\/td><td class=\"column-3\"><FONT COLOR=\"green\">ITK 134<\/FONT><\/td><td class=\"column-4\">Production of recombinant <br \/>\nproteins<\/td><td class=\"column-5\">M\u00e9sz\u00e1ros<\/td>\n<\/tr>\n<tr class=\"row-16\">\n\t<td class=\"column-1\">April 13<\/td><td class=\"column-2\">9:15<\/td><td class=\"column-3\"><FONT COLOR=\"green\">ITK 134<\/FONT><\/td><td class=\"column-4\">Genetic polymorphism and human diseases I<\/td><td class=\"column-5\">Kereszturi<\/td>\n<\/tr>\n<tr class=\"row-17\">\n\t<td class=\"column-1\">April 15<\/td><td class=\"column-2\">14:15<\/td><td class=\"column-3\"><FONT COLOR=\"green\">ITK 134<\/FONT><\/td><td class=\"column-4\">Genetic polymorphism and human diseases II<\/td><td class=\"column-5\">Kereszturi<\/td>\n<\/tr>\n<tr class=\"row-18\">\n\t<td class=\"column-1\">April 20<\/td><td class=\"column-2\">9:15<\/td><td class=\"column-3\"><FONT COLOR=\"green\">ITK 134<\/FONT><\/td><td class=\"column-4\">Molecular biology of viruses I<\/td><td class=\"column-5\">Csala<\/td>\n<\/tr>\n<tr class=\"row-19\">\n\t<td class=\"column-1\">April 22<\/td><td class=\"column-2\">14:15<\/td><td class=\"column-3\"><FONT COLOR=\"green\">ITK 134<\/FONT><\/td><td class=\"column-4\">Molecular biology of viruses II<\/td><td class=\"column-5\">Csala<\/td>\n<\/tr>\n<tr class=\"row-20\">\n\t<td class=\"column-1\">April 27<\/td><td class=\"column-2\">9:15<\/td><td class=\"column-3\"><FONT COLOR=\"green\">ITK 134<\/FONT><\/td><td class=\"column-4\">Control of cell cycle I<\/td><td class=\"column-5\">Csala<\/td>\n<\/tr>\n<tr class=\"row-21\">\n\t<td class=\"column-1\">April 29<\/td><td class=\"column-2\">14:15<\/td><td class=\"column-3\"><FONT COLOR=\"green\">ITK 134<\/FONT><\/td><td class=\"column-4\">Control of cell cycle II<\/td><td class=\"column-5\">Csala<\/td>\n<\/tr>\n<tr class=\"row-22\">\n\t<td class=\"column-1\">May 4<\/td><td class=\"column-2\">9:15<\/td><td class=\"column-3\"><FONT COLOR=\"green\">ITK 134<\/FONT><\/td><td class=\"column-4\">Apoptosis I<\/td><td class=\"column-5\">Csala<\/td>\n<\/tr>\n<tr class=\"row-23\">\n\t<td class=\"column-1\">May 6<\/td><td class=\"column-2\">14:15<\/td><td class=\"column-3\"><FONT COLOR=\"green\">ITK 134<\/FONT><\/td><td class=\"column-4\">Apoptosis II<\/td><td class=\"column-5\">Csala<\/td>\n<\/tr>\n<tr class=\"row-24\">\n\t<td class=\"column-1\">May 11<\/td><td class=\"column-2\">9:15<\/td><td class=\"column-3\"><FONT COLOR=\"green\">ITK 134<\/FONT><\/td><td class=\"column-4\">Molecular background of cancer<\/td><td class=\"column-5\">Csala<\/td>\n<\/tr>\n<tr class=\"row-25\">\n\t<td class=\"column-1\">May 13<\/td><td class=\"column-2\">14:15<\/td><td class=\"column-3\"><FONT COLOR=\"orange\">EOK<\/FONT><\/td><td class=\"column-4\"><b>ORAL MIDTERM II<\/b><\/td><td class=\"column-5\"><\/td>\n<\/tr>\n<\/tbody>\n<\/table>\n\n<p>\n<\/div><h2 class=\"tabtitle\">Midterm 1<\/h2>\n<div class=\"tabcontent\">\n<br \/>\n<strong>Topics for the 1st midterm<\/strong><\/p>\n<ol>\n<li>Structure of DNA in prokaryotes and eukaryotes, histones, topoisomerism<\/li>\n<li>Proteins involved in prokaryotic DNA replication<\/li>\n<li>Initiation of replication and the replication fork<\/li>\n<li>Special features of eukaryotic DNA replication, the telomerase<\/li>\n<li>The most important types of DNA lesion, DNA damage and mutation<\/li>\n<li>Formation and repair of &#8222;mismatch damage&#8221;<\/li>\n<li>Ways to repair pyrimidine (Thymine) dimer<\/li>\n<li>Structure and function of E. coli RNA polymerase<\/li>\n<li>Initiation and termination of transcription in prokaryotic cells<\/li>\n<li>Initiation and termination of transcription in eukaryotic cells<\/li>\n<li>Processing of mRNA and the structure of mature mRNA<\/li>\n<li>Regulation of transcription in prokaryotes<\/li>\n<li>Regulation of transcription in eukaryotes<\/li>\n<li>Mechanisms for influencing eukaryotic gene expression (other than transcriptional control)<\/li>\n<li>Structure and function of RNAs involved in translation<\/li>\n<li>Mechanism of aminoacyl-tRNA formation<\/li>\n<li>Structure and function of prokaryotic and eukaryotic ribosomes<\/li>\n<li>Initiation of translation in prokaryotes and eukaryotes<\/li>\n<li>Elongation and termination of translation<\/li>\n<li>Post-translational modifications and functional consequences<\/li>\n<li>Possible mechanisms for the control of translation<\/li>\n<li>Eukaryotic cell organelles and the nuclear protein transport<\/li>\n<li>Protein transport to mitochondria and the ER<\/li>\n<\/ol>\n<p>\n<\/div><h2 class=\"tabtitle\">Midterm 2<\/h2>\n<div class=\"tabcontent\">\n<br \/>\n<strong>Topics for the 2nd midterm<\/strong><\/p>\n<ol>\n<li>Intracellular proteolysis, types and mechanisms of autophagy<\/li>\n<li>Intracellular proteolysis, ubiquitination, proteasome<\/li>\n<li>Vesicular transport between the organelles, the role of SNARE proteins and Rab proteins<\/li>\n<li>Vesicular transport, endocytosis and exocytosis, the role of coat-forming proteins<\/li>\n<li>Lytic and lysogenic replication of bacteriophages<\/li>\n<li>Grouping of animal viruses according to their replication mechanism, effect of double-stranded RNA in the eukaryotic cells<\/li>\n<li>Replication cycle of retroviruses, acutely transforming retroviruses<\/li>\n<li>Role of genetic variations in disease development, ways to determine genetic factors<\/li>\n<li>Techniques for detecting and analyzing genetic polymorphisms and mutations<\/li>\n<li>The eukaryotic cell division cycle &#8211; phases and checkpoints<\/li>\n<li>Cyclins, cyclin-dependent kinases and their inhibitors<\/li>\n<li>Control of cell cycle in G1 and S phases<\/li>\n<li>Control of cell cycle in G2 and M phases<\/li>\n<li>Handling DNA injuries and ongoing replication during the cell cycle<\/li>\n<li>Structure and function of apoptosome, DISC, and PIDDosome<\/li>\n<li>Types of Bcl-2 proteins and their role in apoptosis pathways of different origin<\/li>\n<li>Properties of caspases and their role in regulating apoptosis<\/li>\n<li>Components of the &#8222;survival signal&#8221; and its connection with the regulatory proteins of apoptosis<\/li>\n<li>The endoplasmic reticulum stress and the UPR<\/li>\n<li>Control of the level and activity of p53 protein<\/li>\n<li>Effects of p53 protein on cell cycle and apoptosis<\/li>\n<li>The concept of tumor suppressor genes, the functions of some representative tumor suppressor proteins<\/li>\n<li>Genetic modifications leading to tumor cell formation<\/li>\n<li>Elements of prokaryotic and eukaryotic expression vectors<\/li>\n<li>Isolation of overexpressed proteins<\/li>\n<\/ol>\n<p>\n<\/div><h2 class=\"tabtitle\">Download<\/h2>\n<div class=\"tabcontent\">\n<br \/>\nLecture slides are available <a href=\"https:\/\/semmelweis.hu\/molekularis-biologia\/mbmsc_download\/\">here<\/a>.<\/p>\n<p><b>The passwords to download pages can be obtained from the laboratory teachers personally.<\/b><br \/>\n<\/div><\/div><\/p>\n","protected":false},"excerpt":{"rendered":"<p>P\u00e1zm\u00e1ny P\u00e9ter Catholic University Faculty of Information Technology and Bionics Molecular biology subject (5 credit points, terminal examination, Prof. Mikl\u00f3s Csala; P-ITBIO-0046) Lecturers: <a href=\"mailto:csala.miklos@semmelweis.hu\">Prof. Mikl\u00f3s Csala <\/a> , <a href=\"mailto:kereszturi.eva@semmelweis.hu\">Dr. \u00c9va Kereszturi<\/a> , <a href=\"mailto:meszaros.tamas@semmelweis.hu\">Prof. Tam\u00e1s M\u00e9sz\u00e1ros<\/a> 2025\/2026 Spring semester The knowledge to be attained The storage, maintenance and expression of genetic information, as well as their molecular mechanisms are fundamental topics of the course. DNA replication, &hellip;<\/p>\n","protected":false},"author":183,"featured_media":0,"parent":3550,"menu_order":100,"comment_status":"closed","ping_status":"closed","template":"","meta":{"_acf_changed":false,"footnotes":""},"categories":[],"tags":[],"class_list":["post-6249","page","type-page","status-publish","hentry"],"acf":[],"_links":{"self":[{"href":"https:\/\/semmelweis.hu\/molekularis-biologia\/wp-json\/wp\/v2\/pages\/6249","targetHints":{"allow":["GET"]}}],"collection":[{"href":"https:\/\/semmelweis.hu\/molekularis-biologia\/wp-json\/wp\/v2\/pages"}],"about":[{"href":"https:\/\/semmelweis.hu\/molekularis-biologia\/wp-json\/wp\/v2\/types\/page"}],"author":[{"embeddable":true,"href":"https:\/\/semmelweis.hu\/molekularis-biologia\/wp-json\/wp\/v2\/users\/183"}],"replies":[{"embeddable":true,"href":"https:\/\/semmelweis.hu\/molekularis-biologia\/wp-json\/wp\/v2\/comments?post=6249"}],"version-history":[{"count":10,"href":"https:\/\/semmelweis.hu\/molekularis-biologia\/wp-json\/wp\/v2\/pages\/6249\/revisions"}],"predecessor-version":[{"id":8904,"href":"https:\/\/semmelweis.hu\/molekularis-biologia\/wp-json\/wp\/v2\/pages\/6249\/revisions\/8904"}],"up":[{"embeddable":true,"href":"https:\/\/semmelweis.hu\/molekularis-biologia\/wp-json\/wp\/v2\/pages\/3550"}],"wp:attachment":[{"href":"https:\/\/semmelweis.hu\/molekularis-biologia\/wp-json\/wp\/v2\/media?parent=6249"}],"wp:term":[{"taxonomy":"category","embeddable":true,"href":"https:\/\/semmelweis.hu\/molekularis-biologia\/wp-json\/wp\/v2\/categories?post=6249"},{"taxonomy":"post_tag","embeddable":true,"href":"https:\/\/semmelweis.hu\/molekularis-biologia\/wp-json\/wp\/v2\/tags?post=6249"}],"curies":[{"name":"wp","href":"https:\/\/api.w.org\/{rel}","templated":true}]}}