{"id":6,"date":"2016-08-29T09:21:29","date_gmt":"2016-08-29T07:21:29","guid":{"rendered":"http:\/\/semmelweis-egyetem.hu\/orvosi-vegytan\/?page_id=6"},"modified":"2026-03-20T13:14:00","modified_gmt":"2026-03-20T12:14:00","slug":"oktatas","status":"publish","type":"page","link":"https:\/\/semmelweis.hu\/molekularis-biologia\/oktatas\/","title":{"rendered":"Oktat\u00e1s"},"content":{"rendered":"<p>Tansz\u00e9kvezet\u0151: <a href=\"csala.miklos@med.semmelweis-univ.hu\">Dr. Csala Mikl\u00f3s<\/a><br \/>\nA tanulm\u00e1nyi \u00fcgyek koordin\u00e1tora: <a href=\"mailto:ronai.zsolt@med.semmelweis-univ.hu\">Dr. R\u00f3nai Zsolt<\/a><br \/>\nTanulm\u00e1nyi felel\u0151s: <a href=\"mailto:szelenyi.peter@semmelweis.hu\">Dr. Szel\u00e9nyi P\u00e9ter<\/a><\/p>\n<hr \/>\n<div class=\"keretes w-100\">\n<h6><span style=\"font-size: large\">R\u00e9szletek\u00e9rt, el\u0151ad\u00e1sok \u00e9s gyakorlatok programj\u00e1\u00e9rt, Zoom linkek\u00e9rt, let\u00f6lt\u00e9s\u00e9rt stb., k\u00e9rj\u00fck, keresse fel <a href=\"https:\/\/itc.semmelweis.hu\/moodle\/\">a Tansz\u00e9k Moodle oldalait \u2192<\/a><\/span><\/h6>\n<\/div>\n<ul>\n<li><a href=\"https:\/\/semmelweis.hu\/molekularis-biologia\/oktatas\/orvkem\/\">Orvosi k\u00e9mia<\/a><\/li>\n<li><a href=\"https:\/\/semmelweis.hu\/molekularis-biologia\/oktatas\/molsejtbiol1\/\">Molekul\u00e1ris sejtbiol\u00f3gia I<\/a><\/li>\n<li><a href=\"https:\/\/semmelweis.hu\/molekularis-biologia\/oktatas\/molsejtbiol2\/\">Molekul\u00e1ris sejtbiol\u00f3gia II<\/a><\/li>\n<li><a href=\"https:\/\/semmelweis.hu\/molekularis-biologia\/oktatas\/patobiokemia\/\">Patobiok\u00e9mia<\/a><\/li>\n<li><a href=\"https:\/\/semmelweis.hu\/molekularis-biologia\/oktatas\/molorvkut\/\">Mol. orvostudom\u00e1nyi kutat\u00e1sok<\/a><\/li>\n<li><a href=\"https:\/\/semmelweis.hu\/molekularis-biologia\/oktatas\/kemalap\/\">Orvosi k\u00e9mia alapjai<\/a><\/li>\n<li><a href=\"https:\/\/semmelweis.hu\/molekularis-biologia\/oktatas\/molbiolmod\/\">Molekul\u00e1ris biol\u00f3giai m\u00f3dszerek<\/a><\/li>\n<li><a href=\"https:\/\/semmelweis.hu\/molekularis-biologia\/oktatas\/halozatok\/\">H\u00e1l\u00f3zatok<\/a><\/li>\n<li><a href=\"https:\/\/semmelweis.hu\/molekularis-biologia\/oktatas\/egugyi-mernok-msc\/\">Eg\u00e9szs\u00e9g\u00fcgyi m\u00e9rn\u00f6k MSc<\/a>\n<ul class=\"children\">\n<li><a href=\"https:\/\/semmelweis.hu\/molekularis-biologia\/oktatas\/egugyi-mernok-msc\/letoltes\/\">EM MSc let\u00f6lt\u00e9s<\/a><\/li>\n<\/ul>\n<\/li>\n<li><a href=\"https:\/\/semmelweis.hu\/molekularis-biologia\/oktatas\/tankonyvek\/\">Az Int\u00e9zetben\/Tansz\u00e9ken k\u00e9sz\u00fclt tank\u00f6nyvek<\/a><\/li>\n<\/ul>\n","protected":false},"excerpt":{"rendered":"<p>Tansz\u00e9kvezet\u0151: <a href=\"csala.miklos@med.semmelweis-univ.hu\">Dr. Csala Mikl\u00f3s<\/a><br \/>\nA tanulm\u00e1nyi \u00fcgyek koordin\u00e1tora: <a href=\"mailto:ronai.zsolt@med.semmelweis-univ.hu\">Dr. R\u00f3nai Zsolt<\/a><br \/>\nTanulm\u00e1nyi felel\u0151s: <a href=\"mailto:szelenyi.peter@semmelweis.hu\">Dr. Szel\u00e9nyi P\u00e9ter<\/a><\/p>\n<p>R\u00e9szletek\u00e9rt, el\u0151ad\u00e1sok \u00e9s gyakorlatok programj\u00e1\u00e9rt, Zoom linkek\u00e9rt, let\u00f6lt\u00e9s\u00e9rt stb., k\u00e9rj\u00fck, keresse fel <a href=\"https:\/\/itc.semmelweis.hu\/moodle\/\">a Tansz\u00e9k Moodle oldalait \u2192<\/a><\/p>\n<p><a href=\"https:\/\/semmelweis.hu\/molekularis-biologia\/oktatas\/orvkem\/\">Orvosi k\u00e9mia<\/a><br \/>\n<a href=\"https:\/\/semmelweis.hu\/molekularis-biologia\/oktatas\/molsejtbiol1\/\">Molekul\u00e1ris sejtbiol\u00f3gia I<\/a><br \/>\n<a href=\"https:\/\/semmelweis.hu\/molekularis-biologia\/oktatas\/molsejtbiol2\/\">Molekul\u00e1ris sejtbiol\u00f3gia II<\/a><br \/>\n<a href=\"https:\/\/semmelweis.hu\/molekularis-biologia\/oktatas\/patobiokemia\/\">Patobiok\u00e9mia<\/a><br \/>\n<a href=\"https:\/\/semmelweis.hu\/molekularis-biologia\/oktatas\/molorvkut\/\">Mol. orvostudom\u00e1nyi kutat\u00e1sok<\/a><br \/>\n<a href=\"https:\/\/semmelweis.hu\/molekularis-biologia\/oktatas\/kemalap\/\">Orvosi k\u00e9mia alapjai<\/a><br \/>\n<a href=\"https:\/\/semmelweis.hu\/molekularis-biologia\/oktatas\/molbiolmod\/\">Molekul\u00e1ris biol\u00f3giai m\u00f3dszerek<\/a><br \/>\n<a href=\"https:\/\/semmelweis.hu\/molekularis-biologia\/oktatas\/halozatok\/\">H\u00e1l\u00f3zatok<\/a><br \/>\n<a href=\"https:\/\/semmelweis.hu\/molekularis-biologia\/oktatas\/egugyi-mernok-msc\/\">Eg\u00e9szs\u00e9g\u00fcgyi m\u00e9rn\u00f6k MSc<\/a><\/p>\n<p><a href=\"https:\/\/semmelweis.hu\/molekularis-biologia\/oktatas\/egugyi-mernok-msc\/letoltes\/\">EM MSc let\u00f6lt\u00e9s<\/a><\/p>\n<p><a href=\"https:\/\/semmelweis.hu\/molekularis-biologia\/oktatas\/tankonyvek\/\">Az Int\u00e9zetben\/Tansz\u00e9ken k\u00e9sz\u00fclt tank\u00f6nyvek<\/a><\/p>\n","protected":false},"author":8,"featured_media":0,"parent":0,"menu_order":4,"comment_status":"closed","ping_status":"closed","template":"","meta":{"_acf_changed":false,"footnotes":""},"categories":[],"tags":[],"class_list":["post-6","page","type-page","status-publish","hentry"],"acf":[],"_links":{"self":[{"href":"https:\/\/semmelweis.hu\/molekularis-biologia\/wp-json\/wp\/v2\/pages\/6","targetHints":{"allow":["GET"]}}],"collection":[{"href":"https:\/\/semmelweis.hu\/molekularis-biologia\/wp-json\/wp\/v2\/pages"}],"about":[{"href":"https:\/\/semmelweis.hu\/molekularis-biologia\/wp-json\/wp\/v2\/types\/page"}],"author":[{"embeddable":true,"href":"https:\/\/semmelweis.hu\/molekularis-biologia\/wp-json\/wp\/v2\/users\/8"}],"replies":[{"embeddable":true,"href":"https:\/\/semmelweis.hu\/molekularis-biologia\/wp-json\/wp\/v2\/comments?post=6"}],"version-history":[{"count":11,"href":"https:\/\/semmelweis.hu\/molekularis-biologia\/wp-json\/wp\/v2\/pages\/6\/revisions"}],"predecessor-version":[{"id":8918,"href":"https:\/\/semmelweis.hu\/molekularis-biologia\/wp-json\/wp\/v2\/pages\/6\/revisions\/8918"}],"wp:attachment":[{"href":"https:\/\/semmelweis.hu\/molekularis-biologia\/wp-json\/wp\/v2\/media?parent=6"}],"wp:term":[{"taxonomy":"category","embeddable":true,"href":"https:\/\/semmelweis.hu\/molekularis-biologia\/wp-json\/wp\/v2\/categories?post=6"},{"taxonomy":"post_tag","embeddable":true,"href":"https:\/\/semmelweis.hu\/molekularis-biologia\/wp-json\/wp\/v2\/tags?post=6"}],"curies":[{"name":"wp","href":"https:\/\/api.w.org\/{rel}","templated":true}]}}