{"id":527,"date":"2013-04-20T19:29:58","date_gmt":"2013-04-20T17:29:58","guid":{"rendered":"http:\/\/semmelweis-egyetem.hu\/orvosi-vegytan\/?page_id=527"},"modified":"2022-02-28T11:17:23","modified_gmt":"2022-02-28T10:17:23","slug":"geschichte","status":"publish","type":"page","link":"https:\/\/semmelweis.hu\/molekularis-biologia\/de\/ueber-die-abteilung\/geschichte\/","title":{"rendered":"Die Geschichte des Institutes\/der Abteilung"},"content":{"rendered":"<p align=\"justify\">&emsp;&emsp;Im Herbst 1945 hat <b>Albert Szent-Gy\u00f6rgyi<\/b>, Professor der Biochemie an der Medizinischen Fakult\u00e4t der damaligen P\u00e1zm\u00e1ny P\u00e9ter-Universit\u00e4t vorgeschlagen, f\u00fcr die Ausbildung von Medizinstudenten einen Lehrstuhl f\u00fcr medizinische Chemie zustande zu bringen.\u00a0 Das Institut f\u00fcr Medizinische Chemie hat mit seiner T\u00e4tigkeit im Jahre 1949 angefangen. Die Fakult\u00e4t berief f\u00fcr den neuen Lehrstuhl <b>Brun\u00f3 Straub F.<\/b>, der f\u00fcr die n\u00e4chsten 21 Jahre Direktor des Institutes war. Da er im Jahre 1970 zum Direktor des Szeged Forschungszentrums der Ungarischen Wissenschaftlichen Akademie wurde, nahm er vom Lehrstuhl Abschied. Der n\u00e4chste Direktor war <b>Ferenc Antoni<\/b>, der bis zu seinem Tod im Jahre 1991 unser Institut leitete. Seit seiner Gr\u00fcndung ist unser Institut f\u00fcr den Unterricht\u00a0 medizinischer Chemie und auch Biochemie f\u00fcr Medizin-, und Zahnmedizinstudenten der ersten, bzw. zweiten Studienjahre zust\u00e4ndig gewesen (abgesehen von 18 Jahren, in welchen nur medizinische Chemie gelehrt wurde). Seit 1983 koordiniert unser Institut den deutschsprachigen Unterricht der obengenannten 2 Lehrf\u00e4cher. Das Institut organisierte zwischen 1987 und 1989 auch den englischsprachigen Unterricht, und seitdem haben die Dozenten des Institutes an der Ausbildung englischsprachiger Studenten in medizinischer Chemie und Biochemie teilgenommen. Ausser der graduierten Ausbildung organisiert das Institut seit 1995 das Pathobiochemieprogramm als Weiterbildungskurs. Im Jahre 2000 begann der Unterricht von Pathobiochemie als Wahlpflichtfach. Dar\u00fcber hinaus nehmen mehrere Dozenten als Programmleiter (Doktorv\u00e4ter) an verschiedenen Weiterbildungskursen teil.<br \/>\n&nbsp;<br \/>\n&emsp;&emsp;Eine Reihe ausgezeichneter Forscher haben ihre wissenschaftliche Arbeit in unserem Institut begonnen. Viele von ihnen haben sich einen Namen gemacht und sind in Ungarn als auch im Ausland anerkannt. Die Lehrkraft des Institutes musste 1956 und nocheinmal im Jahre 1970, wegen der Gr\u00fcndung des Szeged Forschungszentrums, schwere Verluste erleiden. Das Institut konnte sich jedoch erneuern, wie das die heutigen Ergebnisse, die teilweise auch auf unserer Webseite zu sehen sind, beweisen. Im Institut arbeiten heute 12 Sz\u00e9chenyi Stipendiaten, 11 Doktoren der Ungarischen Wissenschaftlichen Akademie und 15 promovierte Forscher.<\/span><\/p>\n","protected":false},"excerpt":{"rendered":"<p>&emsp;&emsp;Im Herbst 1945 hat Albert Szent-Gy\u00f6rgyi, Professor der Biochemie an der Medizinischen Fakult\u00e4t der damaligen P\u00e1zm\u00e1ny P\u00e9ter-Universit\u00e4t vorgeschlagen, f\u00fcr die Ausbildung von Medizinstudenten einen Lehrstuhl f\u00fcr medizinische Chemie zustande zu bringen.\u00a0 Das Institut f\u00fcr Medizinische Chemie hat mit seiner T\u00e4tigkeit im Jahre 1949 angefangen. Die Fakult\u00e4t berief f\u00fcr den neuen Lehrstuhl Brun\u00f3 Straub F., der &hellip;<\/p>\n","protected":false},"author":183,"featured_media":0,"parent":7759,"menu_order":2,"comment_status":"closed","ping_status":"closed","template":"","meta":{"_acf_changed":false,"footnotes":""},"categories":[],"tags":[],"class_list":["post-527","page","type-page","status-publish","hentry"],"acf":[],"_links":{"self":[{"href":"https:\/\/semmelweis.hu\/molekularis-biologia\/wp-json\/wp\/v2\/pages\/527","targetHints":{"allow":["GET"]}}],"collection":[{"href":"https:\/\/semmelweis.hu\/molekularis-biologia\/wp-json\/wp\/v2\/pages"}],"about":[{"href":"https:\/\/semmelweis.hu\/molekularis-biologia\/wp-json\/wp\/v2\/types\/page"}],"author":[{"embeddable":true,"href":"https:\/\/semmelweis.hu\/molekularis-biologia\/wp-json\/wp\/v2\/users\/183"}],"replies":[{"embeddable":true,"href":"https:\/\/semmelweis.hu\/molekularis-biologia\/wp-json\/wp\/v2\/comments?post=527"}],"version-history":[{"count":6,"href":"https:\/\/semmelweis.hu\/molekularis-biologia\/wp-json\/wp\/v2\/pages\/527\/revisions"}],"predecessor-version":[{"id":7754,"href":"https:\/\/semmelweis.hu\/molekularis-biologia\/wp-json\/wp\/v2\/pages\/527\/revisions\/7754"}],"up":[{"embeddable":true,"href":"https:\/\/semmelweis.hu\/molekularis-biologia\/wp-json\/wp\/v2\/pages\/7759"}],"wp:attachment":[{"href":"https:\/\/semmelweis.hu\/molekularis-biologia\/wp-json\/wp\/v2\/media?parent=527"}],"wp:term":[{"taxonomy":"category","embeddable":true,"href":"https:\/\/semmelweis.hu\/molekularis-biologia\/wp-json\/wp\/v2\/categories?post=527"},{"taxonomy":"post_tag","embeddable":true,"href":"https:\/\/semmelweis.hu\/molekularis-biologia\/wp-json\/wp\/v2\/tags?post=527"}],"curies":[{"name":"wp","href":"https:\/\/api.w.org\/{rel}","templated":true}]}}