{"id":501,"date":"2013-04-20T21:26:48","date_gmt":"2013-04-20T19:26:48","guid":{"rendered":"http:\/\/semmelweis-egyetem.hu\/orvosi-vegytan\/?page_id=501"},"modified":"2022-03-04T09:37:10","modified_gmt":"2022-03-04T08:37:10","slug":"contact","status":"publish","type":"page","link":"https:\/\/semmelweis.hu\/molekularis-biologia\/en\/contact\/","title":{"rendered":"Contact"},"content":{"rendered":"<p>Department of Molecular Biology<br \/>\nInstitute of Biochemistry and Molecular Biology<br \/>\nDr. Mikl\u00f3s Csala<br \/>\nHead of Department<\/p>\n<p><strong>Address:<\/strong><br \/>\nElm\u00e9leti Orvostudom\u00e1nyi K\u00f6zpont<br \/>\nH-1094 Budapest, T\u0171zolt\u00f3 u. 37-47.<br \/>\nMailing address: H-1428 Budapest, POB: 2<br \/>\nTelephone and fax: (36 1) 266 26 15<br \/>\nFax: (36 1) 266 38 02<\/p>\n<p><strong>Map:<\/strong><\/p>\n<p>\n<!-- iframe plugin v.6.0 wordpress.org\/plugins\/iframe\/ -->\n<iframe loading=\"lazy\" src=\"https:\/\/maps.google.com\/maps?f=q&#038;source=s_q&#038;hl=en&#038;geocode=&#038;q=1094+Budapest,+T%C5%B1zolt%C3%B3+u.+37-47,+Hungary&#038;aq=0&#038;oq=1094+Budapest,+T%C5%B1zolt%C3%B3+u.+37-47.&#038;sll=37.0625,-95.677068&#038;sspn=43.307813,100.898438&#038;t=m&#038;ie=UTF8&#038;hq=&#038;hnear=1094+Budapest,+IX.+ker%C3%BClet,+T%C5%B1zolt%C3%B3+utca+37,+Hungary&#038;ll=47.481108,19.078399&#038;spn=0.018127,0.049267&#038;z=14&#038;output=embed\" height=\"350\" width=\"100%\" scrolling=\"yes\" class=\"iframe-class\" frameborder=\"0\"><\/iframe>\n<br \/>\n<small><a href=\"https:\/\/maps.google.com\/maps?f=q&amp;source=embed&amp;hl=en&amp;geocode=&amp;q=1094+Budapest,+T%C5%B1zolt%C3%B3+u.+37-47,+Hungary&amp;aq=0&amp;oq=1094+Budapest,+T%C5%B1zolt%C3%B3+u.+37-47.&amp;sll=37.0625,-95.677068&amp;sspn=43.307813,100.898438&amp;t=m&amp;ie=UTF8&amp;hq=&amp;hnear=1094+Budapest,+IX.+ker%C3%BClet,+T%C5%B1zolt%C3%B3+utca+37,+Hungary&amp;ll=47.481108,19.078399&amp;spn=0.018127,0.049267&amp;z=14\">View Larger Map<\/a><\/small><\/p>\n","protected":false},"excerpt":{"rendered":"<p>Department of Molecular Biology<br \/>\nInstitute of Biochemistry and Molecular Biology<br \/>\nDr. Mikl\u00f3s Csala<br \/>\nHead of Department<br \/>\nAddress:<br \/>\nElm\u00e9leti Orvostudom\u00e1nyi K\u00f6zpont<br \/>\nH-1094 Budapest, T\u0171zolt\u00f3 u. 37-47.<br \/>\nMailing address: H-1428 Budapest, POB: 2<br \/>\nTelephone and fax: (36 1) 266 26 15<br \/>\nFax: (36 1) 266 38 02<br \/>\nMap:<\/p>\n<p><a href=\"https:\/\/maps.google.com\/maps?f=q&amp;source=embed&amp;hl=en&amp;geocode=&amp;q=1094+Budapest,+T%C5%B1zolt%C3%B3+u.+37-47,+Hungary&amp;aq=0&amp;oq=1094+Budapest,+T%C5%B1zolt%C3%B3+u.+37-47.&amp;sll=37.0625,-95.677068&amp;sspn=43.307813,100.898438&amp;t=m&amp;ie=UTF8&amp;hq=&amp;hnear=1094+Budapest,+IX.+ker%C3%BClet,+T%C5%B1zolt%C3%B3+utca+37,+Hungary&amp;ll=47.481108,19.078399&amp;spn=0.018127,0.049267&amp;z=14\">View Larger Map<\/a><\/p>\n","protected":false},"author":183,"featured_media":0,"parent":0,"menu_order":2,"comment_status":"closed","ping_status":"closed","template":"","meta":{"_acf_changed":false,"footnotes":""},"categories":[],"tags":[],"class_list":["post-501","page","type-page","status-publish","hentry"],"acf":[],"_links":{"self":[{"href":"https:\/\/semmelweis.hu\/molekularis-biologia\/wp-json\/wp\/v2\/pages\/501","targetHints":{"allow":["GET"]}}],"collection":[{"href":"https:\/\/semmelweis.hu\/molekularis-biologia\/wp-json\/wp\/v2\/pages"}],"about":[{"href":"https:\/\/semmelweis.hu\/molekularis-biologia\/wp-json\/wp\/v2\/types\/page"}],"author":[{"embeddable":true,"href":"https:\/\/semmelweis.hu\/molekularis-biologia\/wp-json\/wp\/v2\/users\/183"}],"replies":[{"embeddable":true,"href":"https:\/\/semmelweis.hu\/molekularis-biologia\/wp-json\/wp\/v2\/comments?post=501"}],"version-history":[{"count":10,"href":"https:\/\/semmelweis.hu\/molekularis-biologia\/wp-json\/wp\/v2\/pages\/501\/revisions"}],"predecessor-version":[{"id":7805,"href":"https:\/\/semmelweis.hu\/molekularis-biologia\/wp-json\/wp\/v2\/pages\/501\/revisions\/7805"}],"wp:attachment":[{"href":"https:\/\/semmelweis.hu\/molekularis-biologia\/wp-json\/wp\/v2\/media?parent=501"}],"wp:term":[{"taxonomy":"category","embeddable":true,"href":"https:\/\/semmelweis.hu\/molekularis-biologia\/wp-json\/wp\/v2\/categories?post=501"},{"taxonomy":"post_tag","embeddable":true,"href":"https:\/\/semmelweis.hu\/molekularis-biologia\/wp-json\/wp\/v2\/tags?post=501"}],"curies":[{"name":"wp","href":"https:\/\/api.w.org\/{rel}","templated":true}]}}