{"id":4808,"date":"2017-05-19T16:29:41","date_gmt":"2017-05-19T14:29:41","guid":{"rendered":"http:\/\/semmelweis.hu\/orvosi-vegytan\/?page_id=4808"},"modified":"2026-03-06T10:03:43","modified_gmt":"2026-03-06T09:03:43","slug":"halozatok","status":"publish","type":"page","link":"https:\/\/semmelweis.hu\/molekularis-biologia\/oktatas\/halozatok\/","title":{"rendered":"H\u00e1l\u00f3zatok"},"content":{"rendered":"<p><strong>\u00c1OK (2 kredit, kollokvium, Dr. Csermely P\u00e9ter, AOSOVM514_1M)<\/strong><\/p>\n<p><div class=\"responsive-tabs\">\n<h2 class=\"tabtitle\">El\u0151ad\u00e1sok<\/h2>\n<div class=\"tabcontent\">\n <strong>Helysz\u00edn<\/strong>: EOK (T\u0171zolt\u00f3 u. 37-47.) Hevesy terem <strong>Id\u0151tartam<\/strong>: 60 perc (h\u00e9tf\u0151nk\u00e9nt 18:30-19:30) \n<table id=\"tablepress-110\" class=\"tablepress tablepress-id-110\">\n<thead>\n<tr class=\"row-1\">\n\t<th class=\"column-1\">H\u00e9t<\/th><th class=\"column-2\">D\u00e1tum<\/th><th class=\"column-3\">El\u0151ad\u00e1s c\u00edme<\/th><th class=\"column-4\">El\u0151ad\u00f3<\/th>\n<\/tr>\n<\/thead>\n<tbody class=\"row-striping row-hover\">\n<tr class=\"row-2\">\n\t<td class=\"column-1\">1.<\/td><td class=\"column-2\">Febru\u00e1r 5.<\/td><td class=\"column-3\">Mi\u00e9rt hasznos a h\u00e1l\u00f3zatelm\u00e9leti elemz\u00e9s? H\u00e1l\u00f3zatok defin\u00edci\u00f3ja, \u00f6sszef\u00fcgg\u00e9s a gr\u00e1felm\u00e9lettel.<\/td><td class=\"column-4\">Csermely<\/td>\n<\/tr>\n<tr class=\"row-3\">\n\t<td class=\"column-1\">2.<\/td><td class=\"column-2\">Febru\u00e1r 12.<\/td><td class=\"column-3\">A leggyakrabban vizsg\u00e1lt h\u00e1l\u00f3zatok topol\u00f3gi\u00e1ja.<\/td><td class=\"column-4\">Csermely<\/td>\n<\/tr>\n<tr class=\"row-4\">\n\t<td class=\"column-1\">3.<\/td><td class=\"column-2\">Febru\u00e1r 19.<\/td><td class=\"column-3\">A h\u00e1l\u00f3zatok dinamik\u00e1ja. A j\u00f3 \u00e9s a rossz zaj, relax\u00e1ci\u00f3s folyamatok: \u00f6nszervez\u0151d\u0151 kritikus jelens\u00e9gek, h\u00e1l\u00f3zatkatasztr\u00f3f\u00e1k, h\u00e1l\u00f3zatok f\u00e1zis\u00e1tmenetei.<\/td><td class=\"column-4\">Csermely<\/td>\n<\/tr>\n<tr class=\"row-5\">\n\t<td class=\"column-1\">4.<\/td><td class=\"column-2\">Febru\u00e1r 26.<\/td><td class=\"column-3\">H\u00e1l\u00f3zatevol\u00faci\u00f3, h\u00e1l\u00f3zatstabiliz\u00e1l\u00e1s, h\u00e1l\u00f3zatokon j\u00e1tsz\u00f3d\u00f3 dinamikus folyamatok modellez\u00e9se: betegs\u00e9g terjed\u00e9s, jel\u00e1tvitel.<\/td><td class=\"column-4\">Csermely<\/td>\n<\/tr>\n<tr class=\"row-6\">\n\t<td class=\"column-1\">5.<\/td><td class=\"column-2\">M\u00e1rcius 5.<\/td><td class=\"column-3\">Dinamikus attraktorok, a h\u00e1l\u00f3zati hib\u00e1k hat\u00e1sa az attraktorokra, h\u00e1l\u00f3zat-kontroll, \u00faj attraktorok kialakul\u00e1sa a h\u00e1l\u00f3zatokban. <\/td><td class=\"column-4\">Csermely<\/td>\n<\/tr>\n<tr class=\"row-7\">\n\t<td class=\"column-1\">6.<\/td><td class=\"column-2\">M\u00e1rcius 12.<\/td><td class=\"column-3\">H\u00e1l\u00f3zatos adapt\u00e1ci\u00f3s \u00e9s tanul\u00e1si folyamatok: h\u00e1l\u00f3zatok plasztikus-rigid \u00e1tmenetei <\/td><td class=\"column-4\">Csermely<\/td>\n<\/tr>\n<tr class=\"row-8\">\n\t<td class=\"column-1\">7.<\/td><td class=\"column-2\">M\u00e1rcius 19.<\/td><td class=\"column-3\">H\u00e1l\u00f3zatos adapt\u00e1ci\u00f3s \u00e9s tanul\u00e1si folyamatok: h\u00e1l\u00f3zatos d\u00f6nt\u00e9shozatali\/tanul\u00e1si mechanizmusok<\/td><td class=\"column-4\">Csermely<\/td>\n<\/tr>\n<tr class=\"row-9\">\n\t<td class=\"column-1\">8.<\/td><td class=\"column-2\">M\u00e1rcius 26.<\/td><td class=\"column-3\">Feh\u00e9rjeszerkezeti \u00e9s feh\u00e9rje-feh\u00e9rje k\u00f6lcs\u00f6nhat\u00e1si h\u00e1l\u00f3zatok<\/td><td class=\"column-4\">Csermely<\/td>\n<\/tr>\n<tr class=\"row-10\">\n\t<td class=\"column-1\">9.<\/td><td class=\"column-2\">\u00c1prilis 2.<\/td><td class=\"column-3\">Metabolikus, jel\u00e1tviteli, g\u00e9ntranszkripci\u00f3s \u00e9s m\u00e1s sejtes h\u00e1l\u00f3zatok valamint a sejtek h\u00e1l\u00f3zatai: az agyunk m\u0171k\u00f6d\u00e9s\u00e9nek h\u00e1l\u00f3zatos felfog\u00e1sa<\/td><td class=\"column-4\"><\/td>\n<\/tr>\n<tr class=\"row-11\">\n\t<td class=\"column-1\">10.<\/td><td class=\"column-2\">\u00c1prilis 9.<\/td><td class=\"column-3\">H\u00fasv\u00e9t h\u00e9tf\u0151<\/td><td class=\"column-4\">Csermely<\/td>\n<\/tr>\n<tr class=\"row-12\">\n\t<td class=\"column-1\">11.<\/td><td class=\"column-2\">\u00c1prilis 16.<\/td><td class=\"column-3\">M\u00e1s biol\u00f3giai \u00e9s t\u00e1rsadalmi h\u00e1l\u00f3zatok. T\u00e1pl\u00e1l\u00e9kl\u00e1ncok, \u00e1llatk\u00f6z\u00f6ss\u00e9gek \u00e9s t\u00e1rsadalmi h\u00e1l\u00f3zatok.<\/td><td class=\"column-4\">Csermely<\/td>\n<\/tr>\n<tr class=\"row-13\">\n\t<td class=\"column-1\">12.<\/td><td class=\"column-2\">\u00c1prilis 23.<\/td><td class=\"column-3\">H\u00e1l\u00f3zatok a gy\u00f3gyszertervez\u00e9sben \u00e9s m\u00e1s h\u00e1l\u00f3zatos alkalmaz\u00e1sok<\/td><td class=\"column-4\">Csermely<\/td>\n<\/tr>\n<tr class=\"row-14\">\n\t<td class=\"column-1\">13.<\/td><td class=\"column-2\">\u00c1prilis 30.<\/td><td class=\"column-3\">Jel\u00e1tviteli h\u00e1l\u00f3zatok dinamikai elemz\u00e9se, mint a r\u00e1k ellenes ter\u00e1pia egyik hat\u00e9kony predikci\u00f3s m\u00f3dszere<\/td><td class=\"column-4\">Szalay-Veres<\/td>\n<\/tr>\n<tr class=\"row-15\">\n\t<td class=\"column-1\">14.<\/td><td class=\"column-2\">M\u00e1jus 7.<\/td><td class=\"column-3\">A vizsgadolgozattal kapcsolatos konzult\u00e1ci\u00f3<\/td><td class=\"column-4\">Csermely<\/td>\n<\/tr>\n<\/tbody>\n<\/table>\n<!-- #tablepress-110 from cache --> \n<\/div><h2 class=\"tabtitle\">Vizsga<\/h2>\n<div class=\"tabcontent\">\n A t\u00e1rgy sz\u00e1monk\u00e9r\u00e9se (vizsga) abb\u00f3l \u00e1ll, hogy minimum 5 oldalas, \u00f6n\u00e1ll\u00f3 gondolatokat \u00e9s legal\u00e1bb k\u00e9t forr\u00e1smunka \u00e1ttanulm\u00e1nyoz\u00e1s\u00e1t tartalmaz\u00f3 h\u00e1zi vizsgadolgozatot kell \u00edrni a h\u00e1l\u00f3zatok t\u00e9m\u00e1j\u00e1b\u00f3l, amelyet min\u00e9l el\u0151bb, de legk\u00e9s\u0151bb a vizsgaid\u0151szak v\u00e9g\u00e9ig kell megk\u00fcldeni <a href=\"mailto:csermely.peter@med.semmelweis-univ.hu\">e-mail<\/a>en Csermely P\u00e9ternek. \n<\/div><h2 class=\"tabtitle\">Let\u00f6lt\u00e9s<\/h2>\n<div class=\"tabcontent\">\n <strong>A tananyag elsaj\u00e1t\u00edt\u00e1s\u00e1hoz felhaszn\u00e1lhat\u00f3 jegyzetek, tank\u00f6nyvek, seg\u00e9dletek \u00e9s szakirodalom:<\/strong><\/p>\n<ul>\n<li>Barab\u00e1si L\u00e1szl\u00f3 h\u00e1l\u00f3zatos tank\u00f6nyve:<br \/>\n<a href=\"http:\/\/barabasi.com\/networksciencebook\/\" target=\"_blank\" rel=\"noopener noreferrer\">http:\/\/barabasi.com\/networksciencebook\/<\/a><br \/>\n<a href=\"http:\/\/libri.libricsoport.hu\/fooldal\/konyvek\/a-halozatok-tudomanya\/\" target=\"_blank\" rel=\"noopener noreferrer\">http:\/\/libri.libricsoport.hu\/fooldal\/konyvek\/a-halozatok-tudomanya\/<\/a><\/li>\n<li>Csermely P\u00e9ter: Rejtett h\u00e1l\u00f3zatok ereje, Vince kiad\u00f3, 2005-2008 (<a href=\"http:\/\/linkgroup.semmelweis.hu\/weaklinks_HU.php\" target=\"_blank\" rel=\"noopener noreferrer\">http:\/\/linkgroup.semmelweis.hu\/weaklinks_HU.php<\/a> angolul Springer kiad\u00e1sban: <a href=\"http:\/\/linkgroup.semmelweis.hu\/weaklinks_EN.php\" target=\"_blank\" rel=\"noopener noreferrer\">http:\/\/linkgroup.semmelweis.hu\/weaklinks_EN.php<\/a>)<\/li>\n<li>Csermely, P., Korcsm\u00e1ros, T., Kiss, H.J.M., London, G. and Nussinov, R. (2013) Structure and dynamics of biological networks: a novel paradigm of drug discovery. A comprehensive review. Pharmacol. Therap. 138, 333-408 <a href=\"http:\/\/linkgroup.hu\/docs\/13PharmTher.pdf\" target=\"_blank\" rel=\"noopener noreferrer\">http:\/\/linkgroup.hu\/docs\/13PharmTher.pdf<\/a><\/li>\n<\/ul>\n<p>El\u0151ad\u00e1s\u00e1br\u00e1k <a href=\"http:\/\/linkgroup.hu\/education.php\" target=\"_blank\" rel=\"noopener noreferrer\">innen<\/a> t\u00f6lthet\u0151k le. H\u00e1l\u00f3zatos elemz\u0151 m\u00f3dszerek <a href=\"http:\/\/linkgroup.hu\/links.php#Networkanalysis\" target=\"_blank\" rel=\"noopener noreferrer\">itt<\/a> \u00e9rhet\u0151ek el. H\u00e1l\u00f3zatos adatokat <a href=\"http:\/\/linkgroup.hu\/links.php#Networkdatasets\" target=\"_blank\" rel=\"noopener noreferrer\">innen<\/a> lehet let\u00f6lteni.<\/div><\/div><\/p>\n<p><strong>Az oktat\u00f3i munka hallgat\u00f3i v\u00e9lem\u00e9nyez\u00e9se (OMHV)<\/strong><\/p>\n<p><div class=\"responsive-tabs\">\n<h2 class=\"tabtitle\">2024\/25-2<\/h2>\n<div class=\"tabcontent\">\n<a href=\"https:\/\/semmelweis.hu\/molekularis-biologia\/files\/2026\/03\/Halozatok-AOSMBT796_1M.pdf\" target=\"_blank\" rel=\"noopener noreferrer\">\u00c1OK el\u0151ad\u00e1sok<\/a><\/p>\n<p>\n<\/div><h2 class=\"tabtitle\">2022\/23-2<\/h2>\n<div class=\"tabcontent\">\n<a href=\"https:\/\/semmelweis.hu\/molekularis-biologia\/files\/2023\/10\/ertekeles_halozatok_AOK_2022_23_2_M.pdf\" target=\"_blank\" rel=\"noopener noreferrer\">\u00c1OK el\u0151ad\u00e1sok<\/a><br \/>\n<a href=\"https:\/\/semmelweis.hu\/molekularis-biologia\/files\/2023\/10\/ertekeles_halozatok_FOK_2022_23_2_M.pdf\" target=\"_blank\" rel=\"noopener noreferrer\">FOK el\u0151ad\u00e1sok<\/a><\/p>\n<p>\n<\/div><h2 class=\"tabtitle\">2019\/20-2<\/h2>\n<div class=\"tabcontent\">\n<a href=\"https:\/\/semmelweis.hu\/molekularis-biologia\/files\/2020\/08\/halozatok_fok_omhv_202008.pdf\" target=\"_blank\" rel=\"noopener noreferrer\">FOK el\u0151ad\u00e1sok<\/a><\/div><\/div><\/p>\n<p><strong>OMHV int\u00e9zked\u00e9si tervek<\/strong><\/p>\n<p><div class=\"responsive-tabs\">\n<h2 class=\"tabtitle\">2024\/25-2<\/h2>\n<div class=\"tabcontent\">\n<a href=\"https:\/\/semmelweis.hu\/molekularis-biologia\/files\/2026\/03\/AOK_Intezkedesi_terv_2024_25_2.pdf\" target=\"_blank\" rel=\"noopener noreferrer\">\u00c1OK &emsp;<br \/>\n<a href=\"https:\/\/semmelweis.hu\/molekularis-biologia\/files\/2026\/03\/FOK_Intezkedesi_terv_2024_25_2.pdf\" target=\"_blank\" rel=\"noopener noreferrer\">FOK<\/a> <\/p>\n<p>\n<\/div><h2 class=\"tabtitle\">2023\/24-2<\/h2>\n<div class=\"tabcontent\">\n<a href=\"https:\/\/semmelweis.hu\/molekularis-biologia\/files\/2024\/11\/AOK_Intezkedesi-terv_2023_24_2.pdf\" target=\"_blank\" rel=\"noopener noreferrer\">\u00c1OK &emsp;<br \/>\n<a href=\"https:\/\/semmelweis.hu\/molekularis-biologia\/files\/2024\/11\/FOK_Intezkedesi-terv_2023_24_2.pdf\" target=\"_blank\" rel=\"noopener noreferrer\">FOK<\/a> <\/p>\n<p>\n<\/div><h2 class=\"tabtitle\">2019\/20-2<\/h2>\n<div class=\"tabcontent\">\n<a href=\"https:\/\/semmelweis.hu\/molekularis-biologia\/files\/2020\/08\/halozatok_fok_omhv_intezkedesi_202008.pdf\" target=\"_blank\" rel=\"noopener noreferrer\">A 2019\/20\/2. f\u00e9l\u00e9vben oktatott t\u00e1rgyakra vonatkoz\u00f3 OMHV alapj\u00e1n k\u00e9sz\u00fclt int\u00e9zked\u00e9si terv<\/a><\/div><\/div><\/p>\n","protected":false},"excerpt":{"rendered":"<p>\u00c1OK (2 kredit, kollokvium, Dr. Csermely P\u00e9ter, AOSOVM514_1M) Helysz\u00edn: EOK (T\u0171zolt\u00f3 u. 37-47.) Hevesy terem Id\u0151tartam: 60 perc (h\u00e9tf\u0151nk\u00e9nt 18:30-19:30) A t\u00e1rgy sz\u00e1monk\u00e9r\u00e9se (vizsga) abb\u00f3l \u00e1ll, hogy minimum 5 oldalas, \u00f6n\u00e1ll\u00f3 gondolatokat \u00e9s legal\u00e1bb k\u00e9t forr\u00e1smunka \u00e1ttanulm\u00e1nyoz\u00e1s\u00e1t tartalmaz\u00f3 h\u00e1zi vizsgadolgozatot kell \u00edrni a h\u00e1l\u00f3zatok t\u00e9m\u00e1j\u00e1b\u00f3l, amelyet min\u00e9l el\u0151bb, de legk\u00e9s\u0151bb a vizsgaid\u0151szak v\u00e9g\u00e9ig kell megk\u00fcldeni &hellip;<\/p>\n","protected":false},"author":183,"featured_media":0,"parent":6,"menu_order":85,"comment_status":"closed","ping_status":"closed","template":"","meta":{"_acf_changed":false,"footnotes":""},"categories":[],"tags":[],"class_list":["post-4808","page","type-page","status-publish","hentry"],"acf":[],"_links":{"self":[{"href":"https:\/\/semmelweis.hu\/molekularis-biologia\/wp-json\/wp\/v2\/pages\/4808","targetHints":{"allow":["GET"]}}],"collection":[{"href":"https:\/\/semmelweis.hu\/molekularis-biologia\/wp-json\/wp\/v2\/pages"}],"about":[{"href":"https:\/\/semmelweis.hu\/molekularis-biologia\/wp-json\/wp\/v2\/types\/page"}],"author":[{"embeddable":true,"href":"https:\/\/semmelweis.hu\/molekularis-biologia\/wp-json\/wp\/v2\/users\/183"}],"replies":[{"embeddable":true,"href":"https:\/\/semmelweis.hu\/molekularis-biologia\/wp-json\/wp\/v2\/comments?post=4808"}],"version-history":[{"count":12,"href":"https:\/\/semmelweis.hu\/molekularis-biologia\/wp-json\/wp\/v2\/pages\/4808\/revisions"}],"predecessor-version":[{"id":8879,"href":"https:\/\/semmelweis.hu\/molekularis-biologia\/wp-json\/wp\/v2\/pages\/4808\/revisions\/8879"}],"up":[{"embeddable":true,"href":"https:\/\/semmelweis.hu\/molekularis-biologia\/wp-json\/wp\/v2\/pages\/6"}],"wp:attachment":[{"href":"https:\/\/semmelweis.hu\/molekularis-biologia\/wp-json\/wp\/v2\/media?parent=4808"}],"wp:term":[{"taxonomy":"category","embeddable":true,"href":"https:\/\/semmelweis.hu\/molekularis-biologia\/wp-json\/wp\/v2\/categories?post=4808"},{"taxonomy":"post_tag","embeddable":true,"href":"https:\/\/semmelweis.hu\/molekularis-biologia\/wp-json\/wp\/v2\/tags?post=4808"}],"curies":[{"name":"wp","href":"https:\/\/api.w.org\/{rel}","templated":true}]}}