{"id":4164,"date":"2017-01-18T15:52:08","date_gmt":"2017-01-18T14:52:08","guid":{"rendered":"http:\/\/semmelweis.hu\/orvosi-vegytan\/?page_id=4164"},"modified":"2026-03-05T11:26:25","modified_gmt":"2026-03-05T10:26:25","slug":"molcellbiol1","status":"publish","type":"page","link":"https:\/\/semmelweis.hu\/molekularis-biologia\/en\/students\/molcellbiol1\/","title":{"rendered":"Molecular Cell Biology I"},"content":{"rendered":"<p><strong>Faculty of Medicine<br \/>\n6 credit points, terminal examination, Mikl\u00f3s Csala; AOKMBT795_1A<\/strong><br \/>\n<strong>Faculty of Dentistry<br \/>\n4 credit points, terminal examination, Mikl\u00f3s Csala; FOKOOVM205_1A<\/strong><\/p>\n<p><strong>Fall semesters<\/strong><\/p>\n<p><strong>Teaching secretary:<\/strong> <a href=\"mailto:keszler.gergely@med.semmelweis-univ.hu\">Gergely Keszler<\/a><\/p>\n<p><strong><font size=\"4\"><a href=\"https:\/\/itc.semmelweis.hu\/moodle\/\">For details, schedule, Zoom links, downloads, etc., please go to the Moodle pages of the subject.<\/a><\/font><\/strong><\/p>\n<p style=\"text-align: justify\"><strong>General information<\/strong><br \/>\nThe principal aim of the course is to provide an insight into the storage and expression of genetic information throughout replication, transcription and translation. Our current understanding of the multilevel regulation of gene expression will also be discussed, followed by an up-to-date summary of methods applied in molecular biotechnology.<br \/>\nIt serves as a base for several fields in medicine, such as molecular pathology, molecular diagnostics, pharmacology, gene therapy and medical biotechnology.<\/p>\n<p style=\"text-align: justify\"><strong>Lectures and practical lessons<\/strong><br \/>\nTwo lectures are held every week. Practical lab lessons and seminars are held in alternating weeks; detailed schedules can be found under corresponding tabs.<\/p>\n<p style=\"text-align: justify\"><strong>Acceptance of the semester<\/strong><br \/>\nAttending the practical courses is mandatory, according to the university study and exam regulations, no more than 2 practical courses may be missed. In justified cases, once during the semester, the practice can be attended at another group (in the same week). Please note, that being maximum 5 minutes late can be accepted at the practical courses. <i>Thank you for your cooperation!<\/i><\/p>\n<p style=\"text-align: justify\"><strong>Recommended textbooks<\/strong><br \/>\nMikl\u00f3s Csala, Szabolcs Sipeki: Molecular cell biology<br \/>\nE-learning system (Moodle) materials<\/p>\n<p><strong>Evaluation of education by students<\/strong><br \/>\n(&#8222;<strong>O<\/strong>ktat\u00f3i <strong>m<\/strong>unka <strong>h<\/strong>allgat\u00f3i <strong>v<\/strong>\u00e9lem\u00e9nyez\u00e9se&#8221; &#8211; OMHV)<\/p>\n<p><div class=\"responsive-tabs\">\n<h2 class=\"tabtitle\">2024\/25-1<\/h2>\n<div class=\"tabcontent\">\n<a href=\"https:\/\/semmelweis.hu\/molekularis-biologia\/files\/2025\/04\/Molekularis-sejtbiologia-I-AOKMBT795_1A.pdf\" target=\"_blank\" rel=\"noopener noreferrer\">Lectures at the Faculty of Medicine<\/a> \u2003 <a href=\"https:\/\/semmelweis.hu\/molekularis-biologia\/files\/2025\/04\/Molekularis-sejtbiologia-I-AOKMBT795_1A-1.pdf\" target=\"_blank\" rel=\"noopener noreferrer\">Labs at the Faculty of Medicine<\/a><\/p>\n<p><a href=\"https:\/\/semmelweis.hu\/molekularis-biologia\/files\/2025\/04\/Molekularis-sejtbiologia-I-FOKOMBT306_1A.pdf\" target=\"_blank\" rel=\"noopener noreferrer\">Lectures at the Faculty of Dentistry<\/a> \u2003 <a href=\"https:\/\/semmelweis.hu\/molekularis-biologia\/files\/2025\/04\/Molekularis-sejtbiologia-I-FOKOMBT306_1A-1.pdf\" target=\"_blank\" rel=\"noopener noreferrer\">Labs at the Faculty of Dentistry<\/a><\/p>\n<p>\n<\/div><h2 class=\"tabtitle\">2023\/24-1<\/h2>\n<div class=\"tabcontent\">\n<a href=\"https:\/\/semmelweis.hu\/molekularis-biologia\/files\/2024\/04\/Molekularis-sejtbiologia-I-AOKMBT795_1A.pdf\" target=\"_blank\" rel=\"noopener noreferrer\">Lectures at the Faculty of Medicine<\/a> \u2003 <a href=\"https:\/\/semmelweis.hu\/molekularis-biologia\/files\/2024\/04\/Molekularis-sejtbiologia-I-AOKMBT795_1A-1.pdf\" target=\"_blank\" rel=\"noopener noreferrer\">Labs at the Faculty of Medicine<\/a><\/p>\n<p><a href=\"https:\/\/semmelweis.hu\/molekularis-biologia\/files\/2024\/04\/Molekularis-sejtbiologia-I-FOKOMBT306_1A.pdf\" target=\"_blank\" rel=\"noopener noreferrer\">Lectures at the Faculty of Dentistry<\/a> \u2003 <a href=\"https:\/\/semmelweis.hu\/molekularis-biologia\/files\/2024\/04\/Molekularis-sejtbiologia-I-FOKOMBT306_1A-1.pdf\" target=\"_blank\" rel=\"noopener noreferrer\">Labs at the Faculty of Dentistry<\/a><\/p>\n<p>\n<\/div><h2 class=\"tabtitle\">2022\/23-1<\/h2>\n<div class=\"tabcontent\">\n<a href=\"https:\/\/semmelweis.hu\/molekularis-biologia\/files\/2023\/05\/ertekeles_msb1_AOK_2022_23_1_A.pdf\" target=\"_blank\" rel=\"noopener noreferrer\">Lectures at the Faculty of Medicine<\/a> \u2003 <a href=\"https:\/\/semmelweis.hu\/molekularis-biologia\/files\/2023\/05\/ertekeles_gyak_msb1_AOK_2022_23_1_A.pdf\" target=\"_blank\" rel=\"noopener noreferrer\">Labs at the Faculty of Medicine<\/a><\/p>\n<p><a href=\"https:\/\/semmelweis.hu\/molekularis-biologia\/files\/2023\/05\/ertekeles_msb1_FOK_2022_23_1_A.pdf\" target=\"_blank\" rel=\"noopener noreferrer\">Lectures at the Faculty of Dentistry<\/a> \u2003 <a href=\"https:\/\/semmelweis.hu\/molekularis-biologia\/files\/2023\/05\/ertekeles_gyak_msb1_FOK_2022_23_1_A.pdf\" target=\"_blank\" rel=\"noopener noreferrer\">Labs at the Faculty of Dentistry<\/a><\/div><\/div><\/p>\n<p><strong>OMHV action plans<\/strong><\/p>\n<p><div class=\"responsive-tabs\">\n<h2 class=\"tabtitle\">2024\/25-1<\/h2>\n<div class=\"tabcontent\">\n<a href=\"https:\/\/semmelweis.hu\/molekularis-biologia\/files\/2025\/04\/Faculty-of-Medicine_Action_plan_2024_25_1.pdf\" target=\"_blank\" rel=\"noopener noreferrer\">Faculty of Medicine<\/a><br \/>\n<a href=\"https:\/\/semmelweis.hu\/molekularis-biologia\/files\/2025\/04\/Faculty-of-Dentistry_Action_plan_2024_25_1.pdf\" target=\"_blank\" rel=\"noopener noreferrer\">Faculty of Dentistry<\/a><\/p>\n<p>\n<\/div><h2 class=\"tabtitle\">2023\/24-1<\/h2>\n<div class=\"tabcontent\">\n<a href=\"https:\/\/semmelweis.hu\/molekularis-biologia\/files\/2024\/04\/OMHV_Faculty-of-Medicine_Action-plan_2023_24_1.pdf\" target=\"_blank\" rel=\"noopener noreferrer\">Faculty of Medicine<\/a><br \/>\n<a href=\"https:\/\/semmelweis.hu\/molekularis-biologia\/files\/2024\/04\/OMHV_Faculty-of-Dentistry_Action-plan_2023_24_1.pdf\" target=\"_blank\" rel=\"noopener noreferrer\">Faculty of Dentistry<\/a><\/p>\n<p>\n<\/div><h2 class=\"tabtitle\">2022\/23-1<\/h2>\n<div class=\"tabcontent\">\n<a href=\"https:\/\/semmelweis.hu\/molekularis-biologia\/files\/2023\/05\/OMHV_Faculty-of-Medicine_Action_plan_2022_23_1.pdf\" target=\"_blank\" rel=\"noopener noreferrer\">Faculty of Medicine<\/a><br \/>\n<a href=\"https:\/\/semmelweis.hu\/molekularis-biologia\/files\/2023\/05\/OMHV_Faculty-of-Dentistry_Action_plan_2022_23_1.pdf\" target=\"_blank\" rel=\"noopener noreferrer\">Faculty of Dentistry<\/a><\/p>\n<p>\n<\/div><h2 class=\"tabtitle\">2020\/21-1<\/h2>\n<div class=\"tabcontent\">\n <a href=\"https:\/\/semmelweis.hu\/molekularis-biologia\/files\/2021\/03\/Molecular_Biology_Action_plan_Dentistry_medical_chemistry_2021_march.pdf&amp;acc=intranet_only\" target=\"_blank\" rel=\"noopener noreferrer\">Faculty of Dentistry<\/a><\/div><\/div><\/p>\n<p><b>Requirements<\/b><br \/>\n<a href=\"https:\/\/semmelweis.hu\/molekularis-biologia\/files\/2023\/05\/kovetelmeny_MCB1_AOK_EN.pdf\" target=\"_blank\" rel=\"noopener\">Faculty of Medicine<\/a>&emsp;<a href=\"https:\/\/semmelweis.hu\/molekularis-biologia\/files\/2023\/05\/kovetelmeny_MCB1_FOK_EN.pdf\" target=\"_blank\" rel=\"noopener\">Faculty of Dentistry<\/a><\/p>\n","protected":false},"excerpt":{"rendered":"<p>Faculty of Medicine 6 credit points, terminal examination, Mikl\u00f3s Csala; AOKMBT795_1A Faculty of Dentistry 4 credit points, terminal examination, Mikl\u00f3s Csala; FOKOOVM205_1A Fall semesters Teaching secretary: <a href=\"mailto:keszler.gergely@med.semmelweis-univ.hu\">Gergely Keszler<\/a> <a href=\"https:\/\/itc.semmelweis.hu\/moodle\/\">For details, schedule, Zoom links, downloads, etc., please go to the Moodle pages of the subject.<\/a> General information The principal aim of the course is to provide an insight into the storage and expression of genetic information throughout replication, transcription and translation. Our current understanding &hellip;<\/p>\n","protected":false},"author":183,"featured_media":0,"parent":3550,"menu_order":20,"comment_status":"closed","ping_status":"closed","template":"","meta":{"_acf_changed":false,"footnotes":""},"categories":[],"tags":[],"class_list":["post-4164","page","type-page","status-publish","hentry"],"acf":[],"_links":{"self":[{"href":"https:\/\/semmelweis.hu\/molekularis-biologia\/wp-json\/wp\/v2\/pages\/4164","targetHints":{"allow":["GET"]}}],"collection":[{"href":"https:\/\/semmelweis.hu\/molekularis-biologia\/wp-json\/wp\/v2\/pages"}],"about":[{"href":"https:\/\/semmelweis.hu\/molekularis-biologia\/wp-json\/wp\/v2\/types\/page"}],"author":[{"embeddable":true,"href":"https:\/\/semmelweis.hu\/molekularis-biologia\/wp-json\/wp\/v2\/users\/183"}],"replies":[{"embeddable":true,"href":"https:\/\/semmelweis.hu\/molekularis-biologia\/wp-json\/wp\/v2\/comments?post=4164"}],"version-history":[{"count":11,"href":"https:\/\/semmelweis.hu\/molekularis-biologia\/wp-json\/wp\/v2\/pages\/4164\/revisions"}],"predecessor-version":[{"id":8843,"href":"https:\/\/semmelweis.hu\/molekularis-biologia\/wp-json\/wp\/v2\/pages\/4164\/revisions\/8843"}],"up":[{"embeddable":true,"href":"https:\/\/semmelweis.hu\/molekularis-biologia\/wp-json\/wp\/v2\/pages\/3550"}],"wp:attachment":[{"href":"https:\/\/semmelweis.hu\/molekularis-biologia\/wp-json\/wp\/v2\/media?parent=4164"}],"wp:term":[{"taxonomy":"category","embeddable":true,"href":"https:\/\/semmelweis.hu\/molekularis-biologia\/wp-json\/wp\/v2\/categories?post=4164"},{"taxonomy":"post_tag","embeddable":true,"href":"https:\/\/semmelweis.hu\/molekularis-biologia\/wp-json\/wp\/v2\/tags?post=4164"}],"curies":[{"name":"wp","href":"https:\/\/api.w.org\/{rel}","templated":true}]}}