{"id":3557,"date":"2016-08-29T12:23:45","date_gmt":"2016-08-29T10:23:45","guid":{"rendered":"http:\/\/semmelweis.hu\/orvosi-vegytan\/?page_id=3557"},"modified":"2025-04-09T17:13:42","modified_gmt":"2025-04-09T15:13:42","slug":"medchem","status":"publish","type":"page","link":"https:\/\/semmelweis.hu\/molekularis-biologia\/en\/students\/medchem\/","title":{"rendered":"Medical Chemistry"},"content":{"rendered":"<p><strong>Faculty of Medicine<br \/>\n6 credit points, end term examination, Csaba S\u0151ti; AOKMBT829_1A<\/strong> <strong><br \/>\nFaculty of Dentistry<br \/>\n4 credit points,\u00a0end term examination, Csaba S\u0151ti;\u00a0FOKOMBT304_1A<\/strong><\/p>\n<p><strong>Fall semesters<\/strong><\/p>\n<p><strong>Teaching secretary:<\/strong> <a href=\"mailto:keszler.gergely@med.semmelweis-univ.hu\">Gergely Keszler<\/a><\/p>\n<p><strong><span style=\"font-size: large\"><a href=\"https:\/\/itc.semmelweis.hu\/moodle\/\">For details, schedule, Zoom links, downloads, etc., please go to the Moodle pages of the subject.<\/a><\/span><\/strong><\/p>\n<p style=\"text-align: justify\"><strong>Lectures and practical lessons<\/strong><br \/>\nTwo lectures are held every week. Practical lab lessons and seminars are held in alternating weeks; detailed schedules can be found under corresponding tabs. Dentistry students do not need to attend lectures designated as \u201eEM\u201d.<\/p>\n<p style=\"text-align: justify\"><strong>Description of the curriculum<\/strong><br \/>\nThe principal aim of the course is to prepare students for the understanding of the subjects Biochemistry, Physiology and Molecular Cell Biology. This requires a firm knowledge of the foundations of general, organic and inorganic chemistry. The role of the subject in the preclinical studies is to summarize that basic knowledge which is fundamental to understand molecular biological and biochemical processes in human under physiological and pathological circumstances. The general chemistry part is essential for understanding biochemistry and physiology, whereas organic chemistry provides basic knowledge for molecular biology and biochemistry as well.<\/p>\n<p><strong>Evaluation of education by students<\/strong><br \/>\n(&#8222;<strong>O<\/strong>ktat\u00f3i <strong>m<\/strong>unka <strong>h<\/strong>allgat\u00f3i <strong>v<\/strong>\u00e9lem\u00e9nyez\u00e9se&#8221; &#8211; OMHV)<\/p>\n<p><div class=\"responsive-tabs\">\n<h2 class=\"tabtitle\">2024\/25-1<\/h2>\n<div class=\"tabcontent\">\n<a href=\"https:\/\/semmelweis.hu\/molekularis-biologia\/files\/2025\/04\/Orvosi-kemia-AOKMBT829_1A.pdf&amp;acc=intranet_only\" target=\"_blank\" rel=\"noopener noreferrer\">Lectures at the Faculty of Medicine<\/a> \u2003 <a href=\"https:\/\/semmelweis.hu\/molekularis-biologia\/files\/2025\/04\/Orvosi-kemia-AOKMBT829_1A-1.pdf\" target=\"_blank\" rel=\"noopener noreferrer\">Labs at the Faculty of Medicine<\/a><\/p>\n<p><a href=\"https:\/\/semmelweis.hu\/molekularis-biologia\/files\/2025\/04\/Orvosi-kemia-FOKOMBT304_1A.pdf\" target=\"_blank\" rel=\"noopener noreferrer\">Lectures at the Faculty of Dentistry<\/a> \u2003 <a href=\"https:\/\/semmelweis.hu\/molekularis-biologia\/files\/2025\/04\/Orvosi-kemia-FOKOMBT304_1A-1.pdf\" target=\"_blank\" rel=\"noopener noreferrer\">Labs at the Faculty of Dentistry<\/a><\/p>\n<p>\n<\/div><h2 class=\"tabtitle\">2023\/24-1<\/h2>\n<div class=\"tabcontent\">\n<a href=\"https:\/\/semmelweis.hu\/molekularis-biologia\/files\/2024\/04\/Orvosi-kemia-FOKOMBT304_1A.pdf&amp;acc=intranet_only\" target=\"_blank\" rel=\"noopener noreferrer\">Lectures at the Faculty of Medicine<\/a> \u2003 <a href=\"https:\/\/semmelweis.hu\/molekularis-biologia\/files\/2024\/04\/Orvosi-kemia-AOKMBT829_1A-1.pdf\" target=\"_blank\" rel=\"noopener noreferrer\">Labs at the Faculty of Medicine<\/a><\/p>\n<p><a href=\"https:\/\/semmelweis.hu\/molekularis-biologia\/files\/2024\/04\/Orvosi-kemia-FOKOMBT304_1A.pdf\" target=\"_blank\" rel=\"noopener noreferrer\">Lectures at the Faculty of Dentistry<\/a> \u2003 <a href=\"https:\/\/semmelweis.hu\/molekularis-biologia\/files\/2024\/04\/Orvosi-kemia-FOKOMBT304_1A-1.pdf\" target=\"_blank\" rel=\"noopener noreferrer\">Labs at the Faculty of Dentistry<\/a><\/p>\n<p>\n<\/div><h2 class=\"tabtitle\">2022\/23-1<\/h2>\n<div class=\"tabcontent\">\n<a href=\"https:\/\/semmelweis.hu\/molekularis-biologia\/files\/2023\/05\/ertekeles_orv_kem_AOK_2022_23_1_A.pdf\" target=\"_blank\" rel=\"noopener noreferrer\">Lectures at the Faculty of Medicine<\/a> \u2003 <a href=\"https:\/\/semmelweis.hu\/molekularis-biologia\/files\/2023\/05\/ertekeles_gyak_orv_kem_AOK_2022_23_1_A.pdf\" target=\"_blank\" rel=\"noopener noreferrer\">Labs at the Faculty of Medicine<\/a><\/p>\n<p><a href=\"https:\/\/semmelweis.hu\/molekularis-biologia\/files\/2023\/05\/ertekeles_orv_kem_FOK_2022_23_1_A.pdf\" target=\"_blank\" rel=\"noopener noreferrer\">Lectures at the Faculty of Dentistry<\/a> \u2003 <a href=\"https:\/\/semmelweis.hu\/molekularis-biologia\/files\/2023\/05\/ertekeles_gyak_orv_kem_FOK_2022_23_1_A.pdf\" target=\"_blank\" rel=\"noopener noreferrer\">Labs at the Faculty of Dentistry<\/a><\/div><\/div><\/p>\n<p><strong>OMHV action plans<\/strong><\/p>\n<p><div class=\"responsive-tabs\">\n<h2 class=\"tabtitle\">2024\/25-1<\/h2>\n<div class=\"tabcontent\">\n<a href=\"https:\/\/semmelweis.hu\/molekularis-biologia\/files\/2025\/04\/Faculty-of-Medicine_Action_plan_2024_25_1.pdf&amp;acc=intranet_only\" target=\"_blank\" rel=\"noopener noreferrer\">Faculty of Medicine<\/a><br \/>\n<a href=\"https:\/\/semmelweis.hu\/molekularis-biologia\/files\/2025\/04\/Faculty-of-Dentistry_Action_plan_2024_25_1.pdf&amp;acc=intranet_only\" target=\"_blank\" rel=\"noopener noreferrer\">Faculty of Dentistry<\/a><\/p>\n<p>\n<\/div><h2 class=\"tabtitle\">2023\/24-1<\/h2>\n<div class=\"tabcontent\">\n<a href=\"https:\/\/semmelweis.hu\/molekularis-biologia\/files\/2024\/04\/OMHV_Faculty-of-Medicine_Action-plan_2023_24_1.pdf&amp;acc=intranet_only\" target=\"_blank\" rel=\"noopener noreferrer\">Faculty of Medicine<\/a><br \/>\n<a href=\"https:\/\/semmelweis.hu\/molekularis-biologia\/files\/2024\/04\/OMHV_Faculty-of-Dentistry_Action-plan_2023_24_1.pdf&amp;acc=intranet_only\" target=\"_blank\" rel=\"noopener noreferrer\">Faculty of Dentistry<\/a><\/p>\n<p>\n<\/div><h2 class=\"tabtitle\">2022\/23-1<\/h2>\n<div class=\"tabcontent\">\n<a href=\"https:\/\/semmelweis.hu\/molekularis-biologia\/files\/2023\/05\/OMHV_Faculty-of-Medicine_Action_plan_2022_23_1.pdf&amp;acc=intranet_only\" target=\"_blank\" rel=\"noopener noreferrer\">Faculty of Medicine<\/a><br \/>\n<a href=\"https:\/\/semmelweis.hu\/molekularis-biologia\/files\/2023\/05\/OMHV_Faculty-of-Dentistry_Action_plan_2022_23_1.pdf&amp;acc=intranet_only\" target=\"_blank\" rel=\"noopener noreferrer\">Faculty of Dentistry<\/a><\/p>\n<p>\n<\/div><h2 class=\"tabtitle\">2020\/21-1<\/h2>\n<div class=\"tabcontent\">\n <a href=\"https:\/\/semmelweis.hu\/molekularis-biologia\/files\/2021\/03\/Molecular_Biology_Action_plan_Dentistry_medical_chemistry_2021_march.pdf&amp;acc=intranet_only\" target=\"_blank\" rel=\"noopener noreferrer\">Faculty of Dentistry<\/a><\/div><\/div><\/p>\n<p><b>Requirements<\/b><br \/>\n<a href=\"https:\/\/semmelweis.hu\/molekularis-biologia\/files\/2023\/05\/kovetelmeny_MedChem_AOK_EN.pdf\" target=\"_blank\" rel=\"noopener\">Faculty of Medicine<\/a>&emsp;<a href=\"https:\/\/semmelweis.hu\/molekularis-biologia\/files\/2023\/05\/kovetelmeny_MedChem_FOK_EN.pdf\" target=\"_blank\" rel=\"noopener\">Faculty of Dentistry<\/a><\/p>\n","protected":false},"excerpt":{"rendered":"<p>Faculty of Medicine 6 credit points, end term examination, Csaba S\u0151ti; AOKMBT829_1A Faculty of Dentistry 4 credit points,\u00a0end term examination, Csaba S\u0151ti;\u00a0FOKOMBT304_1A Fall semesters Teaching secretary: <a href=\"mailto:keszler.gergely@med.semmelweis-univ.hu\">Gergely Keszler<\/a> <a href=\"https:\/\/itc.semmelweis.hu\/moodle\/\">For details, schedule, Zoom links, downloads, etc., please go to the Moodle pages of the subject.<\/a> Lectures and practical lessons Two lectures are held every week. Practical lab lessons and seminars are held in alternating weeks; detailed schedules can be found under corresponding tabs. Dentistry &hellip;<\/p>\n","protected":false},"author":183,"featured_media":0,"parent":3550,"menu_order":10,"comment_status":"closed","ping_status":"closed","template":"","meta":{"_acf_changed":false,"footnotes":""},"categories":[],"tags":[],"class_list":["post-3557","page","type-page","status-publish","hentry"],"acf":[],"_links":{"self":[{"href":"https:\/\/semmelweis.hu\/molekularis-biologia\/wp-json\/wp\/v2\/pages\/3557","targetHints":{"allow":["GET"]}}],"collection":[{"href":"https:\/\/semmelweis.hu\/molekularis-biologia\/wp-json\/wp\/v2\/pages"}],"about":[{"href":"https:\/\/semmelweis.hu\/molekularis-biologia\/wp-json\/wp\/v2\/types\/page"}],"author":[{"embeddable":true,"href":"https:\/\/semmelweis.hu\/molekularis-biologia\/wp-json\/wp\/v2\/users\/183"}],"replies":[{"embeddable":true,"href":"https:\/\/semmelweis.hu\/molekularis-biologia\/wp-json\/wp\/v2\/comments?post=3557"}],"version-history":[{"count":11,"href":"https:\/\/semmelweis.hu\/molekularis-biologia\/wp-json\/wp\/v2\/pages\/3557\/revisions"}],"predecessor-version":[{"id":8681,"href":"https:\/\/semmelweis.hu\/molekularis-biologia\/wp-json\/wp\/v2\/pages\/3557\/revisions\/8681"}],"up":[{"embeddable":true,"href":"https:\/\/semmelweis.hu\/molekularis-biologia\/wp-json\/wp\/v2\/pages\/3550"}],"wp:attachment":[{"href":"https:\/\/semmelweis.hu\/molekularis-biologia\/wp-json\/wp\/v2\/media?parent=3557"}],"wp:term":[{"taxonomy":"category","embeddable":true,"href":"https:\/\/semmelweis.hu\/molekularis-biologia\/wp-json\/wp\/v2\/categories?post=3557"},{"taxonomy":"post_tag","embeddable":true,"href":"https:\/\/semmelweis.hu\/molekularis-biologia\/wp-json\/wp\/v2\/tags?post=3557"}],"curies":[{"name":"wp","href":"https:\/\/api.w.org\/{rel}","templated":true}]}}