{"id":31,"date":"2013-04-20T21:26:48","date_gmt":"2013-04-20T19:26:48","guid":{"rendered":"http:\/\/semmelweis-egyetem.hu\/orvosi-vegytan\/?page_id=31"},"modified":"2022-01-17T16:03:56","modified_gmt":"2022-01-17T15:03:56","slug":"elerhetoseg","status":"publish","type":"page","link":"https:\/\/semmelweis.hu\/molekularis-biologia\/elerhetoseg\/","title":{"rendered":"El\u00e9rhet\u0151s\u00e9g"},"content":{"rendered":"<p><strong>Biok\u00e9miai \u00e9s Molekul\u00e1ris Biol\u00f3giai Int\u00e9zet<br \/>\nMolekul\u00e1ris Biol\u00f3giai Tansz\u00e9k<\/strong><br \/>\ntansz\u00e9kvezet\u0151: <strong>Dr. Csala Mikl\u00f3s<\/strong> egyetemi tan\u00e1r<\/p>\n<p><strong>C\u00edm:<\/strong><br \/>\n<a href=\"https:\/\/semmelweis.hu\/eok\/hu\/\">Elm\u00e9leti Orvostudom\u00e1nyi K\u00f6zpont<\/a><br \/>\n1094 Budapest, T\u0171zolt\u00f3 utca 37-47.<br \/>\n<strong>Levelez\u00e9si c\u00edm:<\/strong><br \/>\n1428 Budapest, Pf. 2<br \/>\n<strong>Telefon \u00e9s fax:<\/strong> (06 1) 266 26 15<br \/>\n<strong>Fax:<\/strong> (06 1) 266 38 02<\/p>\n<p><strong>T\u00e9rk\u00e9p:<\/strong><\/p>\n<p>\n<!-- iframe plugin v.4.9 wordpress.org\/plugins\/iframe\/ -->\n<iframe loading=\"lazy\" src=\"https:\/\/maps.google.com\/maps?f=q&#038;source=s_q&#038;hl=en&#038;geocode=&#038;q=1094+Budapest,+T%C5%B1zolt%C3%B3+u.+37-47,+Hungary&#038;aq=0&#038;oq=1094+Budapest,+T%C5%B1zolt%C3%B3+u.+37-47.&#038;sll=37.0625,-95.677068&#038;sspn=43.307813,100.898438&#038;t=m&#038;ie=UTF8&#038;hq=&#038;hnear=1094+Budapest,+IX.+ker%C3%BClet,+T%C5%B1zolt%C3%B3+utca+37,+Hungary&#038;ll=47.481108,19.078399&#038;spn=0.018127,0.049267&#038;z=14&#038;output=embed\" width=\"100%\" height=\"350\" scrolling=\"yes\" class=\"iframe-class\" frameborder=\"0\"><\/iframe>\n<br \/>\n<small><a href=\"https:\/\/maps.google.com\/maps?f=q&amp;source=embed&amp;hl=en&amp;geocode=&amp;q=1094+Budapest,+T%C5%B1zolt%C3%B3+u.+37-47,+Hungary&amp;aq=0&amp;oq=1094+Budapest,+T%C5%B1zolt%C3%B3+u.+37-47.&amp;sll=37.0625,-95.677068&amp;sspn=43.307813,100.898438&amp;t=m&amp;ie=UTF8&amp;hq=&amp;hnear=1094+Budapest,+IX.+ker%C3%BClet,+T%C5%B1zolt%C3%B3+utca+37,+Hungary&amp;ll=47.481108,19.078399&amp;spn=0.018127,0.049267&amp;z=14\">View Larger Map<\/a><\/small><\/p>\n","protected":false},"excerpt":{"rendered":"<p>Biok\u00e9miai \u00e9s Molekul\u00e1ris Biol\u00f3giai Int\u00e9zet<br \/>\nMolekul\u00e1ris Biol\u00f3giai Tansz\u00e9k<br \/>\ntansz\u00e9kvezet\u0151: Dr. Csala Mikl\u00f3s egyetemi tan\u00e1r<br \/>\nC\u00edm:<br \/>\n<a href=\"https:\/\/semmelweis.hu\/eok\/hu\/\">Elm\u00e9leti Orvostudom\u00e1nyi K\u00f6zpont<\/a><br \/>\n1094 Budapest, T\u0171zolt\u00f3 utca 37-47.<br \/>\nLevelez\u00e9si c\u00edm:<br \/>\n1428 Budapest, Pf. 2<br \/>\nTelefon \u00e9s fax: (06 1) 266 26 15<br \/>\nFax: (06 1) 266 38 02<br \/>\nT\u00e9rk\u00e9p:<\/p>\n<p><a href=\"https:\/\/maps.google.com\/maps?f=q&amp;source=embed&amp;hl=en&amp;geocode=&amp;q=1094+Budapest,+T%C5%B1zolt%C3%B3+u.+37-47,+Hungary&amp;aq=0&amp;oq=1094+Budapest,+T%C5%B1zolt%C3%B3+u.+37-47.&amp;sll=37.0625,-95.677068&amp;sspn=43.307813,100.898438&amp;t=m&amp;ie=UTF8&amp;hq=&amp;hnear=1094+Budapest,+IX.+ker%C3%BClet,+T%C5%B1zolt%C3%B3+utca+37,+Hungary&amp;ll=47.481108,19.078399&amp;spn=0.018127,0.049267&amp;z=14\">View Larger Map<\/a><\/p>\n","protected":false},"author":12,"featured_media":0,"parent":0,"menu_order":2,"comment_status":"closed","ping_status":"closed","template":"","meta":{"_acf_changed":false,"footnotes":""},"categories":[],"tags":[],"class_list":["post-31","page","type-page","status-publish","hentry"],"acf":[],"_links":{"self":[{"href":"https:\/\/semmelweis.hu\/molekularis-biologia\/wp-json\/wp\/v2\/pages\/31","targetHints":{"allow":["GET"]}}],"collection":[{"href":"https:\/\/semmelweis.hu\/molekularis-biologia\/wp-json\/wp\/v2\/pages"}],"about":[{"href":"https:\/\/semmelweis.hu\/molekularis-biologia\/wp-json\/wp\/v2\/types\/page"}],"author":[{"embeddable":true,"href":"https:\/\/semmelweis.hu\/molekularis-biologia\/wp-json\/wp\/v2\/users\/12"}],"replies":[{"embeddable":true,"href":"https:\/\/semmelweis.hu\/molekularis-biologia\/wp-json\/wp\/v2\/comments?post=31"}],"version-history":[{"count":11,"href":"https:\/\/semmelweis.hu\/molekularis-biologia\/wp-json\/wp\/v2\/pages\/31\/revisions"}],"predecessor-version":[{"id":7591,"href":"https:\/\/semmelweis.hu\/molekularis-biologia\/wp-json\/wp\/v2\/pages\/31\/revisions\/7591"}],"wp:attachment":[{"href":"https:\/\/semmelweis.hu\/molekularis-biologia\/wp-json\/wp\/v2\/media?parent=31"}],"wp:term":[{"taxonomy":"category","embeddable":true,"href":"https:\/\/semmelweis.hu\/molekularis-biologia\/wp-json\/wp\/v2\/categories?post=31"},{"taxonomy":"post_tag","embeddable":true,"href":"https:\/\/semmelweis.hu\/molekularis-biologia\/wp-json\/wp\/v2\/tags?post=31"}],"curies":[{"name":"wp","href":"https:\/\/api.w.org\/{rel}","templated":true}]}}