{"id":257,"date":"2013-04-10T20:03:47","date_gmt":"2013-04-10T20:03:47","guid":{"rendered":"http:\/\/semmelweis-egyetem.hu\/orvosi-vegytan\/?page_id=257"},"modified":"2026-03-20T13:18:06","modified_gmt":"2026-03-20T12:18:06","slug":"molbiolmod","status":"publish","type":"page","link":"https:\/\/semmelweis.hu\/molekularis-biologia\/oktatas\/molbiolmod\/","title":{"rendered":"Molekul\u00e1ris biol\u00f3giai m\u00f3dszerek"},"content":{"rendered":"<p><strong>\u00c1OK (1 kredit, gyakorlati jegy, Dr. Csala Mikl\u00f3s; AOSOVM284_1M)<\/strong><\/p>\n<p><strong>Tavaszi f\u00e9l\u00e9vek<\/strong><\/p>\n<p><b>Tanulm\u00e1nyi felel\u0151s:<\/b> <a href=\"mailto:szelenyi.peter@semmelweis.hu\">Dr. Szel\u00e9nyi P\u00e9ter<\/a> egyetemi adjunktus<br \/>\n<b>Tansz\u00e9ki tanulm\u00e1nyi felel\u0151s:<\/b> <a href=\"mailto:ronai.zsolt@med.semmelweis-univ.hu\">Dr. R\u00f3nai Zsolt<\/a> egyetemi tan\u00e1r <\/p>\n<p><strong><font size=\"4\"><a href=\"https:\/\/itc.semmelweis.hu\/moodle\/\">R\u00e9szletek\u00e9rt, el\u0151ad\u00e1sok \u00e9s gyakorlatok programj\u00e1\u00e9rt, Zoom linkek\u00e9rt, let\u00f6lt\u00e9s\u00e9rt stb., k\u00e9rj\u00fck, keresse fel a tant\u00e1rgy Moodle oldalait.<\/a><\/font><\/strong><\/p>\n<p style=\"text-align: justify\"><strong>\u00c1ltal\u00e1nos inform\u00e1ci\u00f3k<\/strong><br \/>\nA tant\u00e1rgy c\u00e9lja a napjainkban alkalmazott molekul\u00e1ris biol\u00f3giai elj\u00e1r\u00e1sok bemutat\u00e1sa \u2013 a legalapvet\u0151bb \u00e9s szinte minden molekul\u00e1ris kutat\u00e1s sor\u00e1n alkalmazott m\u00f3dszerekt\u0151l a legmodernebb technik\u00e1kig. Az egyes t\u00e9m\u00e1k el\u0151ad\u00f3i az adott elj\u00e1r\u00e1sokat napi szinten alkalmaz\u00f3 kutat\u00f3k, \u00edgy a r\u00e9sztvev\u0151k bepillant\u00e1st nyerhetnek az egyes technik\u00e1k elm\u00e9leti alapjai \u00e9s klinikai vonatkoz\u00e1sai mellett azok technikai, gyakorlati \u201ekulisszatitkaiba\u201d is.<\/p>\n<p style=\"text-align: justify\"><strong>A f\u00e9l\u00e9v elfogad\u00e1s\u00e1nak felt\u00e9tele<\/strong><br \/>\nA molekul\u00e1ris biol\u00f3giai m\u00f3dszerek t\u00e1rgy sz\u00e1monk\u00e9r\u00e9se (vizsga) abb\u00f3l \u00e1ll, hogy tetsz\u0151legesen v\u00e1lasztott, az el\u0151ad\u00e1sokon elhangzott t\u00e9m\u00e1r\u00f3l egy g\u00e9pelt oldal \u00f6sszefoglal\u00f3t kell \u00edrni.<br \/>\nA dolgozatot <a href=\"mailto:ronai.zsolt@med.semmelweis-univ.hu\">e-mail<\/a>en vagy szem\u00e9lyesen R\u00f3nai Zsoltnak kell eljuttatni.<br \/>\nA hat\u00e1rid\u0151: miel\u0151bb, de a vizsgaid\u0151szak v\u00e9g\u00e9ig elfogadjuk.<\/p>\n<p><strong>Az oktat\u00f3i munka hallgat\u00f3i v\u00e9lem\u00e9nyez\u00e9se (OMHV)<\/strong><br \/>\n<a href=\"https:\/\/semmelweis.hu\/molekularis-biologia\/files\/2026\/03\/Molekularis-biologiai-modszerek-AOSMBT798_1M.pdf\" target=\"_blank\" rel=\"noopener noreferrer\">Molekul\u00e1ris biol\u00f3giai m\u00f3dszerek el\u0151ad\u00e1sok v\u00e9lem\u00e9nyez\u00e9se a 2024\/25. tan\u00e9vben<\/a><br \/>\n<a href=\"https:\/\/semmelweis.hu\/molekularis-biologia\/files\/2023\/10\/ertekeles_mol_biol_modszerek_AOK_2022_23_2_M.pdf\" target=\"_blank\" rel=\"noopener noreferrer\">Molekul\u00e1ris biol\u00f3giai m\u00f3dszerek el\u0151ad\u00e1sok v\u00e9lem\u00e9nyez\u00e9se a 2022\/23. tan\u00e9vben<\/a><\/p>\n<p><strong>OMHV int\u00e9zked\u00e9si tervek<\/strong><br \/>\n<a href=\"https:\/\/semmelweis.hu\/molekularis-biologia\/files\/2023\/10\/OMHV_AOK_Intezkedesi_terv_2022_23_2.pdf\" target=\"_blank\" rel=\"noopener noreferrer\">Int\u00e9zked\u00e9si terv a 2022\/23. tan\u00e9v 2. szemeszter OMHV-adatai alapj\u00e1n<\/a><br \/>\n<a href=\"https:\/\/semmelweis.hu\/molekularis-biologia\/files\/2024\/11\/AOK_Intezkedesi-terv_2023_24_2.pdf\" target=\"_blank\" rel=\"noopener noreferrer\">Int\u00e9zked\u00e9si terv a 2023\/24. tan\u00e9v 2. szemeszter OMHV-adatai alapj\u00e1n<\/a><br \/>\n<a href=\"https:\/\/semmelweis.hu\/molekularis-biologia\/files\/2026\/03\/AOK_Intezkedesi_terv_2024_25_2.pdf\" target=\"_blank\" rel=\"noopener noreferrer\">Int\u00e9zked\u00e9si terv a 2024\/25. tan\u00e9v 2. szemeszter OMHV-adatai alapj\u00e1n<\/a><\/p>\n","protected":false},"excerpt":{"rendered":"<p>\u00c1OK (1 kredit, gyakorlati jegy, Dr. Csala Mikl\u00f3s; AOSOVM284_1M) Tavaszi f\u00e9l\u00e9vek Tanulm\u00e1nyi felel\u0151s: <a href=\"mailto:szelenyi.peter@semmelweis.hu\">Dr. Szel\u00e9nyi P\u00e9ter<\/a> egyetemi adjunktus Tansz\u00e9ki tanulm\u00e1nyi felel\u0151s: <a href=\"mailto:ronai.zsolt@med.semmelweis-univ.hu\">Dr. R\u00f3nai Zsolt<\/a> egyetemi tan\u00e1r <a href=\"https:\/\/itc.semmelweis.hu\/moodle\/\">R\u00e9szletek\u00e9rt, el\u0151ad\u00e1sok \u00e9s gyakorlatok programj\u00e1\u00e9rt, Zoom linkek\u00e9rt, let\u00f6lt\u00e9s\u00e9rt stb., k\u00e9rj\u00fck, keresse fel a tant\u00e1rgy Moodle oldalait.<\/a> \u00c1ltal\u00e1nos inform\u00e1ci\u00f3k A tant\u00e1rgy c\u00e9lja a napjainkban alkalmazott molekul\u00e1ris biol\u00f3giai elj\u00e1r\u00e1sok bemutat\u00e1sa \u2013 a legalapvet\u0151bb \u00e9s szinte minden molekul\u00e1ris kutat\u00e1s sor\u00e1n alkalmazott m\u00f3dszerekt\u0151l a legmodernebb technik\u00e1kig. Az egyes t\u00e9m\u00e1k el\u0151ad\u00f3i az adott elj\u00e1r\u00e1sokat napi szinten &hellip;<\/p>\n","protected":false},"author":183,"featured_media":0,"parent":6,"menu_order":80,"comment_status":"closed","ping_status":"closed","template":"","meta":{"_acf_changed":false,"footnotes":""},"categories":[],"tags":[],"class_list":["post-257","page","type-page","status-publish","hentry"],"acf":[],"_links":{"self":[{"href":"https:\/\/semmelweis.hu\/molekularis-biologia\/wp-json\/wp\/v2\/pages\/257","targetHints":{"allow":["GET"]}}],"collection":[{"href":"https:\/\/semmelweis.hu\/molekularis-biologia\/wp-json\/wp\/v2\/pages"}],"about":[{"href":"https:\/\/semmelweis.hu\/molekularis-biologia\/wp-json\/wp\/v2\/types\/page"}],"author":[{"embeddable":true,"href":"https:\/\/semmelweis.hu\/molekularis-biologia\/wp-json\/wp\/v2\/users\/183"}],"replies":[{"embeddable":true,"href":"https:\/\/semmelweis.hu\/molekularis-biologia\/wp-json\/wp\/v2\/comments?post=257"}],"version-history":[{"count":11,"href":"https:\/\/semmelweis.hu\/molekularis-biologia\/wp-json\/wp\/v2\/pages\/257\/revisions"}],"predecessor-version":[{"id":8926,"href":"https:\/\/semmelweis.hu\/molekularis-biologia\/wp-json\/wp\/v2\/pages\/257\/revisions\/8926"}],"up":[{"embeddable":true,"href":"https:\/\/semmelweis.hu\/molekularis-biologia\/wp-json\/wp\/v2\/pages\/6"}],"wp:attachment":[{"href":"https:\/\/semmelweis.hu\/molekularis-biologia\/wp-json\/wp\/v2\/media?parent=257"}],"wp:term":[{"taxonomy":"category","embeddable":true,"href":"https:\/\/semmelweis.hu\/molekularis-biologia\/wp-json\/wp\/v2\/categories?post=257"},{"taxonomy":"post_tag","embeddable":true,"href":"https:\/\/semmelweis.hu\/molekularis-biologia\/wp-json\/wp\/v2\/tags?post=257"}],"curies":[{"name":"wp","href":"https:\/\/api.w.org\/{rel}","templated":true}]}}