{"id":253,"date":"2016-08-30T22:27:03","date_gmt":"2016-08-30T20:27:03","guid":{"rendered":"http:\/\/semmelweis-egyetem.hu\/orvosi-vegytan\/?page_id=253"},"modified":"2026-03-20T13:18:33","modified_gmt":"2026-03-20T12:18:33","slug":"kemalap","status":"publish","type":"page","link":"https:\/\/semmelweis.hu\/molekularis-biologia\/oktatas\/kemalap\/","title":{"rendered":"Orvosi k\u00e9mia alapjai"},"content":{"rendered":"<p><strong>\u00c1OK (3 kredit, gyakorlati jegy, Dr. Csala Mikl\u00f3s; AOVMBT797_1M)<\/strong><br \/>\n<strong>FOK (1 kredit, kollokvium, Dr. S\u0151ti Csaba; FOSVMBT314_1M)<\/strong><\/p>\n<p><strong>\u0150szi f\u00e9l\u00e9vek<\/strong><\/p>\n<p><b>Tanulm\u00e1nyi felel\u0151s:<\/b> <a href=\"mailto:szelenyi.peter@semmelweis.hu\">Dr. Szel\u00e9nyi P\u00e9ter<\/a> egyetemi adjunktus<br \/>\n<b>Tansz\u00e9ki tanulm\u00e1nyi felel\u0151s:<\/b> <a href=\"mailto:ronai.zsolt@med.semmelweis-univ.hu\">Dr. R\u00f3nai Zsolt<\/a> egyetemi tan\u00e1r <\/p>\n<p><strong><font size=\"4\"><a href=\"https:\/\/itc.semmelweis.hu\/moodle\/\">R\u00e9szletek\u00e9rt, el\u0151ad\u00e1sok \u00e9s gyakorlatok programj\u00e1\u00e9rt, Zoom linkek\u00e9rt, let\u00f6lt\u00e9s\u00e9rt stb., k\u00e9rj\u00fck, keresse fel a tant\u00e1rgy Moodle oldalait.<\/a><\/font><\/strong><\/p>\n<p style=\"text-align: justify\"><strong>\u00c1ltal\u00e1nos inform\u00e1ci\u00f3k<\/strong><br \/>\nA t\u00e1rgy c\u00e9lja azon hallgat\u00f3k k\u00e9mia alaptud\u00e1s\u00e1nak elm\u00e9ly\u00edt\u00e9se, akik kor\u00e1bban kevesebb k\u00e9mi\u00e1t tanultak, \u00edgy a t\u00e1rgy seg\u00edts\u00e9get ny\u00fajt sz\u00e1mukra az orvosi k\u00e9mia k\u00f6telez\u0151 t\u00e1rgy elsaj\u00e1t\u00edt\u00e1s\u00e1hoz. Az orvosi k\u00e9mia k\u00f6telez\u0151 t\u00e1rggyal egy\u00fctt azokat az \u00e1ltal\u00e1nos \u00e9s szerves k\u00e9miai alapismereteket k\u00edv\u00e1juk bemutatni, mely fontosak az emberi szervezetben lezajl\u00f3 k\u00e9miai, biok\u00e9miai, molekul\u00e1ris biol\u00f3giai folyamatok meg\u00e9rt\u00e9s\u00e9hez fiziol\u00f3gi\u00e1s ill. k\u00f3ros k\u00f6r\u00fclm\u00e9nyek k\u00f6z\u00f6tt. Az \u00e1ltal\u00e1nos k\u00e9miai modul ismeretanyaga a biok\u00e9mia \u00e9s az \u00e9lettan t\u00e1rgyakhoz, m\u00edg a szerves k\u00e9miai blokk a molekul\u00e1ris sejtbiol\u00f3gia \u00e9s a biok\u00e9mia t\u00e1rgyakhoz jelent n\u00e9lk\u00fcl\u00f6zhetetlen alapokat.<\/p>\n<p><strong>Az oktat\u00f3i munka hallgat\u00f3i v\u00e9lem\u00e9nyez\u00e9se (OMHV)<\/strong><\/p>\n<p><div class=\"responsive-tabs\">\n<h2 class=\"tabtitle\">2024\/25-1<\/h2>\n<div class=\"tabcontent\">\n<a href=\"https:\/\/semmelweis.hu\/molekularis-biologia\/files\/2025\/04\/Orvosi-kemia-alapjai-FOSVMBT343_1M.pdf\" target=\"_blank\" rel=\"noopener noreferrer\">FOK el\u0151ad\u00e1sok<\/a><\/p>\n<p>\n<\/div><h2 class=\"tabtitle\">2023\/24-1<\/h2>\n<div class=\"tabcontent\">\n<a href=\"https:\/\/semmelweis.hu\/molekularis-biologia\/files\/2024\/04\/Orvosi-kemia-alapjai-AOVMBT797_1M.pdf\" target=\"_blank\" rel=\"noopener noreferrer\">\u00c1OK el\u0151ad\u00e1sok<\/a><br \/>\n<a href=\"https:\/\/semmelweis.hu\/molekularis-biologia\/files\/2024\/04\/Orvosi-kemia-alapjai-FOSVMBT343_1M.pdf\" target=\"_blank\" rel=\"noopener noreferrer\">FOK el\u0151ad\u00e1sok<\/a><\/p>\n<p>\n<\/div><h2 class=\"tabtitle\">2022\/23-1<\/h2>\n<div class=\"tabcontent\">\n<a href=\"https:\/\/semmelweis.hu\/molekularis-biologia\/files\/2023\/05\/ertekeles_kemalap_AOK_2022_23_1_M.pdf\" target=\"_blank\" rel=\"noopener noreferrer\">\u00c1OK el\u0151ad\u00e1sok<\/a><br \/>\n<a href=\"https:\/\/semmelweis.hu\/molekularis-biologia\/files\/2023\/05\/ertekeles_kemalap_FOK_2022_23_1_M.pdf\" target=\"_blank\" rel=\"noopener noreferrer\">FOK el\u0151ad\u00e1sok<\/a> <\/div><\/div><\/p>\n<p><strong>OMHV int\u00e9zked\u00e9si tervek<\/strong><\/p>\n<p><div class=\"responsive-tabs\">\n<h2 class=\"tabtitle\">2024\/25-1<\/h2>\n<div class=\"tabcontent\">\n<a href=\"https:\/\/semmelweis.hu\/molekularis-biologia\/files\/2025\/04\/FOK_Intezkedesi_terv_2024_25_1.pdf\" target=\"_blank\" rel=\"noopener noreferrer\">FOK<\/a> <\/p>\n<p>\n<\/div><h2 class=\"tabtitle\">2023\/24-1<\/h2>\n<div class=\"tabcontent\">\n<a href=\"https:\/\/semmelweis.hu\/molekularis-biologia\/files\/2024\/04\/OMHV_AOK_Intezkedesi_terv_2023_24_1.pdf\" target=\"_blank\" rel=\"noopener noreferrer\">\u00c1OK &emsp;<br \/>\n<a href=\"https:\/\/semmelweis.hu\/molekularis-biologia\/files\/2024\/04\/OMHV_FOK_Intezkedesi_terv_2023_24_1.pdf\" target=\"_blank\" rel=\"noopener noreferrer\">FOK<\/a> <\/p>\n<p>\n<\/div><h2 class=\"tabtitle\">2022\/23-1<\/h2>\n<div class=\"tabcontent\">\n<a href=\"https:\/\/semmelweis.hu\/molekularis-biologia\/files\/2023\/05\/OMHV_AOK_Intezkedesi_terv_2022_23_1.pdf\" target=\"_blank\" rel=\"noopener noreferrer\">\u00c1OK<\/a><br \/>\n<a href=\"https:\/\/semmelweis.hu\/molekularis-biologia\/files\/2023\/05\/OMHV_FOK_Intezkedesi_terv_2022_23_1.pdf\" target=\"_blank\" rel=\"noopener noreferrer\">FOK<\/a><\/p>\n<p>\n<\/div><h2 class=\"tabtitle\">2019\/20-2<\/h2>\n<div class=\"tabcontent\">\n <a href=\"https:\/\/semmelweis.hu\/molekularis-biologia\/files\/2020\/09\/OMH_OVI_2019_20_2_Intezkedesi-terv.pdf\" target=\"_blank\" rel=\"noopener\"> A 2019\/20\/2. f\u00e9l\u00e9vben oktatott t\u00e1rgyakra vonatkoz\u00f3 OMHV alapj\u00e1n k\u00e9sz\u00fclt int\u00e9zked\u00e9si terv<\/a> <\/div><\/div><\/p>\n","protected":false},"excerpt":{"rendered":"<p>\u00c1OK (3 kredit, gyakorlati jegy, Dr. Csala Mikl\u00f3s; AOVMBT797_1M) FOK (1 kredit, kollokvium, Dr. S\u0151ti Csaba; FOSVMBT314_1M) \u0150szi f\u00e9l\u00e9vek Tanulm\u00e1nyi felel\u0151s: <a href=\"mailto:szelenyi.peter@semmelweis.hu\">Dr. Szel\u00e9nyi P\u00e9ter<\/a> egyetemi adjunktus Tansz\u00e9ki tanulm\u00e1nyi felel\u0151s: <a href=\"mailto:ronai.zsolt@med.semmelweis-univ.hu\">Dr. R\u00f3nai Zsolt<\/a> egyetemi tan\u00e1r <a href=\"https:\/\/itc.semmelweis.hu\/moodle\/\">R\u00e9szletek\u00e9rt, el\u0151ad\u00e1sok \u00e9s gyakorlatok programj\u00e1\u00e9rt, Zoom linkek\u00e9rt, let\u00f6lt\u00e9s\u00e9rt stb., k\u00e9rj\u00fck, keresse fel a tant\u00e1rgy Moodle oldalait.<\/a> \u00c1ltal\u00e1nos inform\u00e1ci\u00f3k A t\u00e1rgy c\u00e9lja azon hallgat\u00f3k k\u00e9mia alaptud\u00e1s\u00e1nak elm\u00e9ly\u00edt\u00e9se, akik kor\u00e1bban kevesebb k\u00e9mi\u00e1t tanultak, \u00edgy a t\u00e1rgy seg\u00edts\u00e9get ny\u00fajt sz\u00e1mukra az orvosi k\u00e9mia k\u00f6telez\u0151 t\u00e1rgy elsaj\u00e1t\u00edt\u00e1s\u00e1hoz. &hellip;<\/p>\n","protected":false},"author":183,"featured_media":0,"parent":6,"menu_order":70,"comment_status":"closed","ping_status":"closed","template":"","meta":{"_acf_changed":false,"footnotes":""},"categories":[],"tags":[],"class_list":["post-253","page","type-page","status-publish","hentry"],"acf":[],"_links":{"self":[{"href":"https:\/\/semmelweis.hu\/molekularis-biologia\/wp-json\/wp\/v2\/pages\/253","targetHints":{"allow":["GET"]}}],"collection":[{"href":"https:\/\/semmelweis.hu\/molekularis-biologia\/wp-json\/wp\/v2\/pages"}],"about":[{"href":"https:\/\/semmelweis.hu\/molekularis-biologia\/wp-json\/wp\/v2\/types\/page"}],"author":[{"embeddable":true,"href":"https:\/\/semmelweis.hu\/molekularis-biologia\/wp-json\/wp\/v2\/users\/183"}],"replies":[{"embeddable":true,"href":"https:\/\/semmelweis.hu\/molekularis-biologia\/wp-json\/wp\/v2\/comments?post=253"}],"version-history":[{"count":11,"href":"https:\/\/semmelweis.hu\/molekularis-biologia\/wp-json\/wp\/v2\/pages\/253\/revisions"}],"predecessor-version":[{"id":8927,"href":"https:\/\/semmelweis.hu\/molekularis-biologia\/wp-json\/wp\/v2\/pages\/253\/revisions\/8927"}],"up":[{"embeddable":true,"href":"https:\/\/semmelweis.hu\/molekularis-biologia\/wp-json\/wp\/v2\/pages\/6"}],"wp:attachment":[{"href":"https:\/\/semmelweis.hu\/molekularis-biologia\/wp-json\/wp\/v2\/media?parent=253"}],"wp:term":[{"taxonomy":"category","embeddable":true,"href":"https:\/\/semmelweis.hu\/molekularis-biologia\/wp-json\/wp\/v2\/categories?post=253"},{"taxonomy":"post_tag","embeddable":true,"href":"https:\/\/semmelweis.hu\/molekularis-biologia\/wp-json\/wp\/v2\/tags?post=253"}],"curies":[{"name":"wp","href":"https:\/\/api.w.org\/{rel}","templated":true}]}}