{"id":14,"date":"2012-06-20T12:56:29","date_gmt":"2012-06-20T12:56:29","guid":{"rendered":"http:\/\/semmelweis-egyetem.hu\/orvosi-vegytan\/?page_id=14"},"modified":"2026-03-06T10:36:50","modified_gmt":"2026-03-06T09:36:50","slug":"tankonyvek","status":"publish","type":"page","link":"https:\/\/semmelweis.hu\/molekularis-biologia\/oktatas\/tankonyvek\/","title":{"rendered":"Az Int\u00e9zetben\/Tansz\u00e9ken k\u00e9sz\u00fclt tank\u00f6nyvek"},"content":{"rendered":"<p><img decoding=\"async\" class=\"wp-image-8846 alignright\" src=\"https:\/\/semmelweis.hu\/molekularis-biologia\/files\/2026\/03\/4937796-296x400.jpg\" alt=\"\" width=\"100\" srcset=\"https:\/\/semmelweis.hu\/molekularis-biologia\/files\/2026\/03\/4937796-296x400.jpg 296w, https:\/\/semmelweis.hu\/molekularis-biologia\/files\/2026\/03\/4937796-758x1024.jpg 758w, https:\/\/semmelweis.hu\/molekularis-biologia\/files\/2026\/03\/4937796-768x1038.jpg 768w, https:\/\/semmelweis.hu\/molekularis-biologia\/files\/2026\/03\/4937796-1136x1536.jpg 1136w, https:\/\/semmelweis.hu\/molekularis-biologia\/files\/2026\/03\/4937796-753x1018.jpg 753w, https:\/\/semmelweis.hu\/molekularis-biologia\/files\/2026\/03\/4937796.jpg 1280w\" sizes=\"(max-width: 296px) 100vw, 296px\" \/><\/p>\n<p>Mikl\u00f3s Csala &#8211; Szabolcs Sipeki:<br \/>\nMolecular cell biology<br \/>\nBp. 2025. Semmelweis Kiad\u00f3 \u00e9s M\u00e9dia Kft.<\/p>\n<p>B\u00e1nhegyi G\u00e1bor &#8211; Sipeki Szabolcs:<br \/>\nBiok\u00e9mia, molekul\u00e1ris \u00e9s sejtbiol\u00f3gia (e-k\u00f6nyv)<br \/>\nBp. 2018. Semmelweis Kiad\u00f3<\/p>\n<p>\u00c1d\u00e1m V. &#8211; Dux L. &#8211; Farag\u00f3 A. &#8211; F\u00e9s\u00fcs L. &#8211; Machovich R. &#8211; Mandl J. &#8211; S\u00fcmegi B.:<br \/>\nOrvosi biok\u00e9mia<br \/>\nSzerk.: \u00c1d\u00e1m V.<br \/>\nBp. 2001. Medicina K\u00f6nyvkiad\u00f3 Rt.<\/p>\n<p>\u00c1d\u00e1m V. &#8211; Farag\u00f3 A. &#8211; Machovich R. &#8211; Mandl J.:<br \/>\nOrvosi biok\u00e9mia<br \/>\nSzerk.: \u00c1d\u00e1m V.<br \/>\nBp. 1996. Semmelweis Kiad\u00f3<\/p>\n<p>Szeml\u00e9ltet\u0151 biok\u00e9mia. Biok\u00e9miai folyamatok \u00e1bragy\u00fcjtem\u00e9nye (egyetemi seg\u00e9dtank\u00f6nyv)<br \/>\nSzerk.: Antoni F.<br \/>\n\u00d6ssze\u00e1ll.: Mile I., Csillag J.<br \/>\nBp. 1972. Medicina Kiad\u00f3<\/p>\n<p>Straub F. Brun\u00f3:<br \/>\nBiok\u00e9mia<br \/>\nBp. 1958. Medicina Kiad\u00f3<\/p>\n<p>Straub F. Brun\u00f3:<br \/>\n\u00c1ltal\u00e1nos \u00e9s szervetlen k\u00e9mia<br \/>\nBp. 1958. Medicina Kiad\u00f3<\/p>\n<p>Straub F. Brun\u00f3:<br \/>\nSzerves k\u00e9mia orvostanhallgat\u00f3k sz\u00e1m\u00e1ra<br \/>\nBp. 1951. Tank\u00f6nyvkiad\u00f3<\/p>\n<p>Straub F. Brun\u00f3:<br \/>\n\u00c1ltal\u00e1nos, szervetlen \u00e9s analitikai k\u00e9mia<br \/>\nBp. 1950. Tank\u00f6nyvkiad\u00f3<\/p>\n","protected":false},"excerpt":{"rendered":"<p>Mikl\u00f3s Csala &#8211; Szabolcs Sipeki: Molecular cell biology Bp. 2025. Semmelweis Kiad\u00f3 \u00e9s M\u00e9dia Kft. B\u00e1nhegyi G\u00e1bor &#8211; Sipeki Szabolcs: Biok\u00e9mia, molekul\u00e1ris \u00e9s sejtbiol\u00f3gia (e-k\u00f6nyv) Bp. 2018. Semmelweis Kiad\u00f3 \u00c1d\u00e1m V. &#8211; Dux L. &#8211; Farag\u00f3 A. &#8211; F\u00e9s\u00fcs L. &#8211; Machovich R. &#8211; Mandl J. &#8211; S\u00fcmegi B.: Orvosi biok\u00e9mia Szerk.: \u00c1d\u00e1m V. Bp. &hellip;<\/p>\n","protected":false},"author":8,"featured_media":0,"parent":6,"menu_order":120,"comment_status":"open","ping_status":"closed","template":"","meta":{"_acf_changed":false,"footnotes":""},"categories":[],"tags":[],"class_list":["post-14","page","type-page","status-publish","hentry"],"acf":[],"_links":{"self":[{"href":"https:\/\/semmelweis.hu\/molekularis-biologia\/wp-json\/wp\/v2\/pages\/14","targetHints":{"allow":["GET"]}}],"collection":[{"href":"https:\/\/semmelweis.hu\/molekularis-biologia\/wp-json\/wp\/v2\/pages"}],"about":[{"href":"https:\/\/semmelweis.hu\/molekularis-biologia\/wp-json\/wp\/v2\/types\/page"}],"author":[{"embeddable":true,"href":"https:\/\/semmelweis.hu\/molekularis-biologia\/wp-json\/wp\/v2\/users\/8"}],"replies":[{"embeddable":true,"href":"https:\/\/semmelweis.hu\/molekularis-biologia\/wp-json\/wp\/v2\/comments?post=14"}],"version-history":[{"count":11,"href":"https:\/\/semmelweis.hu\/molekularis-biologia\/wp-json\/wp\/v2\/pages\/14\/revisions"}],"predecessor-version":[{"id":8887,"href":"https:\/\/semmelweis.hu\/molekularis-biologia\/wp-json\/wp\/v2\/pages\/14\/revisions\/8887"}],"up":[{"embeddable":true,"href":"https:\/\/semmelweis.hu\/molekularis-biologia\/wp-json\/wp\/v2\/pages\/6"}],"wp:attachment":[{"href":"https:\/\/semmelweis.hu\/molekularis-biologia\/wp-json\/wp\/v2\/media?parent=14"}],"wp:term":[{"taxonomy":"category","embeddable":true,"href":"https:\/\/semmelweis.hu\/molekularis-biologia\/wp-json\/wp\/v2\/categories?post=14"},{"taxonomy":"post_tag","embeddable":true,"href":"https:\/\/semmelweis.hu\/molekularis-biologia\/wp-json\/wp\/v2\/tags?post=14"}],"curies":[{"name":"wp","href":"https:\/\/api.w.org\/{rel}","templated":true}]}}