{"id":1134,"date":"2014-01-13T08:52:26","date_gmt":"2014-01-13T07:52:26","guid":{"rendered":"http:\/\/semmelweis-egyetem.hu\/orvosi-vegytan\/?page_id=1134"},"modified":"2026-03-09T17:30:53","modified_gmt":"2026-03-09T16:30:53","slug":"phd","status":"publish","type":"page","link":"https:\/\/semmelweis.hu\/molekularis-biologia\/phd\/","title":{"rendered":"Ph.D. k\u00e9pz\u00e9s"},"content":{"rendered":"<p><a href=\"https:\/\/semmelweis.hu\/phd\/doktori-iskolak\/molekularis-orvostudomanyok-multidiszciplinaris-orvostudomanyok\/\" target=\"MOLORV\" rel=\"noopener noreferrer\"><b>A Molekul\u00e1ris Orvostudom\u00e1nyok Tudom\u00e1ny\u00e1gi Doktori Iskola honlapja<\/b><\/a><\/p>\n<p><b>A Semmelweis Egyetem Doktori Iskol\u00e1ja \u00e1ltal meghirdetett \u00e9s a Molekul\u00e1ris Biol\u00f3giai Tansz\u00e9k oktat\u00f3i \u00e1ltal tartott kurzusok<\/b> <br \/>\n(l\u00e1sd m\u00e9g:\u00a0a <a href=\"https:\/\/semmelweis.hu\/phd\/kurzusok\/\" target=\"KURZ\" rel=\"noopener noreferrer\">a Doktori Iskola honlapj\u00e1n a &#8222;Kurzusok&#8221; men\u00fcpontot<\/a>)<\/p>\n<table border=\"1\" width=\"100%\" cellspacing=\"2\" cellpadding=\"4\">\n<tbody>\n<tr>\n<td><b>Kurzusvezet\u0151<\/b><\/td>\n<td><b>Kurzus c\u00edme<\/b><\/td>\n<\/tr>\n<tr>\n<td><a href=\"mailto:csala.miklos@med.semmelweis-univ.hu\">Dr. Csala Mikl\u00f3s<\/a><\/td>\n<td>Patobiok\u00e9mia alapjai<\/p>\n<p><a href=\"https:\/\/semmelweis.hu\/molekularis-biologia\/phd\/letoltes\/\">LET\u00d6LTHET\u0150 ANYAGOK<\/a><\/td>\n<\/tr>\n<tr>\n<td><a href=\"mailto:ronai.zsolt@med.semmelweis-univ.hu\">Dr. R\u00f3nai Zsolt,<\/a> <a href=\"mailto:sipeki.szabolcs@med.semmelweis-univ.hu\">Dr. Sipeki Szabolcs,<\/a> <a href=\"mailto:varadi@enzim.hu\">Dr. V\u00e1radi Andr\u00e1s<\/a><\/td>\n<td>Molekul\u00e1ris biol\u00f3giai alapismeretek<\/p>\n<p><a href=\"https:\/\/semmelweis.hu\/molekularis-biologia\/phd\/letoltes\/\">LET\u00d6LTHET\u0150 ANYAGOK<\/a><\/td>\n<\/tr>\n<\/tbody>\n<\/table>\n<p>&nbsp;<\/p>\n<p><strong>A Molekul\u00e1ris Biol\u00f3giai Tansz\u00e9k PhD hallgat\u00f3i<\/strong><\/p>\n\n<table id=\"tablepress-118\" class=\"tablepress tablepress-id-118\">\n<thead>\n<tr class=\"row-1\">\n\t<th class=\"column-1\" style=\"width:15%;\">Hallgat\u00f3 neve<\/th><th class=\"column-2\" style=\"width:10%;\">T\u00e9mavezet\u0151(k)<\/th><th class=\"column-3\" style=\"width:15%;\">K\u00e9pz\u00e9s kezdete<\/th><th class=\"column-4\" style=\"width:10%;\">T\u00e9mac\u00edm<\/th>\n<\/tr>\n<\/thead>\n<tbody class=\"row-striping row-hover\">\n<tr class=\"row-2\">\n\t<td class=\"column-1\">Blaha Bence<\/td><td class=\"column-2\">Ar\u00e1nyi Tam\u00e1s<\/td><td class=\"column-3\">2024 szeptember<\/td><td class=\"column-4\">Ritka betegs\u00e9gekkel foglalkoz\u00f3 szoftver hat\u00e1stanulm\u00e1nya<\/td>\n<\/tr>\n<tr class=\"row-3\">\n\t<td class=\"column-1\">Brandl Zs\u00f3fia<\/td><td class=\"column-2\">Barta Csaba<\/td><td class=\"column-3\">2024 szeptember<\/td><td class=\"column-4\">Pszichi\u00e1triai \u00e9s szomatikus zavarok kialakul\u00e1s\u00e1ban szerepet j\u00e1tsz\u00f3 genetikai vari\u00e1nsok kutat\u00e1sa<\/td>\n<\/tr>\n<tr class=\"row-4\">\n\t<td class=\"column-1\">Guo Bin<\/td><td class=\"column-2\">M\u00e9sz\u00e1ros Tam\u00e1s<\/td><td class=\"column-3\">2025 szeptember<\/td><td class=\"column-4\">Development of bacterial biofilm targeting aptamers<\/td>\n<\/tr>\n<tr class=\"row-5\">\n\t<td class=\"column-1\">Kerest\u00e9ly M\u00e1rk<\/td><td class=\"column-2\">Csermely P\u00e9ter, Veres D\u00e1niel<\/td><td class=\"column-3\">2025 szeptember<\/td><td class=\"column-4\">H\u00e1l\u00f3zatos modellek el\u0151rejelz\u00e9seinek fejleszt\u00e9se betegs\u00e9gekben: jel\u00e1tviteli \u00fatvonalak t\u00e9r-id\u0151beli szab\u00e1lyoz\u00e1sa<\/td>\n<\/tr>\n<tr class=\"row-6\">\n\t<td class=\"column-1\">Saba Tafiq Moqbel Khatatneh<\/td><td class=\"column-2\">S\u0151ti Csaba, Somogyv\u00e1ri Mil\u00e1n<\/td><td class=\"column-3\">2022 szeptember<\/td><td class=\"column-4\">Investigating heat shock protein 90 interactome in Caenorhabidis elegans<\/td>\n<\/tr>\n<tr class=\"row-7\">\n\t<td class=\"column-1\">L\u00e9deczi Zsigmond<\/td><td class=\"column-2\">Kardon Tam\u00e1s<\/td><td class=\"column-3\">2025 febru\u00e1r<\/td><td class=\"column-4\">A gl\u00fck\u00f3z-6-foszfat\u00e1z-\u00df szerepe hum\u00e1n neutrofil granulocit\u00e1kban<\/td>\n<\/tr>\n<tr class=\"row-8\">\n\t<td class=\"column-1\">Maricza Katalin<\/td><td class=\"column-2\">Moln\u00e1r Zsuzsanna<\/td><td class=\"column-3\">2023 szeptember<\/td><td class=\"column-4\">A ZDHHC19 palmitoil-transzfer\u00e1z szerepe a szepszisben \u00e9s mikro-RNS \u00e1ltali szab\u00e1lyoz\u00e1sa<\/td>\n<\/tr>\n<tr class=\"row-9\">\n\t<td class=\"column-1\">Moln\u00e1r Krisztina<\/td><td class=\"column-2\">Kov\u00e1cs-Nagy R\u00e9ka<\/td><td class=\"column-3\">2023 szeptember<\/td><td class=\"column-4\">Transzkripci\u00f3s faktor diszfunkci\u00f3 molekul\u00e1ris elemz\u00e9se \u00e9s kiinikai vonatkoz\u00e1sai<\/td>\n<\/tr>\n<tr class=\"row-10\">\n\t<td class=\"column-1\">Muhyiddeen Muazu<\/td><td class=\"column-2\">Ar\u00e1nyi Tam\u00e1s<\/td><td class=\"column-3\">2022 szeptember<\/td><td class=\"column-4\">Tissue and cell-specific role of Dnmt and Tet enzymes in vivo and in vitro<\/td>\n<\/tr>\n<tr class=\"row-11\">\n\t<td class=\"column-1\">Orosz Gabriella<\/td><td class=\"column-2\">Kereszturi \u00c9va<\/td><td class=\"column-3\">2022 szeptember<\/td><td class=\"column-4\">A sztearil-KoA deszatur\u00e1z 5 (SCD5) molekul\u00e1ris biol\u00f3giai jellemz\u00e9se<\/td>\n<\/tr>\n<tr class=\"row-12\">\n\t<td class=\"column-1\">Palczert Zolt\u00e1n<\/td><td class=\"column-2\">Csala Mikl\u00f3s, Tam\u00e1si Viola<\/td><td class=\"column-3\">2025 febru\u00e1r<\/td><td class=\"column-4\">A metabolikus diszfunkci\u00f3val t\u00e1rsult zs\u00edrm\u00e1jbetegs\u00e9g (MASLD) patomechanizmusa \u00e9s az annak alapj\u00e1t k\u00e9pez\u0151 molekul\u00e1ris szab\u00e1lyoz\u00e1sok<\/td>\n<\/tr>\n<tr class=\"row-13\">\n\t<td class=\"column-1\">Szarka Levente<\/td><td class=\"column-2\">Csermely P\u00e9ter<\/td><td class=\"column-3\">2024 szeptember<\/td><td class=\"column-4\">Az epiteli\u00e1lis-mezenchim\u00e1lis tranz\u00edci\u00f3 kvantitat\u00edv vizsg\u00e1lata \u00e9s elemz\u00e9se<\/td>\n<\/tr>\n<tr class=\"row-14\">\n\t<td class=\"column-1\">Szathm\u00e1ri Csenge Andrea<\/td><td class=\"column-2\">S\u0151ti Csaba<\/td><td class=\"column-3\">2023 szeptember<\/td><td class=\"column-4\">Patog\u00e9n stressz hat\u00e1s\u00e1ra l\u00e9trej\u00f6v\u0151 asszociat\u00edv immunol\u00f3giai mem\u00f3ria C. elegans-ban<\/td>\n<\/tr>\n<tr class=\"row-15\">\n\t<td class=\"column-1\">Tar Alexandra<\/td><td class=\"column-2\">M\u00e9sz\u00e1ros Tam\u00e1s<\/td><td class=\"column-3\">2021 szeptember<\/td><td class=\"column-4\">Aptameralap\u00fa hum\u00e1n in vitro transzl\u00e1ci\u00f3s rendszerek fejleszt\u00e9se \u00e9s optimaliz\u00e1l\u00e1sa<\/td>\n<\/tr>\n<tr class=\"row-16\">\n\t<td class=\"column-1\">Trencs\u00e9ni Linda \u00c1gota<\/td><td class=\"column-2\">Legeza Bal\u00e1zs<\/td><td class=\"column-3\">2024 febru\u00e1r<\/td><td class=\"column-4\">Az ADP-dependens gl\u00fckokin\u00e1z szerep\u00e9nek vizsg\u00e1lata neutrofil granulocit\u00e1k metabolizmus\u00e1ban<\/td>\n<\/tr>\n<\/tbody>\n<\/table>\n<!-- #tablepress-118 from cache -->\n","protected":false},"excerpt":{"rendered":"<p><a href=\"https:\/\/semmelweis.hu\/phd\/doktori-iskolak\/molekularis-orvostudomanyok-multidiszciplinaris-orvostudomanyok\/\" target=\"MOLORV\" rel=\"noopener noreferrer\">A Molekul\u00e1ris Orvostudom\u00e1nyok Tudom\u00e1ny\u00e1gi Doktori Iskola honlapja<\/a><br \/>\nA Semmelweis Egyetem Doktori Iskol\u00e1ja \u00e1ltal meghirdetett \u00e9s a Molekul\u00e1ris Biol\u00f3giai Tansz\u00e9k oktat\u00f3i \u00e1ltal tartott kurzusok<br \/>\n(l\u00e1sd m\u00e9g:\u00a0a <a href=\"https:\/\/semmelweis.hu\/phd\/kurzusok\/\" target=\"KURZ\" rel=\"noopener noreferrer\">a Doktori Iskola honlapj\u00e1n a &#8222;Kurzusok&#8221; men\u00fcpontot<\/a>)<\/p>\n<p>Kurzusvezet\u0151<br \/>\nKurzus c\u00edme<\/p>\n<p><a href=\"mailto:csala.miklos@med.semmelweis-univ.hu\">Dr. Csala Mikl\u00f3s<\/a><br \/>\nPatobiok\u00e9mia alapjai<br \/>\n<a href=\"https:\/\/semmelweis.hu\/molekularis-biologia\/phd\/letoltes\/\">LET\u00d6LTHET\u0150 ANYAGOK<\/a><\/p>\n<p><a href=\"mailto:ronai.zsolt@med.semmelweis-univ.hu\">Dr. R\u00f3nai Zsolt,<\/a> <a href=\"mailto:sipeki.szabolcs@med.semmelweis-univ.hu\">Dr. Sipeki Szabolcs,<\/a> <a href=\"mailto:varadi@enzim.hu\">Dr. V\u00e1radi Andr\u00e1s<\/a><br \/>\nMolekul\u00e1ris biol\u00f3giai alapismeretek<br \/>\n<a href=\"https:\/\/semmelweis.hu\/molekularis-biologia\/phd\/letoltes\/\">LET\u00d6LTHET\u0150 ANYAGOK<\/a><\/p>\n<p>&nbsp;<br \/>\nA Molekul\u00e1ris Biol\u00f3giai Tansz\u00e9k PhD hallgat\u00f3i<\/p>\n","protected":false},"author":183,"featured_media":0,"parent":0,"menu_order":4,"comment_status":"closed","ping_status":"closed","template":"","meta":{"_acf_changed":false,"footnotes":""},"categories":[],"tags":[],"class_list":["post-1134","page","type-page","status-publish","hentry"],"acf":[],"_links":{"self":[{"href":"https:\/\/semmelweis.hu\/molekularis-biologia\/wp-json\/wp\/v2\/pages\/1134","targetHints":{"allow":["GET"]}}],"collection":[{"href":"https:\/\/semmelweis.hu\/molekularis-biologia\/wp-json\/wp\/v2\/pages"}],"about":[{"href":"https:\/\/semmelweis.hu\/molekularis-biologia\/wp-json\/wp\/v2\/types\/page"}],"author":[{"embeddable":true,"href":"https:\/\/semmelweis.hu\/molekularis-biologia\/wp-json\/wp\/v2\/users\/183"}],"replies":[{"embeddable":true,"href":"https:\/\/semmelweis.hu\/molekularis-biologia\/wp-json\/wp\/v2\/comments?post=1134"}],"version-history":[{"count":11,"href":"https:\/\/semmelweis.hu\/molekularis-biologia\/wp-json\/wp\/v2\/pages\/1134\/revisions"}],"predecessor-version":[{"id":8897,"href":"https:\/\/semmelweis.hu\/molekularis-biologia\/wp-json\/wp\/v2\/pages\/1134\/revisions\/8897"}],"wp:attachment":[{"href":"https:\/\/semmelweis.hu\/molekularis-biologia\/wp-json\/wp\/v2\/media?parent=1134"}],"wp:term":[{"taxonomy":"category","embeddable":true,"href":"https:\/\/semmelweis.hu\/molekularis-biologia\/wp-json\/wp\/v2\/categories?post=1134"},{"taxonomy":"post_tag","embeddable":true,"href":"https:\/\/semmelweis.hu\/molekularis-biologia\/wp-json\/wp\/v2\/tags?post=1134"}],"curies":[{"name":"wp","href":"https:\/\/api.w.org\/{rel}","templated":true}]}}