{"id":915,"date":"2015-12-14T15:58:37","date_gmt":"2015-12-14T14:58:37","guid":{"rendered":"http:\/\/semmelweis.hu\/molecularimaging\/?page_id=915"},"modified":"2018-02-12T10:53:31","modified_gmt":"2018-02-12T09:53:31","slug":"elte_tdk","status":"publish","type":"page","link":"https:\/\/semmelweis.hu\/molecularimaging\/oktatas\/korabbi-eredmenyek\/elte_tdk\/","title":{"rendered":"E\u00f6tv\u00f6s Lor\u00e1nd Tudom\u00e1nyegyetem TDK"},"content":{"rendered":"<p><strong>2014<\/strong><\/p>\n<ul>\n<li style=\"text-align: justify\"><b><b>Patk\u00e1ny agyi metabolizmus t\u00e9rk\u00e9p k\u00e9sz\u00edt\u00e9se [18]FDG radiofarmakon seg\u00edts\u00e9g\u00e9vel<br \/>\n <\/b><\/b><b><span style=\"font-weight: 400\">Vars\u00e1nyi Istv\u00e1n<\/span><span style=\"font-weight: 400\"><br \/>\n <\/span><i><span style=\"font-weight: 400\">Fizika szekci\u00f3, dics\u00e9ret<\/span><\/i><\/b><\/li>\n<\/ul>\n","protected":false},"excerpt":{"rendered":"<p>2014<\/p>\n<p>Patk\u00e1ny agyi metabolizmus t\u00e9rk\u00e9p k\u00e9sz\u00edt\u00e9se [18]FDG radiofarmakon seg\u00edts\u00e9g\u00e9vel<br \/>\n Vars\u00e1nyi Istv\u00e1n<br \/>\n Fizika szekci\u00f3, dics\u00e9ret<\/p>\n","protected":false},"author":320,"featured_media":0,"parent":817,"menu_order":4,"comment_status":"closed","ping_status":"closed","template":"","meta":{"_acf_changed":false,"footnotes":""},"categories":[],"tags":[],"class_list":["post-915","page","type-page","status-publish","hentry"],"acf":[],"_links":{"self":[{"href":"https:\/\/semmelweis.hu\/molecularimaging\/wp-json\/wp\/v2\/pages\/915","targetHints":{"allow":["GET"]}}],"collection":[{"href":"https:\/\/semmelweis.hu\/molecularimaging\/wp-json\/wp\/v2\/pages"}],"about":[{"href":"https:\/\/semmelweis.hu\/molecularimaging\/wp-json\/wp\/v2\/types\/page"}],"author":[{"embeddable":true,"href":"https:\/\/semmelweis.hu\/molecularimaging\/wp-json\/wp\/v2\/users\/320"}],"replies":[{"embeddable":true,"href":"https:\/\/semmelweis.hu\/molecularimaging\/wp-json\/wp\/v2\/comments?post=915"}],"version-history":[{"count":5,"href":"https:\/\/semmelweis.hu\/molecularimaging\/wp-json\/wp\/v2\/pages\/915\/revisions"}],"predecessor-version":[{"id":1253,"href":"https:\/\/semmelweis.hu\/molecularimaging\/wp-json\/wp\/v2\/pages\/915\/revisions\/1253"}],"up":[{"embeddable":true,"href":"https:\/\/semmelweis.hu\/molecularimaging\/wp-json\/wp\/v2\/pages\/817"}],"wp:attachment":[{"href":"https:\/\/semmelweis.hu\/molecularimaging\/wp-json\/wp\/v2\/media?parent=915"}],"wp:term":[{"taxonomy":"category","embeddable":true,"href":"https:\/\/semmelweis.hu\/molecularimaging\/wp-json\/wp\/v2\/categories?post=915"},{"taxonomy":"post_tag","embeddable":true,"href":"https:\/\/semmelweis.hu\/molecularimaging\/wp-json\/wp\/v2\/tags?post=915"}],"curies":[{"name":"wp","href":"https:\/\/api.w.org\/{rel}","templated":true}]}}