{"id":901,"date":"2015-12-14T15:26:10","date_gmt":"2015-12-14T14:26:10","guid":{"rendered":"http:\/\/semmelweis.hu\/molecularimaging\/?page_id=901"},"modified":"2018-02-01T12:33:08","modified_gmt":"2018-02-01T11:33:08","slug":"elte-dipl-szakdolgozat","status":"publish","type":"page","link":"https:\/\/semmelweis.hu\/molecularimaging\/oktatas\/korabbi-eredmenyek\/elte-dipl-szakdolgozat\/","title":{"rendered":"E\u00f6tv\u00f6s Lor\u00e1nd Tudom\u00e1nyegyetem Diplomamunka\/Szakdolgozat"},"content":{"rendered":"<p><strong>2014<br \/>\n<\/strong><\/p>\n<p><strong>Diagnosztikai c\u00e9l\u00fa in vivo multimod\u00e1lis k\u00e9palkot\u00e1s parametriz\u00e1ci\u00f3ja<\/strong><br \/>\n Sz\u00e9kely Anna Krisztina<br \/>\n <em>Term\u00e9szettudom\u00e1nyi Kar, Fizikus szak BSc<\/em><\/p>\n","protected":false},"excerpt":{"rendered":"<p>2014<\/p>\n<p>Diagnosztikai c\u00e9l\u00fa in vivo multimod\u00e1lis k\u00e9palkot\u00e1s parametriz\u00e1ci\u00f3ja<br \/>\n Sz\u00e9kely Anna Krisztina<br \/>\n Term\u00e9szettudom\u00e1nyi Kar, Fizikus szak BSc<\/p>\n","protected":false},"author":320,"featured_media":0,"parent":817,"menu_order":7,"comment_status":"closed","ping_status":"closed","template":"","meta":{"_acf_changed":false,"footnotes":""},"categories":[],"tags":[],"class_list":["post-901","page","type-page","status-publish","hentry"],"acf":[],"_links":{"self":[{"href":"https:\/\/semmelweis.hu\/molecularimaging\/wp-json\/wp\/v2\/pages\/901","targetHints":{"allow":["GET"]}}],"collection":[{"href":"https:\/\/semmelweis.hu\/molecularimaging\/wp-json\/wp\/v2\/pages"}],"about":[{"href":"https:\/\/semmelweis.hu\/molecularimaging\/wp-json\/wp\/v2\/types\/page"}],"author":[{"embeddable":true,"href":"https:\/\/semmelweis.hu\/molecularimaging\/wp-json\/wp\/v2\/users\/320"}],"replies":[{"embeddable":true,"href":"https:\/\/semmelweis.hu\/molecularimaging\/wp-json\/wp\/v2\/comments?post=901"}],"version-history":[{"count":6,"href":"https:\/\/semmelweis.hu\/molecularimaging\/wp-json\/wp\/v2\/pages\/901\/revisions"}],"predecessor-version":[{"id":1231,"href":"https:\/\/semmelweis.hu\/molecularimaging\/wp-json\/wp\/v2\/pages\/901\/revisions\/1231"}],"up":[{"embeddable":true,"href":"https:\/\/semmelweis.hu\/molecularimaging\/wp-json\/wp\/v2\/pages\/817"}],"wp:attachment":[{"href":"https:\/\/semmelweis.hu\/molecularimaging\/wp-json\/wp\/v2\/media?parent=901"}],"wp:term":[{"taxonomy":"category","embeddable":true,"href":"https:\/\/semmelweis.hu\/molecularimaging\/wp-json\/wp\/v2\/categories?post=901"},{"taxonomy":"post_tag","embeddable":true,"href":"https:\/\/semmelweis.hu\/molecularimaging\/wp-json\/wp\/v2\/tags?post=901"}],"curies":[{"name":"wp","href":"https:\/\/api.w.org\/{rel}","templated":true}]}}