{"id":873,"date":"2015-12-14T13:48:41","date_gmt":"2015-12-14T12:48:41","guid":{"rendered":"http:\/\/semmelweis.hu\/molecularimaging\/?page_id=873"},"modified":"2025-10-16T12:02:06","modified_gmt":"2025-10-16T10:02:06","slug":"orvos-otdk","status":"publish","type":"page","link":"https:\/\/semmelweis.hu\/molecularimaging\/oktatas\/korabbi-eredmenyek\/orvos-otdk\/","title":{"rendered":"Orvos- \u00e9s eg\u00e9szs\u00e9gtudom\u00e1nyi szekci\u00f3 OTDK"},"content":{"rendered":"<p><strong><span dir=\"auto\" style=\"vertical-align: inherit\"><span dir=\"auto\" style=\"vertical-align: inherit\">2021<\/span><\/span><\/strong><\/p>\n<ul>\n<li><span data-sheets-value=\"{&quot;1&quot;:2,&quot;2&quot;:&quot;Fog\u00e1szati CT felv\u00e9telek szegment\u00e1ci\u00f3j\u00e1nak automatiz\u00e1l\u00e1sa&quot;}\" data-sheets-userformat=\"{&quot;2&quot;:12801,&quot;3&quot;:{&quot;1&quot;:0},&quot;12&quot;:0,&quot;15&quot;:&quot;Georgia&quot;,&quot;16&quot;:8}\"><strong><span dir=\"auto\" style=\"vertical-align: inherit\"><span dir=\"auto\" style=\"vertical-align: inherit\">Automating the segmentation of dental CT images<\/span><\/span><\/strong><br \/>\n<span dir=\"auto\" style=\"vertical-align: inherit\"><span dir=\"auto\" style=\"vertical-align: inherit\"> M\u00e1rk Di Giovanni <\/span><\/span><\/span><br \/>\n<em><span dir=\"auto\" style=\"vertical-align: inherit\"><span dir=\"auto\" style=\"vertical-align: inherit\">Theoretical medical sciences &#8211; Bioinformatics, computer modeling<\/p>\n<p><\/span><\/span><\/em><\/li>\n<li>\n<p><strong>Emboliz\u00e1ci\u00f3s mikrogy\u00f6ngy\u00f6k radiok\u00e9miai jelz\u00e9se \u00e9s min\u0151s\u00e9gellen\u0151rz\u00e9se<\/strong><br \/>\nCsert\u0151 Alinka (SE \u00c1OK)<br \/>\n<em>Gy\u00f3gyszeranalitika, min\u0151s\u00e9gellen\u0151rz\u00e9s<\/em><\/p>\n<\/li>\n<\/ul>\n<p><strong><span dir=\"auto\" style=\"vertical-align: inherit\"><span dir=\"auto\" style=\"vertical-align: inherit\">2019<\/span><\/span><\/strong><em><br \/>\n<\/em><\/p>\n<ul>\n<li style=\"text-align: justify\"><strong><span dir=\"auto\" style=\"vertical-align: inherit\"><span dir=\"auto\" style=\"vertical-align: inherit\">In vivo verification of the success of stereotaxic surgeries in mouse models<\/span><\/span><br \/>\n<\/strong><span dir=\"auto\" style=\"vertical-align: inherit\"><span dir=\"auto\" style=\"vertical-align: inherit\"> B\u00e1lint Kir\u00e1ly <\/span><\/span><br \/>\n<em><span dir=\"auto\" style=\"vertical-align: inherit\"><span dir=\"auto\" style=\"vertical-align: inherit\">Theoretical Medical Sciences &#8211; Physiology, Pathophysiology Section I<\/span><\/span><\/p>\n<p><\/em><\/li>\n<li style=\"text-align: justify\"><strong><span dir=\"auto\" style=\"vertical-align: inherit\"><span dir=\"auto\" style=\"vertical-align: inherit\">Kinetic imaging in angiography: a clinical study<\/span><\/span><br \/>\n<\/strong><span dir=\"auto\" style=\"vertical-align: inherit\"><span dir=\"auto\" style=\"vertical-align: inherit\"> Istv\u00e1n G\u00f3g <\/span><\/span><br \/>\n<em><span dir=\"auto\" style=\"vertical-align: inherit\"><span dir=\"auto\" style=\"vertical-align: inherit\">Conservative medical sciences \u2013 Imaging diagnostics, nuclear medicine, <\/span><\/span><\/em><br \/>\n<em><span dir=\"auto\" style=\"vertical-align: inherit\"><span dir=\"auto\" style=\"vertical-align: inherit\">imaging diagnostic analytics Section I Special Award<\/span><\/span><\/em><\/li>\n<\/ul>\n<p style=\"text-align: justify\"><strong><span dir=\"auto\" style=\"vertical-align: inherit\"><span dir=\"auto\" style=\"vertical-align: inherit\">2017<\/span><\/span><\/strong><\/p>\n<ul>\n<li style=\"text-align: justify\"><strong><span dir=\"auto\" style=\"vertical-align: inherit\"><span dir=\"auto\" style=\"vertical-align: inherit\">Quantification of kinetic imaging in angiography<\/span><\/span><br \/>\n<\/strong><span dir=\"auto\" style=\"vertical-align: inherit\"><span dir=\"auto\" style=\"vertical-align: inherit\"> Istv\u00e1n G\u00f3g <\/span><\/span><br \/>\n<em><em><em><span dir=\"auto\" style=\"vertical-align: inherit\"><span dir=\"auto\" style=\"vertical-align: inherit\">Bioinformatics, computer modeling section, 1st place<\/span><\/span><\/p>\n<p><\/em><\/em><\/em><\/li>\n<li style=\"text-align: justify\"><em><em><strong><span dir=\"auto\" style=\"vertical-align: inherit\"><span dir=\"auto\" style=\"vertical-align: inherit\">In vivo detection of MRI genotoxicity in a mouse model system<\/span><\/span><\/strong><br \/>\n<\/em><\/em><span dir=\"auto\" style=\"vertical-align: inherit\"><span dir=\"auto\" style=\"vertical-align: inherit\"> D\u00e1vid Sz\u00f6ll\u0151si<\/span><\/span><br \/>\n<em><em><span dir=\"auto\" style=\"vertical-align: inherit\"><span dir=\"auto\" style=\"vertical-align: inherit\"> Imaging and Nuclear Diagnostics Section II, 1st place<\/span><\/span><\/p>\n<p><\/em><\/em><\/li>\n<li style=\"text-align: justify\"><em><em><strong><span dir=\"auto\" style=\"vertical-align: inherit\"><span dir=\"auto\" style=\"vertical-align: inherit\">Quantification of liver tumors with geometric parameterization<\/span><\/span><\/strong><br \/>\n<\/em><\/em><span dir=\"auto\" style=\"vertical-align: inherit\"><span dir=\"auto\" style=\"vertical-align: inherit\"> J\u00falia Fanni Kiss, Anna Krisztina Sz\u00e9kely<\/span><\/span><br \/>\n<em><em><em><span dir=\"auto\" style=\"vertical-align: inherit\"><span dir=\"auto\" style=\"vertical-align: inherit\"> Gastroenterology Section I, Special Award<\/span><\/span><\/p>\n<p><\/em><\/em><\/em><\/li>\n<li style=\"text-align: justify\"><strong><span dir=\"auto\" style=\"vertical-align: inherit\"><span dir=\"auto\" style=\"vertical-align: inherit\">A new diagnostic method for pulmonary diseases using kinetic imaging<\/span><\/span><br \/>\n<\/strong><span dir=\"auto\" style=\"vertical-align: inherit\"><span dir=\"auto\" style=\"vertical-align: inherit\"> Anna Krisztina Sz\u00e9kely, \u00c1kos Kuti <\/span><\/span><br \/>\n<em><span dir=\"auto\" style=\"vertical-align: inherit\"><span dir=\"auto\" style=\"vertical-align: inherit\">Imaging and Nuclear Diagnostics Section II<\/span><\/span><\/em><\/li>\n<\/ul>\n<p style=\"text-align: justify\"><strong><span dir=\"auto\" style=\"vertical-align: inherit\"><span dir=\"auto\" style=\"vertical-align: inherit\">2015<\/span><\/span><\/strong><\/p>\n<ul style=\"text-align: justify\">\n<li><b><span dir=\"auto\" style=\"vertical-align: inherit\"><span dir=\"auto\" style=\"vertical-align: inherit\">Analysis of in vivo biomarker pharmacokinetics of 18F-FDG in healthy rat brain using PET imaging<\/span><\/span><\/b><br \/>\n<span dir=\"auto\" style=\"vertical-align: inherit\"><span dir=\"auto\" style=\"vertical-align: inherit\"> Gell\u00e9rt-Szabolcs Kov\u00e1cs, T\u00edmea M\u00e1rton <\/span><\/span><br \/>\n<em><span dir=\"auto\" style=\"vertical-align: inherit\"><span dir=\"auto\" style=\"vertical-align: inherit\">Imaging diagnostics, nuclear medicine <\/span><\/span><\/em><i><span dir=\"auto\" style=\"vertical-align: inherit\"><span dir=\"auto\" style=\"vertical-align: inherit\">, 2nd place<\/span><\/span><\/i><\/li>\n<\/ul>\n<p style=\"text-align: justify\"><strong><span dir=\"auto\" style=\"vertical-align: inherit\"><span dir=\"auto\" style=\"vertical-align: inherit\">2013<\/span><\/span><\/strong><\/p>\n<ul>\n<li style=\"text-align: justify\"><b><span dir=\"auto\" style=\"vertical-align: inherit\"><span dir=\"auto\" style=\"vertical-align: inherit\">In vivo imaging methods for the investigation of programmed liver regeneration in an experimental animal model <\/span><\/span><\/b><span dir=\"auto\" style=\"vertical-align: inherit\"><span style=\"font-weight: 400\"><span dir=\"auto\" style=\"vertical-align: inherit\">Di\u00e1na Kors\u00f3s, Andr\u00e1s Budai <\/span><\/span><i><span style=\"font-weight: 400\"><span dir=\"auto\" style=\"vertical-align: inherit\">Radiology: MRI section, 2nd place<\/span><\/span><\/i><\/span><span style=\"font-weight: 400\"><br \/>\n<\/span><span style=\"font-weight: 400\"><br \/>\n<\/span><i><\/i><\/li>\n<\/ul>\n<ul>\n<li style=\"text-align: justify\"><b><span dir=\"auto\" style=\"vertical-align: inherit\"><span dir=\"auto\" style=\"vertical-align: inherit\">Development of a new type of theragnostic in nanomedicine <\/span><\/span><\/b><span dir=\"auto\" style=\"vertical-align: inherit\"><span style=\"font-weight: 400\"><span dir=\"auto\" style=\"vertical-align: inherit\">Nikolett Heged\u0171s, Kitti R\u00e1cz <\/span><\/span><i><span style=\"font-weight: 400\"><span dir=\"auto\" style=\"vertical-align: inherit\">Technology section, Special Prize<\/span><\/span><\/i><\/span><b><br \/>\n<\/b><span style=\"font-weight: 400\"><br \/>\n<\/span><i><\/i><\/li>\n<\/ul>\n","protected":false},"excerpt":{"rendered":"<p>2021 Automating the segmentation of dental CT images M\u00e1rk Di Giovanni Theoretical medical sciences &#8211; Bioinformatics, computer modeling Emboliz\u00e1ci\u00f3s mikrogy\u00f6ngy\u00f6k radiok\u00e9miai jelz\u00e9se \u00e9s min\u0151s\u00e9gellen\u0151rz\u00e9se Csert\u0151 Alinka (SE \u00c1OK) Gy\u00f3gyszeranalitika, min\u0151s\u00e9gellen\u0151rz\u00e9s 2019 In vivo verification of the success of stereotaxic surgeries in mouse models B\u00e1lint Kir\u00e1ly Theoretical Medical Sciences &#8211; Physiology, Pathophysiology Section I Kinetic imaging &hellip;<\/p>\n","protected":false},"author":320,"featured_media":0,"parent":817,"menu_order":1,"comment_status":"closed","ping_status":"closed","template":"","meta":{"_acf_changed":false,"footnotes":""},"categories":[],"tags":[],"class_list":["post-873","page","type-page","status-publish","hentry"],"acf":[],"_links":{"self":[{"href":"https:\/\/semmelweis.hu\/molecularimaging\/wp-json\/wp\/v2\/pages\/873","targetHints":{"allow":["GET"]}}],"collection":[{"href":"https:\/\/semmelweis.hu\/molecularimaging\/wp-json\/wp\/v2\/pages"}],"about":[{"href":"https:\/\/semmelweis.hu\/molecularimaging\/wp-json\/wp\/v2\/types\/page"}],"author":[{"embeddable":true,"href":"https:\/\/semmelweis.hu\/molecularimaging\/wp-json\/wp\/v2\/users\/320"}],"replies":[{"embeddable":true,"href":"https:\/\/semmelweis.hu\/molecularimaging\/wp-json\/wp\/v2\/comments?post=873"}],"version-history":[{"count":11,"href":"https:\/\/semmelweis.hu\/molecularimaging\/wp-json\/wp\/v2\/pages\/873\/revisions"}],"predecessor-version":[{"id":1822,"href":"https:\/\/semmelweis.hu\/molecularimaging\/wp-json\/wp\/v2\/pages\/873\/revisions\/1822"}],"up":[{"embeddable":true,"href":"https:\/\/semmelweis.hu\/molecularimaging\/wp-json\/wp\/v2\/pages\/817"}],"wp:attachment":[{"href":"https:\/\/semmelweis.hu\/molecularimaging\/wp-json\/wp\/v2\/media?parent=873"}],"wp:term":[{"taxonomy":"category","embeddable":true,"href":"https:\/\/semmelweis.hu\/molecularimaging\/wp-json\/wp\/v2\/categories?post=873"},{"taxonomy":"post_tag","embeddable":true,"href":"https:\/\/semmelweis.hu\/molecularimaging\/wp-json\/wp\/v2\/tags?post=873"}],"curies":[{"name":"wp","href":"https:\/\/api.w.org\/{rel}","templated":true}]}}