{"id":87,"date":"2014-03-26T11:16:52","date_gmt":"2014-03-26T11:16:52","guid":{"rendered":"http:\/\/semmelweis.hu\/molecularimaging\/?page_id=87"},"modified":"2022-03-09T11:09:09","modified_gmt":"2022-03-09T10:09:09","slug":"egyeb","status":"publish","type":"page","link":"https:\/\/semmelweis.hu\/molecularimaging\/muszerek\/egyeb\/","title":{"rendered":"Egy\u00e9b"},"content":{"rendered":"<p><strong>K\u00e9pmegjelen\u00edt\u0151, elemz\u0151 szoftvereink<\/strong><\/p>\n<p style=\"text-align: justify\">A Mediso \u00e1ltal kifejlesztett InterVi<span style=\"font-size: 1rem\">ew<\/span><span style=\"font-size: 1rem\">TM FUSION, valamint a VivoQuantTM programok a multimodalit\u00e1s (PET, SPECT, MRI, CT, optikai) k\u00e9palkot\u00e1s elengedhetetlen kell\u00e9kei. Szoftvereink seg\u00edts\u00e9g\u00e9vel sz\u00e1mos megold\u00e1st k\u00edn\u00e1lunk megrendel\u0151ink\u00a0sz\u00e1m\u00e1ra mind a k\u00e9pek megjelen\u00edt\u00e9s\u00e9ben, mind anal\u00edzis\u00e9ben. Tetsz\u0151leges ir\u00e1ny\u00fa 2D-s szeletk\u00e9pek, 3D-s MIP \u00e9s t\u00e9rfogati renderelt k\u00e9pek egyar\u00e1nt megjelen\u00edthet\u0151k, seg\u00edtve a relev\u00e1ns inform\u00e1ci\u00f3k megtal\u00e1l\u00e1s\u00e1t. T\u00f6bbsz\u00f6r\u00f6s\u00a0k\u00e9pf\u00fazi\u00f3k, speci\u00e1lis koregisztr\u00e1ci\u00f3k, 3D ROI alkalmaz\u00e1sok\u00a0biztos\u00edtj\u00e1k a k\u00fcl\u00f6nb\u00f6z\u0151 modalit\u00e1sok rekonstrukci\u00f3inak pontos \u00e9rt\u00e9kel\u00e9s\u00e9t, az eredm\u00e9nyek elemz\u00e9s\u00e9t, a m\u00e9r\u00e9si adatok kvantifik\u00e1ci\u00f3j\u00e1t. Dinamikus PET \u00e9s SPECT rekonstrukci\u00f3k is f\u00fazion\u00e1lhat\u00f3k az MRI, CT modalit\u00e1sok eredm\u00e9nyeivel.<\/span><\/p>\n","protected":false},"excerpt":{"rendered":"<p>K\u00e9pmegjelen\u00edt\u0151, elemz\u0151 szoftvereink A Mediso \u00e1ltal kifejlesztett InterViewTM FUSION, valamint a VivoQuantTM programok a multimodalit\u00e1s (PET, SPECT, MRI, CT, optikai) k\u00e9palkot\u00e1s elengedhetetlen kell\u00e9kei. Szoftvereink seg\u00edts\u00e9g\u00e9vel sz\u00e1mos megold\u00e1st k\u00edn\u00e1lunk megrendel\u0151ink\u00a0sz\u00e1m\u00e1ra mind a k\u00e9pek megjelen\u00edt\u00e9s\u00e9ben, mind anal\u00edzis\u00e9ben. Tetsz\u0151leges ir\u00e1ny\u00fa 2D-s szeletk\u00e9pek, 3D-s MIP \u00e9s t\u00e9rfogati renderelt k\u00e9pek egyar\u00e1nt megjelen\u00edthet\u0151k, seg\u00edtve a relev\u00e1ns inform\u00e1ci\u00f3k megtal\u00e1l\u00e1s\u00e1t. T\u00f6bbsz\u00f6r\u00f6s\u00a0k\u00e9pf\u00fazi\u00f3k, speci\u00e1lis koregisztr\u00e1ci\u00f3k, &hellip;<\/p>\n","protected":false},"author":12,"featured_media":0,"parent":12,"menu_order":6,"comment_status":"open","ping_status":"open","template":"","meta":{"_acf_changed":false,"footnotes":""},"categories":[],"tags":[],"class_list":["post-87","page","type-page","status-publish","hentry"],"acf":[],"_links":{"self":[{"href":"https:\/\/semmelweis.hu\/molecularimaging\/wp-json\/wp\/v2\/pages\/87","targetHints":{"allow":["GET"]}}],"collection":[{"href":"https:\/\/semmelweis.hu\/molecularimaging\/wp-json\/wp\/v2\/pages"}],"about":[{"href":"https:\/\/semmelweis.hu\/molecularimaging\/wp-json\/wp\/v2\/types\/page"}],"author":[{"embeddable":true,"href":"https:\/\/semmelweis.hu\/molecularimaging\/wp-json\/wp\/v2\/users\/12"}],"replies":[{"embeddable":true,"href":"https:\/\/semmelweis.hu\/molecularimaging\/wp-json\/wp\/v2\/comments?post=87"}],"version-history":[{"count":10,"href":"https:\/\/semmelweis.hu\/molecularimaging\/wp-json\/wp\/v2\/pages\/87\/revisions"}],"predecessor-version":[{"id":1648,"href":"https:\/\/semmelweis.hu\/molecularimaging\/wp-json\/wp\/v2\/pages\/87\/revisions\/1648"}],"up":[{"embeddable":true,"href":"https:\/\/semmelweis.hu\/molecularimaging\/wp-json\/wp\/v2\/pages\/12"}],"wp:attachment":[{"href":"https:\/\/semmelweis.hu\/molecularimaging\/wp-json\/wp\/v2\/media?parent=87"}],"wp:term":[{"taxonomy":"category","embeddable":true,"href":"https:\/\/semmelweis.hu\/molecularimaging\/wp-json\/wp\/v2\/categories?post=87"},{"taxonomy":"post_tag","embeddable":true,"href":"https:\/\/semmelweis.hu\/molecularimaging\/wp-json\/wp\/v2\/tags?post=87"}],"curies":[{"name":"wp","href":"https:\/\/api.w.org\/{rel}","templated":true}]}}