{"id":868,"date":"2015-12-14T13:43:14","date_gmt":"2015-12-14T12:43:14","guid":{"rendered":"http:\/\/semmelweis.hu\/molecularimaging\/?page_id=868"},"modified":"2020-09-15T09:48:15","modified_gmt":"2020-09-15T07:48:15","slug":"fizika-otdk","status":"publish","type":"page","link":"https:\/\/semmelweis.hu\/molecularimaging\/oktatas\/korabbi-eredmenyek\/fizika-otdk\/","title":{"rendered":"Fizika, F\u00f6ldtudom\u00e1nyok \u00e9s Matematika szekci\u00f3 OTDK"},"content":{"rendered":"<p>2019<\/p>\n<ul>\n<li style=\"text-align: justify\"><strong>M\u00e9ly agyi elektr\u00f3d\u00e1k <em>in vivo<\/em> lokaliz\u00e1ci\u00f3ja egerekben v\u00e9gzett ideg\u00e9lettani k\u00eds\u00e9rletekben<\/strong>\u00a0<br \/>\nKir\u00e1ly B\u00e1lint<br \/>\n<em>Orvosi \u00e9s biofizikai szekci\u00f3 III. helyez\u00e9s<\/em><\/li>\n<\/ul>\n<p>2015<\/p>\n<ul>\n<li style=\"text-align: justify\"><b>Patk\u00e1ny agyi metabolizmus t\u00e9rk\u00e9p k\u00e9sz\u00edt\u00e9se [18]FDG radiofarmakon seg\u00edts\u00e9g\u00e9vel<\/b><b><br \/>\n<\/b>Vars\u00e1nyi Istv\u00e1n<br \/>\n<i>Biofizika szekci\u00f3<\/i><\/li>\n<\/ul>\n","protected":false},"excerpt":{"rendered":"<p>2019<\/p>\n<p>M\u00e9ly agyi elektr\u00f3d\u00e1k in vivo lokaliz\u00e1ci\u00f3ja egerekben v\u00e9gzett ideg\u00e9lettani k\u00eds\u00e9rletekben\u00a0<br \/>\nKir\u00e1ly B\u00e1lint<br \/>\nOrvosi \u00e9s biofizikai szekci\u00f3 III. helyez\u00e9s<\/p>\n<p>2015<\/p>\n<p>Patk\u00e1ny agyi metabolizmus t\u00e9rk\u00e9p k\u00e9sz\u00edt\u00e9se [18]FDG radiofarmakon seg\u00edts\u00e9g\u00e9vel<br \/>\nVars\u00e1nyi Istv\u00e1n<br \/>\nBiofizika szekci\u00f3<\/p>\n","protected":false},"author":320,"featured_media":0,"parent":817,"menu_order":2,"comment_status":"closed","ping_status":"closed","template":"","meta":{"_acf_changed":false,"footnotes":""},"categories":[],"tags":[],"class_list":["post-868","page","type-page","status-publish","hentry"],"acf":[],"_links":{"self":[{"href":"https:\/\/semmelweis.hu\/molecularimaging\/wp-json\/wp\/v2\/pages\/868","targetHints":{"allow":["GET"]}}],"collection":[{"href":"https:\/\/semmelweis.hu\/molecularimaging\/wp-json\/wp\/v2\/pages"}],"about":[{"href":"https:\/\/semmelweis.hu\/molecularimaging\/wp-json\/wp\/v2\/types\/page"}],"author":[{"embeddable":true,"href":"https:\/\/semmelweis.hu\/molecularimaging\/wp-json\/wp\/v2\/users\/320"}],"replies":[{"embeddable":true,"href":"https:\/\/semmelweis.hu\/molecularimaging\/wp-json\/wp\/v2\/comments?post=868"}],"version-history":[{"count":7,"href":"https:\/\/semmelweis.hu\/molecularimaging\/wp-json\/wp\/v2\/pages\/868\/revisions"}],"predecessor-version":[{"id":1512,"href":"https:\/\/semmelweis.hu\/molecularimaging\/wp-json\/wp\/v2\/pages\/868\/revisions\/1512"}],"up":[{"embeddable":true,"href":"https:\/\/semmelweis.hu\/molecularimaging\/wp-json\/wp\/v2\/pages\/817"}],"wp:attachment":[{"href":"https:\/\/semmelweis.hu\/molecularimaging\/wp-json\/wp\/v2\/media?parent=868"}],"wp:term":[{"taxonomy":"category","embeddable":true,"href":"https:\/\/semmelweis.hu\/molecularimaging\/wp-json\/wp\/v2\/categories?post=868"},{"taxonomy":"post_tag","embeddable":true,"href":"https:\/\/semmelweis.hu\/molecularimaging\/wp-json\/wp\/v2\/tags?post=868"}],"curies":[{"name":"wp","href":"https:\/\/api.w.org\/{rel}","templated":true}]}}