{"id":852,"date":"2015-12-11T12:11:56","date_gmt":"2015-12-11T11:11:56","guid":{"rendered":"http:\/\/semmelweis.hu\/molecularimaging\/?page_id=852"},"modified":"2015-12-18T08:46:04","modified_gmt":"2015-12-18T07:46:04","slug":"marosvasarhelyi-orvosi-es-gyogyszereszeti-egyetem-tdk","status":"publish","type":"page","link":"https:\/\/semmelweis.hu\/molecularimaging\/oktatas\/korabbi-eredmenyek\/marosvasarhelyi-orvosi-es-gyogyszereszeti-egyetem-tdk\/","title":{"rendered":"Marosv\u00e1s\u00e1rhelyi Orvosi \u00e9s Gy\u00f3gyszer\u00e9szeti Egyetem TDK"},"content":{"rendered":"<p><strong>2014<\/strong><\/p>\n<ul>\n<li><b>Eg\u00e9szs\u00e9ges patk\u00e1ny agyi metabolizmus\u00e1nak vizsg\u00e1lata nanoScanPET\/MRI k\u00e9palkot\u00f3val<\/b><b><br \/>\n<\/b>Kov\u00e1cs Gell\u00e9rt, M\u00e1rton T\u00edmea, Vars\u00e1nyi Istv\u00e1n<br \/>\n<i>Neurol\u00f3gia, II. helyez\u00e9s<\/i><\/li>\n<li><b>\u00c1ltal\u00e1nos gyullad\u00e1s hat\u00e1sa a mikroglia-aktiv\u00e1ci\u00f3ra in vivo eg\u00e9rmodellben<\/b><b><br \/>\n<\/b>Fut\u00f3 Ildik\u00f3, M\u00e1rta Alexa<br \/>\n<em>Idegseb\u00e9szet, f\u00fcl-orr-g\u00e9g\u00e9szet, szem\u00e9szet, radiol\u00f3gia szekci\u00f3<\/em><\/li>\n<\/ul>\n","protected":false},"excerpt":{"rendered":"<p>2014<\/p>\n<p>Eg\u00e9szs\u00e9ges patk\u00e1ny agyi metabolizmus\u00e1nak vizsg\u00e1lata nanoScanPET\/MRI k\u00e9palkot\u00f3val<br \/>\nKov\u00e1cs Gell\u00e9rt, M\u00e1rton T\u00edmea, Vars\u00e1nyi Istv\u00e1n<br \/>\nNeurol\u00f3gia, II. helyez\u00e9s<br \/>\n\u00c1ltal\u00e1nos gyullad\u00e1s hat\u00e1sa a mikroglia-aktiv\u00e1ci\u00f3ra in vivo eg\u00e9rmodellben<br \/>\nFut\u00f3 Ildik\u00f3, M\u00e1rta Alexa<br \/>\nIdegseb\u00e9szet, f\u00fcl-orr-g\u00e9g\u00e9szet, szem\u00e9szet, radiol\u00f3gia szekci\u00f3<\/p>\n","protected":false},"author":320,"featured_media":0,"parent":817,"menu_order":5,"comment_status":"closed","ping_status":"closed","template":"","meta":{"_acf_changed":false,"footnotes":""},"categories":[],"tags":[],"class_list":["post-852","page","type-page","status-publish","hentry"],"acf":[],"_links":{"self":[{"href":"https:\/\/semmelweis.hu\/molecularimaging\/wp-json\/wp\/v2\/pages\/852","targetHints":{"allow":["GET"]}}],"collection":[{"href":"https:\/\/semmelweis.hu\/molecularimaging\/wp-json\/wp\/v2\/pages"}],"about":[{"href":"https:\/\/semmelweis.hu\/molecularimaging\/wp-json\/wp\/v2\/types\/page"}],"author":[{"embeddable":true,"href":"https:\/\/semmelweis.hu\/molecularimaging\/wp-json\/wp\/v2\/users\/320"}],"replies":[{"embeddable":true,"href":"https:\/\/semmelweis.hu\/molecularimaging\/wp-json\/wp\/v2\/comments?post=852"}],"version-history":[{"count":6,"href":"https:\/\/semmelweis.hu\/molecularimaging\/wp-json\/wp\/v2\/pages\/852\/revisions"}],"predecessor-version":[{"id":970,"href":"https:\/\/semmelweis.hu\/molecularimaging\/wp-json\/wp\/v2\/pages\/852\/revisions\/970"}],"up":[{"embeddable":true,"href":"https:\/\/semmelweis.hu\/molecularimaging\/wp-json\/wp\/v2\/pages\/817"}],"wp:attachment":[{"href":"https:\/\/semmelweis.hu\/molecularimaging\/wp-json\/wp\/v2\/media?parent=852"}],"wp:term":[{"taxonomy":"category","embeddable":true,"href":"https:\/\/semmelweis.hu\/molecularimaging\/wp-json\/wp\/v2\/categories?post=852"},{"taxonomy":"post_tag","embeddable":true,"href":"https:\/\/semmelweis.hu\/molecularimaging\/wp-json\/wp\/v2\/tags?post=852"}],"curies":[{"name":"wp","href":"https:\/\/api.w.org\/{rel}","templated":true}]}}