{"id":827,"date":"2015-12-11T10:02:27","date_gmt":"2015-12-11T09:02:27","guid":{"rendered":"http:\/\/semmelweis.hu\/molecularimaging\/?page_id=827"},"modified":"2019-03-21T09:31:46","modified_gmt":"2019-03-21T08:31:46","slug":"semmelweis-egyetem-diplomamunkaszakdolgozat","status":"publish","type":"page","link":"https:\/\/semmelweis.hu\/molecularimaging\/oktatas\/korabbi-eredmenyek\/semmelweis-egyetem-diplomamunkaszakdolgozat\/","title":{"rendered":"Semmelweis Egyetem Szakdolgozat"},"content":{"rendered":"<p><strong>2019<\/strong><\/p>\n<ul>\n<li style=\"text-align: justify\"><strong>Changes of glioma models on modulated electrical field hyperthermia<\/strong><br \/>\nVicen\u00e7 Bonet Mateu-Julia<br \/>\n<em>\u00c1ltal\u00e1nos Orvostudom\u00e1nyi Kar<\/em><\/li>\n<li style=\"text-align: justify\"><strong>Multimod\u00e1lis nanor\u00e9szecsk\u00e9k biodisztrib\u00faci\u00f3j\u00e1nak k\u00e9palkot\u00e1sa k\u00eds\u00e9rleti \u00e1llatos modelleken<\/strong><br \/>\nForg\u00e1ch L\u00e1szl\u00f3<br \/>\n<em>Gy\u00f3gyszer\u00e9sztudom\u00e1nyi Kar<\/em><\/li>\n<\/ul>\n<p style=\"text-align: justify\"><em><strong style=\"text-align: justify\">2018<br \/>\n<\/strong><\/em><\/p>\n<ul>\n<li style=\"text-align: justify\"><strong>M\u00e1j funkcion\u00e1lis \u00e9s morfol\u00f3giai radiomikai vizsg\u00e1lata, multimod\u00e1lis k\u00e9palkot\u00e1sa k\u00eds\u00e9rleti \u00e1llatos modelleken<br \/>\n<\/strong>Kiss Fanni<br \/>\n<em>\u00c1ltal\u00e1nos Orvostudom\u00e1nyi Kar<\/em><\/li>\n<li style=\"text-align: justify\">\n<p><strong>Geometriai parametriz\u00e1ci\u00f3s kvantitat\u00edv k\u00e9palkot\u00e1s a gyullad\u00e1sos folyamatok jellemz\u00e9s\u00e9re<br \/>\n<\/strong>Patus Eszter<br \/>\n<em>\u00c1ltal\u00e1nos Orvostudom\u00e1nyi Kar<\/em><\/p>\n<\/li>\n<\/ul>\n<p style=\"text-align: justify\"><em><strong style=\"text-align: justify\">2017<\/strong><\/em><\/p>\n<ul style=\"text-align: justify\">\n<li style=\"text-align: justify\"><strong>Molekul\u00e1ris k\u00e9palkot\u00e1s neurol\u00f3giai in vivo preklinikai modellekben<br \/>\n<\/strong>Szalkai Petra<br \/>\n<em>Gy\u00f3gyszer\u00e9sztudom\u00e1nyi Kar<\/em><\/li>\n<\/ul>\n<p style=\"text-align: justify\"><strong>2016<\/strong><\/p>\n<ul style=\"text-align: justify\">\n<li style=\"text-align: justify\"><strong>Az MRI mell\u00e9khat\u00e1sainak vizsg\u00e1lata modellrendszereken<br \/>\n<\/strong>Sz\u00f6ll\u0151si D\u00e1vid<br \/>\n<em>\u00c1ltal\u00e1nos Orvostudom\u00e1nyi Kar<\/em><\/li>\n<\/ul>\n<p style=\"text-align: justify\"><strong>2014<\/strong><\/p>\n<ul style=\"text-align: justify\">\n<li><strong>In vivo multimod\u00e1lis k\u00e9palkot\u00e1s kr\u00f3nikus\u00a0neuroinflammatorikus folyamatokban<\/strong><br \/>\nFut\u00f3 Ildik\u00f3<br \/>\n<em><em>\u00c1ltal\u00e1nos Orvostudom\u00e1nyi Kar<\/p>\n<p><\/em><\/em><\/li>\n<li><strong>A testt\u00f6meg hat\u00e1s\u00e1nak vizsg\u00e1lata a v\u00e9gtag \u00edz\u00fcletek anyagcser\u00e9j\u00e9re in vivo m\u00f3dszerekkel<\/strong><br \/>\nKir\u00e1ly Julianna<br \/>\n<em><em>Testnevel\u00e9si \u00e9s Sporttudom\u00e1nyi Kar, Hum\u00e1n kineziol\u00f3gia szak<\/p>\n<p><\/em><\/em><\/li>\n<li><strong>V\u00e9r-agy g\u00e1t s\u00e9r\u00fcl\u00e9ssel j\u00e1r\u00f3 folyamatok korai k\u00e9palkot\u00e1sa hum\u00e1n \u00e9s k\u00eds\u00e9rleti \u00e1llatos modelleken<\/strong><br \/>\nOlajos Eszter<br \/>\n<em>\u00c1ltal\u00e1nos Orvostudom\u00e1nyi Kar<\/em><\/li>\n<\/ul>\n<p style=\"text-align: justify\"><strong>2012<\/strong><\/p>\n<ul>\n<li style=\"text-align: justify\"><strong>Nanor\u00e9szecske alap\u00fa teragnosztikum fejleszt\u00e9se \u00e9s tesztel\u00e9se in vivo modellrendszerben<\/strong><br \/>\nHeged\u0171s\u00a0Nikolett<br \/>\n<em><em>Gy\u00f3gyszer\u00e9sztudom\u00e1nyi Kar<\/p>\n<p><\/em><\/em><\/li>\n<li style=\"text-align: justify\"><strong>Multimod\u00e1lis nanor\u00e9szecske szint\u00e9zise \u00e9s vizsg\u00e1lata in vivo modellrendszerben<\/strong><br \/>\nR\u00e1cz\u00a0Kitti<br \/>\n<em>Gy\u00f3gyszer\u00e9sztudom\u00e1nyi Kar<\/em><\/li>\n<\/ul>\n","protected":false},"excerpt":{"rendered":"<p>2019 Changes of glioma models on modulated electrical field hyperthermia Vicen\u00e7 Bonet Mateu-Julia \u00c1ltal\u00e1nos Orvostudom\u00e1nyi Kar Multimod\u00e1lis nanor\u00e9szecsk\u00e9k biodisztrib\u00faci\u00f3j\u00e1nak k\u00e9palkot\u00e1sa k\u00eds\u00e9rleti \u00e1llatos modelleken Forg\u00e1ch L\u00e1szl\u00f3 Gy\u00f3gyszer\u00e9sztudom\u00e1nyi Kar 2018 M\u00e1j funkcion\u00e1lis \u00e9s morfol\u00f3giai radiomikai vizsg\u00e1lata, multimod\u00e1lis k\u00e9palkot\u00e1sa k\u00eds\u00e9rleti \u00e1llatos modelleken Kiss Fanni \u00c1ltal\u00e1nos Orvostudom\u00e1nyi Kar Geometriai parametriz\u00e1ci\u00f3s kvantitat\u00edv k\u00e9palkot\u00e1s a gyullad\u00e1sos folyamatok jellemz\u00e9s\u00e9re Patus Eszter \u00c1ltal\u00e1nos &hellip;<\/p>\n","protected":false},"author":320,"featured_media":0,"parent":817,"menu_order":6,"comment_status":"closed","ping_status":"closed","template":"","meta":{"_acf_changed":false,"footnotes":""},"categories":[],"tags":[],"class_list":["post-827","page","type-page","status-publish","hentry"],"acf":[],"_links":{"self":[{"href":"https:\/\/semmelweis.hu\/molecularimaging\/wp-json\/wp\/v2\/pages\/827","targetHints":{"allow":["GET"]}}],"collection":[{"href":"https:\/\/semmelweis.hu\/molecularimaging\/wp-json\/wp\/v2\/pages"}],"about":[{"href":"https:\/\/semmelweis.hu\/molecularimaging\/wp-json\/wp\/v2\/types\/page"}],"author":[{"embeddable":true,"href":"https:\/\/semmelweis.hu\/molecularimaging\/wp-json\/wp\/v2\/users\/320"}],"replies":[{"embeddable":true,"href":"https:\/\/semmelweis.hu\/molecularimaging\/wp-json\/wp\/v2\/comments?post=827"}],"version-history":[{"count":11,"href":"https:\/\/semmelweis.hu\/molecularimaging\/wp-json\/wp\/v2\/pages\/827\/revisions"}],"predecessor-version":[{"id":1401,"href":"https:\/\/semmelweis.hu\/molecularimaging\/wp-json\/wp\/v2\/pages\/827\/revisions\/1401"}],"up":[{"embeddable":true,"href":"https:\/\/semmelweis.hu\/molecularimaging\/wp-json\/wp\/v2\/pages\/817"}],"wp:attachment":[{"href":"https:\/\/semmelweis.hu\/molecularimaging\/wp-json\/wp\/v2\/media?parent=827"}],"wp:term":[{"taxonomy":"category","embeddable":true,"href":"https:\/\/semmelweis.hu\/molecularimaging\/wp-json\/wp\/v2\/categories?post=827"},{"taxonomy":"post_tag","embeddable":true,"href":"https:\/\/semmelweis.hu\/molecularimaging\/wp-json\/wp\/v2\/tags?post=827"}],"curies":[{"name":"wp","href":"https:\/\/api.w.org\/{rel}","templated":true}]}}