{"id":817,"date":"2015-12-11T09:48:10","date_gmt":"2015-12-11T08:48:10","guid":{"rendered":"http:\/\/semmelweis.hu\/molecularimaging\/?page_id=817"},"modified":"2018-02-12T10:38:04","modified_gmt":"2018-02-12T09:38:04","slug":"korabbi-eredmenyek","status":"publish","type":"page","link":"https:\/\/semmelweis.hu\/molecularimaging\/oktatas\/korabbi-eredmenyek\/","title":{"rendered":"Kor\u00e1bbi eredm\u00e9nyek"},"content":{"rendered":"<p><strong>OTDK<\/strong><\/p>\n<ul>\n<li><a href=\"https:\/\/semmelweis.hu\/molecularimaging\/orvos-otdk\/\">Orvos- \u00e9s\u00a0eg\u00e9szs\u00e9gtudom\u00e1nyi szekci\u00f3<\/a><\/li>\n<li><a href=\"https:\/\/semmelweis.hu\/molecularimaging\/fizika-otdk\/\">Fizika, F\u00f6ldtudom\u00e1nyok \u00e9s Matematika szekci\u00f3<\/a><\/li>\n<\/ul>\n<p><strong>TDK<\/strong><\/p>\n<ul>\n<li><a href=\"https:\/\/semmelweis.hu\/molecularimaging\/oktatas\/korabbi-eredmenyek\/tdk\/\">Semmelweis Egyetem<\/a><\/li>\n<li><a href=\"https:\/\/semmelweis.hu\/molecularimaging\/elte_tdk\/\">E\u00f6tv\u00f6s Lor\u00e1nd Tudom\u00e1nyegyetem<\/a><\/li>\n<li>P\u00e1zm\u00e1ny P\u00e9ter Katolikus Egyetem<\/li>\n<li><a href=\"https:\/\/semmelweis.hu\/molecularimaging\/oktatas\/korabbi-eredmenyek\/budapesti-muszaki-es-gazdasagtudomanyi-egyetem-tdk\/\">Budapesti M\u0171szaki \u00e9s Gazdas\u00e1gtudom\u00e1nyi Egyetem<\/a><\/li>\n<li><a href=\"https:\/\/semmelweis.hu\/molecularimaging\/oktatas\/korabbi-eredmenyek\/marosvasarhelyi-orvosi-es-gyogyszereszeti-egyetem-tdk\/\">Marosv\u00e1s\u00e1rhelyi Orvosi \u00e9s Gy\u00f3gyszer\u00e9szeti Egyetem<\/a><\/li>\n<\/ul>\n<p><strong>Diplomamunka\/Szakdolgozat<\/strong><\/p>\n<ul>\n<li><a href=\"https:\/\/semmelweis.hu\/molecularimaging\/oktatas\/korabbi-eredmenyek\/semmelweis-egyetem-diplomamunkaszakdolgozat\/\">Semmelweis Egyetem<\/a><\/li>\n<li><a href=\"https:\/\/semmelweis.hu\/molecularimaging\/elte-dipl-szakdolgozat\/\">E\u00f6tv\u00f6s Lor\u00e1nd Tudom\u00e1nyegyetem<\/a><\/li>\n<li><a href=\"https:\/\/semmelweis.hu\/molecularimaging\/pazmany-dipl-szakdolgozat\/\">P\u00e1zm\u00e1ny P\u00e9ter Katolikus Egyetem<\/a><\/li>\n<li><a href=\"https:\/\/semmelweis.hu\/molecularimaging\/oktatas\/korabbi-eredmenyek\/bme-dipl\/\">Budapesti M\u0171szaki \u00e9s Gazdas\u00e1gtudom\u00e1nyi Egyetem<\/a><\/li>\n<\/ul>\n","protected":false},"excerpt":{"rendered":"<p>OTDK<\/p>\n<p><a href=\"https:\/\/semmelweis.hu\/molecularimaging\/orvos-otdk\/\">Orvos- \u00e9s\u00a0eg\u00e9szs\u00e9gtudom\u00e1nyi szekci\u00f3<\/a><br \/>\n<a href=\"https:\/\/semmelweis.hu\/molecularimaging\/fizika-otdk\/\">Fizika, F\u00f6ldtudom\u00e1nyok \u00e9s Matematika szekci\u00f3<\/a><\/p>\n<p>TDK<\/p>\n<p><a href=\"https:\/\/semmelweis.hu\/molecularimaging\/oktatas\/korabbi-eredmenyek\/tdk\/\">Semmelweis Egyetem<\/a><br \/>\n<a href=\"https:\/\/semmelweis.hu\/molecularimaging\/elte_tdk\/\">E\u00f6tv\u00f6s Lor\u00e1nd Tudom\u00e1nyegyetem<\/a><br \/>\nP\u00e1zm\u00e1ny P\u00e9ter Katolikus Egyetem<br \/>\n<a href=\"https:\/\/semmelweis.hu\/molecularimaging\/oktatas\/korabbi-eredmenyek\/budapesti-muszaki-es-gazdasagtudomanyi-egyetem-tdk\/\">Budapesti M\u0171szaki \u00e9s Gazdas\u00e1gtudom\u00e1nyi Egyetem<\/a><br \/>\n<a href=\"https:\/\/semmelweis.hu\/molecularimaging\/oktatas\/korabbi-eredmenyek\/marosvasarhelyi-orvosi-es-gyogyszereszeti-egyetem-tdk\/\">Marosv\u00e1s\u00e1rhelyi Orvosi \u00e9s Gy\u00f3gyszer\u00e9szeti Egyetem<\/a><\/p>\n<p>Diplomamunka\/Szakdolgozat<\/p>\n<p><a href=\"https:\/\/semmelweis.hu\/molecularimaging\/oktatas\/korabbi-eredmenyek\/semmelweis-egyetem-diplomamunkaszakdolgozat\/\">Semmelweis Egyetem<\/a><br \/>\n<a href=\"https:\/\/semmelweis.hu\/molecularimaging\/elte-dipl-szakdolgozat\/\">E\u00f6tv\u00f6s Lor\u00e1nd Tudom\u00e1nyegyetem<\/a><br \/>\n<a href=\"https:\/\/semmelweis.hu\/molecularimaging\/pazmany-dipl-szakdolgozat\/\">P\u00e1zm\u00e1ny P\u00e9ter Katolikus Egyetem<\/a><br \/>\n<a href=\"https:\/\/semmelweis.hu\/molecularimaging\/oktatas\/korabbi-eredmenyek\/bme-dipl\/\">Budapesti M\u0171szaki \u00e9s Gazdas\u00e1gtudom\u00e1nyi Egyetem<\/a><\/p>\n","protected":false},"author":320,"featured_media":0,"parent":100,"menu_order":2,"comment_status":"closed","ping_status":"closed","template":"","meta":{"_acf_changed":false,"footnotes":""},"categories":[],"tags":[],"class_list":["post-817","page","type-page","status-publish","hentry"],"acf":[],"_links":{"self":[{"href":"https:\/\/semmelweis.hu\/molecularimaging\/wp-json\/wp\/v2\/pages\/817","targetHints":{"allow":["GET"]}}],"collection":[{"href":"https:\/\/semmelweis.hu\/molecularimaging\/wp-json\/wp\/v2\/pages"}],"about":[{"href":"https:\/\/semmelweis.hu\/molecularimaging\/wp-json\/wp\/v2\/types\/page"}],"author":[{"embeddable":true,"href":"https:\/\/semmelweis.hu\/molecularimaging\/wp-json\/wp\/v2\/users\/320"}],"replies":[{"embeddable":true,"href":"https:\/\/semmelweis.hu\/molecularimaging\/wp-json\/wp\/v2\/comments?post=817"}],"version-history":[{"count":10,"href":"https:\/\/semmelweis.hu\/molecularimaging\/wp-json\/wp\/v2\/pages\/817\/revisions"}],"predecessor-version":[{"id":1250,"href":"https:\/\/semmelweis.hu\/molecularimaging\/wp-json\/wp\/v2\/pages\/817\/revisions\/1250"}],"up":[{"embeddable":true,"href":"https:\/\/semmelweis.hu\/molecularimaging\/wp-json\/wp\/v2\/pages\/100"}],"wp:attachment":[{"href":"https:\/\/semmelweis.hu\/molecularimaging\/wp-json\/wp\/v2\/media?parent=817"}],"wp:term":[{"taxonomy":"category","embeddable":true,"href":"https:\/\/semmelweis.hu\/molecularimaging\/wp-json\/wp\/v2\/categories?post=817"},{"taxonomy":"post_tag","embeddable":true,"href":"https:\/\/semmelweis.hu\/molecularimaging\/wp-json\/wp\/v2\/tags?post=817"}],"curies":[{"name":"wp","href":"https:\/\/api.w.org\/{rel}","templated":true}]}}