{"id":805,"date":"2015-12-11T09:16:04","date_gmt":"2015-12-11T08:16:04","guid":{"rendered":"http:\/\/semmelweis.hu\/molecularimaging\/?page_id=805"},"modified":"2022-09-16T09:34:33","modified_gmt":"2022-09-16T07:34:33","slug":"tdk","status":"publish","type":"page","link":"https:\/\/semmelweis.hu\/molecularimaging\/oktatas\/korabbi-eredmenyek\/tdk\/","title":{"rendered":"Semmelweis Egyetem TDK"},"content":{"rendered":"<p><strong>2022<\/strong><\/p>\n<ul>\n<li><strong>K\u00fcl\u00f6nb\u00f6z\u0151 kor\u00fa \u00e9s fajt\u00e1j\u00fa egerek agyi k\u00e9palkot\u00e1sa funkcion\u00e1lis ultrahanggal<br \/>\n<\/strong><span data-sheets-value=\"{&quot;1&quot;:2,&quot;2&quot;:&quot;Di Giovanni M\u00e1rk &quot;}\" data-sheets-userformat=\"{&quot;2&quot;:12805,&quot;3&quot;:{&quot;1&quot;:0},&quot;5&quot;:{&quot;1&quot;:[{&quot;1&quot;:2,&quot;2&quot;:0,&quot;5&quot;:{&quot;1&quot;:2,&quot;2&quot;:0}},{&quot;1&quot;:0,&quot;2&quot;:0,&quot;3&quot;:3},{&quot;1&quot;:1,&quot;2&quot;:0,&quot;4&quot;:1}]},&quot;12&quot;:0,&quot;15&quot;:&quot;Georgia&quot;,&quot;16&quot;:8}\">Di Giovanni M\u00e1rk<br \/>\n<em>Radiol\u00f3gia szekci\u00f3, I. helyez\u00e9s<br \/>\n<\/em><br \/>\n<\/span><\/li>\n<li><strong>Congenitalis sz\u00edvbetegs\u00e9gek vizualiz\u00e1ci\u00f3ja 3D virtu\u00e1lis munkak\u00f6rnyezetben \u00e9s nyomtat\u00e1sban<br \/>\n<\/strong>Nagyn\u00e9 Kokas Eszter<br \/>\n<em>Gyermekgy\u00f3gy\u00e1szat B szekci\u00f3<\/p>\n<p><\/em><\/li>\n<li><strong>Az OMV-k \u00e9l\u0151 szervezeten bel\u00fcli eloszl\u00e1s\u00e1nak vizsg\u00e1lat\u00e1ra alkalmas radiojel\u00f6l\u00e9si m\u00f3dszer fejleszt\u00e9se<br \/>\n<\/strong>Gillich Bernadett<strong><span data-sheets-value=\"{&quot;1&quot;:2,&quot;2&quot;:&quot;Gillich Bernadett &quot;}\" data-sheets-userformat=\"{&quot;2&quot;:12809,&quot;3&quot;:{&quot;1&quot;:0},&quot;6&quot;:{&quot;1&quot;:[{&quot;1&quot;:2,&quot;2&quot;:0,&quot;5&quot;:{&quot;1&quot;:2,&quot;2&quot;:0}},{&quot;1&quot;:0,&quot;2&quot;:0,&quot;3&quot;:3},{&quot;1&quot;:1,&quot;2&quot;:0,&quot;4&quot;:1}]},&quot;12&quot;:0,&quot;15&quot;:&quot;Georgia&quot;,&quot;16&quot;:8}\"><br \/>\n<\/span><\/strong><em>Gy\u00f3gyszertudom\u00e1nyok A szekci\u00f3<\/em><\/li>\n<\/ul>\n<p><strong>2020<\/strong><\/p>\n<ul>\n<li style=\"text-align: justify\"><strong> Emboliz\u00e1ci\u00f3s mikrogy\u00f6ngy\u00f6k radiok\u00e9miai jelz\u00e9se \u00e9s min\u0151s\u00e9gellen\u0151rz\u00e9se<\/strong><strong><br \/>\n<\/strong>Csert\u0151 Alinka\u00a0<br \/>\n<em>Gy\u00f3gyszertudom\u00e1nyok A szekci\u00f3, I. helyez\u00e9s<\/p>\n<p><\/em><\/li>\n<li><strong>Fog\u00e1szati CT felv\u00e9telek szegment\u00e1ci\u00f3j\u00e1nak automatiz\u00e1l\u00e1sa<br \/>\n<\/strong>Di Giovanni M\u00e1rk<strong><br \/>\n<\/strong><em>Biofizika &#8211; Bioinformatika szekci\u00f3, I. helyez\u00e9s\u00a0<\/p>\n<p><\/em><\/li>\n<li style=\"text-align: justify\"><strong>Congenit\u00e1lis sz\u00edvbetegs\u00e9gek k\u00e9palkot\u00e1sa \u00e9s 3D modellez\u00e9se<br \/>\n<\/strong>Kokas Eszter<br \/>\n<em>Radiol\u00f3gia szekci\u00f3, III. helyez\u00e9s<\/p>\n<p><\/em><\/li>\n<li style=\"text-align: justify\"><strong>Platelet counts and prognostic biomarkers of prostate cancer<br \/>\n<\/strong>Nagy Imola, Sulyok Anna Blanka\u00a0<strong><br \/>\n<\/strong><em>Urol\u00f3gia szekci\u00f3\u00a0<\/em><\/li>\n<\/ul>\n<p><strong>2019<\/strong><\/p>\n<ul>\n<li style=\"text-align: justify\"><strong>Berlini k\u00e9k alap\u00fa T1 MRI kontrasztanyag fejleszt\u00e9se, optimaliz\u00e1l\u00e1sa \u00e9s tesztel\u00e9se in vitro \u00e9s in vivo modell rendszerben<\/strong><br \/>\nForg\u00e1ch L\u00e1szl\u00f3<br \/>\n<em>Gy\u00f3gyszertudom\u00e1nyok II. szekci\u00f3, II. helyez\u00e9s<\/em><\/li>\n<li style=\"text-align: justify\"><strong>A study of functional imaging possibilities to monitor Uni-CAR-T cell glioma <\/strong><strong>therapy in a mouse model<\/strong><br \/>\nVicen\u00e7 Bonet Mateu-Julia<br \/>\n<em>Bioinformatika<\/em><\/li>\n<\/ul>\n<p style=\"text-align: justify\"><strong>2018<\/strong><\/p>\n<ul style=\"text-align: justify\">\n<li><strong>M\u00e9ly agyi elektr\u00f3d\u00e1k in vivo lokaliz\u00e1ci\u00f3ja egerekben v\u00e9gzett ideg\u00e9lettani k\u00eds\u00e9rletekben<br \/>\n<\/strong>Kir\u00e1ly B\u00e1lint<br \/>\n<em>Idegtudom\u00e1nyok II. szekci\u00f3, I. helyez\u00e9s<\/p>\n<p><\/em><\/li>\n<li><strong>Kinetikus k\u00e9palkot\u00e1s az angiogr\u00e1fi\u00e1ban: klinikai vizsg\u00e1lat<br \/>\n<\/strong>G\u00f3g Istv\u00e1n<br \/>\n<em>Radiol\u00f3gia, Noninvaz\u00edv k\u00e9palkot\u00e1s szekci\u00f3, I. helyez\u00e9s<\/em><em><\/p>\n<p><\/em><\/li>\n<li><strong>Berlini k\u00e9k nanor\u00e9szecske pegil\u00e1l\u00e1si protokollj\u00e1nak kidolgoz\u00e1sa \u00e9s tesztel\u00e9se in\u00a0<\/strong><strong>vivo rendszerben FOBI seg\u00edts\u00e9g\u00e9vel<br \/>\n<\/strong>Forg\u00e1ch L\u00e1szl\u00f3<br \/>\n<em>Gy\u00f3gyszertudom\u00e1nyok I. szekci\u00f3, III. helyez\u00e9s<\/p>\n<p><\/em><\/li>\n<li><strong>Evaluation of multiple imaging methods in a mouse model of<\/strong><br \/>\n<strong>intracranial glioma<br \/>\n<\/strong>Vicen\u00e7 Bonet Mateu-Juli\u00e0<br \/>\n<em>Basic Sciences<\/em>\u00a0<strong><br \/>\n<\/strong><\/li>\n<\/ul>\n<p style=\"text-align: justify\"><strong>2017<\/strong><\/p>\n<ul style=\"text-align: justify\">\n<li style=\"text-align: justify\"><strong>Berlini k\u00e9k nanor\u00e9szecske fluoreszcens jel\u00f6l\u00e9si protokollj\u00e1nak kidolgoz\u00e1sa \u00e9s tesztel\u00e9se in vivo rendszerben FOBI seg\u00edts\u00e9g\u00e9vel<br \/>\n<\/strong>Forg\u00e1ch L\u00e1szl\u00f3<br \/>\n<em>Gy\u00f3gyszertudom\u00e1nyok II.<\/em><\/p>\n<\/li>\n<li style=\"text-align: justify\"><strong>Kinetikus k\u00e9palkot\u00e1s kvantifik\u00e1ci\u00f3ja az angiogr\u00e1fi\u00e1ban<br \/>\n<\/strong>G\u00f3g Istv\u00e1n<br \/>\n<em><em>Bioinformatika szekci\u00f3, II. helyez\u00e9s<\/p>\n<p><\/em><\/em><\/li>\n<li style=\"text-align: justify\"><strong>Pulmon\u00e1ris k\u00f3rk\u00e9pek \u00faj diagnosztikai m\u00f3dszere kinetikus k\u00e9palkot\u00e1ssal<br \/>\n<\/strong>Sz\u00e9kely Anna Krisztina, Kuti \u00c1kos<br \/>\n<em>Radiol\u00f3gia, Noninvaz\u00edv k\u00e9palkot\u00e1s szekci\u00f3, II. helyez\u00e9s<\/em><\/li>\n<\/ul>\n<p style=\"text-align: justify\"><strong>2016<\/strong><\/p>\n<ul style=\"text-align: justify\">\n<li style=\"text-align: justify\"><strong>Amiloid plakkok biodisztrib\u00faci\u00f3j\u00e1nak kvantifik\u00e1ci\u00f3ja<\/strong><br \/>\nVars\u00e1nyi Istv\u00e1n<br \/>\n<em>Biofizika\u00a0\u00e9s\u00a0bioinformatika szekci\u00f3,\u00a0<i>I. helyez\u00e9s<\/i><\/em><\/li>\n<\/ul>\n<ul style=\"text-align: justify\">\n<li style=\"text-align: justify\"><strong>Az MRI genotoxicit\u00e1s\u00e1nak in vivo kimutat\u00e1sa eg\u00e9r modellrendszerben<\/strong> <br \/>\nSz\u00f6ll\u0151si D\u00e1vid<br \/>\n<em>Radiol\u00f3gia szekci\u00f3,\u00a0<i>I. helyez\u00e9s<\/i><\/em><\/li>\n<\/ul>\n<ul style=\"text-align: justify\">\n<li style=\"text-align: justify\"><strong>M\u00e1jdaganatok kvantifik\u00e1ci\u00f3ja geometriai parametriz\u00e1ci\u00f3val<\/strong><br \/>\nKiss Fanni, Sz\u00e9kely Anna<br \/>\n<em>Patol\u00f3gia szekci\u00f3,\u00a0<i>I. helyez\u00e9s<\/p>\n<p><\/i><\/em><\/li>\n<li><strong>M\u00e1j erek ex vivo szegment\u00e1ci\u00f3ja \u00e9s parametriz\u00e1ci\u00f3ja nanoCT-vel<br \/>\n<\/strong>Ny\u00e9ki Csenge Luca<br \/>\n<em>Radiol\u00f3gia szekci\u00f3<\/em>\u00a0<\/li>\n<\/ul>\n<ul style=\"text-align: justify\">\n<li style=\"text-align: justify\"><strong>Pulmon\u00e1lis elv\u00e1ltoz\u00e1sok in vivo jellemz\u00e9se aspir\u00e1ci\u00f3s pneumonia \u00e1llatmodelleken<\/strong> <br \/>\nKuti \u00c1kos<br \/>\n<em>Pulmonol\u00f3gia szekci\u00f3<\/em><\/li>\n<\/ul>\n<p style=\"text-align: justify\"><b>2015<\/b><\/p>\n<ul style=\"text-align: justify\">\n<li><b><b>Morfometriai parametriz\u00e1ci\u00f3 a m\u00e1jtumor diagnosztik\u00e1j\u00e1ban <\/b><b><br \/>\n<\/b><\/b>Kiss Fanni, Sz\u00e9kely Anna<b><br \/>\n<\/b><i>Radiol\u00f3gia szekci\u00f3<\/i><\/li>\n<\/ul>\n<ul style=\"text-align: justify\">\n<li><b>Dinamikus k\u00e9palkot\u00e1s param\u00e9tereinek elemz\u00e9se in silico \u00e9s in vivo modellekkel<\/b><b><br \/>\n<\/b>Vars\u00e1nyi Istv\u00e1n, Kov\u00e1cs Gell\u00e9rt<br \/>\n<i>Biofizika \u00e9s bioinformatika szekci\u00f3, II. helyez\u00e9s<\/i><\/li>\n<\/ul>\n<ul style=\"text-align: justify\">\n<li><b>18F-FDG in vivo biomarker farmakokinetik\u00e1j\u00e1nak elemz\u00e9se eg\u00e9szs\u00e9ges patk\u00e1ny agyban PET k\u00e9palkot\u00e1ssal <\/b><b><br \/>\n<\/b>Kov\u00e1cs Gell\u00e9rt, M\u00e1rton T\u00edmea <br \/>\n<i>Klinikai orvostudom\u00e1nyok \u00e9s k\u00e9palkot\u00f3 diagnosztika, nukle\u00e1ris medicina szekci\u00f3, II. helyez\u00e9s<\/i><\/li>\n<\/ul>\n<ul style=\"text-align: justify\">\n<li><b>Cerebr\u00e1lis ischaemi\u00e1t k\u00f6vet\u00f5 k\u00f6zponti \u00e9s sziszt\u00e9m\u00e1s gyullad\u00e1s in vivo vizsg\u00e1lata eg\u00e9rmodellben<\/b> <br \/>\nM\u00e1rta Alexa<br \/>\n<i>Idegtudom\u00e1nyok szekci\u00f3<\/i><\/li>\n<\/ul>\n<p style=\"text-align: justify\"><b>2014<\/b><\/p>\n<ul style=\"text-align: justify\">\n<li><b>A testt\u00f6meg hat\u00e1s\u00e1nak in vivo vizsg\u00e1lata a v\u00e9gtag\u00edz\u00fcletek anyagcser\u00e9j\u00e9re<\/b><b><br \/>\n<\/b>Kir\u00e1ly Julianna, Vars\u00e1nyi Istv\u00e1n<br \/>\n<i>B\u0151rgy\u00f3gy\u00e1szat szekci\u00f3<\/i><\/li>\n<\/ul>\n<ul style=\"text-align: justify\">\n<li><b>Az acetyl-l-carnitin eg\u00e9ragyra gyakorolt hat\u00e1s\u00e1nak in vivo vizsg\u00e1lata PET\/SPECT\/MRI-vel <\/b><b><br \/>\n<\/b>Olajos Eszter, M\u00e1rta Alexa<br \/>\n<i>Gy\u00f3gyszertudom\u00e1nyok szekci\u00f3<\/i><\/li>\n<\/ul>\n<ul style=\"text-align: justify\">\n<li><b>18F-FDG in vivo biomarker farmakokinetik\u00e1j\u00e1nak elemz\u00e9se eg\u00e9szs\u00e9ges patk\u00e1ny agyban PET k\u00e9palkot\u00e1ssal<\/b><b><br \/>\n<\/b>Kov\u00e1cs Gell\u00e9r, M\u00e1rton T\u00edmea<br \/>\n<i>Radiol\u00f3gia szekci\u00f3, I. helyez\u00e9s<\/i><\/li>\n<\/ul>\n<ul style=\"text-align: justify\">\n<li><b>A metabolizmus vizsg\u00e1lata in vivo k\u00e9palkot\u00f3 elj\u00e1r\u00e1sokkal programozott m\u00e1jregener\u00e1ci\u00f3 sor\u00e1n<\/b><b><br \/>\n<\/b>Kors\u00f3s Di\u00e1na, Budai Andr\u00e1s<br \/>\n<i>Radiol\u00f3gia szekci\u00f3<\/i><\/li>\n<\/ul>\n<ul style=\"text-align: justify\">\n<li><b>\u00c1ltal\u00e1nos gyullad\u00e1s hat\u00e1sa a mikroglia-aktiv\u00e1ci\u00f3ra in vivo eg\u00e9rmodellben<\/b><b><br \/>\n<\/b>Fut\u00f3 Ildik\u00f3, M\u00e1rta Alexa<br \/>\n<i>Idegtudom\u00e1nyok szekci\u00f3<\/i><\/li>\n<\/ul>\n<ul style=\"text-align: justify\">\n<li><b>Induk\u00e1lt HCC kvantifik\u00e1ci\u00f3ja geometriai parametriz\u00e1ci\u00f3val<\/b><b><br \/>\n<\/b>Sz\u00e9kely Anna, Fut\u00f3 Ildik\u00f3<br \/>\n<i>Patol\u00f3gia szekci\u00f3<\/i><\/li>\n<\/ul>\n<ul style=\"text-align: justify\">\n<li><b>A testt\u00f6meg hat\u00e1s\u00e1nak in vivo vizsg\u00e1lata a v\u00e9gtag\u00edz\u00fcletek anyagcser\u00e9j\u00e9re <\/b><b><br \/>\n<\/b>Kir\u00e1ly Julianna, Vars\u00e1nyi Istv\u00e1n<br \/>\n<em><i>SE-TF,\u00a0<\/i>III. szekci\u00f3: A mozg\u00e1s hum\u00e1nbiol\u00f3giai vizsg\u00e1latai<\/em><\/li>\n<\/ul>\n<p style=\"text-align: justify\"><b>2013<\/b><\/p>\n<ul style=\"text-align: justify\">\n<li><b><b>Mikroglia-aktiv\u00e1ci\u00f3 in vivo vizsg\u00e1lata \u00e1ltal\u00e1nos gyullad\u00e1sos eg\u00e9rmodellben<\/b><b><br \/>\n<\/b><\/b>Fut\u00f3 Ildik\u00f3<b><br \/>\n<\/b><i>Idegtudom\u00e1nyok szekci\u00f3<\/i><\/li>\n<\/ul>\n<ul style=\"text-align: justify\">\n<li><b>In vivo k\u00e9palkot\u00f3 elj\u00e1r\u00e1sok programozott m\u00e1jregener\u00e1ci\u00f3 vizsg\u00e1lat\u00e1ra k\u00eds\u00e9rletes \u00e1llatmodellen<\/b><br \/>\nKors\u00f3s Di\u00e1na, Budai Andr\u00e1s<br \/>\n<i>Radiol\u00f3gia, noninvaz\u00edv k\u00e9palkot\u00e1s szekci\u00f3, II. helyez\u00e9s<\/i><\/li>\n<\/ul>\n<ul style=\"text-align: justify\">\n<li><b>In Vivo Alzheimer biomarker alkalmaz\u00e1s transzg\u00e9nikus eg\u00e9r PET vizsg\u00e1latokhoz<\/b><b><br \/>\n<\/b>Kov\u00e1cs Gell\u00e9rt, Vars\u00e1nyi Istv\u00e1n<br \/>\n<i>Biofizika \u00e9s bioinformatika szekci\u00f3, III. helyez\u00e9s<\/i><\/li>\n<\/ul>\n<p style=\"text-align: justify\"><b>2012<\/b><\/p>\n<ul style=\"text-align: justify\">\n<li><b><b>\u00daj t\u00edpus\u00fa teragnosztikum fejleszt\u00e9se a nanomedicin\u00e1ban<\/b><b><br \/>\n<\/b><\/b>Heged\u0171s Nikolett, R\u00e1cz Kitti<b><br \/>\n<\/b><i>Gy\u00f3gyszer\u00e9szeti tudom\u00e1nyok szekci\u00f3, I. helyez\u00e9s<\/i><\/li>\n<\/ul>\n<ul style=\"text-align: justify\">\n<li><b>M\u00e1jdaganatok in vivo parametriz\u00e1ci\u00f3ja \u00e1llatmodelleken<\/b><b><br \/>\n<\/b>Fut\u00f3 Ildik\u00f3<br \/>\n<i>Patol\u00f3gia, onkol\u00f3gia \u00e9s igazs\u00e1g\u00fcgyi orvostan szekci\u00f3, II. helyez\u00e9s<\/i><\/li>\n<\/ul>\n<ul style=\"text-align: justify\">\n<li><b>\u00daj t\u00edpus\u00fa nano kontrasztanyag in vitro \u00e9s in vivo vizsg\u00e1lata<\/b><b><br \/>\n<\/b>R\u00e1cz Kitti, Heged\u0171s Nikolett<br \/>\n<i>Radiol\u00f3gia szekci\u00f3, II. helyez\u00e9s<\/i><\/li>\n<\/ul>\n<ul style=\"text-align: justify\">\n<li><b>Csont n\u00f6veked\u00e9s kvantifik\u00e1ci\u00f3 geometriai parametriz\u00e1ci\u00f3val in vivo \u00e1llatk\u00eds\u00e9rletekben<\/b><b><br \/>\n<\/b>Vermes Anna<br \/>\n<i>Biofizika \u00e9s bioinformatika szekci\u00f3<\/i><\/li>\n<\/ul>\n<p style=\"text-align: justify\"><b>2011<\/b><\/p>\n<ul style=\"text-align: justify\">\n<li style=\"text-align: justify\"><b><b>A v\u00e9r-agy g\u00e1t s\u00e9r\u00fcl\u00e9s \u00e9s a daganatt\u00e9rfogat k\u00f6z\u00f6tti korrel\u00e1ci\u00f3 vizsg\u00e1lata multimod\u00e1lis in vivo k\u00e9palkot\u00e1ssal eg\u00e9r glioma modellben<\/b><b><br \/>\n<\/b><\/b>Moln\u00e1r Melinda<b><br \/>\n<\/b><i>Radiol\u00f3gia \u00e9s noninvaz\u00edv k\u00e9palkot\u00e1s szekci\u00f3, II. helyez\u00e9s<\/i><\/li>\n<\/ul>\n<ul>\n<li style=\"text-align: justify\"><b>Multimod\u00e1lis nanopartikulum szint\u00e9zise \u00e9s vizsg\u00e1lata<\/b><b><br \/>\n<\/b>Heged\u0171s Nikolett, R\u00e1cz Kitti<br \/>\n<i>Biofizika \u00e9s bioinformatika szekci\u00f3<\/i><\/li>\n<\/ul>\n","protected":false},"excerpt":{"rendered":"<p>2022 K\u00fcl\u00f6nb\u00f6z\u0151 kor\u00fa \u00e9s fajt\u00e1j\u00fa egerek agyi k\u00e9palkot\u00e1sa funkcion\u00e1lis ultrahanggal Di Giovanni M\u00e1rk Radiol\u00f3gia szekci\u00f3, I. helyez\u00e9s Congenitalis sz\u00edvbetegs\u00e9gek vizualiz\u00e1ci\u00f3ja 3D virtu\u00e1lis munkak\u00f6rnyezetben \u00e9s nyomtat\u00e1sban Nagyn\u00e9 Kokas Eszter Gyermekgy\u00f3gy\u00e1szat B szekci\u00f3 Az OMV-k \u00e9l\u0151 szervezeten bel\u00fcli eloszl\u00e1s\u00e1nak vizsg\u00e1lat\u00e1ra alkalmas radiojel\u00f6l\u00e9si m\u00f3dszer fejleszt\u00e9se Gillich Bernadett Gy\u00f3gyszertudom\u00e1nyok A szekci\u00f3 2020 Emboliz\u00e1ci\u00f3s mikrogy\u00f6ngy\u00f6k radiok\u00e9miai jelz\u00e9se \u00e9s min\u0151s\u00e9gellen\u0151rz\u00e9se Csert\u0151 &hellip;<\/p>\n","protected":false},"author":320,"featured_media":0,"parent":817,"menu_order":3,"comment_status":"closed","ping_status":"closed","template":"","meta":{"_acf_changed":false,"footnotes":""},"categories":[],"tags":[],"class_list":["post-805","page","type-page","status-publish","hentry"],"acf":[],"_links":{"self":[{"href":"https:\/\/semmelweis.hu\/molecularimaging\/wp-json\/wp\/v2\/pages\/805","targetHints":{"allow":["GET"]}}],"collection":[{"href":"https:\/\/semmelweis.hu\/molecularimaging\/wp-json\/wp\/v2\/pages"}],"about":[{"href":"https:\/\/semmelweis.hu\/molecularimaging\/wp-json\/wp\/v2\/types\/page"}],"author":[{"embeddable":true,"href":"https:\/\/semmelweis.hu\/molecularimaging\/wp-json\/wp\/v2\/users\/320"}],"replies":[{"embeddable":true,"href":"https:\/\/semmelweis.hu\/molecularimaging\/wp-json\/wp\/v2\/comments?post=805"}],"version-history":[{"count":12,"href":"https:\/\/semmelweis.hu\/molecularimaging\/wp-json\/wp\/v2\/pages\/805\/revisions"}],"predecessor-version":[{"id":1699,"href":"https:\/\/semmelweis.hu\/molecularimaging\/wp-json\/wp\/v2\/pages\/805\/revisions\/1699"}],"up":[{"embeddable":true,"href":"https:\/\/semmelweis.hu\/molecularimaging\/wp-json\/wp\/v2\/pages\/817"}],"wp:attachment":[{"href":"https:\/\/semmelweis.hu\/molecularimaging\/wp-json\/wp\/v2\/media?parent=805"}],"wp:term":[{"taxonomy":"category","embeddable":true,"href":"https:\/\/semmelweis.hu\/molecularimaging\/wp-json\/wp\/v2\/categories?post=805"},{"taxonomy":"post_tag","embeddable":true,"href":"https:\/\/semmelweis.hu\/molecularimaging\/wp-json\/wp\/v2\/tags?post=805"}],"curies":[{"name":"wp","href":"https:\/\/api.w.org\/{rel}","templated":true}]}}