{"id":523,"date":"2015-11-10T16:07:46","date_gmt":"2015-11-10T15:07:46","guid":{"rendered":"http:\/\/semmelweis.hu\/molecularimaging\/?page_id=523"},"modified":"2015-12-11T10:45:31","modified_gmt":"2015-12-11T09:45:31","slug":"tematika","status":"publish","type":"page","link":"https:\/\/semmelweis.hu\/molecularimaging\/oktatas\/kvantitativ-molekularis-in-vivo-kepalkotas\/tematika\/","title":{"rendered":"Tematika"},"content":{"rendered":"<p style=\"text-align: justify\"><span style=\"font-size: medium\">1. h\u00e9t: Bevezet\u00e9s, elv\u00e1r\u00e1sok ismertet\u00e9se. Az in vivo orvosi k\u00e9palkot\u00e1si m\u00f3dszerek \u00e1ltal\u00e1nos ir\u00e1nyelvei.<\/span><\/p>\n<p style=\"text-align: justify\"><span style=\"font-size: medium\">2. h\u00e9t: A morfol\u00f3giai, anat\u00f3miai k\u00e9palkot\u00e1s (CT, MRI) elvi alapjai. Atlaszok szerepe.<\/span><\/p>\n<p style=\"text-align: justify\"><span style=\"font-size: medium\">3. h\u00e9t: A funkcion\u00e1lis, molekul\u00e1ris k\u00e9palkot\u00e1s (SPECT, PET) elvi alapjai. A kollim\u00e1torok vil\u00e1ga &#8211; \u00e9s a kvantitat\u00edv SPECT.<\/span><\/p>\n<p style=\"text-align: justify\"><span style=\"font-size: medium\">4. h\u00e9t: A 3D rekonstrukci\u00f3k elk\u00e9sz\u00edt\u00e9s\u00e9nek alapelvei, matematikai m\u00f3dszerek (FBP, OSEM).<\/span><\/p>\n<p style=\"text-align: justify\"><span style=\"font-size: medium\">5. h\u00e9t: A k\u00e9pfeldolgoz\u00e1s t\u00e9rbeli folyamatok eset\u00e9ben (szegment\u00e1ci\u00f3, koregisztr\u00e1ci\u00f3).<\/span><\/p>\n<p style=\"text-align: justify\"><span style=\"font-size: medium\">6. h\u00e9t: A szegment\u00e1ci\u00f3 \u00e9s atlaszok haszn\u00e1lata a gyakorlatban<i> <b>(hallgat\u00f3i egy\u00e9ni munka keret\u00e9ben)<\/b><\/i>.<\/span><\/p>\n<p style=\"text-align: justify\"><span style=\"font-size: medium\">7. h\u00e9t: A SUV, a leggyakrabban haszn\u00e1lt \u201ckvantitat\u00edv\u201d param\u00e9ter. T\u00e9rbeli folyamatok kvantifik\u00e1l\u00e1sa (geometriai \u00e9s statisztikai parametriz\u00e1ci\u00f3).<\/span><\/p>\n<p style=\"text-align: justify\"><span style=\"font-size: medium\">8. h\u00e9t: Id\u0151beli folyamatok kvantifik\u00e1l\u00e1sa (kompartment modell, multigrafikus anal\u00edzis).<\/span><\/p>\n<p style=\"text-align: justify\"><span style=\"font-size: medium\">9. h\u00e9t:<\/span> A kvantitat\u00edv k\u00e9palkot\u00e1s a gyakorlatban <span style=\"font-size: medium\"><i><b>(hallgat\u00f3i egy\u00e9ni munka keret\u00e9ben).<\/b><\/i><\/span><\/p>\n<p style=\"text-align: justify\"><span style=\"font-size: medium\">10. h\u00e9t: Kvantitat\u00edv MRI m\u00f3dszerek (MRS, DWI, BOLD stb.).<\/span><\/p>\n<p style=\"text-align: justify\"><span style=\"font-size: medium\">11. h\u00e9t: Kontrasztanyagok \u00e9s radiofarmakonok (kis \u00e9s makromolekul\u00e1k, nanor\u00e9szecsk\u00e9k). Egy\u00e9nre szabott ter\u00e1pi\u00e1k, \u00e9s ezek \u00e9rt\u00e9kel\u00e9se radiofarmakonokkal.<\/span><\/p>\n<p style=\"text-align: justify\"><span style=\"font-size: medium\">12. h\u00e9t: Az optikai tomogr\u00e1fiai m\u00f3dszerei, \u00e9s hat\u00e1rai (biolumineszcencia, GFP, dot). Az optikai tomogr\u00e1fia rekonstrukci\u00f3s \u00e9s k\u00e9palkot\u00e1si technol\u00f3gi\u00e1ja.<\/span><\/p>\n<p style=\"text-align: justify\"><span style=\"font-size: medium\">13. h\u00e9t: \u00daj k\u00e9palkot\u00e1si m\u00f3dszerek (optoakusztikus, Cserenkov k\u00e9palkot\u00e1s, dinamikus r\u00f6ntgen). A multimod\u00e1lis k\u00e9palkot\u00e1s el\u0151nyei, \u00e9s lehet\u0151s\u00e9gei.<\/span><\/p>\n<p style=\"text-align: justify\"><span style=\"font-size: medium\">14. h\u00e9t:<\/span> A kvantitat\u00edv k\u00e9palkot\u00e1s \u00faj eredm\u00e9nyei <span style=\"font-size: medium\"><i><b>(hallgat\u00f3i egy\u00e9ni munka keret\u00e9ben).<\/b><\/i><\/span><\/p>\n","protected":false},"excerpt":{"rendered":"<p>1. h\u00e9t: Bevezet\u00e9s, elv\u00e1r\u00e1sok ismertet\u00e9se. Az in vivo orvosi k\u00e9palkot\u00e1si m\u00f3dszerek \u00e1ltal\u00e1nos ir\u00e1nyelvei. 2. h\u00e9t: A morfol\u00f3giai, anat\u00f3miai k\u00e9palkot\u00e1s (CT, MRI) elvi alapjai. Atlaszok szerepe. 3. h\u00e9t: A funkcion\u00e1lis, molekul\u00e1ris k\u00e9palkot\u00e1s (SPECT, PET) elvi alapjai. A kollim\u00e1torok vil\u00e1ga &#8211; \u00e9s a kvantitat\u00edv SPECT. 4. h\u00e9t: A 3D rekonstrukci\u00f3k elk\u00e9sz\u00edt\u00e9s\u00e9nek alapelvei, matematikai m\u00f3dszerek (FBP, OSEM). 5. &hellip;<\/p>\n","protected":false},"author":320,"featured_media":0,"parent":519,"menu_order":1,"comment_status":"closed","ping_status":"closed","template":"","meta":{"_acf_changed":false,"footnotes":""},"categories":[],"tags":[],"class_list":["post-523","page","type-page","status-publish","hentry"],"acf":[],"_links":{"self":[{"href":"https:\/\/semmelweis.hu\/molecularimaging\/wp-json\/wp\/v2\/pages\/523","targetHints":{"allow":["GET"]}}],"collection":[{"href":"https:\/\/semmelweis.hu\/molecularimaging\/wp-json\/wp\/v2\/pages"}],"about":[{"href":"https:\/\/semmelweis.hu\/molecularimaging\/wp-json\/wp\/v2\/types\/page"}],"author":[{"embeddable":true,"href":"https:\/\/semmelweis.hu\/molecularimaging\/wp-json\/wp\/v2\/users\/320"}],"replies":[{"embeddable":true,"href":"https:\/\/semmelweis.hu\/molecularimaging\/wp-json\/wp\/v2\/comments?post=523"}],"version-history":[{"count":6,"href":"https:\/\/semmelweis.hu\/molecularimaging\/wp-json\/wp\/v2\/pages\/523\/revisions"}],"predecessor-version":[{"id":849,"href":"https:\/\/semmelweis.hu\/molecularimaging\/wp-json\/wp\/v2\/pages\/523\/revisions\/849"}],"up":[{"embeddable":true,"href":"https:\/\/semmelweis.hu\/molecularimaging\/wp-json\/wp\/v2\/pages\/519"}],"wp:attachment":[{"href":"https:\/\/semmelweis.hu\/molecularimaging\/wp-json\/wp\/v2\/media?parent=523"}],"wp:term":[{"taxonomy":"category","embeddable":true,"href":"https:\/\/semmelweis.hu\/molecularimaging\/wp-json\/wp\/v2\/categories?post=523"},{"taxonomy":"post_tag","embeddable":true,"href":"https:\/\/semmelweis.hu\/molecularimaging\/wp-json\/wp\/v2\/tags?post=523"}],"curies":[{"name":"wp","href":"https:\/\/api.w.org\/{rel}","templated":true}]}}