{"id":417,"date":"2015-10-30T10:32:10","date_gmt":"2015-10-30T09:32:10","guid":{"rendered":"http:\/\/semmelweis.hu\/molecularimaging\/?page_id=417"},"modified":"2025-02-04T13:59:16","modified_gmt":"2025-02-04T12:59:16","slug":"egyebek","status":"publish","type":"page","link":"https:\/\/semmelweis.hu\/molecularimaging\/publikaciok\/egyebek\/","title":{"rendered":"Egyebek"},"content":{"rendered":"<p style=\"text-align: justify\"><strong>\u00cdr\u00e1sos megjelen\u00e9s<br \/>\n<\/strong><\/p>\n<ul>\n<li><a href=\"https:\/\/gabordenesklub.hu\/a-semmelweis-egyetemen-unnepelte-egyesulette-alakulasat-a-gabor-denes-dijasok-klubja\/\">A Semmelweis Szalonban tartott rendezv\u00e9nyen k\u00f6sz\u00f6nt\u0151t mondott dr. Merkely B\u00e9la rektor, az est folyam\u00e1n felid\u00e9zt\u00e9k a G\u00e1bor D\u00e9nes-d\u00edjasok Klubj\u00e1nak megalakul\u00e1s\u00e1t, kiemelve az elm\u00falt 15 \u00e9v eredm\u00e9nyeit, valamint bemutatt\u00e1k az egyes\u00fclet terveit is,<\/a> G\u00e1bor D\u00e9nes-d\u00edjasok Klubja Egyes\u00fclet, 2024 j\u00fanius 18.<\/li>\n<li><a href=\"https:\/\/semmelweis.hu\/hirek\/2023\/02\/01\/gabor-denes-dijjal-ismertek-el-dr-szigeti-krisztian-kutatasait\/\">G\u00e1bor D\u00e9nes- d\u00edjjal ismert\u00e9k el Dr.Szigeti Kriszti\u00e1n kutat\u00e1sait,<\/a> Semmelweis H\u00edrek, 2023, Febru\u00e1r 1.<\/li>\n<li><a href=\"https:\/\/semmelweis.hu\/hirek\/2017\/09\/20\/a-tudomany-celja-hogy-jobba-tegyuk-altala-az-emberek-eletet-dr-szigeti-krisztian-es-gog-istvan-a-tdk-rol\/\">&#8222;A tudom\u00e1ny c\u00e9lja, hogy jobb\u00e1 tegy\u00fck vele az emberek \u00e9let\u00e9t&#8221; &#8211; Dr. Szigeti Kriszti\u00e1n\u00a0 \u00e9s G\u00f3g Istv\u00e1n a TDK-r\u00f3l<\/a>, Semmelweis H\u00edrek, 2017. szeptember 20.<\/li>\n<li><a href=\"https:\/\/semmelweis.hu\/hirek\/2017\/08\/14\/vilagszinvonalu-nanoscan-spect-ct-az-egyetemen\/\">Vil\u00e1gsz\u00ednvonal\u00fa nanoScan SPECT-CT az egyetemen<\/a>, Semmelweis H\u00edrek, 2017. augusztus 14.<\/li>\n<li><a href=\"https:\/\/semmelweis.hu\/hirek\/2016\/07\/14\/a-rontgen-sugarterhelest-is-csokkento-szabadalom-a-semmelweis-egyetem-ket-munkatarsatol\/\">A r\u00f6ntgen sug\u00e1rterhel\u00e9st is cs\u00f6kkent\u0151 szabadalom a Semmelweis Egyetem k\u00e9t munkat\u00e1rs\u00e1t\u00f3l<\/a>, Semmelweis H\u00edrek, 2016. j\u00falius 14.<\/li>\n<li><a href=\"https:\/\/semmelweis.hu\/hirek\/2016\/01\/26\/atadtak-az-innovacios-dijakat-a-semmelweis-egyetemen\/\">\u00c1tadt\u00e1k az Innov\u00e1ci\u00f3s d\u00edjakat a Semmelweis Egyetemen<\/a>, Semmelweis H\u00edrek, 2016. janu\u00e1r 26.<\/li>\n<li><a href=\"https:\/\/drive.google.com\/file\/d\/0B-p9-pbZwByPcGozeHFWMGtHZ3M\/view\" target=\"_blank\" rel=\"noopener\">A kinetikus k\u00e9palkot\u00e1s\u00a0\u00e9s a r\u00f6ntgen forradalma<\/a>, Szigeti Kriszti\u00e1n, Osv\u00e1th Szabolcs, Term\u00e9szet Vil\u00e1ga, 2015. okt\u00f3ber<\/li>\n<li><a href=\"https:\/\/semmelweis.hu\/hirek\/2015\/07\/07\/tizenketten-reszesultek-bolyai-janos-kutatoi-osztondijban-a-semmelweis-egyetemrol\/\">Tizenketten r\u00e9szes\u00fcltek Bolyai J\u00e1nos Kutat\u00f3i \u00d6szt\u00f6nd\u00edjban a Semmelweis Egyetemr\u0151l<\/a>, Semmelweis H\u00edrek, 2015. j\u00falius 7.<\/li>\n<li><a href=\"https:\/\/drive.google.com\/file\/d\/0B-p9-pbZwByPbm5pcDA0Qm1mSDZCaFJDSmNaY2h2alVZOUEw\/view\" target=\"_blank\" rel=\"noopener\">\u00daj \u00e1tvil\u00e1g\u00edt\u00e1sban<\/a>, HVG, 2015. j\u00fanius 6.<\/li>\n<li><a href=\"https:\/\/semmelweis.hu\/hirek\/2015\/03\/26\/leginnovativabb-tdk-munka-kepalkoto-eljaras-a-korai-diagnozisert\/\" target=\"_blank\" rel=\"noopener\">Leginnovat\u00edvabb TDK munka: k\u00e9palkot\u00f3 elj\u00e1r\u00e1s a korai diagn\u00f3zis\u00e9rt<\/a>, Semmelweis H\u00edrek, 2015. m\u00e1rcius 26.<\/li>\n<li><a href=\"http:\/\/www.origo.hu\/tudomany\/20150306-kinepict-uj-magyar-kepalkoto-eljaras.html\" target=\"_blank\" rel=\"noopener\">Ami \u00e9l, az mozog &#8211; \u00e9s ami mozog, az l\u00e1that\u00f3<\/a>, Orig\u00f3, 2015. m\u00e1rcius 7.<\/li>\n<li><a href=\"https:\/\/semmelweis.hu\/hirek\/2015\/01\/27\/eloszor-adtak-at-a-semmelweis-egyetem-innovacios-dijait\/\">El\u0151sz\u00f6r adt\u00e1k \u00e1t a Semmelweis Egyetem Innov\u00e1ci\u00f3s D\u00edjait<\/a>, Semmelweis H\u00edrek, 2015. janu\u00e1r 27.<\/li>\n<li><a href=\"https:\/\/semmelweis.hu\/hirek\/2014\/08\/29\/egyedulallo-berendezes-az-invivo-kepalkoto-kozpontban\/\" target=\"_blank\" rel=\"noopener\">Egyed\u00fcl\u00e1ll\u00f3 berendez\u00e9s az InVivo K\u00e9palkot\u00f3 K\u00f6zpontban<\/a>, Semmelweis H\u00edrek, 2014. augusztus 29.<\/li>\n<li><a href=\"https:\/\/semmelweis.hu\/hirek\/2014\/06\/24\/otlettol-a-szabadalomig-kutatoi-eredmenyessegrol-az-innovacios-kozpont-rendezvenyen\/\">\u00d6tletb\u0151l szabadalom &#8211; kutat\u00f3i eredm\u00e9nyess\u00e9gr\u0151l az Innov\u00e1ci\u00f3s K\u00f6zpont rendezv\u00e9ny\u00e9n<\/a>, Semmelweis H\u00edrek, 2014. j\u00fanius 24.<\/li>\n<li>Kombin\u00e1lt molekul\u00e1ris k\u00e9palkot\u00f3 m\u00f3dszerek \u00e9s a szem\u00e9lyre szabott orvosl\u00e1s, Szigeti Kriszti\u00e1n,\u00a0IME Orvosi Vezet\u0151k Szaklapja (k\u00fcl\u00f6nsz\u00e1m), 2013. december<\/li>\n<li><a href=\"http:\/\/www.radiologia.hu\/aktualis\/interjuk\/9865.html\" target=\"_blank\" rel=\"noopener\">Molekul\u00e1t\u00f3l az emberig<\/a>, radiol\u00f3gia.hu, 2013. m\u00e1rcius 27.<\/li>\n<li><a href=\"https:\/\/semmelweis.hu\/hirek\/2012\/10\/30\/kombinalt-petmri-kepalkoto-berendezes-a-biofizikai-es-sugarbiologiai-intezetben\/\" target=\"_blank\" rel=\"noopener\">Kombin\u00e1lt PET\/MRI k\u00e9palkot\u00f3 berendez\u00e9s a Biofizikai \u00e9s Sug\u00e1rbiol\u00f3giai Int\u00e9zetben<\/a>, Semmelweis H\u00edrek, 2012. okt\u00f3ber 30.<\/li>\n<li><a href=\"http:\/\/www.matud.iif.hu\/2012\/06\/SOTE\/02.htm\" target=\"_blank\" rel=\"noopener\">Biol\u00f3giai lek\u00e9pez\u00e9s a diagnosztika szolg\u00e1lat\u00e1ban \u2013 a molekul\u00e1t\u00f3l az emberig<\/a>,<br \/>\nSz\u00e9l \u00c1goston, Magyar Tudom\u00e1ny, 2012. j\u00fanius (mell\u00e9klet)<\/li>\n<li><a href=\"http:\/\/www.matud.iif.hu\/2012\/06\/SOTE\/04.htm\" target=\"_blank\" rel=\"noopener\">\u00daj dinamikus k\u00e9palkot\u00f3 elj\u00e1r\u00e1s<\/a>, Osv\u00e1th Szabolcs, Szigeti Kriszti\u00e1n, Magyar Tudom\u00e1ny, 2012. j\u00fanius (mell\u00e9klet)<\/li>\n<li>Novel X-ray imaging technology, Port Technology International Journal, Fifty-fifth edition, 2012, 128-129.old<\/li>\n<li>Megmenek\u00fclnek a laborat\u00f3riumi patk\u00e1nyok, Blikk.hu, 2011. augusztus 23.<\/li>\n<li>From molecules to mice, Public Service Review, Science and Technology, Issue 11, 2011<\/li>\n<li>Small is beautiful: the nano-electronic revolution, Projects Magazine, Insight into Hungarian Research Excellence, 2011<\/li>\n<li>New dynamic imaging modality, Public Service Review, Science and Technology, Issue 12, 2011<\/li>\n<\/ul>\n<p style=\"text-align: justify\"><strong>Audiovizu\u00e1lis megjelen\u00e9s<\/strong><\/p>\n<ul style=\"text-align: justify\">\n<li><a href=\"http:\/\/videotar.mtv.hu\/Videok\/2011\/11\/05\/14\/HungarIQ_2011_november_5_.aspx\" target=\"_blank\" rel=\"noopener\">HungarIQ<\/a>, MTV, 2011. november 05.<\/li>\n<\/ul>\n<p style=\"text-align: justify\"><strong>Ismeretterjeszt\u0151 el\u0151ad\u00e1s<\/strong><\/p>\n<ul>\n<li style=\"text-align: justify\">A test virtu\u00e1lis felszeletel\u00e9se, Szigeti Kriszti\u00e1n, Veres D\u00e1niel, Kutat\u00f3k \u00e9jszak\u00e1ja, Kutat\u00f3k \u00e9jszak\u00e1ja,\u00a02017. szept. 29.<\/li>\n<li style=\"text-align: justify\"><a href=\"http:\/\/www.kutatokejszakaja.hu\/2014\/esemenynaptar\/esemeny.php?id=1209&amp;menu_id=4\" target=\"_blank\" rel=\"noopener\">Mit mondanak a sejtek, avagy az \u00e9l\u0151 test k\u00e9palkot\u00e1sa<\/a>, Szigeti Kriszti\u00e1n, Veres D\u00e1niel, Kutat\u00f3k \u00e9jszak\u00e1ja, 2014. szept. 26.<\/li>\n<li style=\"text-align: justify\"><a href=\"http:\/\/www.kutatokejszakaja.hu\/2014\/esemenynaptar\/esemeny.php?id=1213&amp;menu_id=4\" target=\"_blank\" rel=\"noopener\">Az elektrom\u00e1gneses sug\u00e1rz\u00e1s \u00e9s az \u00e9l\u0151 test<\/a>,\u00a0Szigeti Kriszti\u00e1n, Veres D\u00e1niel, Kutat\u00f3k \u00e9jszak\u00e1ja, 2014. szept. 26.<\/li>\n<li style=\"text-align: justify\"><a href=\"https:\/\/prezi.com\/gfxybfyl8sqx\/az-elo-test-virtualis-felszeletelese\/\" target=\"_blank\" rel=\"noopener\">Az \u00e9l\u0151 test virtu\u00e1lis felszeletel\u00e9se<\/a>, Kutat\u00f3k \u00e9jszak\u00e1ja, 2012. szeptember 28.<\/li>\n<li style=\"text-align: justify\">Az \u00e9l\u0151 test virtu\u00e1lis felszeletel\u00e9se, 2011. nov. 12, Veres P\u00e1ln\u00e9 Gimn\u00e1zium Term\u00e9szettudom\u00e1nyos Nap.<\/li>\n<\/ul>\n","protected":false},"excerpt":{"rendered":"<p>\u00cdr\u00e1sos megjelen\u00e9s <a href=\"https:\/\/gabordenesklub.hu\/a-semmelweis-egyetemen-unnepelte-egyesulette-alakulasat-a-gabor-denes-dijasok-klubja\/\">A Semmelweis Szalonban tartott rendezv\u00e9nyen k\u00f6sz\u00f6nt\u0151t mondott dr. Merkely B\u00e9la rektor, az est folyam\u00e1n felid\u00e9zt\u00e9k a G\u00e1bor D\u00e9nes-d\u00edjasok Klubj\u00e1nak megalakul\u00e1s\u00e1t, kiemelve az elm\u00falt 15 \u00e9v eredm\u00e9nyeit, valamint bemutatt\u00e1k az egyes\u00fclet terveit is,<\/a> G\u00e1bor D\u00e9nes-d\u00edjasok Klubja Egyes\u00fclet, 2024 j\u00fanius 18. <a href=\"https:\/\/semmelweis.hu\/hirek\/2023\/02\/01\/gabor-denes-dijjal-ismertek-el-dr-szigeti-krisztian-kutatasait\/\">G\u00e1bor D\u00e9nes- d\u00edjjal ismert\u00e9k el Dr.Szigeti Kriszti\u00e1n kutat\u00e1sait,<\/a> Semmelweis H\u00edrek, 2023, Febru\u00e1r 1. <a href=\"https:\/\/semmelweis.hu\/hirek\/2017\/09\/20\/a-tudomany-celja-hogy-jobba-tegyuk-altala-az-emberek-eletet-dr-szigeti-krisztian-es-gog-istvan-a-tdk-rol\/\">&#8222;A tudom\u00e1ny c\u00e9lja, hogy jobb\u00e1 tegy\u00fck vele az emberek \u00e9let\u00e9t&#8221; &#8211; Dr. Szigeti Kriszti\u00e1n\u00a0 \u00e9s G\u00f3g Istv\u00e1n a TDK-r\u00f3l<\/a> , Semmelweis H\u00edrek, 2017. szeptember 20. <a href=\"https:\/\/semmelweis.hu\/hirek\/2017\/08\/14\/vilagszinvonalu-nanoscan-spect-ct-az-egyetemen\/\">Vil\u00e1gsz\u00ednvonal\u00fa nanoScan SPECT-CT az egyetemen<\/a> , Semmelweis H\u00edrek, 2017. augusztus 14. <a href=\"https:\/\/semmelweis.hu\/hirek\/2016\/07\/14\/a-rontgen-sugarterhelest-is-csokkento-szabadalom-a-semmelweis-egyetem-ket-munkatarsatol\/\">A r\u00f6ntgen sug\u00e1rterhel\u00e9st is cs\u00f6kkent\u0151 szabadalom a Semmelweis Egyetem k\u00e9t munkat\u00e1rs\u00e1t\u00f3l<\/a> , Semmelweis H\u00edrek, 2016. j\u00falius 14. <a href=\"https:\/\/semmelweis.hu\/hirek\/2016\/01\/26\/atadtak-az-innovacios-dijakat-a-semmelweis-egyetemen\/\">\u00c1tadt\u00e1k az Innov\u00e1ci\u00f3s d\u00edjakat a Semmelweis Egyetemen<\/a> , Semmelweis H\u00edrek, 2016. janu\u00e1r 26. <a href=\"https:\/\/drive.google.com\/file\/d\/0B-p9-pbZwByPcGozeHFWMGtHZ3M\/view\" target=\"_blank\" rel=\"noopener\">A kinetikus k\u00e9palkot\u00e1s\u00a0\u00e9s a r\u00f6ntgen forradalma<\/a> , Szigeti Kriszti\u00e1n, Osv\u00e1th Szabolcs, Term\u00e9szet Vil\u00e1ga, 2015. okt\u00f3ber <a href=\"https:\/\/semmelweis.hu\/hirek\/2015\/07\/07\/tizenketten-reszesultek-bolyai-janos-kutatoi-osztondijban-a-semmelweis-egyetemrol\/\">Tizenketten r\u00e9szes\u00fcltek Bolyai J\u00e1nos Kutat\u00f3i \u00d6szt\u00f6nd\u00edjban a Semmelweis Egyetemr\u0151l<\/a> , Semmelweis H\u00edrek, 2015. j\u00falius 7. <a href=\"https:\/\/drive.google.com\/file\/d\/0B-p9-pbZwByPbm5pcDA0Qm1mSDZCaFJDSmNaY2h2alVZOUEw\/view\" target=\"_blank\" rel=\"noopener\">\u00daj \u00e1tvil\u00e1g\u00edt\u00e1sban<\/a> , HVG, &hellip;<\/p>\n","protected":false},"author":320,"featured_media":0,"parent":14,"menu_order":4,"comment_status":"closed","ping_status":"closed","template":"","meta":{"_acf_changed":false,"footnotes":""},"categories":[],"tags":[],"class_list":["post-417","page","type-page","status-publish","hentry"],"acf":[],"_links":{"self":[{"href":"https:\/\/semmelweis.hu\/molecularimaging\/wp-json\/wp\/v2\/pages\/417","targetHints":{"allow":["GET"]}}],"collection":[{"href":"https:\/\/semmelweis.hu\/molecularimaging\/wp-json\/wp\/v2\/pages"}],"about":[{"href":"https:\/\/semmelweis.hu\/molecularimaging\/wp-json\/wp\/v2\/types\/page"}],"author":[{"embeddable":true,"href":"https:\/\/semmelweis.hu\/molecularimaging\/wp-json\/wp\/v2\/users\/320"}],"replies":[{"embeddable":true,"href":"https:\/\/semmelweis.hu\/molecularimaging\/wp-json\/wp\/v2\/comments?post=417"}],"version-history":[{"count":11,"href":"https:\/\/semmelweis.hu\/molecularimaging\/wp-json\/wp\/v2\/pages\/417\/revisions"}],"predecessor-version":[{"id":1790,"href":"https:\/\/semmelweis.hu\/molecularimaging\/wp-json\/wp\/v2\/pages\/417\/revisions\/1790"}],"up":[{"embeddable":true,"href":"https:\/\/semmelweis.hu\/molecularimaging\/wp-json\/wp\/v2\/pages\/14"}],"wp:attachment":[{"href":"https:\/\/semmelweis.hu\/molecularimaging\/wp-json\/wp\/v2\/media?parent=417"}],"wp:term":[{"taxonomy":"category","embeddable":true,"href":"https:\/\/semmelweis.hu\/molecularimaging\/wp-json\/wp\/v2\/categories?post=417"},{"taxonomy":"post_tag","embeddable":true,"href":"https:\/\/semmelweis.hu\/molecularimaging\/wp-json\/wp\/v2\/tags?post=417"}],"curies":[{"name":"wp","href":"https:\/\/api.w.org\/{rel}","templated":true}]}}